{"id":792,"date":"2012-07-21T00:32:07","date_gmt":"2012-07-20T22:32:07","guid":{"rendered":"http:\/\/www.jpop-idols.com\/fr\/?page_id=792"},"modified":"2014-04-19T21:15:26","modified_gmt":"2014-04-19T19:15:26","slug":"diy%e2%99%a1","status":"publish","type":"page","link":"https:\/\/www.jpop-idols.com\/en\/diy%e2%99%a1\/","title":{"rendered":"DIY"},"content":{"rendered":"<p><img loading=\"lazy\" decoding=\"async\" class=\"size-full wp-image-915 alignright\" title=\"DIY\" src=\"http:\/\/static.jpop-idols.com\/uploads\/2012\/07\/diy.jpg\" alt=\"DIY\" width=\"150\" height=\"118\" \/><\/p>\n<p>DIY\u2661 (Dance In Your Heart) is a Japanese idol unit part of Hello! Project. It consists of Tokunaga Chinami (Berryz K\u014db\u014d), Natsuyaki Miyabi (Berryz K\u014db\u014d), Yajima Maimi (\u00b0C-ute), Nakajima Saki (\u00b0C-ute), and Iikubo Haruna (Morning Musume).<\/p>\n<p>The group was formed in July 2012 to be involved in the <em>Satoyama Movement<\/em> project which has for aim to promote environmental protection.<\/p>\n<h2>Profile<\/h2>\n<ul>\n<li>DIY\u2661 (Dance In Your Heart)<\/li>\n<li>Years active : 2012 &#8211; present<\/li>\n<li>Label : Up-Front<\/li>\n<li>Agency : Up-Front<\/li>\n<\/ul>\n<h2>Members<\/h2>\n<ul>\n<li>Tokunaga Chinami (\u5fb3\u6c38\u5343\u5948\u7f8e) (Berryz K\u014db\u014d)<\/li>\n<li>Natsuyaki Miyabi (\u590f\u713c\u96c5) (Berryz K\u014db\u014d)<\/li>\n<li>Yajima Maimi (\u77e2\u5cf6\u821e\u7f8e) (\u00b0C-ute)<\/li>\n<li>Nakajima Saki (\u4e2d\u5cf6\u65e9\u8cb4) (\u00b0C-ute)<\/li>\n<li>Iikubo Haruna (\u98ef\u7aaa\u6625\u83dc) (Morning Musume)<\/li>\n<\/ul>\n<h2>Discography<\/h2>\n<p><span style=\"font-weight:bold\">Singles<\/span><\/p>\n<ul>\n<li>07\/11\/2012 : Forefore ~Forest for Rest \/ Boys Be Ambitious! (\u30d5\u30a9\u30ec\u30d5\u30a9\u30ec~Forest for Rest~ \/ Boys Be Ambitious!) (DIY\u2661 \/ Green Fields)<\/li>\n<\/ul>\n<p><span style=\"font-weight:bold\">Albums<\/span><\/p>\n<h2>Links<\/h2>\n<ul>\n<li><a title=\"Hello! Satoyama Life\" href=\"http:\/\/www.tv-tokyo.co.jp\/haro-sato\/\" target=\"_blank\">Hello! Satoyama Life<\/a><\/li>\n<\/ul>\n<h2>News<\/h2>\n<ul>\n<li><a title=\"News\" href=\"https:\/\/www.jpop-idols.com\/en\/tag\/diy\/\">Latest News<\/a><\/li>\n<\/ul>\n<p><\/p>","protected":false},"excerpt":{"rendered":"<p>DIY\u2661 (Dance In Your Heart) is a Japanese idol unit part of Hello! Project. It consists of Tokunaga Chinami (Berryz K\u014db\u014d), Natsuyaki Miyabi (Berryz K\u014db\u014d), Yajima Maimi (\u00b0C-ute), Nakajima Saki (\u00b0C-ute), and Iikubo Haruna (Morning Musume). The group was formed&#8230;<br \/><a class=\"read-more-button\" href=\"https:\/\/www.jpop-idols.com\/en\/diy%e2%99%a1\/\">Read more<\/a><\/p>\n","protected":false},"author":1,"featured_media":0,"parent":0,"menu_order":0,"comment_status":"closed","ping_status":"open","template":"","meta":{"_monsterinsights_skip_tracking":false,"_monsterinsights_sitenote_active":false,"_monsterinsights_sitenote_note":"","_monsterinsights_sitenote_category":0,"footnotes":""},"class_list":["post-792","page","type-page","status-publish","hentry"],"_links":{"self":[{"href":"https:\/\/www.jpop-idols.com\/en\/wp-json\/wp\/v2\/pages\/792","targetHints":{"allow":["GET"]}}],"collection":[{"href":"https:\/\/www.jpop-idols.com\/en\/wp-json\/wp\/v2\/pages"}],"about":[{"href":"https:\/\/www.jpop-idols.com\/en\/wp-json\/wp\/v2\/types\/page"}],"author":[{"embeddable":true,"href":"https:\/\/www.jpop-idols.com\/en\/wp-json\/wp\/v2\/users\/1"}],"replies":[{"embeddable":true,"href":"https:\/\/www.jpop-idols.com\/en\/wp-json\/wp\/v2\/comments?post=792"}],"version-history":[{"count":15,"href":"https:\/\/www.jpop-idols.com\/en\/wp-json\/wp\/v2\/pages\/792\/revisions"}],"predecessor-version":[{"id":4358,"href":"https:\/\/www.jpop-idols.com\/en\/wp-json\/wp\/v2\/pages\/792\/revisions\/4358"}],"wp:attachment":[{"href":"https:\/\/www.jpop-idols.com\/en\/wp-json\/wp\/v2\/media?parent=792"}],"curies":[{"name":"wp","href":"https:\/\/api.w.org\/{rel}","templated":true}]}}