{"id":10083,"date":"2013-04-01T10:55:28","date_gmt":"2013-04-01T08:55:28","guid":{"rendered":"http:\/\/www.jpop-idols.com\/en\/?page_id=10083"},"modified":"2014-04-19T21:15:26","modified_gmt":"2014-04-19T19:15:26","slug":"snow-drop","status":"publish","type":"page","link":"https:\/\/www.jpop-idols.com\/fr\/snow-drop\/","title":{"rendered":"Snow Drop"},"content":{"rendered":"<p><img loading=\"lazy\" decoding=\"async\" class=\"alignright size-full wp-image-10123\" title=\"Snow Drop\" src=\"http:\/\/static.jpop-idols.com\/uploads\/2013\/04\/snow-drop.jpg\" alt=\"Snow Drop\" width=\"150\" height=\"98\" \/>Snow Drop (\u30b9\u30ce\u30fc\u30fb\u30c9\u30ed\u30c3\u30d7) est un groupe d&rsquo;idols japonaises form\u00e9 en 2012. Il est actuellement compos\u00e9 de 4 membres.<\/p>\n<p>Le groupe est originaire de Sapporo sur l&rsquo;\u00eele d&rsquo;Hokkaido.<\/p>\n<p>Snow Drop fait partie de la Team Crerekko! (Team\u304f\u308c\u308c\u3063\u5a18\uff01) avec les <a title=\"Why@Doll\" href=\"https:\/\/www.jpop-idols.com\/fr\/why-doll\/\">Why@Doll<\/a> et les Merci\u2661Coco.<\/p>\n<h2>Profil<\/h2>\n<ul>\n<li>Snow Drop (\u30b9\u30ce\u30fc\u30fb\u30c9\u30ed\u30c3\u30d7)<\/li>\n<li>Ann\u00e9es d&rsquo;activit\u00e9 : depuis 2012<\/li>\n<li>Label : &#8211;<\/li>\n<li>Agence : Cradle Records<\/li>\n<\/ul>\n<h2>Membres<\/h2>\n<ul>\n<li>Sugiyama Chiaki (\u6749\u5c71\u5343\u79cb)<\/li>\n<li>Sasaki Yuka (\u4f50\u3005\u6728\u512a\u9999)<\/li>\n<li>Matsumoto Shiori (\u677e\u672c\u681e)<\/li>\n<li>Yuzuha Tanino (\u8c37\u91ce\u67da\u8449)<\/li>\n<\/ul>\n<h2>Discographie<\/h2>\n<p><span style=\"font-weight:bold\">Singles<\/span><br \/>\n<span style=\"font-weight:bold\">Albums<\/span><\/p>\n<h2>Liens<\/h2>\n<ul>\n<li><a title=\"Site officiel\" href=\"http:\/\/www.cradle.jp.net\/snowdrop\/\" rel=\"nofollow\" target=\"_blank\">Site officiel<\/a><\/li>\n<li><a title=\"YouTube\" href=\"http:\/\/www.youtube.com\/user\/cradlerecords\" rel=\"nofollow\" target=\"_blank\">YouTube<\/a><\/li>\n<li><a title=\"Ustream\" href=\"http:\/\/www.ustream.tv\/channel\/cradlerecords\" rel=\"nofollow\" target=\"_blank\">Ustream<\/a><\/li>\n<\/ul>\n<h2>News<\/h2>\n<ul>\n<li><a title=\"News\" href=\"https:\/\/www.jpop-idols.com\/fr\/tag\/snow-drop\/\">Actualit\u00e9<\/a><\/li>\n<\/ul>\n<p><\/p>","protected":false},"excerpt":{"rendered":"<p>Snow Drop (\u30b9\u30ce\u30fc\u30fb\u30c9\u30ed\u30c3\u30d7) est un groupe d&rsquo;idols japonaises form\u00e9 en 2012. Il est actuellement compos\u00e9 de 4 membres. Le groupe est originaire de Sapporo sur l&rsquo;\u00eele d&rsquo;Hokkaido. Snow Drop fait partie de la Team Crerekko! (Team\u304f\u308c\u308c\u3063\u5a18\uff01) avec les Why@Doll et&#8230;<br \/><a class=\"read-more-button\" href=\"https:\/\/www.jpop-idols.com\/fr\/snow-drop\/\">Read more<\/a><\/p>\n","protected":false},"author":1,"featured_media":0,"parent":0,"menu_order":0,"comment_status":"closed","ping_status":"open","template":"","meta":{"_monsterinsights_skip_tracking":false,"_monsterinsights_sitenote_active":false,"_monsterinsights_sitenote_note":"","_monsterinsights_sitenote_category":0,"footnotes":""},"class_list":["post-10083","page","type-page","status-publish","hentry"],"_links":{"self":[{"href":"https:\/\/www.jpop-idols.com\/fr\/wp-json\/wp\/v2\/pages\/10083","targetHints":{"allow":["GET"]}}],"collection":[{"href":"https:\/\/www.jpop-idols.com\/fr\/wp-json\/wp\/v2\/pages"}],"about":[{"href":"https:\/\/www.jpop-idols.com\/fr\/wp-json\/wp\/v2\/types\/page"}],"author":[{"embeddable":true,"href":"https:\/\/www.jpop-idols.com\/fr\/wp-json\/wp\/v2\/users\/1"}],"replies":[{"embeddable":true,"href":"https:\/\/www.jpop-idols.com\/fr\/wp-json\/wp\/v2\/comments?post=10083"}],"version-history":[{"count":3,"href":"https:\/\/www.jpop-idols.com\/fr\/wp-json\/wp\/v2\/pages\/10083\/revisions"}],"predecessor-version":[{"id":10122,"href":"https:\/\/www.jpop-idols.com\/fr\/wp-json\/wp\/v2\/pages\/10083\/revisions\/10122"}],"wp:attachment":[{"href":"https:\/\/www.jpop-idols.com\/fr\/wp-json\/wp\/v2\/media?parent=10083"}],"curies":[{"name":"wp","href":"https:\/\/api.w.org\/{rel}","templated":true}]}}