{"id":1025,"date":"2012-07-24T21:55:18","date_gmt":"2012-07-24T19:55:18","guid":{"rendered":"http:\/\/www.jpop-idols.com\/fr\/?page_id=1025"},"modified":"2015-05-27T21:22:25","modified_gmt":"2015-05-27T19:22:25","slug":"aell","status":"publish","type":"page","link":"https:\/\/www.jpop-idols.com\/fr\/aell\/","title":{"rendered":"AeLL"},"content":{"rendered":"<p><img loading=\"lazy\" decoding=\"async\" class=\"alignright size-full wp-image-22504\" title=\"AeLL\" src=\"http:\/\/static.jpop-idols.com\/uploads\/2014\/05\/aell-idol.jpg\" alt=\"AeLL\" width=\"150\" height=\"101\" \/><strong>AeLL<\/strong> est un groupe d&rsquo;idols japonaises form\u00e9 en janvier 2011 par Shining Will.<\/p>\n<p>Il est compos\u00e9 de 4 membres.<\/p>\n<p>Le nom du groupe, AeLL, est l&rsquo;acronyme de \u00ab\u00a0Activity Eco Life with Love\u00a0\u00bb.<\/p>\n<p><!--more--><\/p>\n<p>La leader est Nishi Erika.<\/p>\n<p><img loading=\"lazy\" decoding=\"async\" class=\"alignright size-full wp-image-10353\" src=\"http:\/\/static.jpop-idols.com\/uploads\/2012\/07\/aell1.jpg\" alt=\"AeLL\" width=\"119\" height=\"150\" \/>Ai Shinozaki est une c\u00e9l\u00e8bre gravure idol \u00e0 forte poitrine. Elle a sorti plusieurs photobooks et DVD solo dont <span style=\"font-style: italic;\"><a href=\"https:\/\/www.jpop-idols.com\/fr\/shinozaki-ai-koi-nan-desu\/\">Koi Nandesu<\/a> (\u604b\u306a\u3093\u3067\u3059)<\/span>&#8230;<\/p>\n<p>Le concept est que les filles font la promotion de l&rsquo;\u00e9cologie et luttent contre les probl\u00e8mes environnementaux avec l&rsquo;objectif d&rsquo;am\u00e9liorer la sant\u00e9.<\/p>\n<h2>Biographie \/ Histoire<\/h2>\n<p>Les AeLL ont fait leurs d\u00e9buts avec le single <span style=\"font-style: italic;\">Ecology Monkeys (\u30a8\u30b3\u30ed\u30b8\u30fc\u30e2\u30f3\u30ad\u30fc\u30ba)<\/span> en avril 2011.<\/p>\n<p>Le groupe d&rsquo;idols a donn\u00e9 son 1er live en d\u00e9cembre 2011 au Shibuya Deseo \u00e0 Tokyo.<\/p>\n<p><img loading=\"lazy\" decoding=\"async\" class=\"alignright size-full wp-image-1026\" src=\"http:\/\/static.jpop-idols.com\/uploads\/2012\/07\/aell.jpg\" alt=\"AeLL\" width=\"119\" height=\"150\" \/>Les membres animent l&rsquo;\u00e9mission <span style=\"font-style: italic;\">AeLL TV (\u653e\u9001\u5c40)<\/span> sur Nico Nico Douga (\u30cb\u30b3\u30cb\u30b3\u52d5\u753b) depuis 2012. Ce dernier est diffus\u00e9 chaque semaine, le mercredi, de 21:00 \u00e0 22:00 (JST).<\/p>\n<p>Nishi Erika a fait ses d\u00e9buts en solo avec le single\u00a0<a title=\"Nishi Erika (AeLL) \u2013 Un Jour\" href=\"https:\/\/www.jpop-idols.com\/fr\/nishi-erika-un-jour-aell\/\"><em>Un Jour<\/em><\/a> en juin 2013.<\/p>\n<p>En septembre 2014, Shinozaki Ai et Shijou Haruna sont apparues dans le film <span style=\"font-style: italic;\">Alps Jogakuen (\u30a2\u30eb\u30d7\u30b9\u5973\u5b66\u5712)<\/span> aux c\u00f4t\u00e9s de membres d&rsquo;autres groupes d&rsquo;idols.<\/p>\n<p>Les AeLL se sont <a title=\"Les AeLL se mettent en pause\" href=\"https:\/\/www.jpop-idols.com\/fr\/aell-hiatus\/\">s\u00e9par\u00e9es<\/a> apr\u00e8s un dernier live en septembre 2014. Les membres poursuivent d\u00e9sormais leurs carri\u00e8res respectives avec des activit\u00e9s en solo.<\/p>\n<p>Le 2nd single de Nishi Erika <span style=\"font-style: italic;\"><a href=\"http:\/\/www.cdjapan.co.jp\/aff\/click.cgi\/PytJTGW7Lok\/4176\/A793738\/product%2FDAKSHINN-2\" target=\"_blank\" rel=\"nofollow\">Prologue<\/a><\/span> est sorti en janvier 2015.<\/p>\n<p><img loading=\"lazy\" decoding=\"async\" class=\"alignright size-thumbnail wp-image-28958\" src=\"http:\/\/static.jpop-idols.com\/uploads\/2015\/04\/shinozaki-ai-150x150.jpg\" alt=\"Shinozaki Ai (\u7be0\u5d0e\u611b)\" width=\"150\" height=\"150\" \/>L&rsquo;\u00e9mission radio <span style=\"font-style: italic;\">Shinozaki Ai no \u00ab\u00a0Oshinobi Radio\u00a0\u00bb (\u7be0\u5d0e\u611b\u306e\u300c\u304a\u3057\u306e\u3073\u30e9\u30b8\u30aa\u300d)<\/span> a commenc\u00e9 \u00e0 \u00eatre diffus\u00e9e en f\u00e9vrier 2015.<\/p>\n<p>Shinozaki Ai a fait ses d\u00e9buts en solo avec le single <span style=\"font-style: italic;\"><a href=\"https:\/\/www.jpop-idols.com\/fr\/shinozaki-ai-again\/\">A-G-A-I-N<\/a><\/span> en mai 2015.<\/p>\n<h2>Profil<\/h2>\n<ul>\n<li>AeLL (\u30a8\u30fc\u30eb) (Activity Eco Life with Love)<\/li>\n<li>Ann\u00e9es d&rsquo;activit\u00e9 : 2011 &#8211; 2014<\/li>\n<li>Label : &#8211;<\/li>\n<li>Agency : Shining Will<\/li>\n<\/ul>\n<h2>Membres<\/h2>\n<ul>\n<li>Nishi Erika (\u897f\u6075\u5229\u9999)<\/li>\n<li>Shinozaki Ai (\u7be0\u5d0e\u611b)<\/li>\n<li>Shijou Haruna (\u77f3\u689d\u9065\u68a8)<\/li>\n<li>Takana Kumi (\u9df9\u90a3\u7a7a\u5b9f)<\/li>\n<\/ul>\n<h2>Discographie<\/h2>\n<p><span style=\"font-weight: bold;\">Singles<\/span><\/p>\n<ul>\n<li>29\/04\/2011 : Ecology Monkeys (\u30a8\u30b3\u30ed\u30b8\u30fc\u30e2\u30f3\u30ad\u30fc\u30ba)<\/li>\n<li>31\/07\/2011 : Ganbare! Watashi! (\u9811\u5f35\u308c!\u79c1!)<\/li>\n<li>19\/11\/2011 : Everyday Makenai! (Everyday \u8ca0\u3051\u306a\u3044\uff01)<\/li>\n<li>11\/02\/2012 : Arigatou! Sayonara (\u3042\u308a\u304c\u3068\u3046\u30b5\u30e8\u30ca\u30e9\u3002)<\/li>\n<li>31\/03\/2013 : Magic\u21d4Music<\/li>\n<li>07\/08\/2013 : Cinderella Summertime (\u30b7\u30f3\u30c7\u30ec\u30e9 \u30b5\u30de\u30fc\u30bf\u30a4\u30e0)<\/li>\n<\/ul>\n<p><span style=\"font-weight: bold;\">Autres singles<\/span><\/p>\n<ul>\n<li>27\/10\/2013 : Aozora \/ Kizuna (\u9752\u7a7a \/ \u7d46)<\/li>\n<\/ul>\n<p><span style=\"font-weight: bold;\">Albums<\/span><\/p>\n<ul>\n<li>05\/09\/2012 : With AeLL<\/li>\n<li>09\/04\/2014 : 4\/4 Yon Bun no Yon<\/li>\n<\/ul>\n<h2>Liens<\/h2>\n<ul>\n<li><a title=\"Blog\" href=\"http:\/\/ameblo.jp\/aell-aell\/\" target=\"_blank\">Blog<\/a><\/li>\n<li><a title=\"Twitter\" href=\"http:\/\/twitter.com\/AeLL_AeLL\" target=\"_blank\">Twitter<\/a><\/li>\n<li><a title=\"Facebook\" href=\"http:\/\/www.facebook.com\/HSD.EIEI.AeLL\" target=\"_blank\">Facebook<\/a><\/li>\n<\/ul>\n<h2>News<\/h2>\n<ul>\n<li><a title=\"News\" href=\"https:\/\/www.jpop-idols.com\/fr\/tag\/aell\/\">Actualit\u00e9<\/a><\/li>\n<\/ul>\n<p><img loading=\"lazy\" decoding=\"async\" class=\"alignnone size-full wp-image-22505\" title=\"AeLL\" src=\"http:\/\/static.jpop-idols.com\/uploads\/2014\/05\/aell.jpg\" alt=\"AeLL\" width=\"600\" height=\"401\" \/><\/p>","protected":false},"excerpt":{"rendered":"<p>D\u00e9sol\u00e9, cet article est seulement disponible en English.<\/p>\n","protected":false},"author":1,"featured_media":0,"parent":0,"menu_order":0,"comment_status":"closed","ping_status":"closed","template":"","meta":{"_monsterinsights_skip_tracking":false,"_monsterinsights_sitenote_active":false,"_monsterinsights_sitenote_note":"","_monsterinsights_sitenote_category":0,"footnotes":""},"class_list":["post-1025","page","type-page","status-publish","hentry"],"_links":{"self":[{"href":"https:\/\/www.jpop-idols.com\/fr\/wp-json\/wp\/v2\/pages\/1025","targetHints":{"allow":["GET"]}}],"collection":[{"href":"https:\/\/www.jpop-idols.com\/fr\/wp-json\/wp\/v2\/pages"}],"about":[{"href":"https:\/\/www.jpop-idols.com\/fr\/wp-json\/wp\/v2\/types\/page"}],"author":[{"embeddable":true,"href":"https:\/\/www.jpop-idols.com\/fr\/wp-json\/wp\/v2\/users\/1"}],"replies":[{"embeddable":true,"href":"https:\/\/www.jpop-idols.com\/fr\/wp-json\/wp\/v2\/comments?post=1025"}],"version-history":[{"count":3,"href":"https:\/\/www.jpop-idols.com\/fr\/wp-json\/wp\/v2\/pages\/1025\/revisions"}],"predecessor-version":[{"id":30081,"href":"https:\/\/www.jpop-idols.com\/fr\/wp-json\/wp\/v2\/pages\/1025\/revisions\/30081"}],"wp:attachment":[{"href":"https:\/\/www.jpop-idols.com\/fr\/wp-json\/wp\/v2\/media?parent=1025"}],"curies":[{"name":"wp","href":"https:\/\/api.w.org\/{rel}","templated":true}]}}