{"id":12121,"date":"2013-05-04T08:30:55","date_gmt":"2013-05-04T06:30:55","guid":{"rendered":"http:\/\/www.jpop-idols.com\/en\/?page_id=12121"},"modified":"2016-03-20T19:03:39","modified_gmt":"2016-03-20T18:03:39","slug":"i%e2%98%86ris","status":"publish","type":"page","link":"https:\/\/www.jpop-idols.com\/fr\/i%e2%98%86ris\/","title":{"rendered":"i\u2606Ris"},"content":{"rendered":"<p><img loading=\"lazy\" decoding=\"async\" class=\"alignright size-thumbnail wp-image-33757\" src=\"http:\/\/static.jpop-idols.com\/uploads\/2016\/02\/iris-150x150.jpg\" alt=\"i\u2606Ris\" width=\"150\" height=\"150\" \/><strong>i\u2606Ris<\/strong> est un groupe d&rsquo;idols japonaises et d&rsquo;anison form\u00e9 en 2012 par Avex.<\/p>\n<p>Le groupe d&rsquo;idols est actuellement compos\u00e9 de 6 membres. Chacune d&rsquo;entre elles est associ\u00e9e \u00e0 une couleur.<\/p>\n<p>Les filles sont \u00e9galement actrices de doublage (seiyuu, \u58f0\u512a).<\/p>\n<p>La leader est Yamakita Saki.<\/p>\n<p><!--more--><\/p>\n<h2>Biographie \/ Histoire<\/h2>\n<p><img loading=\"lazy\" decoding=\"async\" class=\"alignright size-full wp-image-12122\" src=\"http:\/\/static.jpop-idols.com\/uploads\/2013\/05\/iris.jpg\" alt=\"i\u2606Ris\" width=\"150\" height=\"98\" \/>Les i\u2606Ris ont interpr\u00e9t\u00e9 les chansons th\u00e8me de plusieurs anime dont <span style=\"font-style: italic;\">Battle Spirits: Sword Eyes (\u30d0\u30c8\u30eb\u30b9\u30d4\u30ea\u30c3\u30c4 \u30bd\u30fc\u30c9\u30a2\u30a4\u30ba)<\/span>,\u00a0<span style=\"font-style: italic;\">Mushibugyo (\u30e0\u30b7\u30d6\u30ae\u30e7\u30fc)<\/span>, <span style=\"font-style: italic;\">Pretty Rhythm Rainbow Live (\u30d7\u30ea\u30c6\u30a3\u30fc\u30ea\u30ba\u30e0\u30fb\u30ec\u30a4\u30f3\u30dc\u30fc\u30e9\u30a4\u30d6)<\/span>, <span style=\"font-style: italic;\">PriPara (\u30d7\u30ea\u30d1\u30e9, Prism Paradise)<\/span>&#8230;<\/p>\n<p>Le nom du groupe vient du mot \u00ab\u00a0Iris\u00a0\u00bb qui signifie \u00ab\u00a0arc-en-ciel\u00a0\u00bb en grec. Il fait aussi r\u00e9f\u00e9rence \u00e0 la fleur du m\u00eame nom.<\/p>\n<p><img loading=\"lazy\" decoding=\"async\" class=\"alignright size-full wp-image-13913\" src=\"http:\/\/static.jpop-idols.com\/uploads\/2013\/07\/iris.jpg\" alt=\"i\u2606Ris\" width=\"150\" height=\"94\" \/>Elles ont fait leurs d\u00e9buts avec le single <span style=\"font-style: italic;\">Color<\/span> sorti en novembre 2012.<\/p>\n<p>Les filles ont anim\u00e9 l&rsquo;\u00e9mission de radio <span style=\"font-style: italic;\">A&amp;G Artist Zone i\u2606Ris\u306e2h<\/span> d&rsquo;ao\u00fbt 2013 \u00e0 d\u00e9cembre 2014.<\/p>\n<p>Le concert <span style=\"font-style: italic;\"><a title=\"i\u2606Ris 1st Anniversary Live\" href=\"https:\/\/www.jpop-idols.com\/fr\/iris-1st-anniversary-live\/\">i\u2606Ris 1st Anniversary Live<\/a><\/span> s&rsquo;est d\u00e9roul\u00e9 en novembre 2013 au Harajuku Astro Hall \u00e0 Tokyo.<\/p>\n<p>Le groupe d&rsquo;idols a sorti son application officielle pour <a href=\"https:\/\/play.google.com\/store\/apps\/details?id=jp.co.avex.SPA000367\" target=\"_blank\">Android<\/a> et <a href=\"https:\/\/itunes.apple.com\/jp\/app\/iris-ofisharuapuri\/id786973288?l=en&amp;mt=8\" target=\"_blank\" rel=\"nofollow\">iPhone<\/a> en mai 2014.<\/p>\n<p><img loading=\"lazy\" decoding=\"async\" class=\"alignright size-full wp-image-24893\" src=\"http:\/\/static.jpop-idols.com\/uploads\/2014\/08\/make-it.jpg\" alt=\"i\u2606Ris - Make It\" width=\"150\" height=\"150\" \/>Akaneya Himika (Manaka Lala), Serizawa Yu (Manami Mirei), Kubota Miyu (Hojo Sophie), Shibuya Azuki (Dorothy West), Wakai Yuki (Leona West) and Yamakita Saki (Todo Shion) jouent les r\u00f4les principaux dans l&rsquo;anime\u00a0<span style=\"font-style: italic;\">PriPara (\u30d7\u30ea\u30d1\u30e9, Prism Paradise)<\/span> diffus\u00e9 sur TV Tokyo depuis juillet 2014. Les single <span style=\"font-style: italic;\"><a title=\"i\u2606Ris \u2013 Make It\" href=\"https:\/\/www.jpop-idols.com\/fr\/iris-make-it\/\">Make It!<\/a><\/span>, <span style=\"font-style: italic;\"><a title=\"i\u2606Ris - Miracle Paradise\" href=\"https:\/\/www.jpop-idols.com\/fr\/iris-miracle-paradise\/\">Miracle Paradise<\/a><\/span> et <span style=\"font-style: italic;\"><a title=\"i\u2606Ris - Realize\" href=\"https:\/\/www.jpop-idols.com\/fr\/iris-realize\/\">Realize!<\/a><\/span>, <span style=\"font-style: italic;\"><a href=\"https:\/\/www.jpop-idols.com\/fr\/iris-dream-parade\/\">Dream Parade<\/a><\/span> et <span style=\"font-style: italic;\"><a href=\"https:\/\/www.jpop-idols.com\/fr\/iris-bright-fantasy\/\">Bright Fantasy<\/a><\/span> sont les chansons th\u00e8me de l&rsquo;opening de <span style=\"font-style: italic;\">PriPara<\/span>.<\/p>\n<p>Leur 1er album <span style=\"font-style: italic;\"><a title=\"i\u2606Ris \u2013 We Are i\u2606Ris\" href=\"https:\/\/www.jpop-idols.com\/fr\/iris-we-are-iris\/\">We Are i\u2606Ris!!!<\/a><\/span> est sorti en avril 2015.<\/p>\n<p>Les i\u2606Ris et les <a title=\"Yumemiru Adolescence\" href=\"https:\/\/www.jpop-idols.com\/fr\/yumemiru-adolescence\/\">Yumemiru Adolescence<\/a> ont doubl\u00e9 les voix dans le RPG d&rsquo;animation <span style=\"font-style: italic;\">Xuccess Heaven: Neo Tokyo School Success Battle (\u30b6\u30af\u30bb\u30b9\u30d8\u30d6\u30f3)<\/span>.<\/p>\n<p><img loading=\"lazy\" decoding=\"async\" class=\"alignright size-full wp-image-26115\" src=\"http:\/\/static.jpop-idols.com\/uploads\/2014\/10\/iris-idol.jpg\" alt=\"i\u2606Ris\" width=\"150\" height=\"150\" \/>La tourn\u00e9e de concerts <span style=\"font-style: italic;\">i\u2606Ris 1st Live Tour ~We Are i\u2606Ris~<\/span> s&rsquo;est d\u00e9roul\u00e9e d&rsquo;avril \u00e0 mai 2015.<\/p>\n<p>Leur 9e single\u00a0<span style=\"font-style: italic;\">Dream Parade (\u30c9\u30ea\u30fc\u30e0\u30d1\u30ec\u30fc\u30c9)<\/span> a atteint la 8e place au classement hebdomadaire Oricon en juillet 2015.<\/p>\n<p>Il a \u00e9t\u00e9 suivi par\u00a0<span style=\"font-style: italic;\"><a href=\"https:\/\/www.jpop-idols.com\/fr\/iris-bright-fantasy\/\">Bright Fantasy<\/a> (\u30d6\u30e9\u30a4\u30c8\u30d5\u30a1\u30f3\u30bf\u30b8\u30fc)<\/span>\u00a0qui n&rsquo;a pas rencontr\u00e9 autant de succ\u00e8s en octobre\u00a02015.<\/p>\n<p>En janvier 2016, Akaneya Himika et\u00a0Shibuya Azuki ont jou\u00e9 dans la pi\u00e8ce de th\u00e9\u00e2tre du\u00a0Alice in Project\u00a0<span style=\"font-style: italic;\">Quantum Dolls ~Ryoushi Kyoukai no Yuuhosha~ (\u30af\u30a9\u30f3\u30bf\u30e0\u30fb\u30c9\u30fc\u30eb\u30ba \uff5e\u91cf\u5b50\u5883\u754c\u306e\u904a\u6b69\u8005\uff5e)<\/span>\u00a0aux c\u00f4t\u00e9s de Sudo Maasa (ex <a href=\"https:\/\/www.jpop-idols.com\/fr\/berryz-kobo\/\">Berryz Kobo<\/a>), Kato Tomoko et\u00a0Imade Mai (ex SKE48).<\/p>\n<p><img loading=\"lazy\" decoding=\"async\" class=\"alignright size-thumbnail wp-image-32098\" src=\"http:\/\/static.jpop-idols.com\/uploads\/2015\/09\/iris-150x150.jpg\" alt=\"i\u2606Ris\" width=\"150\" height=\"150\" \/>Leur\u00a0fan club officiel Niji-Kai (\u8679\u4f1a) a ouvert en f\u00e9vrier 2016.<\/p>\n<p>Les 6 membres du groupe d&rsquo;idols et Takayanagi Akane (SKE48) ont jou\u00e9 dans la com\u00e9die musicale <span style=\"font-style: italic;\">\u00ab\u00a0PriPara\u00a0\u00bb Minna ni Todoke! Prism Voice\u00a0\u300e\u30d7\u30ea\u30d1\u30e9\u300f\u307f\uff5e\u3093\u306a\u306b\u3068\u3069\u3051\uff01\u30d7\u30ea\u30ba\u30e0\u2606\u30dc\u30a4\u30b9)<\/span>\u00a0en f\u00e9vrier 2016.<\/p>\n<p>Les i\u2606Ris et les\u00a0Wake Up Girls! ont collabor\u00e9 pour se produire ensemble lors d&rsquo;un \u00e9v\u00e9nement intitul\u00e9\u00a0<span style=\"font-style: italic;\">Valentine Live<\/span>\u00a0qui aura lieu au Maihama Amphitheater de\u00a0Chiba en f\u00e9vrier\u00a02016.<\/p>\n<p>Leur 11e single <span style=\"font-style: italic;\"><a href=\"https:\/\/www.jpop-idols.com\/fr\/iris-goin-on\/\">Goin&rsquo; on<\/a><\/span>\u00a0a \u00e9t\u00e9 mis en vente en f\u00e9vrier 2016.<\/p>\n<p>Fin mars 2016, elles ont form\u00e9 le groupe sp\u00e9cial Mina\u2606Ris (\u6c34\u2606Ris) en collaboration avec la com\u00e9dienne de doublage Minase Inori (\u6c34\u702c\u3044\u306e\u308a). Elles se sont produites lors du festival <span style=\"font-style: italic;\">Anison History Japan!!<\/span>.<\/p>\n<p>L&rsquo;\u00e9v\u00e9nement <span style=\"font-style: italic;\">i\u2606Ris 4th Anniversary Live<\/span>\u00a0aura lieu en novembre\u00a02016 au\u00a0Nippon Budokan. Ce sera le premier concert du groupe d&rsquo;idols dans cette c\u00e9l\u00e8bre salle.<\/p>\n<p>Article relatif :<\/p>\n<ul>\n<li><a title=\"Interview : i\u2606Ris\" href=\"https:\/\/www.jpop-idols.com\/fr\/iris-interview\/\">Interview : i\u2606Ris<\/a><\/li>\n<\/ul>\n<h2>Profil<\/h2>\n<ul>\n<li>i\u2606Ris (\u30a2\u30a4\u30ea\u30b9)<\/li>\n<li>Ann\u00e9es d&rsquo;activit\u00e9 : depuis 2012<\/li>\n<li>Label : Dive II Entertainment<\/li>\n<li>Agence : Avex<\/li>\n<\/ul>\n<h2>Membres<\/h2>\n<ul>\n<li>Yamakita Saki (\u5c71\u5317\u65e9\u7d00) &#8211; Vert<\/li>\n<li>Serizawa Yu (\u82b9\u6fa4\u512a) &#8211; Bleu<\/li>\n<li>Akaneya Himika (\u831c\u5c4b\u65e5\u6d77\u590f) &#8211; Violet<\/li>\n<li>Wakai Yuki (\u831c\u5c4b\u65e5\u6d77\u590f) &#8211; Rouge<\/li>\n<li>Kubota Miyu (\u4e45\u4fdd\u7530\u672a\u5922) &#8211; Orange<\/li>\n<li>Shibuya Azuki (\u6f81\u8c37\u6893\u5e0c) &#8211; Jaune<\/li>\n<\/ul>\n<h2>Discographie<\/h2>\n<p><span style=\"font-weight: bold;\">Singles<\/span><\/p>\n<ul>\n<li>07\/11\/2012 : Color<\/li>\n<li>22\/05\/2013 : Ichizu (\u30a4\u30c1\u30ba)<\/li>\n<li>21\/08\/2013 : \u00a7Rainbow<\/li>\n<li>20\/11\/2013 : Wonderland<\/li>\n<li>18\/06\/2014 : Itazura Taiyou (\u5f92\u592a\u967d)<\/li>\n<li>20\/08\/2014 : Make It!<\/li>\n<li>12\/11\/2014 : Miracle Paradise (\u30df\u30e9\u30af\u30eb\u2606\u30d1\u30e9\u30c0\u30a4\u30b9)<\/li>\n<li>18\/02\/2015 : Realize!<\/li>\n<li>08\/07\/2015 : Dream Parade (\u30c9\u30ea\u30fc\u30e0\u30d1\u30ec\u30fc\u30c9)<\/li>\n<li>28\/10\/2015 : Bright Fantasy (\u30d6\u30e9\u30a4\u30c8\u30d5\u30a1\u30f3\u30bf\u30b8\u30fc)<\/li>\n<li>17\/02\/2016 : Goin&rsquo; on<\/li>\n<\/ul>\n<p><span style=\"font-weight: bold;\">Albums<\/span><\/p>\n<ul>\n<li>03\/04\/2013 : Kaba\u2606Risu (\u30ab\u30d0\u2606\u30ea\u30b9)<\/li>\n<li>08\/04\/2015 : We Are i\u2606Ris!!!<\/li>\n<\/ul>\n<h2>Liens<\/h2>\n<ul>\n<li><a title=\"Site officiel\" href=\"http:\/\/iris.dive2ent.com\/\" target=\"_blank\" rel=\"nofollow\">Site officiel<\/a><\/li>\n<li><a title=\"Blog\" href=\"http:\/\/ameblo.jp\/iris-official-blog\/\" target=\"_blank\" rel=\"nofollow\">Blog<\/a><\/li>\n<li><a title=\"Twitter\" href=\"https:\/\/twitter.com\/iris_official_\/\" target=\"_blank\" rel=\"nofollow\">Twitter<\/a><\/li>\n<li><a title=\"Facebook\" href=\"http:\/\/www.facebook.com\/iris.dive2.official\" target=\"_blank\" rel=\"nofollow\">Facebook<\/a><\/li>\n<li><a title=\"Ustream\" href=\"http:\/\/www.ustream.tv\/user\/dive2iRis\" target=\"_blank\" rel=\"nofollow\">Ustream<\/a><\/li>\n<\/ul>\n<h2>News<\/h2>\n<ul>\n<li><a title=\"News\" href=\"https:\/\/www.jpop-idols.com\/fr\/tag\/iris\/\">Actualit\u00e9<\/a><\/li>\n<\/ul>\n<p><img loading=\"lazy\" decoding=\"async\" class=\"alignnone size-full wp-image-33757\" src=\"http:\/\/static.jpop-idols.com\/uploads\/2016\/02\/iris.jpg\" alt=\"i\u2606Ris\" width=\"600\" height=\"493\" srcset=\"https:\/\/static.jpop-idols.com\/uploads\/2016\/02\/iris.jpg 600w, https:\/\/static.jpop-idols.com\/uploads\/2016\/02\/iris-300x247.jpg 300w\" sizes=\"auto, (max-width: 600px) 100vw, 600px\" \/><\/p>","protected":false},"excerpt":{"rendered":"<p>D\u00e9sol\u00e9, cet article est seulement disponible en English.<\/p>\n","protected":false},"author":1,"featured_media":0,"parent":0,"menu_order":0,"comment_status":"closed","ping_status":"open","template":"","meta":{"_monsterinsights_skip_tracking":false,"_monsterinsights_sitenote_active":false,"_monsterinsights_sitenote_note":"","_monsterinsights_sitenote_category":0,"footnotes":""},"class_list":["post-12121","page","type-page","status-publish","hentry"],"_links":{"self":[{"href":"https:\/\/www.jpop-idols.com\/fr\/wp-json\/wp\/v2\/pages\/12121","targetHints":{"allow":["GET"]}}],"collection":[{"href":"https:\/\/www.jpop-idols.com\/fr\/wp-json\/wp\/v2\/pages"}],"about":[{"href":"https:\/\/www.jpop-idols.com\/fr\/wp-json\/wp\/v2\/types\/page"}],"author":[{"embeddable":true,"href":"https:\/\/www.jpop-idols.com\/fr\/wp-json\/wp\/v2\/users\/1"}],"replies":[{"embeddable":true,"href":"https:\/\/www.jpop-idols.com\/fr\/wp-json\/wp\/v2\/comments?post=12121"}],"version-history":[{"count":4,"href":"https:\/\/www.jpop-idols.com\/fr\/wp-json\/wp\/v2\/pages\/12121\/revisions"}],"predecessor-version":[{"id":34362,"href":"https:\/\/www.jpop-idols.com\/fr\/wp-json\/wp\/v2\/pages\/12121\/revisions\/34362"}],"wp:attachment":[{"href":"https:\/\/www.jpop-idols.com\/fr\/wp-json\/wp\/v2\/media?parent=12121"}],"curies":[{"name":"wp","href":"https:\/\/api.w.org\/{rel}","templated":true}]}}