{"id":122,"date":"2012-07-09T22:07:56","date_gmt":"2012-07-09T20:07:56","guid":{"rendered":"http:\/\/www.jpop-idols.com\/?page_id=122"},"modified":"2016-03-06T18:08:24","modified_gmt":"2016-03-06T17:08:24","slug":"passpo%e2%98%86","status":"publish","type":"page","link":"https:\/\/www.jpop-idols.com\/fr\/passpo%e2%98%86\/","title":{"rendered":"Passpo\u2606"},"content":{"rendered":"<p><img loading=\"lazy\" decoding=\"async\" class=\"alignright size-thumbnail wp-image-33357\" src=\"http:\/\/static.jpop-idols.com\/uploads\/2016\/01\/passpo-150x150.jpg\" alt=\"Passpo\u2606 (\u3071\u3059\u307d\u2606)\" width=\"150\" height=\"150\" \/><strong>Passpo\u2606<\/strong>\u00a0(\u3071\u3059\u307d\u2606) est un groupe d&rsquo;idols form\u00e9 en 2009 par Platinum Records.<\/p>\n<p>Il est actuellement compos\u00e9 de 7 membres. Chacune d&rsquo;entre elles est associ\u00e9e \u00e0 une couleur.<\/p>\n<p>La leader est Negishi Ai.<\/p>\n<p><!--more--><\/p>\n<p>Il s&rsquo;agit d&rsquo;un groupe soeur des <a title=\"Predia\" href=\"https:\/\/www.jpop-idols.com\/fr\/predia\/\">Predia<\/a>, des <a title=\"Palet\" href=\"https:\/\/www.jpop-idols.com\/fr\/palet\/\">Palet<\/a> et des Petit Passpo\u2606.<\/p>\n<h1>Biographie \/ Histoire<\/h1>\n<p>Le th\u00e8me de Passpo\u2606 est le voyage, les membres \u00e9tant les \u00ab\u00a0h\u00f4tesses de l&rsquo;air\u00a0\u00bb, les fans appel\u00e9s \u00ab\u00a0passagers\u00a0\u00bb, et un concert le \u00ab\u00a0vol\u00a0\u00bb. Le nom du groupe vient du mot \u00ab\u00a0passeport\u00a0\u00bb.<\/p>\n<p><img loading=\"lazy\" decoding=\"async\" class=\"alignright size-full wp-image-918\" src=\"http:\/\/static.jpop-idols.com\/uploads\/2012\/07\/passpo.jpg\" alt=\"Passpo\u2606 (\u3071\u3059\u307d\u2606)\" width=\"150\" height=\"118\" \/>Le groupe d&rsquo;idols a \u00e9t\u00e9 cr\u00e9\u00e9 en juin 2009.<\/p>\n<p>Leur 1er live (flight) a eu lieu en novembre 2009.<\/p>\n<p>Le 1er single des Passpo\u2606 <span style=\"font-style: italic;\">Let It Go!!<\/span> est sorti en mars 2010.<\/p>\n<p>Leur \u00e9mission TV <span style=\"font-style: italic;\">Attention Please (\u30a2\u30c6\u30f3\u30b7\u30e7\u30f3\u30d7\u30ea\u30fc\u30ba)<\/span> a commenc\u00e9 \u00e0 \u00eatre diffus\u00e9e sur tvk en avril 2010.<\/p>\n<p>Le groupe d&rsquo;idols a particip\u00e9 \u00e0 l&rsquo;Exposition Universelle <span style=\"font-style: italic;\">Expo 2010<\/span> \u00e0 Shanghai en Chine en septembre 2010.<\/p>\n<p><img loading=\"lazy\" decoding=\"async\" class=\"alignright size-full wp-image-4969\" src=\"http:\/\/static.jpop-idols.com\/uploads\/2012\/07\/passpo1.jpg\" alt=\"Passpo\u2606 (\u3071\u3059\u307d\u2606)\" width=\"150\" height=\"124\" \/>Leur 1er album <span style=\"font-style: italic;\">Take\u2606Off<\/span> a \u00e9t\u00e9 mis en vente en d\u00e9cembre 2010.<\/p>\n<p>Les filles font r\u00e9guli\u00e8rement des apparitions dans l&rsquo;\u00e9mission <span style=\"font-style: italic;\">Japan in Motion<\/span> diffus\u00e9e en France sur Nolife et au Japon sur TSS (Television Shin-Hiroshima System) depuis 2011.<\/p>\n<p>Elles ont sign\u00e9 sous le label Universal Music Japan en janvier 2011.<\/p>\n<p>Les Passpo\u2606 ont fait leurs d\u00e9buts en major avec le single <span style=\"font-style: italic;\">Shoujo Hikou (\u5c11\u5973\u98db\u884c)<\/span>. Il a atteint la 1\u00e8re place au classement Oricon en mai 2011.<\/p>\n<p><img loading=\"lazy\" decoding=\"async\" class=\"alignright size-full wp-image-6878\" src=\"http:\/\/static.jpop-idols.com\/uploads\/2013\/01\/passpo.jpg\" alt=\"Passpo\u2606 (\u3071\u3059\u307d\u2606)\" width=\"150\" height=\"118\" \/>Le groupe d&rsquo;idols a particip\u00e9 \u00e0 <span style=\"font-style: italic;\">Japan Expo<\/span> \u00e0 Paris Nord Villepinte en France en juillet 2011.<\/p>\n<p>Sakuma Kaho a effectu\u00e9 sa graduation afin de devenir mannequin en d\u00e9cembre 2011.<\/p>\n<p>La version pour mobiles de leur site officiel a \u00e9t\u00e9 ouverte en avril 2012.<\/p>\n<p>En tant que gravure idols, les filles sont apparues en maillots de bain dans la s\u00e9rie de DVD <span style=\"font-style: italic;\"><a href=\"https:\/\/www.jpop-idols.com\/fr\/passpo-pa-su-po\/\">Pa Su Po<\/a> (\u300c\u3071\u300d\u300c\u3059\u300d\u300c\u307d\u300d)<\/span> sortie en ao\u00fbt 2012. Les vid\u00e9os ont \u00e9t\u00e9 film\u00e9es \u00e0 Okinawa.<\/p>\n<p><img loading=\"lazy\" decoding=\"async\" class=\"alignright size-full wp-image-8167\" src=\"http:\/\/static.jpop-idols.com\/uploads\/2013\/02\/passpo.jpg\" alt=\"Passpo\u2606 (\u3071\u3059\u307d\u2606)\" width=\"150\" height=\"125\" \/>Okunaka Makoto a jou\u00e9 l&rsquo;un des r\u00f4les principaux du drama <span style=\"font-style: italic;\">Kamen Rider Wizard \u4eee\u9762\u30e9\u30a4\u30c0\u30fc\u30a6\u30a3\u30b6\u30fc\u30c9<\/span> entre septembre 2012 et septembre 2013.<\/p>\n<p>Elles ont particip\u00e9 \u00e0 des publicit\u00e9s pour l&rsquo;agence de voyages H.I.S. en novembre 2012 et en f\u00e9vrier 2013.<\/p>\n<p>Leur 1\u00e8re tourn\u00e9e nationale <span style=\"font-style: italic;\">Passpo\u2606 Charter Flight Tour 2013<\/span> s&rsquo;est d\u00e9roul\u00e9e en mars 2013.<\/p>\n<p>Negishi Ai et Masui Mio ont sorti leurs 1er photobooks, intitul\u00e9s respectivement <span style=\"font-style: italic;\"><a href=\"https:\/\/www.jpop-idols.com\/fr\/negishi-ai-1st-photobook-nobody-knows\/\">Nobody Knows<\/a><\/span> et <span style=\"font-style: italic;\"><a href=\"https:\/\/www.jpop-idols.com\/fr\/masui-mio-1st-photobook-30-mio-pocket\/\">30 (mio) Pocket<\/a><\/span>, en avril 2013. Toutes les sc\u00e8nes ont \u00e9t\u00e9 r\u00e9alis\u00e9es sur l&rsquo;\u00eele de Guam.<\/p>\n<p><img loading=\"lazy\" decoding=\"async\" class=\"alignright size-full wp-image-12117\" src=\"http:\/\/static.jpop-idols.com\/uploads\/2013\/04\/passpo.jpg\" alt=\"Passpo\u2606 (\u3071\u3059\u307d\u2606)\" width=\"150\" height=\"112\" \/>Le 2nd photobook de Okunaka Makoto <span style=\"font-style: italic;\"><a href=\"https:\/\/www.jpop-idols.com\/fr\/okunaka-makoto-kawaikute-makoto-ni-suimasen\/\">Kawaikute Makoto ni Suimasen!<\/a> (\u304b\u308f\u3044\u304f\u3066\u30de\u30b3\u30c8\u306b\u3059\u3044\u307e\u305b\u3093\uff01)<\/span> a \u00e9t\u00e9 publi\u00e9 en avril 2013. Il contient des photos de Makocchan en maillot de bain, mais aussi portant diff\u00e9rents costumes sexy et originaux.<\/p>\n<p>L&rsquo;\u00e9mission de divertissement <span style=\"font-style: italic;\">Passpo\u2606 no Shaku Uma TV (Passpo\u2606\u306e\u5c3a\u3046\u307eTV)<\/span> a \u00e9t\u00e9 diffus\u00e9e chaque semaine sur TV Tokyo d&rsquo;avril \u00e0 septembre 2013.<\/p>\n<p>En janvier 2014, Okunaka Makoto et Makita Sako ont c\u00e9l\u00e9br\u00e9 leur <a href=\"https:\/\/www.jpop-idols.com\/fr\/okunaka-makoto-makita-sako-passpo-coming-of-age-ceremony\/\">c\u00e9r\u00e9monie de passage \u00e0 l&rsquo;\u00e2ge adulte<\/a> (<span style=\"font-weight: normal;\"><span class=\"t_nihongo_kanji\" lang=\"ja\">\u6210\u4eba\u5f0f<\/span><\/span><span style=\"font-weight: normal;\"><span class=\"t_nihongo_kanji\" lang=\"ja\">, seijin shiki<\/span><\/span>).<\/p>\n<p><img loading=\"lazy\" decoding=\"async\" class=\"alignright size-full wp-image-16810\" src=\"http:\/\/static.jpop-idols.com\/uploads\/2013\/11\/jejejejet.jpg\" alt=\"Passpo\u2606 - Jejejejet\" width=\"150\" height=\"148\" \/>En f\u00e9vrier 2014, les photobooks de Negishi Ai et Okunaka Makoto, intitul\u00e9s respectivement <span style=\"font-style: italic;\"><a href=\"https:\/\/www.jpop-idols.com\/fr\/negishi-ai-luv-for-all-photobook\/\">Luv for All<\/a><\/span> et <span style=\"font-style: italic;\"><a href=\"https:\/\/www.jpop-idols.com\/fr\/okunaka-makoto-good-bye-my-life-photobook\/\">Good Bye my Life<\/a><\/span>, ont \u00e9t\u00e9 publi\u00e9s. Les s\u00e9ances photos ont \u00e9t\u00e9 r\u00e9alis\u00e9es \u00e0 Bali en Indon\u00e9sie.<\/p>\n<p>En mars 2014, les idols se sont transform\u00e9es en groupe de rock pour le single <span style=\"font-style: italic;\"><a href=\"https:\/\/www.jpop-idols.com\/fr\/passpo-perfect-sky\/\">Perfect Sky<\/a><\/span>. A cette occasion, chaque membre jouait d&rsquo;un instrument de musique : Negishi Ai (guitare), Fujimoto Yukimi (guitare), Iwamura Natsumi (tambourin), Masui Mio (basse), Mori Shiori (chant), Anzai Naomi (guitare), Tamai Anna (batterie), Okunaka Makoto (synth\u00e9tiseur) et Makita Sako (guitare).<\/p>\n<p><img loading=\"lazy\" decoding=\"async\" class=\"alignright size-thumbnail wp-image-20878\" src=\"http:\/\/static.jpop-idols.com\/uploads\/2014\/03\/perfect-sky-b-150x150.jpg\" alt=\"Passpo\u2606 - Perfect Sky\" width=\"150\" height=\"150\" \/>En juillet 2014, Okunaka Makoto a travaill\u00e9 en tant que mannequin pour la marque de v\u00eatements Vanquish Venus.<\/p>\n<p>En ao\u00fbt 2014, Negishi Ai, Okunaka Makoto et Anzai Naomi sont apparues dans une publicit\u00e9 pour l&rsquo;op\u00e9rateur japonais de t\u00e9l\u00e9communications mobiles SoftBank.<\/p>\n<p>Leur compte officiel sur Line a \u00e9t\u00e9 ouvert en ao\u00fbt 2014.<\/p>\n<p>Le programme <span style=\"font-style: italic;\">Passpo\u2606 Owarai Theater Hall (\u304a\u7b11\u3044\u30b7\u30a2\u30bf\u30fc\u30db\u30fc\u30eb)<\/span> a commenc\u00e9 \u00e0 \u00eatre diffus\u00e9 sur Ameba Star en novembre 2014.<\/p>\n<p><img loading=\"lazy\" decoding=\"async\" class=\"alignright size-thumbnail wp-image-33356\" src=\"http:\/\/static.jpop-idols.com\/uploads\/2016\/01\/hacchaketai-from-passpo-150x150.jpg\" alt=\"Hacchaketai from Passpo\u2606 (\u306f\u3063\u3061\u3083\u3051\u968afromPasspo\u2606)\" width=\"150\" height=\"150\" \/>En d\u00e9cembre 2014, Iwamura Natsumi, Anzai Naomi, Mori Shiori et Fujimoto Yukimi ont form\u00e9 le sous-group Hacchaketai from Passpo\u2606 (\u306f\u3063\u3061\u3083\u3051\u968afromPasspo\u2606). Leur objectif est, \u00e0 l&rsquo;image de supporters, d&rsquo;encourager les personnes ayant besoin de soutien.<\/p>\n<p><a title=\"Okunaka Makoto annonce sa graduation des Passpo\" href=\"https:\/\/www.jpop-idols.com\/fr\/okunaka-makoto-graduation-passpo\/\">Okunaka Makoto<\/a> a effectu\u00e9 sa graduation en janvier 2015. Elle a expliqu\u00e9 qu&rsquo;elle souhaitait poursuivre une carri\u00e8re solo en tant qu&rsquo;actrice.<\/p>\n<p>En f\u00e9vrier 2015, Masui Mio est apparue dans le drama <span style=\"font-style: italic;\">Nagoya Iki Saishuu Ressha (\u540d\u53e4\u5c4b\u884c\u304d\u6700\u7d42\u5217\u8eca)<\/span>.<\/p>\n<p><img loading=\"lazy\" decoding=\"async\" class=\"alignright size-thumbnail wp-image-24742\" src=\"http:\/\/static.jpop-idols.com\/uploads\/2014\/07\/passpo-150x150.jpg\" alt=\"Passpo\u2606 (\u3071\u3059\u307d\u2606)\" width=\"150\" height=\"150\" \/>En avril 2015, Negishi Ai a jou\u00e9 dans la pi\u00e8ce de th\u00e9\u00e2tre <span style=\"font-style: italic;\">The Voices of a Distant Star (\u307b\u3057\u306e\u3053\u3048 ; Hoshi no Koe)<\/span>.<\/p>\n<p>Le livre <span style=\"font-style: italic;\">Passpo\u2606 no Dappi (Passpo\u2606\u306e\u8131\u76ae)<\/span> a \u00e9t\u00e9 publi\u00e9 en mai 2015.<\/p>\n<p>Anzai Naomi a \u00e9crit les paroles de la chanson <span style=\"font-style: italic;\">High Tension Emotion (\u30cf\u30a4\u30c6\u30f3\u30b7\u30e7\u30f3\u30a8\u30e2\u30fc\u30b7\u30e7\u30f3)<\/span>, et Makito Sako les paroles de <span style=\"font-style: italic;\">Not in Theory<\/span>, sur leur 4e album <span style=\"font-style: italic;\">Beef or Chicken?<\/span> sorti en mai 2015.<\/p>\n<p>Leur groupe soeur Petit Passpo\u2606 (\u3077\u3061\u3071\u3059\u307d\u2606) a \u00e9t\u00e9 cr\u00e9\u00e9 en mai 2015.<\/p>\n<p><img loading=\"lazy\" decoding=\"async\" class=\"alignright size-thumbnail wp-image-26216\" src=\"http:\/\/static.jpop-idols.com\/uploads\/2014\/10\/passpo-150x150.jpg\" alt=\"Passpo\u2606 (\u3071\u3059\u307d\u2606)\" width=\"150\" height=\"150\" \/>Makita Sako a mis en pause ses activit\u00e9s en raison de probl\u00e8mes de sant\u00e9 en mai 2015.<\/p>\n<p>Le 1er live des Hacchaketai a eu lieu en septembre 2015.<\/p>\n<p>En novembre 2015, les filles se sont cosplay\u00e9es en super h\u00e9ros des <span style=\"font-style: italic;\">Avengers<\/span> de Marvel \u00e0 l&rsquo;occasion de Halloween.<\/p>\n<p>Makita Sako a annonc\u00e9 sa graduation en d\u00e9cembre 2015.<\/p>\n<p>Le single <span style=\"font-style: italic;\"><a href=\"https:\/\/www.jpop-idols.com\/fr\/passpo-mr-wednesday\/\">Mr. Wednesday<\/a><\/span>, sorti\u00a0en f\u00e9vrier 2016, marque leurs seconds d\u00e9buts en major sous le label Nippon Crown.<\/p>\n<p>Masui Mio a particip\u00e9 au show <span style=\"font-style: italic;\">Zombie School (\u30be\u30f3\u30d3\u30b9\u30af\u30fc\u30eb\uff01\u7279\u5225\u6388\u696d)<\/span> diffus\u00e9 sur Nico Nico en f\u00e9vrier 2016.<\/p>\n<p>En avril 2016, Negishi Ai et Masui Mio vont jouer dans la pi\u00e8ce <span style=\"font-style: italic;\">Gag Man Hiyori (\u30ae\u30e3\u30b0\u30de\u30f3\u30ac\u65e5\u548c)<\/span> au AiiA Theater Tokyo.<\/p>\n<p>Le 1er One-Man Live de Band\u00a0Passpo\u2606 aura lieu en mai\u00a02016 au\u00a0Harajuku Astro Hall\u00a0\u00e0\u00a0Tokyo.<\/p>\n<p>Le groupe d&rsquo;idols va participer \u00e0\u00a0<span style=\"font-style: italic;\">@Jam in Shanghai 2016<\/span>, en Chine, en compagnie de\u00a0<a href=\"https:\/\/www.jpop-idols.com\/fr\/the-world-standard\/\">The World Standard<\/a>\u00a0et des\u00a0<a href=\"https:\/\/www.jpop-idols.com\/fr\/tokyo-girls-style\/\">Tokyo Girls&rsquo; Style<\/a>\u00a0en juin.<\/p>\n<h2>Profil<\/h2>\n<ul>\n<li>Passpo\u2606\u00a0(\u3071\u3059\u307d\u2606)<\/li>\n<li>Ann\u00e9es d&rsquo;activit\u00e9 : depuis 2009<\/li>\n<li>Label : Nippon Crown<\/li>\n<li>Agence : Platinum Passport<\/li>\n<\/ul>\n<h2>Membres<\/h2>\n<ul>\n<li>Negishi Ai (\u6839\u5cb8\u611b) &#8211; Blanc<\/li>\n<li>Fujimoto Yukimi (\u85e4\u672c\u6709\u7d00\u7f8e) &#8211; Bleu<\/li>\n<li>Masui Mio (\u5897\u4e95\u307f\u304a) &#8211; Vert Menthe<\/li>\n<li>Mori Shiori (\u68ee\u8a69\u7e54) &#8211; Jaune<\/li>\n<li>Iwamura Natsumi (\u5ca9\u6751\u637a\u672a) &#8211; Rose<\/li>\n<li>Tamai Anna (\u7389\u4e95\u674f\u5948) &#8211; Violet<\/li>\n<li>Anzai Naomi (\u5b89\u6589\u5948\u7dd2\u7f8e) &#8211; Orange<\/li>\n<\/ul>\n<p>Anciennes membres<\/p>\n<ul>\n<li>Sakuma Kaho (\u4f50\u4e45\u9593\u590f\u5e06) &#8211; Vert<\/li>\n<li>Okunaka Makoto (\u5965\u4ef2\u9ebb\u7434) &#8211; Rouge<\/li>\n<li>Makita Sako (\u69d9\u7530\u7d17\u5b50) &#8211; Vert Pomme<\/li>\n<\/ul>\n<h2>Discographie<\/h2>\n<p><span style=\"font-weight: bold;\">Singles<\/span><\/p>\n<ul>\n<li>31\/03\/2010 : Let It Go!!<\/li>\n<li>14\/07\/2010 : Hallelujah (\u30cf\u30ec\u30eb\u30e4)<\/li>\n<li>20\/10\/2010 : GPP<\/li>\n<li>20\/10\/2010 : Go on a Highway<\/li>\n<li>20\/10\/2010 : Pretty Lie<\/li>\n<li>15\/12\/2010 : Departure<\/li>\n<li>04\/05\/2011 : Shoujo Hikou (\u5c11\u5973\u98db\u884c)<\/li>\n<li>24\/08\/2011 : ViVi Natsu (ViVi \u590f)<\/li>\n<li>07\/12\/2011 : Kiss=Suki (\u30ad\u30b9=\u30b9\u30ad)<\/li>\n<li>07\/03\/2012 : Kimi wa Boku wo Suki ni Naru (\u541b\u306f\u50d5\u3092\u597d\u304d\u306b\u306a\u308b)<\/li>\n<li>13\/06\/2012 : Next Flight<\/li>\n<li>15\/08\/2012 : Natsuzora Hanabi (\u590f\u7a7a Hanabi)<\/li>\n<li>03\/10\/2012 : Wing<\/li>\n<li>13\/02\/2013 : Sakura Komachi (\u30b5\u30af\u30e9\u5c0f\u753a)<\/li>\n<li>22\/05\/2013 : Step &amp; Go \/ Candy Room (Step &amp; Go \/ \u30ad\u30e3\u30f3\u30c7\u30a3\u30fc\u30fb\u30eb\u30fc\u30e0)<\/li>\n<li>26\/06\/2013 : Truly<\/li>\n<li>31\/07\/2013 : Mousou no Hawaii (\u5984\u60f3\u306e\u30cf\u30ef\u30a4)<\/li>\n<li>16\/10\/2013 : Growing Up<\/li>\n<li>26\/03\/2014 : Perfect Sky<\/li>\n<li>20\/08\/2014 : Himawari (\u5411\u65e5\u8475)<\/li>\n<li>24\/02\/2016 : Mr. Wednesday<\/li>\n<\/ul>\n<p><span style=\"font-weight: bold;\">Autres singles<\/span><\/p>\n<ul>\n<li>20\/06\/2012 : Yameru Idol (\u75c5\u3081\u308b\u30a2\u30a4\u30c9\u30eb) (Urbangarde feat. Passpo\u2606)<\/li>\n<\/ul>\n<p><span style=\"font-weight: bold;\">Albums<\/span><\/p>\n<ul>\n<li>08\/12\/2010 : Take\u2606Off<\/li>\n<li>07\/12\/2011 : Check-in<\/li>\n<li>14\/11\/2012 : One World<\/li>\n<li>11\/12\/2013 : JeJeJeJet!!<\/li>\n<li>13\/05\/2015 : Beef or Chicken?<\/li>\n<\/ul>\n<p><span style=\"font-weight: bold;\">Albums Best-of<\/span><\/p>\n<ul>\n<li>27\/03\/2013 : Passpo\u2606 Best 1 (\u3071\u3059\u307d\u2606\u30d9\u30b9\u30c81)<\/li>\n<li>27\/03\/2013 : Passpo\u2606 Best 2 (\u3071\u3059\u307d\u2606\u30d9\u30b9\u30c82)<\/li>\n<li>10\/12\/2014 : Tracks<\/li>\n<\/ul>\n<h2>Liens<\/h2>\n<ul>\n<li><a title=\"Site officiel\" href=\"http:\/\/www.passpo.jp\/\" target=\"_blank\" rel=\"nofollow\">Site officiel<\/a><\/li>\n<li><a title=\"Blog\" href=\"http:\/\/ameblo.jp\/passpo-staff\" target=\"_blank\" rel=\"nofollow\">Blog<\/a><\/li>\n<li><a title=\"Twitter\" href=\"https:\/\/twitter.com\/passpo_staff\" target=\"_blank\" rel=\"nofollow\">Twitter<\/a><\/li>\n<li><a title=\"YouTube\" href=\"http:\/\/www.youtube.com\/user\/passpostaff\" target=\"_blank\" rel=\"nofollow\">YouTube<\/a><\/li>\n<\/ul>\n<h2>News<\/h2>\n<ul>\n<li><a title=\"News\" href=\"https:\/\/www.jpop-idols.com\/fr\/tag\/passpo\/\">Actualit\u00e9<\/a><\/li>\n<\/ul>\n<p><img loading=\"lazy\" decoding=\"async\" class=\"alignnone size-full wp-image-33357\" src=\"http:\/\/static.jpop-idols.com\/uploads\/2016\/01\/passpo.jpg\" alt=\"Passpo\u2606 (\u3071\u3059\u307d\u2606)\" width=\"600\" height=\"451\" srcset=\"https:\/\/static.jpop-idols.com\/uploads\/2016\/01\/passpo.jpg 600w, https:\/\/static.jpop-idols.com\/uploads\/2016\/01\/passpo-300x226.jpg 300w\" sizes=\"auto, (max-width: 600px) 100vw, 600px\" \/><\/p>","protected":false},"excerpt":{"rendered":"<p>D\u00e9sol\u00e9, cet article est seulement disponible en English.<\/p>\n","protected":false},"author":1,"featured_media":0,"parent":0,"menu_order":0,"comment_status":"closed","ping_status":"open","template":"","meta":{"_monsterinsights_skip_tracking":false,"_monsterinsights_sitenote_active":false,"_monsterinsights_sitenote_note":"","_monsterinsights_sitenote_category":0,"footnotes":""},"class_list":["post-122","page","type-page","status-publish","hentry"],"_links":{"self":[{"href":"https:\/\/www.jpop-idols.com\/fr\/wp-json\/wp\/v2\/pages\/122","targetHints":{"allow":["GET"]}}],"collection":[{"href":"https:\/\/www.jpop-idols.com\/fr\/wp-json\/wp\/v2\/pages"}],"about":[{"href":"https:\/\/www.jpop-idols.com\/fr\/wp-json\/wp\/v2\/types\/page"}],"author":[{"embeddable":true,"href":"https:\/\/www.jpop-idols.com\/fr\/wp-json\/wp\/v2\/users\/1"}],"replies":[{"embeddable":true,"href":"https:\/\/www.jpop-idols.com\/fr\/wp-json\/wp\/v2\/comments?post=122"}],"version-history":[{"count":4,"href":"https:\/\/www.jpop-idols.com\/fr\/wp-json\/wp\/v2\/pages\/122\/revisions"}],"predecessor-version":[{"id":34212,"href":"https:\/\/www.jpop-idols.com\/fr\/wp-json\/wp\/v2\/pages\/122\/revisions\/34212"}],"wp:attachment":[{"href":"https:\/\/www.jpop-idols.com\/fr\/wp-json\/wp\/v2\/media?parent=122"}],"curies":[{"name":"wp","href":"https:\/\/api.w.org\/{rel}","templated":true}]}}