{"id":12481,"date":"2013-06-23T13:32:47","date_gmt":"2013-06-23T11:32:47","guid":{"rendered":"http:\/\/www.jpop-idols.com\/en\/?page_id=12481"},"modified":"2014-04-19T21:15:26","modified_gmt":"2014-04-19T19:15:26","slug":"take-off","status":"publish","type":"page","link":"https:\/\/www.jpop-idols.com\/fr\/take-off\/","title":{"rendered":"Take Off"},"content":{"rendered":"<p><img loading=\"lazy\" decoding=\"async\" class=\"alignright size-full wp-image-18135\" title=\"Take Off\" src=\"http:\/\/static.jpop-idols.com\/uploads\/2013\/12\/take-off.jpg\" alt=\"Take Off\" width=\"150\" height=\"113\" \/>Take Off (\u30c6\u30a4\u30af\u30aa\u30d5) est un groupe d&rsquo;idols japonaises form\u00e9 en mai 2011. Il est actuellement compos\u00e9 de 3 membres.<\/p>\n<p>Le groupe est originaire de Osaka dans la r\u00e9gion du Kansai.<\/p>\n<p>Le nom Take Off signifie que leur objectif est de \u00ab\u00a0d\u00e9coller\u00a0\u00bb de Osaka vers l&rsquo;ensemble du pays pour devenir des idols majeures.<\/p>\n<p>Les Take Off ont sorti leur 1er single \u00e9ponyme en novembre 2012.<\/p>\n<p>Nagashima Kiyuu a d\u00e9cid\u00e9 d&rsquo;arr\u00eater ses activit\u00e9s en september 2013.<\/p>\n<h2>Profil<\/h2>\n<ul>\n<li>Take Off (\u30c6\u30a4\u30af\u30aa\u30d5)<\/li>\n<li>Ann\u00e9es d&rsquo;activit\u00e9 : depuis 2011<\/li>\n<li>Label : Kakeru Record<\/li>\n<li>Agence : Kakeru Production<\/li>\n<\/ul>\n<h2>Membres<\/h2>\n<ul>\n<li>Suenaga Airi (\u672b\u9577\u611b\u7406), leader<\/li>\n<li>Nishimoto Jyuri (\u897f\u672c<em><\/em>\u73e0\u7406), sous-leader<\/li>\n<li>Shimatani Fuuka (\u5d8c\u8c37\u98a8\u5316)<\/li>\n<\/ul>\n<p>Anciennes membres<\/p>\n<ul>\n<li>Nagashima Kiyuu (\u9577\u5d8b\u5e0c\u7d50)<\/li>\n<\/ul>\n<h2>Discographie<\/h2>\n<p><span style=\"font-weight:bold\">Singles<\/span><\/p>\n<ul>\n<li>21\/11\/2012 : Take Off<\/li>\n<li>03\/07\/2013 : Run<\/li>\n<\/ul>\n<p><span style=\"font-weight:bold\">Albums<\/span><\/p>\n<h2>Liens<\/h2>\n<ul>\n<li><a title=\"Site officiel\" href=\"http:\/\/take-o-ff.com\/\" rel=\"nofollow\" target=\"_blank\">Site officiel<\/a><\/li>\n<li><a title=\"Blog\" href=\"http:\/\/ameblo.jp\/takeoff-official\/\" rel=\"nofollow\" target=\"_blank\">Blog<\/a><\/li>\n<\/ul>\n<h2>News<\/h2>\n<ul>\n<li><a title=\"News\" href=\"https:\/\/www.jpop-idols.com\/fr\/tag\/take-off\/\">Actualit\u00e9<\/a><\/li>\n<\/ul>\n<p><\/p>","protected":false},"excerpt":{"rendered":"<p>Take Off (\u30c6\u30a4\u30af\u30aa\u30d5) est un groupe d&rsquo;idols japonaises form\u00e9 en mai 2011. Il est actuellement compos\u00e9 de 3 membres. Le groupe est originaire de Osaka dans la r\u00e9gion du Kansai. Le nom Take Off signifie que leur objectif est de&#8230;<br \/><a class=\"read-more-button\" href=\"https:\/\/www.jpop-idols.com\/fr\/take-off\/\">Read more<\/a><\/p>\n","protected":false},"author":1,"featured_media":0,"parent":0,"menu_order":0,"comment_status":"closed","ping_status":"closed","template":"","meta":{"_monsterinsights_skip_tracking":false,"_monsterinsights_sitenote_active":false,"_monsterinsights_sitenote_note":"","_monsterinsights_sitenote_category":0,"footnotes":""},"class_list":["post-12481","page","type-page","status-publish","hentry"],"_links":{"self":[{"href":"https:\/\/www.jpop-idols.com\/fr\/wp-json\/wp\/v2\/pages\/12481","targetHints":{"allow":["GET"]}}],"collection":[{"href":"https:\/\/www.jpop-idols.com\/fr\/wp-json\/wp\/v2\/pages"}],"about":[{"href":"https:\/\/www.jpop-idols.com\/fr\/wp-json\/wp\/v2\/types\/page"}],"author":[{"embeddable":true,"href":"https:\/\/www.jpop-idols.com\/fr\/wp-json\/wp\/v2\/users\/1"}],"replies":[{"embeddable":true,"href":"https:\/\/www.jpop-idols.com\/fr\/wp-json\/wp\/v2\/comments?post=12481"}],"version-history":[{"count":3,"href":"https:\/\/www.jpop-idols.com\/fr\/wp-json\/wp\/v2\/pages\/12481\/revisions"}],"predecessor-version":[{"id":18134,"href":"https:\/\/www.jpop-idols.com\/fr\/wp-json\/wp\/v2\/pages\/12481\/revisions\/18134"}],"wp:attachment":[{"href":"https:\/\/www.jpop-idols.com\/fr\/wp-json\/wp\/v2\/media?parent=12481"}],"curies":[{"name":"wp","href":"https:\/\/api.w.org\/{rel}","templated":true}]}}