{"id":126,"date":"2012-07-09T22:09:09","date_gmt":"2012-07-09T20:09:09","guid":{"rendered":"http:\/\/www.jpop-idols.com\/?page_id=126"},"modified":"2016-02-10T19:37:15","modified_gmt":"2016-02-10T18:37:15","slug":"vanilla-beans","status":"publish","type":"page","link":"https:\/\/www.jpop-idols.com\/fr\/vanilla-beans\/","title":{"rendered":"Vanilla Beans"},"content":{"rendered":"<p><img decoding=\"async\" loading=\"lazy\" class=\"alignright size-thumbnail wp-image-33430\" src=\"http:\/\/static.jpop-idols.com\/uploads\/2016\/01\/vanilla-beans-150x150.jpg\" alt=\"Vanilla Beans (\u30d0\u30cb\u30e9\u30d3\u30fc\u30f3\u30ba)\" width=\"150\" height=\"150\" \/><strong>Vanilla Beans<\/strong> (\u30d0\u30cb\u30e9\u30d3\u30fc\u30f3\u30ba) est un groupe d&rsquo;idols japonaises form\u00e9 d\u00e9but 2007. Elles sont \u00e9galement connues sous le nom de Vanibe (\u30d0\u30cb\u30d3).<\/p>\n<p>Il est actuellement compos\u00e9 de 2 membres : Risa et Rena.<\/p>\n<p>Le concept du groupe d&rsquo;idols est qu&rsquo;elles sont sens\u00e9es venir d&rsquo;Europe du Nord et plus pr\u00e9cis\u00e9ment du Danemark.<\/p>\n<p><!--more--><\/p>\n<p>Elles interpr\u00e8tent des chansons j-pop.<\/p>\n<h2>Biographie \/ Histoire<\/h2>\n<p>En 2007, les 2 membres d&rsquo;origine \u00e9taient Rena et Rika.<\/p>\n<p>Les Vanilla Beans ont fait leurs d\u00e9buts avec le single <span style=\"font-style: italic;\">U \u2661 Me<\/span> en octobre 2007.<\/p>\n<p>Rika a d\u00e9missionn\u00e9 en mars 2008. Elle a \u00e9t\u00e9 remplac\u00e9e par Risa.<\/p>\n<p>Les Vanilla Beans se sont produites lors de leur 1er live en d\u00e9cembre 2009 au Daikanyama Unit \u00e0 Tokyo.<\/p>\n<p>Le groupe d&rsquo;idols a particip\u00e9 \u00e0 l&rsquo;exposition universelle <span style=\"font-style: italic;\">Expo 2010 Shanghai<\/span> en Chine en septembre 2010. Elles repr\u00e9sentaient l&rsquo;une des artistes repr\u00e9sentant le Japon \u00e0 cette occasion.<\/p>\n<p>Elles ont particip\u00e9 au <span style=\"font-style: italic;\">8e Festival in Taiwan (\u7b2c8\u56de\u307e\u3064\u308a\u30a4\u30f3\u53f0\u6e7e)<\/span> en d\u00e9cembre 2010.<\/p>\n<p><img decoding=\"async\" loading=\"lazy\" class=\"alignright size-full wp-image-5623\" src=\"http:\/\/static.jpop-idols.com\/uploads\/2012\/11\/vanilla-beans.jpg\" alt=\"Vanilla Beans (\u30d0\u30cb\u30e9\u30d3\u30fc\u30f3\u30ba)\" width=\"124\" height=\"150\" \/>Les Vanilla Beans ont sign\u00e9 sous le label sp\u00e9cialis\u00e9 dans les idols T-Palette Records appartenant \u00e0 Tower Records en juin 2011.<\/p>\n<p>Le groupe d&rsquo;idols a organis\u00e9 une s\u00e9rie de concerts afin de c\u00e9l\u00e9brer son 5e anniversaire en 2012 et 2013. Diff\u00e9rents artistes y ont fait une apparition en tant qu&rsquo;invit\u00e9s..<\/p>\n<p>Les filles ont particip\u00e9 au <span style=\"font-style: italic;\">Toulouse Game Show<\/span> en France en d\u00e9cembre 2012.<\/p>\n<p>Rena et Risa ont jou\u00e9 dans le film <span style=\"font-style: italic;\"><a title=\"\u8b90 \u301cAda\u301c\" href=\"https:\/\/www.jpop-idols.com\/fr\/ada-movie\/\">\u8b90 \u301cAda\u301c<\/a><\/span> sorti en juillet 2013 aux c\u00f4t\u00e9s d&rsquo;autres groupes d&rsquo;idols tels que les <a title=\"Up Up Girls (Kari)\" href=\"https:\/\/www.jpop-idols.com\/fr\/up-up-girls\/\">Up Up Girls (Kari)<\/a>, les <a title=\"LinQ\" href=\"https:\/\/www.jpop-idols.com\/fr\/linq\/\">LinQ<\/a>, les Caramel Ribbon et les <a title=\"Lyrical School\" href=\"https:\/\/www.jpop-idols.com\/fr\/lyrical-school-tengal6\/\">Lyrical School<\/a>..<\/p>\n<p><img decoding=\"async\" loading=\"lazy\" class=\"alignright size-full wp-image-23586\" src=\"http:\/\/static.jpop-idols.com\/uploads\/2014\/06\/vanilla-beans-idol.jpg\" alt=\"Vanilla Beans (\u30d0\u30cb\u30e9\u30d3\u30fc\u30f3\u30ba)\" width=\"120\" height=\"150\" \/>Rena est une fan d&rsquo;idols japonaises. Elle anime l&rsquo;\u00e9mission <span style=\"font-style: italic;\">Can&rsquo;t Stop Loving Idols!! (\u30a2\u30a4\u30c9\u30eb\u597d\u304d\u304c\u6b62\u307e\u3089\u306a\u3044!!)<\/span> diffus\u00e9e sur le site internet de Kawaii Girl Japan. Elle r\u00e9alise des interviews et des reportages sur d&rsquo;autres groupes.<\/p>\n<p>Le 11e single des Vanilla Beans <span style=\"font-style: italic;\"><a title=\"Vanilla Beans - Cup no Fuchico : Kitto Ii Basho (Fuchi)\" href=\"http:\/\/www.jpop-idols.com\/en\/vanilla-beans-cup-no-fuchico\/\">Kitto Ii Basho (Fuchi)<\/a> (\u304d\u3063\u3068\u3044\u3044\u5834\u6240\uff08\u30d5\u30c1\uff09)<\/span> est la chanson officielle de <span style=\"font-style: italic;\">Cup no Fuchico (\u30b3\u30c3\u30d7\u306e\u30d5\u30c1\u5b50)<\/span>. De plus, elles ont particip\u00e9 \u00e0 une campagne intitul\u00e9e <span style=\"font-style: italic;\">No Music, No Fuchico?<\/span> en collaboration avec Tower Records, T-Palette et Cup no Fuchico.<\/p>\n<p>Rena et Risa ont grimp\u00e9 au sommet du Mont Fuji pendant l&rsquo;\u00e9t\u00e9 2014. La vid\u00e9o du challenge est disponible sur le single <span style=\"font-style: italic;\"><a title=\"Vanilla Beans \u2013 Uchouten Girl\" href=\"https:\/\/www.jpop-idols.com\/fr\/vanilla-beans-uchouten-girl\/\">Uchouten Girl<\/a> (\u6709\u9802\u5929\u30ac\u30fc\u30eb)<\/span>.<\/p>\n<p><img decoding=\"async\" loading=\"lazy\" class=\"alignright size-full wp-image-26971\" src=\"http:\/\/static.jpop-idols.com\/uploads\/2014\/12\/vanibe.jpg\" alt=\"Vanilla Beans (\u30d0\u30cb\u30e9\u30d3\u30fc\u30f3\u30ba)\" width=\"100\" height=\"150\" \/>En d\u00e9cembre 2014, les Vanibe sont apparues dans un <a title=\"Vanilla Beans dans une publicit\u00e9 pour Osaifu-Keitai\" href=\"https:\/\/www.jpop-idols.com\/fr\/vanilla-beans-osaifu-keitai\/\">spot publicitaire pour <span style=\"color: #252525;\">Osaifu-Keitai<\/span><\/a>\u00a0(\u304a\u30b5\u30a4\u30d5\u30b1\u30fc\u30bf\u30a4). Dans la vid\u00e9o, les filles font la promotion <span style=\"color: #252525;\">de la marque de syst\u00e8me de paiement standard mobile en acheter des produits dans divers magasins<\/span>. La chanson utilis\u00e9e dans la publicit\u00e9 est <span style=\"font-style: italic;\">Uchouten Girl<\/span>.<\/p>\n<p>Les filles co-animent l&rsquo;\u00e9mission TV <span style=\"font-style: italic;\"><a href=\"https:\/\/www.jpop-idols.com\/fr\/vanilla-beans-shino-vani\/\">Shino \u00d7 Vani<\/a> (\u30b7\u30ce\u00d7\u30d0\u30cb)<\/span> avec l&rsquo;actrice et chanteuse Shinohara Tomoe depuis avril 2015.<\/p>\n<p>Les <a href=\"https:\/\/www.jpop-idols.com\/fr\/vanilla-beans-avex-trax\/\">Vanilla Beans ont sign\u00e9 sous le label avex trax<\/a> en ao\u00fbt 2015.<\/p>\n<p><img decoding=\"async\" loading=\"lazy\" class=\"alignright size-thumbnail wp-image-32157\" src=\"http:\/\/static.jpop-idols.com\/uploads\/2015\/09\/vanilla-beans-150x150.jpg\" alt=\"Vanilla Beans (\u30d0\u30cb\u30e9\u30d3\u30fc\u30f3\u30ba)\" width=\"150\" height=\"150\" \/>Si moins de 15000 copies du single\u00a0<span style=\"font-style: italic;\"><a href=\"https:\/\/www.jpop-idols.com\/fr\/vanilla-beans-onna-wa-sore-wo-gaman-shinai\/\">Onna wa Sore wo Gaman Shinai \/ Be-nius \/ lonesome X<\/a> (\u5973\u306f\u305d\u308c\u3092\u6211\u6162\u3057\u306a\u3044 \/ \u30d3\u30fc\u30cb\u30a2\u30b9 \/ lonesome X)<\/span> \u00e9taient vendues, le groupe d&rsquo;idols devait se s\u00e9parer et stopper ses activit\u00e9s.<\/p>\n<p>Heureusement, ce d\u00e9fi a \u00e9t\u00e9 remport\u00e9 avec succ\u00e8s, et par cons\u00e9quent l&rsquo;album <span style=\"font-style: italic;\"><a href=\"https:\/\/www.jpop-idols.com\/fr\/vanilla-beans-v\/\">Vanilla Beans V<\/a><\/span>\u00a0est\u00a0sorti en f\u00e9vrier 2016.<\/p>\n<p>En compagnie d&rsquo;autres artistes, Risa et Rena ont particip\u00e9 \u00e0 la campagne Bra &amp; Peace pour proumouvoir les soutien-gorges Bragenic de la marque Wacoal en f\u00e9vrier 2016.<\/p>\n<h2>Profil<\/h2>\n<ul>\n<li>Vanilla Beans (\u30d0\u30cb\u30e9\u30d3\u30fc\u30f3\u30ba)<\/li>\n<li>Ann\u00e9es d&rsquo;activit\u00e9 : depuis 2007<\/li>\n<li>Label : avex trax<\/li>\n<li>Agence : Flower Label<\/li>\n<\/ul>\n<h2>Membres<\/h2>\n<ul>\n<li>Risa (\u30ea\u30b5)<\/li>\n<li>Rena (\u30ec\u30ca)<\/li>\n<\/ul>\n<p>Anciennes membres<\/p>\n<ul>\n<li>Rika (\u30ea\u30ab)<\/li>\n<\/ul>\n<h2>Discographie<\/h2>\n<p><span style=\"font-weight: bold;\">Singles<\/span><\/p>\n<ul>\n<li>03\/10\/2007 : U \u2661 Me (\u30e6\u30fc \u30e9\u30f4 \u30df\u30fc)<\/li>\n<li>21\/05\/2008 : Nicola (\u30cb\u30b3\u30e9)<\/li>\n<li>28\/01\/2009 : Sakasaka Circus (\u30b5\u30ab\u30b5\u30ab\u30b5\u30fc\u30ab\u30b9)<\/li>\n<li>09\/09\/2009 : Love &amp; Hate<\/li>\n<li>29\/06\/2011 : Tengoku e no Kaidan (\u5929\u56fd\u3078\u306e\u968e\u6bb5)<\/li>\n<li>28\/01\/2012 : Toki no Kakera (\u30c8\u30ad\u30ce\u30ab\u30b1\u30e9)<\/li>\n<li>11\/04\/2012 : Choco Mint Flavor Time (\u30c1\u30e7\u30b3\u30df\u30f3\u30c8\u30d5\u30ec\u30fc\u30d0\u30fc\u30bf\u30a4\u30e0)<\/li>\n<li>04\/07\/2012 : Non-Section (\u30ce\u30f3\u30bb\u30af\u30b7\u30e7\u30f3)<\/li>\n<li>08\/05\/2013 : Muscat Slope Love (\u30de\u30b9\u30ab\u30c3\u30c8\u30fb\u30b9\u30ed\u30fc\u30d7\u30fb\u30e9\u30d6)<\/li>\n<li>16\/10\/2013 : Please Me Darling (\u30d7\u30ea\u30fc\u30ba\u30df\u30fc\u30fb\u30c0\u30fc\u30ea\u30f3)<\/li>\n<li>23\/04\/2014 : Watashi&#8230; Fukou Guse (\u30ef\u30bf\u30b7\u30fb\u30fb\u30fb\u4e0d\u5e78\u30b0\u30bb)<\/li>\n<li>18\/06\/2014 : Kitto Ii Basho (Fuchi) \/ Zettai Panty Line (\u304d\u3063\u3068\u3044\u3044\u5834\u6240\uff08\u30d5\u30c1\uff09 \/ \u7d76\u5bfe\u30d1\u30f3\u30c6\u30a3\u30fc\u30e9\u30a4\u30f3)<\/li>\n<li>11\/11\/2014 : Uchouten Girl (\u6709\u9802\u5929\u30ac\u30fc\u30eb)<\/li>\n<li>28\/11\/2015 : Onna wa Sore wo Gaman Shinai \/ Be-nius \/ lonesome X (\u5973\u306f\u305d\u308c\u3092\u6211\u6162\u3057\u306a\u3044 \/ \u30d3\u30fc\u30cb\u30a2\u30b9 \/ lonesome X)<\/li>\n<\/ul>\n<p><span style=\"font-weight: bold;\">Singles num\u00e9riques<\/span><\/p>\n<ul>\n<li>27\/08\/2008 : Afternoon a Go-Go<\/li>\n<li>24\/09\/2008 : Afternoon a Go-Go ~We Love You Mix~<\/li>\n<li>29\/10\/2008 : Shopping\u2606Kirari<\/li>\n<li>25\/11\/2008 : Shopping\u2606Kirari ~Okite Porsche + Dr. Usui Waterfront Mix~<\/li>\n<li>24\/12\/2008 : Ashita wa Ashita no Natsu ga Kuru (\u3042\u3057\u305f\u306f\u3042\u3057\u305f\u306e\u590f\u304c\u304f\u308b)<\/li>\n<li>28\/01\/2009 : Ashita wa Ashita no Natsu ga Kuru ~Dr. Usui Death Techno Mix~ (\u3042\u3057\u305f\u306f\u3042\u3057\u305f\u306e\u590f\u304c\u304f\u308b)<\/li>\n<li>09\/04\/2009 : Koi no Theory (\u604b\u306e\u30bb\u30aa\u30ea\u30fc)<\/li>\n<\/ul>\n<p><span style=\"font-weight: bold;\">Albums<\/span><\/p>\n<ul>\n<li>25\/02\/2009 : Vanilla Beans (\u30d0\u30cb\u30e9\u30d3\u30fc\u30f3\u30ba)<\/li>\n<li>20\/07\/2011 : Vanilla Beans II (\u30d0\u30cb\u30e9\u30d3\u30fc\u30f3\u30ba\u2161)<\/li>\n<li>07\/11\/2012 : Vanilla Beans III (\u30d0\u30cb\u30e9\u30d3\u30fc\u30f3\u30ba\u2162)<\/li>\n<li>03\/02\/2014 : Vanilla Beans IV (\u30d0\u30cb\u30e9\u30d3\u30fc\u30f3\u30ba\u2163)<\/li>\n<li>03\/02\/2016 : Vanilla Beans V<\/li>\n<\/ul>\n<p><span style=\"font-weight: bold;\">Mini-Albums<\/span><\/p>\n<ul>\n<li>19\/05\/2010 : Def &amp; Def<\/li>\n<\/ul>\n<p><span style=\"font-weight: bold;\">Albums Best of<\/span><\/p>\n<ul>\n<li>22\/09\/2010 : VaniBest<\/li>\n<\/ul>\n<h2>Liens<\/h2>\n<ul>\n<li><a title=\"Site officiel\" href=\"http:\/\/www.flowerlabel.jp\/vanillabeans\/\" target=\"_blank\" rel=\"nofollow\">Site officiel<\/a><\/li>\n<li><a title=\"Blog\" href=\"http:\/\/ameblo.jp\/vanillabeans-blog\" target=\"_blank\" rel=\"nofollow\">Blog<\/a><\/li>\n<\/ul>\n<h2>News<\/h2>\n<ul>\n<li><a title=\"News\" href=\"https:\/\/www.jpop-idols.com\/fr\/tag\/vanilla-beans\/\">Actualit\u00e9<\/a><\/li>\n<\/ul>\n<p><img decoding=\"async\" loading=\"lazy\" class=\"alignnone size-full wp-image-33430\" src=\"http:\/\/static.jpop-idols.com\/uploads\/2016\/01\/vanilla-beans.jpg\" alt=\"Vanilla Beans (\u30d0\u30cb\u30e9\u30d3\u30fc\u30f3\u30ba)\" width=\"600\" height=\"450\" srcset=\"https:\/\/static.jpop-idols.com\/uploads\/2016\/01\/vanilla-beans.jpg 600w, https:\/\/static.jpop-idols.com\/uploads\/2016\/01\/vanilla-beans-300x225.jpg 300w\" sizes=\"(max-width: 600px) 100vw, 600px\" \/><\/p>","protected":false},"excerpt":{"rendered":"<p>D\u00e9sol\u00e9, cet article est seulement disponible en Anglais Am\u00e9ricain.<\/p>\n","protected":false},"author":1,"featured_media":0,"parent":0,"menu_order":0,"comment_status":"closed","ping_status":"open","template":"","meta":{"_monsterinsights_skip_tracking":false,"_monsterinsights_sitenote_active":false,"_monsterinsights_sitenote_note":"","_monsterinsights_sitenote_category":0},"_links":{"self":[{"href":"https:\/\/www.jpop-idols.com\/fr\/wp-json\/wp\/v2\/pages\/126"}],"collection":[{"href":"https:\/\/www.jpop-idols.com\/fr\/wp-json\/wp\/v2\/pages"}],"about":[{"href":"https:\/\/www.jpop-idols.com\/fr\/wp-json\/wp\/v2\/types\/page"}],"author":[{"embeddable":true,"href":"https:\/\/www.jpop-idols.com\/fr\/wp-json\/wp\/v2\/users\/1"}],"replies":[{"embeddable":true,"href":"https:\/\/www.jpop-idols.com\/fr\/wp-json\/wp\/v2\/comments?post=126"}],"version-history":[{"count":4,"href":"https:\/\/www.jpop-idols.com\/fr\/wp-json\/wp\/v2\/pages\/126\/revisions"}],"predecessor-version":[{"id":33933,"href":"https:\/\/www.jpop-idols.com\/fr\/wp-json\/wp\/v2\/pages\/126\/revisions\/33933"}],"wp:attachment":[{"href":"https:\/\/www.jpop-idols.com\/fr\/wp-json\/wp\/v2\/media?parent=126"}],"curies":[{"name":"wp","href":"https:\/\/api.w.org\/{rel}","templated":true}]}}