{"id":13229,"date":"2013-06-29T17:33:38","date_gmt":"2013-06-29T15:33:38","guid":{"rendered":"http:\/\/www.jpop-idols.com\/en\/?page_id=13229"},"modified":"2014-04-19T21:15:26","modified_gmt":"2014-04-19T19:15:26","slug":"cherry-blossom-2","status":"publish","type":"page","link":"https:\/\/www.jpop-idols.com\/fr\/cherry-blossom-2\/","title":{"rendered":"Cherry Blossom"},"content":{"rendered":"<p><img loading=\"lazy\" decoding=\"async\" class=\"alignright size-full wp-image-13815\" title=\"Cherry Blossom (\u30c1\u30a7\u30ea\u30fc\u30d6\u30ed\u30c3\u30b5\u30e0)\" src=\"http:\/\/static.jpop-idols.com\/uploads\/2013\/07\/cherry-blossom.jpg\" alt=\"Cherry Blossom (\u30c1\u30a7\u30ea\u30fc\u30d6\u30ed\u30c3\u30b5\u30e0)\" width=\"100\" height=\"150\" \/>Cherry Blossom (\u30c1\u30a7\u30ea\u30fc\u30d6\u30ed\u30c3\u30b5\u30e0) est un groupe d&rsquo;idols japonaises form\u00e9 en 2011. Il est actuellement compos\u00e9 de 6 membres. Chacune d&rsquo;entre elles est associ\u00e9e \u00e0 une couleur.<\/p>\n<p>Hayase Amu, Watanabe Maari, et Tachibana Anna sont aussi membres des <a title=\"Alice Juban (Alice No.10)\" href=\"https:\/\/www.jpop-idols.com\/fr\/alice-juban\/\" target=\"_blank\">Alice Juban<\/a>, tandis que Sakura Rina, Kamiya Erina, et Sakura Yuki appartiennent aux <a title=\"Steamgirls\" href=\"https:\/\/www.jpop-idols.com\/fr\/steamgirls\/\">Steamgirls<\/a> (ainsi qu&rsquo;aux <a title=\"Machikado Keiki Japan\" href=\"https:\/\/www.jpop-idols.com\/fr\/machikado-keiki-japan\/\">Machikado Keiki Japan<\/a> pour cette derni\u00e8re).<\/p>\n<p title=\"Machikado Keiki Japan\">Cherry Blossom fait partie Alice Project. C&rsquo;est un sous-groupe des Alice Juban et des Steamgirls.<\/p>\n<p>Elles se produisent r\u00e9guli\u00e8rement au P.A.R.M.S. Theater \u00e0 Akihabara \u00e0 Tokyo.<\/p>\n<h2>Profil<\/h2>\n<ul>\n<li>Cherry Blossom (\u30c1\u30a7\u30ea\u30fc\u30d6\u30ed\u30c3\u30b5\u30e0)<\/li>\n<li>Ann\u00e9es d&rsquo;activit\u00e9 : depuis 2011<\/li>\n<li>Label : &#8211;<\/li>\n<li>Agence : Kleeblatt<\/li>\n<\/ul>\n<h2>Membres<\/h2>\n<p><span style=\"font-weight:bold\">Membres actuelles<\/span><\/p>\n<ul>\n<li>Hayase Amu (\u65e9\u702c\u611b\u5922) (Orange)<\/li>\n<li>Watanabe Maari (\u6e21\u8fba\u307e\u3042\u308a) (Jaune)<\/li>\n<li>Tachibana Anna (\u7acb\u82b1\u3042\u3093\u306a) (Rouge)<\/li>\n<li>Sakura Rina (\u4f50\u5009\u68a8\u674f) (Bleu ciel)<\/li>\n<li>Sakura Yuki (\u685c\u96ea) (Blanc)<\/li>\n<li>Kamiya Erina (\u795e\u8c37\u3048\u308a\u306a) (Rose)<\/li>\n<\/ul>\n<p>Anciennes membres<\/p>\n<ul>\n<li>Hinata Sayuri (\u3072\u306a\u305f\u3055\u3086\u308a) (Bleu)<\/li>\n<li>Kinoshita Ai (\u6728\u4e0b\u3042\u3044)<\/li>\n<li>Utena Marie (\u81fa\u771f\u7406\u7d75) (Rose)<\/li>\n<\/ul>\n<h2>Discographie<\/h2>\n<p><span style=\"font-weight:bold\">Singles<\/span><\/p>\n<ul>\n<li>Mirai no Hikari (\u672a\u6765\u30ce\u30d2\u30ab\u30ea)<\/li>\n<\/ul>\n<p><span style=\"font-weight:bold\">Albums<\/span><\/p>\n<h2>Liens<\/h2>\n<ul>\n<li><a title=\"Official Website\" href=\"http:\/\/www.alice-project.biz\/cherry-blossom\/\" rel=\"nofollow\" target=\"_blank\">Site officiel<\/a><\/li>\n<li><a title=\"Facebook\" href=\"https:\/\/www.facebook.com\/aliceproject.biz\" rel=\"nofollow\" target=\"_blank\">Facebook<\/a><\/li>\n<li><a title=\"Twitter\" href=\"https:\/\/twitter.com\/Alice_cherryblo\" rel=\"nofollow\" target=\"_blank\">Twitter<\/a><\/li>\n<li><a title=\"YouTube\" href=\"https:\/\/www.youtube.com\/user\/aliceprojectcompany\" target=\"_blank\">YouTube<\/a><\/li>\n<\/ul>\n<h2>News<\/h2>\n<ul>\n<li><a title=\"News\" href=\"https:\/\/www.jpop-idols.com\/fr\/tag\/cherry-blossom\/\">Actualit\u00e9<\/a><\/li>\n<\/ul>\n<p><\/p>","protected":false},"excerpt":{"rendered":"<p>Cherry Blossom (\u30c1\u30a7\u30ea\u30fc\u30d6\u30ed\u30c3\u30b5\u30e0) est un groupe d&rsquo;idols japonaises form\u00e9 en 2011. Il est actuellement compos\u00e9 de 6 membres. Chacune d&rsquo;entre elles est associ\u00e9e \u00e0 une couleur. Hayase Amu, Watanabe Maari, et Tachibana Anna sont aussi membres des Alice Juban, tandis&#8230;<br \/><a class=\"read-more-button\" href=\"https:\/\/www.jpop-idols.com\/fr\/cherry-blossom-2\/\">Read more<\/a><\/p>\n","protected":false},"author":1,"featured_media":0,"parent":0,"menu_order":0,"comment_status":"closed","ping_status":"open","template":"","meta":{"_monsterinsights_skip_tracking":false,"_monsterinsights_sitenote_active":false,"_monsterinsights_sitenote_note":"","_monsterinsights_sitenote_category":0,"footnotes":""},"class_list":["post-13229","page","type-page","status-publish","hentry"],"_links":{"self":[{"href":"https:\/\/www.jpop-idols.com\/fr\/wp-json\/wp\/v2\/pages\/13229","targetHints":{"allow":["GET"]}}],"collection":[{"href":"https:\/\/www.jpop-idols.com\/fr\/wp-json\/wp\/v2\/pages"}],"about":[{"href":"https:\/\/www.jpop-idols.com\/fr\/wp-json\/wp\/v2\/types\/page"}],"author":[{"embeddable":true,"href":"https:\/\/www.jpop-idols.com\/fr\/wp-json\/wp\/v2\/users\/1"}],"replies":[{"embeddable":true,"href":"https:\/\/www.jpop-idols.com\/fr\/wp-json\/wp\/v2\/comments?post=13229"}],"version-history":[{"count":3,"href":"https:\/\/www.jpop-idols.com\/fr\/wp-json\/wp\/v2\/pages\/13229\/revisions"}],"predecessor-version":[{"id":13740,"href":"https:\/\/www.jpop-idols.com\/fr\/wp-json\/wp\/v2\/pages\/13229\/revisions\/13740"}],"wp:attachment":[{"href":"https:\/\/www.jpop-idols.com\/fr\/wp-json\/wp\/v2\/media?parent=13229"}],"curies":[{"name":"wp","href":"https:\/\/api.w.org\/{rel}","templated":true}]}}