{"id":13381,"date":"2013-06-15T22:27:08","date_gmt":"2013-06-15T20:27:08","guid":{"rendered":"http:\/\/www.jpop-idols.com\/en\/?page_id=13381"},"modified":"2014-04-19T21:15:26","modified_gmt":"2014-04-19T19:15:26","slug":"viccess","status":"publish","type":"page","link":"https:\/\/www.jpop-idols.com\/fr\/viccess\/","title":{"rendered":"Vic:cess"},"content":{"rendered":"<p><img loading=\"lazy\" decoding=\"async\" class=\"alignright size-full wp-image-13418\" title=\"Vic:cess\" src=\"http:\/\/static.jpop-idols.com\/uploads\/2013\/06\/vic-cess.jpg\" alt=\"Vic:cess\" width=\"150\" height=\"150\" \/>Vic:cess (\u30f4\u30a3\u30af\u30bb\u30b9) est un groupe d&rsquo;idols japonaises form\u00e9 en avril 2011. Il est actuellement compos\u00e9 de 3 membres.<\/p>\n<p>Le nom du groupe vient des mots \u00ab\u00a0Victory\u00a0\u00bb et \u00ab\u00a0Success\u00a0\u00bb.<\/p>\n<p>Elles interpr\u00e8tent des chansons de style dance pop des ann\u00e9es 90.<\/p>\n<p>Les Vic:cess ont sorti leur 1er single indie <em>Key of Light (\u5149\u306e\u9375)<\/em> en juillet 2011.<\/p>\n<p>En septembre 2011, leur programme radio <em>Vic:cess no Koto Jouriku Sakusen (Vic:cess\u306e\u6c5f\u6771\u4e0a\u9678\u4f5c\u6226!)<\/em> a d\u00e9but\u00e9 sur Rainbow Town FM (\u30ec\u30a4\u30f3\u30dc\u30fc\u30bf\u30a6\u30f3FM).<\/p>\n<p>Elles ont pr\u00e9sent\u00e9 l&rsquo;\u00e9mission de radio <em>Lover&rsquo;s Beat<\/em> sur ZIP-FM d&rsquo;octobre 2011 \u00e0 janvier 2012.<\/p>\n<p>En juin 2013, les Vic:cess ont sorti leur 2nd single qui inclut la chanson th\u00e8me du jeu japonais pour mobiles <em>Venus Fantasista<\/em>.<\/p>\n<p>En octobre 2013, Mao a annonc\u00e9 qu&rsquo;elle quittait le groupe d&rsquo;idols afin de pouvoir se consacrer \u00e0 ses activit\u00e9s en solo.<\/p>\n<h2>Profil<\/h2>\n<ul>\n<li>Vic:cess (\u30f4\u30a3\u30af\u30bb\u30b9)<\/li>\n<li>Ann\u00e9es d&rsquo;activit\u00e9 : depuis 2011<\/li>\n<li>Label : Good Rock Music<\/li>\n<li>Agence : Vicess<\/li>\n<\/ul>\n<h2>Membres<\/h2>\n<ul>\n<li>Mana (\u771f\u83dc), leader<\/li>\n<li>Miho (\u4e43\u4e0b\u672a\u5e06)<\/li>\n<li>Kana (\u5317\u6761\u4f73\u5948)<\/li>\n<\/ul>\n<p>Anciennes membres<\/p>\n<ul>\n<li>Mao (\u6642\u4e43\u771f\u592e)<\/li>\n<\/ul>\n<h2>Discographie<\/h2>\n<p><span style=\"font-weight:bold\">Singles<\/span><\/p>\n<ul>\n<li>06\/07\/2011 : Key of Light (\u5149\u306e\u9375)<\/li>\n<li>20\/06\/2013 : Regret Blue \/ Venus Fantasista (\u30d3\u30fc\u30ca\u30b9\u30d5\u30a1\u30f3\u30bf\u30b8\u30b9\u30bf)<\/li>\n<\/ul>\n<p><span style=\"font-weight:bold\">Albums<\/span><\/p>\n<ul>\n<li>01\/02\/2012 : Growth<\/li>\n<\/ul>\n<h2>Liens<\/h2>\n<ul>\n<li><a title=\"Blog\" href=\"http:\/\/ameblo.jp\/victory-success\" rel=\"nofollow\" target=\"_blank\">Blog<\/a><\/li>\n<li><a title=\"Twitter\" href=\"https:\/\/twitter.com\/vic_cess\" rel=\"nofollow\" target=\"_blank\">Twitter<\/a><\/li>\n<\/ul>\n<h2>News<\/h2>\n<ul>\n<li><a title=\"News\" href=\"https:\/\/www.jpop-idols.com\/fr\/tag\/vic-cess\/\">Actualit\u00e9<\/a><\/li>\n<\/ul>\n<p><\/p>","protected":false},"excerpt":{"rendered":"<p>Vic:cess (\u30f4\u30a3\u30af\u30bb\u30b9) est un groupe d&rsquo;idols japonaises form\u00e9 en avril 2011. Il est actuellement compos\u00e9 de 3 membres. Le nom du groupe vient des mots \u00ab\u00a0Victory\u00a0\u00bb et \u00ab\u00a0Success\u00a0\u00bb. Elles interpr\u00e8tent des chansons de style dance pop des ann\u00e9es 90. Les&#8230;<br \/><a class=\"read-more-button\" href=\"https:\/\/www.jpop-idols.com\/fr\/viccess\/\">Read more<\/a><\/p>\n","protected":false},"author":1,"featured_media":0,"parent":0,"menu_order":0,"comment_status":"closed","ping_status":"closed","template":"","meta":{"_monsterinsights_skip_tracking":false,"_monsterinsights_sitenote_active":false,"_monsterinsights_sitenote_note":"","_monsterinsights_sitenote_category":0,"footnotes":""},"class_list":["post-13381","page","type-page","status-publish","hentry"],"_links":{"self":[{"href":"https:\/\/www.jpop-idols.com\/fr\/wp-json\/wp\/v2\/pages\/13381","targetHints":{"allow":["GET"]}}],"collection":[{"href":"https:\/\/www.jpop-idols.com\/fr\/wp-json\/wp\/v2\/pages"}],"about":[{"href":"https:\/\/www.jpop-idols.com\/fr\/wp-json\/wp\/v2\/types\/page"}],"author":[{"embeddable":true,"href":"https:\/\/www.jpop-idols.com\/fr\/wp-json\/wp\/v2\/users\/1"}],"replies":[{"embeddable":true,"href":"https:\/\/www.jpop-idols.com\/fr\/wp-json\/wp\/v2\/comments?post=13381"}],"version-history":[{"count":3,"href":"https:\/\/www.jpop-idols.com\/fr\/wp-json\/wp\/v2\/pages\/13381\/revisions"}],"predecessor-version":[{"id":13428,"href":"https:\/\/www.jpop-idols.com\/fr\/wp-json\/wp\/v2\/pages\/13381\/revisions\/13428"}],"wp:attachment":[{"href":"https:\/\/www.jpop-idols.com\/fr\/wp-json\/wp\/v2\/media?parent=13381"}],"curies":[{"name":"wp","href":"https:\/\/api.w.org\/{rel}","templated":true}]}}