{"id":15239,"date":"2013-09-25T06:44:58","date_gmt":"2013-09-25T04:44:58","guid":{"rendered":"http:\/\/www.jpop-idols.com\/en\/?page_id=15239"},"modified":"2015-06-06T22:30:13","modified_gmt":"2015-06-06T20:30:13","slug":"go-concert-alice-project","status":"publish","type":"page","link":"https:\/\/www.jpop-idols.com\/fr\/go-concert-alice-project\/","title":{"rendered":"Comment assister \u00e0 un concert du Alice Project (Alice Juban, Steamgirls&#8230;)"},"content":{"rendered":"<p><img loading=\"lazy\" decoding=\"async\" class=\"alignright size-full wp-image-15526\" title=\"Alice Project\" src=\"http:\/\/static.jpop-idols.com\/uploads\/2013\/09\/alice-project.jpg\" alt=\"Alice Project\" width=\"150\" height=\"75\" \/>Le Alice Project (\u30a2\u30ea\u30b9\u30d7\u30ed\u30b8\u30a7\u30af\u30c8) est compos\u00e9 de plusieurs groupes d&rsquo;idols : <a title=\"Alice Juban (Alice No.10)\" href=\"https:\/\/www.jpop-idols.com\/fr\/alice-juban\/\" target=\"_blank\">Alice Juban<\/a> (\u30a2\u30ea\u30b9\u5341\u756a), <a title=\"Steamgirls\" href=\"https:\/\/www.jpop-idols.com\/fr\/steamgirls\/\" target=\"_blank\">Steamgirls<\/a> (\u30b9\u30c1\u30fc\u30e0\u30ac\u30fc\u30eb\u30ba), <a title=\"Machikado Keiki Japan\" href=\"https:\/\/www.jpop-idols.com\/fr\/machikado-keiki-japan\/\" target=\"_blank\">Machikado Keiki Japan<\/a> (\u8857\u89d2\u666f\u6c17\u2606Japan\u2191), <a title=\"Oz\" href=\"https:\/\/www.jpop-idols.com\/fr\/oz\/\" target=\"_blank\">Oz<\/a>, <a title=\"Pa-Ken\" href=\"https:\/\/www.jpop-idols.com\/fr\/pa-ken\/\" target=\"_blank\">Pa-Ken<\/a> (\u3071\u30fc\u7814\uff01), des <a title=\"Armor Girls\" href=\"https:\/\/www.jpop-idols.com\/fr\/armor-girls\/\">Armor Girls<\/a> (\u30a2\u30fc\u30de\u30fc\u30ac\u30fc\u30eb\u30ba)&#8230; Ces diff\u00e9rentes formations se produisent en live chaque jour au P.A.R.M.S Theater \u00e0 Akihabara \u00e0 Tokyo.<\/p>\n<p>Le P.A.R.M.S Theater a ouvert le 4 janvier 2013. Il poss\u00e8de une capacit\u00e9 de 400 places, ce qui est plus grand que le th\u00e9\u00e2tre des AKB48.<\/p>\n<p><!--more--><\/p>\n<p>Le lieu est r\u00e9serv\u00e9 quasi exclusivement aux groupes du Alice Project.<\/p>\n<h2>Planning<\/h2>\n<p>Habituellement, il y a 2 shows les jours de semaine, et 3 les week-ends.<\/p>\n<p>Horaires du lundi au vendredi :<\/p>\n<table>\n<tbody>\n<tr>\n<td><\/td>\n<td style=\"border: 1px solid #666666; text-align: center;\">Ouverture<\/td>\n<td style=\"border: 1px solid #666666; text-align: center;\">D\u00e9but<\/td>\n<td style=\"border: 1px solid #666666; text-align: center;\">Fin<\/td>\n<td style=\"border: 1px solid #666666; text-align: center;\">Fin de la vente<br \/>\ndes goodies<\/td>\n<\/tr>\n<tr>\n<td style=\"border: 1px solid #666666; text-align: center;\">1er Show<\/td>\n<td style=\"border: 1px solid #666666; text-align: center;\">17:30<\/td>\n<td style=\"border: 1px solid #666666; text-align: center;\">17:50<\/td>\n<td style=\"border: 1px solid #666666; text-align: center;\">19:25<\/td>\n<td style=\"border: 1px solid #666666; text-align: center;\">20:00<\/td>\n<\/tr>\n<tr>\n<td style=\"border: 1px solid #666666; text-align: center;\">2nd Show<\/td>\n<td style=\"border: 1px solid #666666; text-align: center;\">20:15<\/td>\n<td style=\"border: 1px solid #666666; text-align: center;\">20:30<\/td>\n<td style=\"border: 1px solid #666666; text-align: center;\">21:40<\/td>\n<td style=\"border: 1px solid #666666; text-align: center;\">22:25<\/td>\n<\/tr>\n<\/tbody>\n<\/table>\n<p>Horaires le samedi et le dimanche :<\/p>\n<table>\n<tbody>\n<tr>\n<td><\/td>\n<td style=\"border: 1px solid #666666; text-align: center;\">Ouverture<\/td>\n<td style=\"border: 1px solid #666666; text-align: center;\">D\u00e9but<\/td>\n<td style=\"border: 1px solid #666666; text-align: center;\">Fin<\/td>\n<td style=\"border: 1px solid #666666; text-align: center;\">Fin de la vente<br \/>\ndes goodies<\/td>\n<\/tr>\n<tr>\n<td style=\"border: 1px solid #666666; text-align: center;\">1er Show<\/td>\n<td style=\"border: 1px solid #666666; text-align: center;\">10:30<\/td>\n<td style=\"border: 1px solid #666666; text-align: center;\">11:05<\/td>\n<td style=\"border: 1px solid #666666; text-align: center;\">13:40<\/td>\n<td style=\"border: 1px solid #666666; text-align: center;\">14:35<\/td>\n<\/tr>\n<tr>\n<td style=\"border: 1px solid #666666; text-align: center;\">Free Show<\/td>\n<td style=\"border: 1px solid #666666; text-align: center;\">14:45<\/td>\n<td style=\"border: 1px solid #666666; text-align: center;\">15:00<\/td>\n<td style=\"border: 1px solid #666666; text-align: center;\">16:00<\/td>\n<td style=\"border: 1px solid #666666; text-align: center;\">16:50<\/td>\n<\/tr>\n<tr>\n<td style=\"border: 1px solid #666666; text-align: center;\">2nd Show<\/td>\n<td style=\"border: 1px solid #666666; text-align: center;\">18:00<\/td>\n<td style=\"border: 1px solid #666666; text-align: center;\">18:15<\/td>\n<td style=\"border: 1px solid #666666; text-align: center;\">20:50<\/td>\n<td style=\"border: 1px solid #666666; text-align: center;\">22:05<\/td>\n<\/tr>\n<\/tbody>\n<\/table>\n<p>Apr\u00e8s chaque performance performance, les fans peuvent acheter des produits (CD, DVD, T-shirt, &#8230;) de chaque groupe.<\/p>\n<p>Ils peuvent \u00e9galement obtenir une photo en compagnie de quelques membres pour 1000 ou 2000 yens. La photo est d\u00e9dicac\u00e9e par les idols.<\/p>\n<p>Un jeton donn\u00e9 \u00e0 l&rsquo;entr\u00e9e permet de voter pour sa membre favorite. Un classement est ensuite r\u00e9guli\u00e8rement r\u00e9alis\u00e9.<\/p>\n<p>Le calendrier est disponible sur le <a href=\"http:\/\/www.alice-project.biz\/parms\" target=\"_blank\" rel=\"nofollow\">site internet du P.A.R.M.S Theater<\/a> et ci-dessous :<\/p>\n<p><iframe loading=\"lazy\" src=\"https:\/\/www.google.com\/calendar\/b\/0\/embed?src=parms%40alice-project.biz&amp;ctz=Asia\/Tokyo\" width=\"600\" height=\"720\" frameborder=\"0\" marginwidth=\"0\" marginheight=\"0\" scrolling=\"no\"><\/iframe><\/p>\n<h2>Tickets<\/h2>\n<p>Les billets de concert peuvent \u00eatre achet\u00e9 au bureau d&rsquo;accueil \u00e0 l&rsquo;entr\u00e9e du building Pasela Resorts dans lequel se trouve le th\u00e9\u00e2tre.<\/p>\n<p>Les tickets sont \u00e9galement vendus par Lawson sur internet et dans les konbini (magasins de proximit\u00e9). Un suppl\u00e9ment de 500 yens est demand\u00e9 \u00e0 l&rsquo;entr\u00e9e, celui-ci donne droit \u00e0 un bon pour une boisson.<\/p>\n<p>Le prix des tickets est le suivant :<\/p>\n<table>\n<tbody>\n<tr>\n<td><\/td>\n<td style=\"border: 1px solid #666666; text-align: center;\">R\u00e9servation<\/td>\n<td style=\"border: 1px solid #666666; text-align: center;\">Normal<\/td>\n<td style=\"border: 1px solid #666666; text-align: center;\">Buffet<\/td>\n<td style=\"border: 1px solid #666666; text-align: center;\">Femmes<\/td>\n<td style=\"border: 1px solid #666666; text-align: center;\">Enfants<\/td>\n<\/tr>\n<tr>\n<td style=\"border: 1px solid #666666; text-align: center;\">Lundi \u00e0 vendredi<\/td>\n<td style=\"border: 1px solid #666666; text-align: center;\">1,000 \u5186<\/td>\n<td style=\"border: 1px solid #666666; text-align: center;\">1,500 \u5186<\/td>\n<td style=\"border: 1px solid #666666; text-align: center;\">5,000 \u5186<\/td>\n<td style=\"border: 1px solid #666666; text-align: center;\">500 \u5186<\/p>\n<p>(mercredi)<\/td>\n<td style=\"border: 1px solid #666666; text-align: center;\">0 \u5186<\/p>\n<p>(jeudi)<\/td>\n<\/tr>\n<tr>\n<td style=\"border: 1px solid #666666; text-align: center;\">Week-end<\/td>\n<td style=\"border: 1px solid #666666; text-align: center;\">2,500 \u5186<\/td>\n<td style=\"border: 1px solid #666666; text-align: center;\">3,000 \u5186<\/td>\n<td style=\"border: 1px solid #666666; text-align: center;\">&#8211;<\/td>\n<td style=\"border: 1px solid #666666; text-align: center;\">0 \u5186<\/td>\n<td style=\"border: 1px solid #666666; text-align: center;\">0 \u5186<\/td>\n<\/tr>\n<\/tbody>\n<\/table>\n<h2>Lieu<\/h2>\n<p>Le P.A.R.M.S Theater est situ\u00e9 \u00e0 Akihabara \u00e0 Tokyo. It est au 7e \u00e9tage du b\u00e2timent Pasela Resorts.<\/p>\n<p>L&rsquo;acc\u00e8s se fait en 5 minutes \u00e0 pied \u00e0 partir de la gare de Akihabara.<\/p>\n<p>L&rsquo;adresse de la salle est :<\/p>\n<p>Tokyo Chiyoda-ku Sotokanda 1-1-10<\/p>\n<p>(\u6771\u4eac\u90fd\u5343\u4ee3\u7530\u533a\u5916\u795e\u7530\uff11\u2212\uff11\u2212\uff11\uff10)<\/p>\n<p><iframe loading=\"lazy\" src=\"https:\/\/maps.google.co.jp\/maps?q=%E6%9D%B1%E4%BA%AC%E9%83%BD%E5%8D%83%E4%BB%A3%E7%94%B0%E5%8C%BA%E5%A4%96%E7%A5%9E%E7%94%B0%EF%BC%91%E2%88%92%EF%BC%91%E2%88%92%EF%BC%91%EF%BC%90&amp;ie=UTF8&amp;hq=&amp;hnear=1+Chome-1-10+Sotokanda,+Chiyoda-ku,+T%C5%8Dky%C5%8D-to&amp;t=m&amp;brcurrent=3,0x60188c1d19d478ff:0x8738b18b0465d817,0&amp;ll=35.697874,139.770384&amp;spn=0.024396,0.036478&amp;z=14&amp;iwloc=A&amp;output=embed\" width=\"425\" height=\"350\" frameborder=\"0\" marginwidth=\"0\" marginheight=\"0\" scrolling=\"no\"><\/iframe><\/p>\n<p>Plus d&rsquo;informations : <a href=\"http:\/\/www.alice-project.biz\/parms\" target=\"_blank\" rel=\"nofollow\">http:\/\/www.alice-project.biz\/parms<\/a><\/p>","protected":false},"excerpt":{"rendered":"<p>D\u00e9sol\u00e9, cet article est seulement disponible en English.<\/p>\n","protected":false},"author":1,"featured_media":0,"parent":0,"menu_order":0,"comment_status":"open","ping_status":"open","template":"","meta":{"_monsterinsights_skip_tracking":false,"_monsterinsights_sitenote_active":false,"_monsterinsights_sitenote_note":"","_monsterinsights_sitenote_category":0,"footnotes":""},"class_list":["post-15239","page","type-page","status-publish","hentry"],"_links":{"self":[{"href":"https:\/\/www.jpop-idols.com\/fr\/wp-json\/wp\/v2\/pages\/15239","targetHints":{"allow":["GET"]}}],"collection":[{"href":"https:\/\/www.jpop-idols.com\/fr\/wp-json\/wp\/v2\/pages"}],"about":[{"href":"https:\/\/www.jpop-idols.com\/fr\/wp-json\/wp\/v2\/types\/page"}],"author":[{"embeddable":true,"href":"https:\/\/www.jpop-idols.com\/fr\/wp-json\/wp\/v2\/users\/1"}],"replies":[{"embeddable":true,"href":"https:\/\/www.jpop-idols.com\/fr\/wp-json\/wp\/v2\/comments?post=15239"}],"version-history":[{"count":4,"href":"https:\/\/www.jpop-idols.com\/fr\/wp-json\/wp\/v2\/pages\/15239\/revisions"}],"predecessor-version":[{"id":30380,"href":"https:\/\/www.jpop-idols.com\/fr\/wp-json\/wp\/v2\/pages\/15239\/revisions\/30380"}],"wp:attachment":[{"href":"https:\/\/www.jpop-idols.com\/fr\/wp-json\/wp\/v2\/media?parent=15239"}],"curies":[{"name":"wp","href":"https:\/\/api.w.org\/{rel}","templated":true}]}}