{"id":17600,"date":"2013-12-15T20:52:15","date_gmt":"2013-12-15T19:52:15","guid":{"rendered":"http:\/\/www.jpop-idols.com\/en\/?page_id=17600"},"modified":"2014-10-29T07:54:38","modified_gmt":"2014-10-29T06:54:38","slug":"face","status":"publish","type":"page","link":"https:\/\/www.jpop-idols.com\/fr\/face\/","title":{"rendered":"Under Face"},"content":{"rendered":"<p><img loading=\"lazy\" decoding=\"async\" class=\"alignright size-full wp-image-17601\" title=\"Under Face\" src=\"http:\/\/static.jpop-idols.com\/uploads\/2013\/12\/under-face.jpg\" alt=\"Under Face\" width=\"150\" height=\"125\" \/><strong>Under Face<\/strong> est un groupe d&rsquo;idols japonaises form\u00e9 en 2013.<\/p>\n<p>Il est compos\u00e9 de 4 membres.<\/p>\n<p>Under Face est un sous-groupe des <a title=\"Smile Gakuen\" href=\"https:\/\/www.jpop-idols.com\/fr\/smile-gakuen\/\">Smile Gakuen<\/a> (\u30b9\u30de\u30a4\u30eb\u5b66\u5712).<\/p>\n<p><!--more--><\/p>\n<p>Nanako, Honoka et Ichigo sont les chanteuses.<\/p>\n<p>Les 3 filles interpr\u00e8tent des titres m\u00ealant un style Gothic Lolita \/ Steam Punk \/ Cyber \/ Electro \/ Sci-Fi.<\/p>\n<p>DJ Electking, qui travaille sur les clips de Namie Amuro, participe aux lives.<\/p>\n<p>La musique est compos\u00e9e par Arm d&rsquo;Iosys, Numan et Osamu \u00ab\u00a0Shu\u00a0\u00bb Imamoto.<\/p>\n<p>Les Under Face ont fait leurs d\u00e9buts avec le single <span style=\"font-style: italic;\">Skytower<\/span> en mars 2013.<\/p>\n<p><img loading=\"lazy\" decoding=\"async\" class=\"alignright size-full wp-image-18044\" src=\"http:\/\/static.jpop-idols.com\/uploads\/2013\/12\/underface.jpg\" alt=\"Under Face\" width=\"150\" height=\"113\" \/>Consultez notre <a title=\"Interview : Under Face\" href=\"https:\/\/www.jpop-idols.com\/fr\/underface-interview\/\">interview avec Under Face<\/a> r\u00e9alis\u00e9e en d\u00e9cembre 2013.<\/p>\n<p>Aoi a rejoint le groupe d&rsquo;idols en tant que nouvelle membre en juin 2014.<\/p>\n<p>Les Under Face se sont s\u00e9par\u00e9es au cours de l&rsquo;\u00e9t\u00e9 2014 apr\u00e8s la graduation de Nanako. Elle a d\u00e9cid\u00e9 de poursuivre une carri\u00e8re de mannequin.<\/p>\n<p>Apr\u00e8s le d\u00e9part de la leader, Honoka, Ichigo et Aoi ont form\u00e9 un nouveau groupe d&rsquo;idols intitul\u00e9 Deep Mind pour continuer leurs activit\u00e9s.<\/p>\n<h2>Profil<\/h2>\n<ul>\n<li>Under Face<\/li>\n<li>Ann\u00e9es d&rsquo;activit\u00e9 : 2013 &#8211; 2014<\/li>\n<li>Label : &#8211;<\/li>\n<li>Agence : &#8211;<\/li>\n<\/ul>\n<h2>Membres<\/h2>\n<ul>\n<li>Nanako (\u306a\u306a\u3053)<\/li>\n<li>Honoka (\u307b\u306e\u304b)<\/li>\n<li>Ichigo (\u3044\u3061\u3054)<\/li>\n<\/ul>\n<h2>Discographie<\/h2>\n<p><span style=\"font-weight: bold;\">Singles<\/span><\/p>\n<ul>\n<li>08\/03\/2013 : Skytower<\/li>\n<li>Perfect Lolita<\/li>\n<li>20\/12\/2013 : Wall Breaker<\/li>\n<\/ul>\n<p><span style=\"font-weight: bold;\">Albums<\/span><\/p>\n<ul>\n<li>18\/04\/2014 : Mr. Pusher<\/li>\n<\/ul>\n<h2>Liens<\/h2>\n<ul>\n<li><a title=\"Under Face\" href=\"http:\/\/underface.jp\/\" target=\"_blank\" rel=\"nofollow\">Site officiel<\/a><\/li>\n<li><a title=\"Facebook\" href=\"https:\/\/www.facebook.com\/UNDERFACE.PROMOTIONTEAM\" target=\"_blank\" rel=\"nofollow\">Facebook<\/a><\/li>\n<li><a title=\"Twitter\" href=\"https:\/\/twitter.com\/under_face\" target=\"_blank\" rel=\"nofollow\">Twitter<\/a><\/li>\n<\/ul>\n<h2>News<\/h2>\n<ul>\n<li><a title=\"News\" href=\"https:\/\/www.jpop-idols.com\/fr\/tag\/under-face\/\">Actualit\u00e9<\/a><\/li>\n<\/ul>\n<p><span style=\"font-weight: bold;\">Trailer (Vid\u00e9o)<\/span><\/p>\n<p><iframe loading=\"lazy\" src=\"\/\/www.youtube.com\/embed\/4NcJF_1FZ5A\" width=\"560\" height=\"315\" frameborder=\"0\"><\/iframe><\/p>\n<p><img loading=\"lazy\" decoding=\"async\" class=\"alignnone size-full wp-image-18054\" src=\"http:\/\/static.jpop-idols.com\/uploads\/2013\/12\/underface-idol.jpg\" alt=\"Under Face\" width=\"600\" height=\"450\" srcset=\"https:\/\/static.jpop-idols.com\/uploads\/2013\/12\/underface-idol.jpg 600w, https:\/\/static.jpop-idols.com\/uploads\/2013\/12\/underface-idol-300x225.jpg 300w\" sizes=\"auto, (max-width: 600px) 100vw, 600px\" \/><\/p>","protected":false},"excerpt":{"rendered":"<p>Under Face est un groupe d&rsquo;idols japonaises form\u00e9 en 2013. Il est compos\u00e9 de 4 membres. Under Face est un sous-groupe des Smile Gakuen (\u30b9\u30de\u30a4\u30eb\u5b66\u5712).<\/p>\n","protected":false},"author":1,"featured_media":0,"parent":0,"menu_order":0,"comment_status":"closed","ping_status":"open","template":"","meta":{"_monsterinsights_skip_tracking":false,"_monsterinsights_sitenote_active":false,"_monsterinsights_sitenote_note":"","_monsterinsights_sitenote_category":0,"footnotes":""},"class_list":["post-17600","page","type-page","status-publish","hentry"],"_links":{"self":[{"href":"https:\/\/www.jpop-idols.com\/fr\/wp-json\/wp\/v2\/pages\/17600","targetHints":{"allow":["GET"]}}],"collection":[{"href":"https:\/\/www.jpop-idols.com\/fr\/wp-json\/wp\/v2\/pages"}],"about":[{"href":"https:\/\/www.jpop-idols.com\/fr\/wp-json\/wp\/v2\/types\/page"}],"author":[{"embeddable":true,"href":"https:\/\/www.jpop-idols.com\/fr\/wp-json\/wp\/v2\/users\/1"}],"replies":[{"embeddable":true,"href":"https:\/\/www.jpop-idols.com\/fr\/wp-json\/wp\/v2\/comments?post=17600"}],"version-history":[{"count":4,"href":"https:\/\/www.jpop-idols.com\/fr\/wp-json\/wp\/v2\/pages\/17600\/revisions"}],"predecessor-version":[{"id":17603,"href":"https:\/\/www.jpop-idols.com\/fr\/wp-json\/wp\/v2\/pages\/17600\/revisions\/17603"}],"wp:attachment":[{"href":"https:\/\/www.jpop-idols.com\/fr\/wp-json\/wp\/v2\/media?parent=17600"}],"curies":[{"name":"wp","href":"https:\/\/api.w.org\/{rel}","templated":true}]}}