{"id":21740,"date":"2015-05-30T11:26:54","date_gmt":"2015-05-30T09:26:54","guid":{"rendered":"http:\/\/www.jpop-idols.com\/en\/?page_id=21740"},"modified":"2015-10-04T19:49:29","modified_gmt":"2015-10-04T17:49:29","slug":"michinoku-sendai-orihimetai","status":"publish","type":"page","link":"https:\/\/www.jpop-idols.com\/fr\/michinoku-sendai-orihimetai\/","title":{"rendered":"Michinoku Sendai Ori Himetai"},"content":{"rendered":"<p><img loading=\"lazy\" decoding=\"async\" class=\"alignright size-thumbnail wp-image-30122\" src=\"http:\/\/static.jpop-idols.com\/uploads\/2015\/05\/michinoku-sendai-ori-himetai-1-150x150.jpg\" alt=\"Michinoku Sendai Ori\u2606Himetai (\u307f\u3061\u306e\u304f\u4ed9\u53f0Ori\u2606\u59eb\u968a)\" width=\"150\" height=\"150\" \/><strong> Michinoku Sendai Ori\u2606Himetai<\/strong> (\u307f\u3061\u306e\u304f\u4ed9\u53f0Ori\u2606\u59eb\u968a) est un groupe d&rsquo;idols japonaises form\u00e9 en 2011.<\/p>\n<p>Il est actuellement compos\u00e9 de 7 membres r\u00e9guli\u00e8res. Chacune d&rsquo;entre elles porte un num\u00e9ro.<\/p>\n<p>La leader est Nodoca.<\/p>\n<p><!--more--><\/p>\n<h2>Biographie \/ Histoire<\/h2>\n<p>Comme son nom l&rsquo;indique, Michinoku Sendai Ori\u2606Himetai est un groupe d&rsquo;idols local originaire de Sendai.<\/p>\n<p><img loading=\"lazy\" decoding=\"async\" class=\"alignright size-thumbnail wp-image-30123\" src=\"http:\/\/static.jpop-idols.com\/uploads\/2015\/05\/michinoku-sendai-ori-himetai-2-150x150.jpg\" alt=\"Michinoku Sendai Ori\u2606Himetai (\u307f\u3061\u306e\u304f\u4ed9\u53f0Ori\u2606\u59eb\u968a)\" width=\"150\" height=\"150\" \/>Michinoku est un nom alternatif utilis\u00e9 pour d\u00e9signer la r\u00e9gion du Tohoku situ\u00e9e au nord-est du Japon.<\/p>\n<p>Orihime est une princesse l\u00e9gendaire de Sendai.<\/p>\n<p>Les Michinoku Sendai Ori\u2606Himetai ont \u00e9t\u00e9 cr\u00e9\u00e9es en juillet 2011 afin de soutenir les gens et la reconstruction apr\u00e8s le grand s\u00e9isme et le tsunami survenus dans le Tohoku. Toutes les membres sont des survivantes de la catastrophe. Les filles participent \u00e0 des \u00e9v\u00e9nements de charit\u00e9, encouragent les gens vivant encore dans des centres d&rsquo;h\u00e9bergement et r\u00e9coltent des fonds.<\/p>\n<p>Le groupe d&rsquo;idols est principalement actif dans les pr\u00e9fectures de Miyagi, Iwate et Fukushima which were hardly hit by the earthquake.<\/p>\n<p><img loading=\"lazy\" decoding=\"async\" class=\"alignright size-thumbnail wp-image-30125\" src=\"http:\/\/static.jpop-idols.com\/uploads\/2015\/05\/michinoku-sendai-ori-himetai-4-150x150.jpg\" alt=\"Michinoku Sendai Ori\u2606Himetai (\u307f\u3061\u306e\u304f\u4ed9\u53f0Ori\u2606\u59eb\u968a)\" width=\"150\" height=\"150\" \/>Elles se sont produites en live \u00e0 H\u00f4-Chi-Min-Ville, au Vietnam, en avril 2012.<\/p>\n<p>Les Michinoku Sendai Ori\u2606Himetai ont fait leurs d\u00e9buts avec l&rsquo;album <span style=\"font-style: italic;\">Heart to Heart \u00d79<\/span> sorti en juin 2012.<\/p>\n<p>Leur 1er single <span style=\"font-style: italic;\">Papa (\u30d1\u30d1)<\/span> a \u00e9t\u00e9 mis en vente en octobre 2012.<\/p>\n<p>Hanna a d\u00e9but\u00e9 en solo avc le single <span style=\"font-style: italic;\">Namiuchigiwa no Kataomoi (\u6ce2\u6253\u3061\u969b\u306e\u7247\u60f3\u3044)<\/span> en f\u00e9vrier 2013.<\/p>\n<p>Rina a sorti son 1er single solo <span style=\"font-style: italic;\">Shampoo PuPuPu (\u30b7\u30e3\u30f3\u30d7\u30fcPuPuPu)<\/span> en juin 2013.<\/p>\n<p><img loading=\"lazy\" decoding=\"async\" class=\"alignright size-thumbnail wp-image-30126\" src=\"http:\/\/static.jpop-idols.com\/uploads\/2015\/05\/michinoku-sendai-ori-himetai-5-150x150.jpg\" alt=\"Michinoku Sendai Ori\u2606Himetai (\u307f\u3061\u306e\u304f\u4ed9\u53f0Ori\u2606\u59eb\u968a)\" width=\"150\" height=\"150\" \/>Le DVD <span style=\"font-style: italic;\">Iiyashi (\u7652\u3057\u3002\u3002)<\/span> est sorti en d\u00e9cembre 2013. Il montre les membres du groupe d&rsquo;idols s&rsquo;amusant dans diff\u00e9rents endroits tels qu&rsquo;un parc d&rsquo;attraction, une piscine, un h\u00f4tel ou dans la nature. L&rsquo;objectif est de promouvoir les lieux reconstruits apr\u00e8s le tremblement de terre.<\/p>\n<p>Hanna a annonc\u00e9 sa graduation en avril 2014.<\/p>\n<p>Les Michinoku Sendai Ori\u2606Himetai ont remport\u00e9 le grand prix <span style=\"font-style: italic;\">Sukidol Project (\u30b9\u30ad\u30c9\u30ebProject)<\/span> en juillet 2014.<\/p>\n<p>Minami a quitt\u00e9 le groupe d&rsquo;idols en ao\u00fbt 2014.<\/p>\n<p><img loading=\"lazy\" decoding=\"async\" class=\"alignright size-thumbnail wp-image-30127\" src=\"http:\/\/static.jpop-idols.com\/uploads\/2015\/05\/michinoku-sendai-ori-himetai-6-150x150.jpg\" alt=\"Michinoku Sendai Ori\u2606Himetai (\u307f\u3061\u306e\u304f\u4ed9\u53f0Ori\u2606\u59eb\u968a)\" width=\"150\" height=\"150\" \/>Les filles ont \u00e9t\u00e9 nomm\u00e9es ambassadrices de <span style=\"font-style: italic;\">Kodomo Hota Ranger (\u3053\u3069\u3082\u30db\u30bf\u30ec\u30f3\u30b8\u30e3\u30fc)<\/span> pour la promotion de l&rsquo;\u00e9cologie par le Minist\u00e8re de l&rsquo;Environnement en novembre 2014.<\/p>\n<p>Le groupe d&rsquo;idols a re\u00e7u le Kawaii Award de <span style=\"font-style: italic;\">Dance Summit in Japan (\u30c0\u30f3\u30b9\u30b5\u30df\u30c3\u30c8 in Japan)<\/span> en d\u00e9cembre 2014.<\/p>\n<p>Marie a effectu\u00e9 sa graduation en f\u00e9vrier 2015.<\/p>\n<p>Le groupe d&rsquo;idols prend part au <span style=\"font-style: italic;\">Welcome to Japan Project<\/span> depuis mai 2015. Elles assurent la promotion des produits locaux de leur r\u00e9gion ainsi que de la culture populaire japonaise \u00e0 travers le monde.<\/p>\n<p><img loading=\"lazy\" decoding=\"async\" class=\"alignright size-thumbnail wp-image-30128\" src=\"http:\/\/static.jpop-idols.com\/uploads\/2015\/05\/michinoku-sendai-ori-himetai-7-150x150.jpg\" alt=\"Michinoku Sendai Ori\u2606Himetai (\u307f\u3061\u306e\u304f\u4ed9\u53f0Ori\u2606\u59eb\u968a)\" width=\"150\" height=\"150\" \/>Les Michinoku Sendai Ori\u2606Himetai ont particip\u00e9 \u00e0 <span style=\"font-style: italic;\">Japan Expo 2015<\/span> \u00e0 Paris Nord Villepinte, en France, en juillet 2015. Retrouvez nos <a href=\"https:\/\/www.jpop-idols.com\/fr\/michinoku-sendai-ori-himetai-japan-expo-2015\/\">photos et vid\u00e9os<\/a> de l&rsquo;\u00e9v\u00e9nement.<\/p>\n<p>Elles se sont produites au <span style=\"font-style: italic;\">2015 Comic Exhibition<\/span> \u00e0 Ta\u00efwan en ao\u00fbt 2015.<\/p>\n<p>Erina a annonc\u00e9 sa graduation en ao\u00fbt 2015.<\/p>\n<p>Les filles poss\u00e8dent plus 70 types de costumes diff\u00e9rents qu&rsquo;elles portent en fonction de l&rsquo;\u00e9v\u00e9nement. Le design des costumes est r\u00e9alis\u00e9 par Murata Yoshie.<\/p>\n<h2>Profil<\/h2>\n<ul>\n<li>Michinoku Sendai Ori\u2606Himetai (\u307f\u3061\u306e\u304f\u4ed9\u53f0Ori\u2606\u59eb\u968a)<\/li>\n<li>Ann\u00e9es d&rsquo;activit\u00e9 : depuis 2011<\/li>\n<li>Label : &#8211;<\/li>\n<li>Agence : Jasia<\/li>\n<\/ul>\n<h2>Membres<\/h2>\n<ul>\n<li>Nodoca (\u30ce\u30c9\u30ab) &#8211; N\u00b0 1<\/li>\n<li>Rina (\u30ea\u30ca) &#8211; N\u00b0 4<\/li>\n<li>Yuna (\u30e6\u30a6\u30ca) &#8211; N\u00b0 5<\/li>\n<li>Anne (\u30a2\u30f3) &#8211; N\u00b0 6<\/li>\n<li>Erin (\u30a8\u30ea\u30f3) &#8211; N\u00b0 8<\/li>\n<li>Sora (\u30bd\u30e9) &#8211; N\u00b0 10<\/li>\n<li>Karen (\u30ab\u30ec\u30f3) &#8211; N\u00b0 11<\/li>\n<\/ul>\n<p>Kenkyuusei<\/p>\n<ul>\n<li>Marin (\u30de\u30ea\u30f3) &#8211; N\u00b0 13<\/li>\n<li>Miho (\u30df\u30db) &#8211; N\u00b0 14<\/li>\n<\/ul>\n<p>Membre volontaire<\/p>\n<ul>\n<li>Yuria (\u30e6\u30ea\u30a2) &#8211; N\u00b0 7<\/li>\n<\/ul>\n<p>Anciennes membres<\/p>\n<ul>\n<li>Hanna (\u30cf\u30f3\u30ca) &#8211; N\u00b0 3<\/li>\n<li>Minami (\u30df\u30ca\u30df) &#8211; N\u00b0 12<\/li>\n<li>Marie (\u30de\u30ea\u30a8) &#8211; N\u00b0 9<\/li>\n<li>Erina (\u30a8\u30ea\u30ca) &#8211; N\u00b0 2<\/li>\n<\/ul>\n<h2>Discographie<\/h2>\n<p><span style=\"font-weight: bold;\">Singles<\/span><\/p>\n<ul>\n<li>28\/10\/2012 : Papa (\u30d1\u30d1)<\/li>\n<li>24\/12\/2012 : Ori\u2606Star LoveJet \/ Orange Ole! Ole!<\/li>\n<li>31\/03\/2013 : Don&rsquo;t play hard to get \/ Mata Itsuka (\u307e\u305f\u3044\u3064\u304b)<\/li>\n<li>09\/06\/2013 : Sora ga Aoi (\u7a7a\u304c\u9752\u3044)<\/li>\n<li>27\/10\/2013 : Christmas Kiss \/ Onii-chan to Yobase (\u304a\u5144\u3061\u3083\u3093\u3068\u547c\u3070\u305b)<\/li>\n<li>16\/03\/2014 : Kimi ni Todoku Kaze ni Nare \/ Takaramono (\u541b\u306b\u5c4a\u304f\u98a8\u306b\u306a\u308c \/ \u305f\u304b\u3089\u3082\u306e)<\/li>\n<li>10\/11\/2014 : Ai no Mirai no Melody (\u611b\u306e\u30df\u30e9\u30a4\u30ce\u30e1\u30ed\u30c7\u30a3)<\/li>\n<\/ul>\n<p><span style=\"font-weight: bold;\">Singles Solo<br \/>\n<\/span><\/p>\n<ul>\n<li>28\/10\/2012 : Namiuchigiwa no Kataomoi (\u6ce2\u6253\u3061\u969b\u306e\u7247\u60f3\u3044) \/ Hanna<\/li>\n<li>09\/06\/2013 : Shampoo PuPuPu (\u30b7\u30e3\u30f3\u30d7\u30fcPuPuPu) \/ Rina<\/li>\n<\/ul>\n<p><span style=\"font-weight: bold;\">Albums<\/span><\/p>\n<ul>\n<li>02\/06\/2012 : Heart to Heart \u00d79<\/li>\n<\/ul>\n<h2>Liens<\/h2>\n<ul>\n<li><a href=\"http:\/\/orihimetai.com\/\" target=\"_blank\" rel=\"nofollow\">Site officiel<\/a><\/li>\n<li><a href=\"http:\/\/ameblo.jp\/orihimetai\/\" target=\"_blank\" rel=\"nofollow\">Blog<\/a><\/li>\n<li><a href=\"http:\/\/www.facebook.com\/ORIHIMETAI\" target=\"_blank\" rel=\"nofollow\">Facebook<\/a><\/li>\n<li><a href=\"https:\/\/twitter.com\/ORIHIMETAI\" target=\"_blank\" rel=\"nofollow\">Twitter<\/a><\/li>\n<\/ul>\n<h2>News<\/h2>\n<ul>\n<li>Actualit\u00e9<\/li>\n<\/ul>\n<p><img loading=\"lazy\" decoding=\"async\" class=\" size-full wp-image-30122 alignnone\" src=\"http:\/\/static.jpop-idols.com\/uploads\/2015\/05\/michinoku-sendai-ori-himetai-1.jpg\" alt=\"Michinoku Sendai Ori\u2606Himetai (\u307f\u3061\u306e\u304f\u4ed9\u53f0Ori\u2606\u59eb\u968a)\" width=\"600\" height=\"561\" srcset=\"https:\/\/static.jpop-idols.com\/uploads\/2015\/05\/michinoku-sendai-ori-himetai-1.jpg 600w, https:\/\/static.jpop-idols.com\/uploads\/2015\/05\/michinoku-sendai-ori-himetai-1-300x281.jpg 300w\" sizes=\"auto, (max-width: 600px) 100vw, 600px\" \/><\/p>","protected":false},"excerpt":{"rendered":"<p>D\u00e9sol\u00e9, cet article est seulement disponible en English.<\/p>\n","protected":false},"author":1,"featured_media":0,"parent":0,"menu_order":0,"comment_status":"closed","ping_status":"open","template":"","meta":{"_monsterinsights_skip_tracking":false,"_monsterinsights_sitenote_active":false,"_monsterinsights_sitenote_note":"","_monsterinsights_sitenote_category":0,"footnotes":""},"class_list":["post-21740","page","type-page","status-publish","hentry"],"_links":{"self":[{"href":"https:\/\/www.jpop-idols.com\/fr\/wp-json\/wp\/v2\/pages\/21740","targetHints":{"allow":["GET"]}}],"collection":[{"href":"https:\/\/www.jpop-idols.com\/fr\/wp-json\/wp\/v2\/pages"}],"about":[{"href":"https:\/\/www.jpop-idols.com\/fr\/wp-json\/wp\/v2\/types\/page"}],"author":[{"embeddable":true,"href":"https:\/\/www.jpop-idols.com\/fr\/wp-json\/wp\/v2\/users\/1"}],"replies":[{"embeddable":true,"href":"https:\/\/www.jpop-idols.com\/fr\/wp-json\/wp\/v2\/comments?post=21740"}],"version-history":[{"count":3,"href":"https:\/\/www.jpop-idols.com\/fr\/wp-json\/wp\/v2\/pages\/21740\/revisions"}],"predecessor-version":[{"id":32304,"href":"https:\/\/www.jpop-idols.com\/fr\/wp-json\/wp\/v2\/pages\/21740\/revisions\/32304"}],"wp:attachment":[{"href":"https:\/\/www.jpop-idols.com\/fr\/wp-json\/wp\/v2\/media?parent=21740"}],"curies":[{"name":"wp","href":"https:\/\/api.w.org\/{rel}","templated":true}]}}