{"id":22206,"date":"2014-04-21T20:55:30","date_gmt":"2014-04-21T18:55:30","guid":{"rendered":"http:\/\/www.jpop-idols.com\/en\/?page_id=22206"},"modified":"2015-10-04T19:49:46","modified_gmt":"2015-10-04T17:49:46","slug":"orange-port","status":"publish","type":"page","link":"https:\/\/www.jpop-idols.com\/fr\/orange-port\/","title":{"rendered":"Orange Port"},"content":{"rendered":"<p><img decoding=\"async\" loading=\"lazy\" class=\"alignright size-full wp-image-25719\" src=\"http:\/\/static.jpop-idols.com\/uploads\/2014\/10\/orange-port-idol.jpg\" alt=\"Orange Port (\u30aa\u30ec\u30f3\u30b8\u30dd\u30fc\u30c8)\" width=\"150\" height=\"137\" \/><strong>Orange Port<\/strong> (\u30aa\u30ec\u30f3\u30b8\u30dd\u30fc\u30c8) est un groupe d&rsquo;idols japonaises form\u00e9 en ao\u00fbt 2012.<\/p>\n<p>Il est actuellement compos\u00e9 de 10 membres. Chacune d&rsquo;entre elles porte un num\u00e9ro.<\/p>\n<p>Le groupe d&rsquo;idols est originaire de la ville de Numazu dans la pr\u00e9fecture de Shizuoka.<\/p>\n<p><!--more--><\/p>\n<p>Elles sont produites par Yanagiman qui a travaill\u00e9 avec de c\u00e9l\u00e8bres artistes tels que Ketsumeishi, Funkey Monkey Babys, Kato Miliyah, The Gospellers&#8230;<\/p>\n<h2>Biographie \/ Histoire<\/h2>\n<p><img decoding=\"async\" loading=\"lazy\" class=\"alignright size-full wp-image-22207\" src=\"http:\/\/static.jpop-idols.com\/uploads\/2014\/04\/orange-port-idol.jpg\" alt=\"Orange Port (\u30aa\u30ec\u30f3\u30b8\u30dd\u30fc\u30c8)\" width=\"150\" height=\"150\" \/>Les auditions ont eu lieu en ao\u00fbt 2012. Les membres ont \u00e9t\u00e9 s\u00e9lectionn\u00e9es parmi 130 candidates.<\/p>\n<p>Les Orange Port se produisent r\u00e9guli\u00e8rement en live dans la r\u00e9gion Est de Shizuoka.<\/p>\n<p>Leur 1er album <span style=\"font-style: italic;\">Go with You&#8230; Soshite Arigatou (Go with You&#8230;\u305d\u3057\u3066\u3042\u308a\u304c\u3068\u3046\u3002)<\/span> est sorti en f\u00e9vrier 2013.<\/p>\n<p>Le groupe d&rsquo;idols a sorti le single <span style=\"font-style: italic;\"><a title=\"Orange Port - With U \/ Yell\" href=\"https:\/\/www.jpop-idols.com\/fr\/orange-port-with-u-yell\/\">With U \/ Yell<\/a><\/span> en f\u00e9vrier 2014. Ce titre est la chanson officielle de la soci\u00e9t\u00e9 Yudai.<\/p>\n<p><img decoding=\"async\" loading=\"lazy\" class=\"alignright size-thumbnail wp-image-24348\" src=\"http:\/\/static.jpop-idols.com\/uploads\/2014\/07\/orange-port-members-1-150x150.jpg\" alt=\"Tamura Honoka, Koike Shuri, Ishida Yuyu, Sumiya Ayu\" width=\"150\" height=\"150\" \/>Les Orange Port ont particip\u00e9 \u00e0 <span style=\"font-style: italic;\">Japan Expo 2014<\/span> \u00e0 Paris Nord Villepinte en France en juillet. D\u00e9couvrez notre <a title=\"Orange Port Live at Japan Expo\" href=\"https:\/\/www.jpop-idols.com\/fr\/orange-port-live-japan-expo\/\">live report<\/a> et notre <a title=\"Interview : Ishida Yuyu (Orange Port)\" href=\"https:\/\/www.jpop-idols.com\/fr\/ishida-yuyu-orange-port-interview\/\">interview avec Ishida Yuyu<\/a>.<\/p>\n<p>Takiguchi Natsuho a annonc\u00e9 sa graduation en ao\u00fbt 2014. Elle n&rsquo;avait pas pu aller en France en raison de probl\u00e8mes de sant\u00e9.<\/p>\n<p>Ishida Yuyu a effectu\u00e9 sa graduation en mai 2015.<\/p>\n<p>Le groupe d&rsquo;idols prend part au <span style=\"font-style: italic;\">Welcome to Japan Project<\/span> depuis mai 2015. Elles assurent la promotion des produits locaux de leur r\u00e9gion ainsi que de la culture populaire japonaise \u00e0 travers le monde.<\/p>\n<p><img decoding=\"async\" loading=\"lazy\" class=\"alignright size-thumbnail wp-image-31020\" src=\"http:\/\/static.jpop-idols.com\/uploads\/2015\/07\/orange-port-japan-expo-live-150x150.jpg\" alt=\"Orange Port (\u30aa\u30ec\u30f3\u30b8\u30dd\u30fc\u30c8) Japan Expo 2015\" width=\"150\" height=\"150\" \/>Les Orange Port ont fait leur retour en France \u00e0 l&rsquo;occasion de <span style=\"font-style: italic;\">Japan Expo 2015<\/span> en juillet. Retrouvez nos <a href=\"https:\/\/www.jpop-idols.com\/fr\/orange-port-japan-expo-2015\/\">photos et vid\u00e9os<\/a> de l&rsquo;\u00e9v\u00e9nement.<\/p>\n<p>Elles se sont produites au <span style=\"font-style: italic;\">2015 Comic Exhibition<\/span> \u00e0 Ta\u00efwan en ao\u00fbt 2015.<\/p>\n<h2>Profil<\/h2>\n<ul>\n<li>Orange Port (\u30aa\u30ec\u30f3\u30b8\u30dd\u30fc\u30c8)<\/li>\n<li>Ann\u00e9es d&rsquo;activit\u00e9 : depuis 2012<\/li>\n<li>Label : FMF Records<\/li>\n<li>Agence : Fujiyama Music Factory<\/li>\n<\/ul>\n<h2>Membres<\/h2>\n<ul>\n<li>Koike Hime (\u5c0f\u6c60 \u59eb) &#8211; N\u00b0 1<\/li>\n<li>Tamura Honoka (\u7530\u6751\u5e06\u91ce\u4f73) &#8211; N\u00b0 2<\/li>\n<li>Watanabe Yuuna (\u6e21\u8fba\u7d50\u83dc) &#8211; N\u00b0 3<\/li>\n<li>Nagano Minami (\u9577\u91ce\u307f\u306a\u307f) &#8211; N\u00b0 4<\/li>\n<li>Masaoka Rino (\u6b63\u5ca1\u7d2b\u91ce) &#8211; N\u00b0 5<\/li>\n<li>Koike Shuri (\u5c0f\u6c60\u73e0\u7483) &#8211; N\u00b0 6<\/li>\n<li>Sumiya Ayu (\u4f4f\u8c37\u611b\u7652) &#8211; N\u00b0 8<\/li>\n<li>Yamada Akiho (\u5c71\u7530\u9752\u96c5\u661f) &#8211; N\u00b0 9<\/li>\n<li>Tsuyuki Juri (\u9732\u6728\u6a39\u91cc) &#8211; N\u00b0 11<\/li>\n<li>Nagai Moeko (\u6c38\u4e95\u840c\u5b50) &#8211; N\u00b0 12<\/li>\n<\/ul>\n<p>Anciennes membres<\/p>\n<ul>\n<li>Suzuki Hikaru (\u9234\u6728\u8f1d)<\/li>\n<li>Takiguchi Natsuho (\u6edd\u53e3\u590f\u5e06)<\/li>\n<li>Ishida Yuyu (\u77f3\u7530\u7d50\u3005)<\/li>\n<\/ul>\n<h2>Discographie<\/h2>\n<p><span style=\"font-weight: bold;\">Singles<\/span><\/p>\n<ul>\n<li>23\/02\/2014 : With U \/ Yell<\/li>\n<\/ul>\n<p><span style=\"font-weight: bold;\">Albums<\/span><\/p>\n<ul>\n<li>23\/02\/2013 : Go with You&#8230; Soshite Arigatou (Go with You\u2026\u2026\u305d\u3057\u3066\u3042\u308a\u304c\u3068\u3046\u3002)<\/li>\n<\/ul>\n<h2>Liens<\/h2>\n<ul>\n<li><a href=\"http:\/\/www.orange-port.com\/\" target=\"_blank\" rel=\"nofollow\">Official Website<\/a><\/li>\n<li><a href=\"http:\/\/ameblo.jp\/orange-port\/\" target=\"_blank\" rel=\"nofollow\">Blog<\/a><\/li>\n<li><a href=\"https:\/\/twitter.com\/orangeport_tw\" target=\"_blank\" rel=\"nofollow\">Twitter<\/a><\/li>\n<li><a href=\"https:\/\/www.facebook.com\/gotouti\" target=\"_blank\" rel=\"nofollow\">Facebook<\/a><\/li>\n<li><a href=\"https:\/\/www.youtube.com\/channel\/UCmkA5InpmfdUEBd4RWIQCOw\" target=\"_blank\" rel=\"nofollow\">YouTube<\/a><\/li>\n<\/ul>\n<h2>News<\/h2>\n<ul>\n<li><a title=\"News\" href=\"https:\/\/www.jpop-idols.com\/fr\/orange-port\/\">Actualit\u00e9<\/a><\/li>\n<\/ul>\n<p><img decoding=\"async\" loading=\"lazy\" class=\"alignnone size-full wp-image-25718\" src=\"http:\/\/static.jpop-idols.com\/uploads\/2014\/10\/orange-port.jpg\" alt=\"Orange Port (\u30aa\u30ec\u30f3\u30b8\u30dd\u30fc\u30c8)\" width=\"600\" height=\"547\" srcset=\"https:\/\/static.jpop-idols.com\/uploads\/2014\/10\/orange-port.jpg 600w, https:\/\/static.jpop-idols.com\/uploads\/2014\/10\/orange-port-300x273.jpg 300w\" sizes=\"(max-width: 600px) 100vw, 600px\" \/><\/p>","protected":false},"excerpt":{"rendered":"<p>D\u00e9sol\u00e9, cet article est seulement disponible en Anglais Am\u00e9ricain.<\/p>\n","protected":false},"author":1,"featured_media":0,"parent":0,"menu_order":0,"comment_status":"closed","ping_status":"open","template":"","meta":{"_monsterinsights_skip_tracking":false,"_monsterinsights_sitenote_active":false,"_monsterinsights_sitenote_note":"","_monsterinsights_sitenote_category":0},"_links":{"self":[{"href":"https:\/\/www.jpop-idols.com\/fr\/wp-json\/wp\/v2\/pages\/22206"}],"collection":[{"href":"https:\/\/www.jpop-idols.com\/fr\/wp-json\/wp\/v2\/pages"}],"about":[{"href":"https:\/\/www.jpop-idols.com\/fr\/wp-json\/wp\/v2\/types\/page"}],"author":[{"embeddable":true,"href":"https:\/\/www.jpop-idols.com\/fr\/wp-json\/wp\/v2\/users\/1"}],"replies":[{"embeddable":true,"href":"https:\/\/www.jpop-idols.com\/fr\/wp-json\/wp\/v2\/comments?post=22206"}],"version-history":[{"count":4,"href":"https:\/\/www.jpop-idols.com\/fr\/wp-json\/wp\/v2\/pages\/22206\/revisions"}],"predecessor-version":[{"id":32305,"href":"https:\/\/www.jpop-idols.com\/fr\/wp-json\/wp\/v2\/pages\/22206\/revisions\/32305"}],"wp:attachment":[{"href":"https:\/\/www.jpop-idols.com\/fr\/wp-json\/wp\/v2\/media?parent=22206"}],"curies":[{"name":"wp","href":"https:\/\/api.w.org\/{rel}","templated":true}]}}