{"id":23353,"date":"2014-05-29T10:21:32","date_gmt":"2014-05-29T08:21:32","guid":{"rendered":"http:\/\/www.jpop-idols.com\/en\/?page_id=23353"},"modified":"2016-04-25T23:28:53","modified_gmt":"2016-04-25T21:28:53","slug":"moso-calibration","status":"publish","type":"page","link":"https:\/\/www.jpop-idols.com\/fr\/moso-calibration\/","title":{"rendered":"Moso Calibration"},"content":{"rendered":"<p><img loading=\"lazy\" decoding=\"async\" class=\"alignright size-thumbnail wp-image-34928\" src=\"http:\/\/static.jpop-idols.com\/uploads\/2016\/04\/moso-calibration-150x150.jpg\" alt=\"Moso Calibration (\u5984\u60f3\u30ad\u30e3\u30ea\u30d6\u30ec\u30fc\u30b7\u30e7\u30f3)\" width=\"150\" height=\"150\" \/><strong>Moso Calibration<\/strong> (\u5984\u60f3\u30ad\u30e3\u30ea\u30d6\u30ec\u30fc\u30b7\u30e7\u30f3) est un groupe d&rsquo;idols japonaises form\u00e9 en mars 2013.<\/p>\n<p>Elles sont \u00e9galement connues sous le nom de MoCali (\u5984\u30ad\u30e3\u30ea).<\/p>\n<p>Le groupe d&rsquo;idols est actuellement compos\u00e9 de 6 membres. Chacune d&rsquo;entre elles est associ\u00e9e \u00e0 une couleur.<\/p>\n<p>Elles sont bas\u00e9es \u00e0 Tokyo.<\/p>\n<p><!--more--><\/p>\n<p>Elles sont produites par Akihabara Dear Stage (\u79cb\u8449\u539f\u30c7\u30a3\u30a2\u30b9\u30c6\u30fc\u30b8) comme les <a title=\"Dempagumi.inc\" href=\"https:\/\/www.jpop-idols.com\/fr\/dempagumi-inc\/\">Dempagumi.inc<\/a> (\u3067\u3093\u3071\u7d44.inc).<\/p>\n<h2>Biographie \/ Histoire<\/h2>\n<p>Lors de sa formation en mars 2013, les 3 membres d&rsquo;origine \u00e9taient Kurumizawa Mahiru, Shindo Miyuna et Ichinose Emiri.<\/p>\n<p>Sakurano Usa, Futaba Nae et Hoshino Nia ont rejoint les Moso Calibration en juin 2013.<\/p>\n<p>Ichinose Emiri a effectu\u00e9 sa graduation en juillet 2013.<\/p>\n<p><img loading=\"lazy\" decoding=\"async\" class=\"alignright size-full wp-image-23501\" src=\"http:\/\/static.jpop-idols.com\/uploads\/2014\/05\/moso-calibration-idol.jpg\" alt=\"Moso Calibration (\u5984\u60f3\u30ad\u30e3\u30ea\u30d6\u30ec\u30fc\u30b7\u30e7\u30f3)\" width=\"150\" height=\"144\" \/>Le groupe d&rsquo;idols a fait ses d\u00e9buts avec le single <span style=\"font-style: italic;\">Moso ga Tomaranai (\u5984\u60f3\u304c\u6b62\u307e\u3089\u306a\u3044)<\/span> sorti en octobre 2013.<\/p>\n<p>Les filles sont apparues dans le drama <span style=\"font-style: italic;\">Yoru no Sensei (\u591c\u306e\u305b\u3093\u305b\u3044)<\/span> diffus\u00e9 sur TBS en janvier 2014.<\/p>\n<p>Leur 1er DVD Magazine est sorti en f\u00e9vrier 2014.<\/p>\n<p>Les Moso Calibration ont donn\u00e9 leur 1er live en mai 2014 au Shibuya WWW \u00e0 Tokyo.<\/p>\n<p>Leur 5e single <span style=\"font-style: italic;\"><a title=\"Moso Calibration - Nazenara Watashi, Mousou Shoujo Desu no\" href=\"https:\/\/www.jpop-idols.com\/fr\/moso-calibration-nazenara-watashi-mousou-shoujo-desu-no\/\">Nazenara Watashi, Moso Shojo Desu no<\/a> (\u4f55\u6545\u306a\u3089\u79c1\u3001\u5984\u60f3\u5c11\u5973\u3067\u3059\u306e)<\/span>, en vente en juin 2014, est le premier \u00e0 \u00eatre disponible au niveau national.<\/p>\n<p><img loading=\"lazy\" decoding=\"async\" class=\"alignright size-full wp-image-26126\" src=\"http:\/\/static.jpop-idols.com\/uploads\/2014\/10\/moso-calibration-idol.jpg\" alt=\"Moso Calibration (\u5984\u60f3\u30ad\u30e3\u30ea\u30d6\u30ec\u30fc\u30b7\u30e7\u30f3)\" width=\"150\" height=\"122\" \/>Leur 1er album <span style=\"font-style: italic;\"><a title=\"Moso Calibration - Moso Shojo OO\" href=\"https:\/\/www.jpop-idols.com\/fr\/moso-calibration-moso-shojo-00\/\">Moso Shojo 00<\/a> (\u5984\u60f3\u5c11\u5973OO)<\/span> est sorti en ao\u00fbt 2014.<\/p>\n<p>Les membres des Moso Calibration ont jou\u00e9 leurs propres r\u00f4les dans le film d&rsquo;horreur <span style=\"font-style: italic;\">Inagawa Kaidan Kataribe (\u7a32\u5ddd\u602a\u8ac7 \u304b\u305f\u308a\u3079)<\/span> sorti en septembre 2014.<\/p>\n<p>La graduation de Shindo Miyuna s&rsquo;est d\u00e9roul\u00e9e en octobre 2014 au cours d&rsquo;un live sp\u00e9cial organis\u00e9 au Shibuya Duo Music Exchange \u00e0 Tokyo.<\/p>\n<p>Amamiya Iori et Mizuki Yumeko ont rejoint le groupe d&rsquo;idols \u00e0 la m\u00eame p\u00e9riode en tant que nouvelles membres.<\/p>\n<p><img loading=\"lazy\" decoding=\"async\" class=\"alignright size-full wp-image-28716\" src=\"http:\/\/static.jpop-idols.com\/uploads\/2015\/03\/mahou-no-juice-moso-calibration.jpg\" alt=\"Moso Calibration (\u5984\u60f3\u30ad\u30e3\u30ea\u30d6\u30ec\u30fc\u30b7\u30e7\u30f3)\" width=\"150\" height=\"81\" \/>Leur 6e single\u00a0<span style=\"font-style: italic;\"><a title=\"Moso Calibration - Kanashimi Calibration\" href=\"http:\/\/www.jpop-idols.com\/en\/moso-calibration-kanashimi-calibration\/\">Kanashimi Calibration<\/a> (\u60b2\u3057\u307f\u30ad\u30e3\u30ea\u30d6\u30ec\u30fc\u30b7\u30e7\u30f3)<\/span> est la chanson th\u00e8me de l&rsquo;ending du drama <span style=\"font-style: italic;\">Jitsuzai-Sei Million Arthur (\u5b9f\u5728\u6027\u30df\u30ea\u30aa\u30f3\u30a2\u30fc\u30b5\u30fc)<\/span>. Il marque un nouveau d\u00e9part pour les Moso Calibration apr\u00e8s les changements d&rsquo;effectif.<\/p>\n<p>Les filles portaient des \u00ab\u00a0hikaru skirts\u00a0\u00bb (jupes illumin\u00e9es avec des LED) dans le clip vid\u00e9o de leur 7e single <span style=\"font-style: italic;\"><a title=\"Moso Calibration - Mahou no Juice\" href=\"https:\/\/www.jpop-idols.com\/fr\/moso-calibration-mahou-no-juice\/\">Mahou no Juice<\/a> (\u9b54\u6cd5\u306e\u30b7\u3099\u30e5\u30fc\u30b9)<\/span> sorti en avril 2015<\/p>\n<p><img loading=\"lazy\" decoding=\"async\" class=\"alignright size-full wp-image-31534\" src=\"http:\/\/static.jpop-idols.com\/uploads\/2015\/07\/moso-calibration-idol.jpg\" alt=\"Moso Calibration (\u5984\u60f3\u30ad\u30e3\u30ea\u30d6\u30ec\u30fc\u30b7\u30e7\u30f3)\" width=\"150\" height=\"90\" \/>Leur 8e single <span style=\"font-style: italic;\"><a href=\"https:\/\/www.jpop-idols.com\/fr\/moso-calibration-gensou-koi-hanabi\/\">Gensou Koi Hanabi<\/a> (\u5e7b\u60f3\u604b\u82b1\u706b)<\/span>, en vente en ao\u00fbt 2015, parle d&rsquo;histoire d&rsquo;amour \u00e9ph\u00e9m\u00e8re entre yurei (esprit ou fant\u00f4me du folklore japonais) et humains. Dans le clip les filles portent des kimonos traditionnels et interpr\u00e8tent des yurei poss\u00e9dant des pouvoirs surnaturels.<\/p>\n<p>Le groupe d&rsquo;idols s&rsquo;est produit lors de son 1er live tour\u00a0d&rsquo;octobre 2015 \u00e0 janvier 2016 \u00e0 travers le Japon.<\/p>\n<p><img loading=\"lazy\" decoding=\"async\" class=\"alignright size-full wp-image-33184\" src=\"http:\/\/static.jpop-idols.com\/uploads\/2016\/01\/moso-calibration-1st-photobook-2015.jpg\" alt=\"Moso Calibration 1st Photobook Modoku Chuui (\u5984\u6bd2\u6ce8\u610f)\" width=\"106\" height=\"150\" \/>Le 1er photobook des Moso Calibration <span style=\"font-style: italic;\">Modoku Chuui (\u5984\u6bd2\u6ce8\u610f)<\/span> a \u00e9t\u00e9 publi\u00e9 en d\u00e9cembre 2015. Il comporte des photos des filles en bikini en tant que gravure idols.<\/p>\n<p>Elles se sont transform\u00e9es en personnages d&rsquo;anime dans le clip vid\u00e9o de la chanson <span style=\"font-style: italic;\">Omotenadeshiko Denshouchu (\u304a\u3082\u3066\u306a\u3067\u3057\u3053\u4f1d\u627f\u4e2d)<\/span>\u00a0issue de leur 2nd album <span style=\"font-style: italic;\">Moso Invitation (\u5984\u60f3\u30a4\u30f3\u30d3\u30c6\u30fc\u30b7\u30e7\u30f3)<\/span> en vente en janvier 2016.<\/p>\n<p>Le groupe d&rsquo;idols sortira son 1er single en major <span style=\"font-style: italic;\"><a href=\"https:\/\/www.jpop-idols.com\/fr\/moso-calibration-chichinpuipui\/\">Chichinpuipui<\/a> (\u3061\u3061\u3093\u3077\u3044\u3077\u3044\u266a)<\/span> en juin 2016 sous le label Sony Music Records.<\/p>\n<h2>Profil<\/h2>\n<ul>\n<li>Moso Calibration (\u5984\u60f3\u30ad\u30e3\u30ea\u30d6\u30ec\u30fc\u30b7\u30e7\u30f3)<\/li>\n<li>Ann\u00e9es d&rsquo;activit\u00e9 : depuis 2013<\/li>\n<li>Label : Sony Music Records<\/li>\n<li>Agence : Moe Japan<\/li>\n<\/ul>\n<h2>Membres<\/h2>\n<ul>\n<li>Kurumizawa Mahiru (\u80e1\u6843\u6ca2\u307e\u3072\u308b) &#8211; Rose<\/li>\n<li>Sakurano Usa (\u685c\u91ce\u7fbd\u54b2) &#8211; Blanc<\/li>\n<li>Futaba Nae (\u53cc\u8449\u82d7) &#8211; Rouge<\/li>\n<li>Hoshino Nia (\u661f\u91ce\u306b\u3041) &#8211; Jaune<\/li>\n<li>Amamiya Iori (\u96e8\u5bae\u4f0a\u7e54) &#8211; Bleu marine<\/li>\n<li>Mizuki Yumeko (\u6c34\u57ce\u5922\u5b50) &#8211; Vert<\/li>\n<\/ul>\n<p>Anciennes membres<\/p>\n<ul>\n<li>Ichinose Emiri (\u4e00\u4e4b\u702c\u3048\u307f\u308a)<\/li>\n<li>Shindo Miyuna (\u795e\u5802\u672a\u7950\u5948) &#8211; Bleu ciel<\/li>\n<\/ul>\n<h2>Discographie<\/h2>\n<p><span style=\"font-weight: bold;\">Singles<\/span><\/p>\n<ul>\n<li>19\/10\/2013 : Moso ga Tomaranai (\u5984\u60f3\u304c\u6b62\u307e\u3089\u306a\u3044)<\/li>\n<li>16\/11\/2013 : Itsudatte Sekai ni Fighting Pose (\u3044\u3064\u3060\u3063\u3066\u4e16\u754c\u306b\u30d5\u30a1\u30a4\u30c6\u30a3\u30f3\u30b0\u30dd\u30fc\u30ba)<\/li>\n<li>07\/12\/2013 : Hajimete Da yo Konna Kimochi ni Sasetekureta no wa Koi (\u521d\u3081\u3066\u3060\u3088\u3053\u3093\u306a\u6c17\u6301\u3061\u306b\u3055\u305b\u3066\u304f\u308c\u305f\u306e\u306f\u604b\u3002)<\/li>\n<li>22\/02\/2014 : Jinsei wa Ijiwaru nano&#8230; kana? (\u4eba\u751f\u306f\u3044\u3058\u308f\u308b\u306a\u306e\u2026\u304b\u306a\uff1f)<\/li>\n<li>16\/06\/2014 : Nazenara Watashi, Mousou Shoujo Desu no (\u4f55\u6545\u306a\u3089\u79c1\u3001\u5984\u60f3\u5c11\u5973\u3067\u3059\u306e)<\/li>\n<li>18\/11\/2014 : Kanashimi Calibration (\u60b2\u3057\u307f\u30ad\u30e3\u30ea\u30d6\u30ec\u30fc\u30b7\u30e7\u30f3)<\/li>\n<li>07\/04\/2015 : Mahou no Juice (\u9b54\u6cd5\u306e\u30b7\u3099\u30e5\u30fc\u30b9)<\/li>\n<li>04\/08\/2015 : Gensou Koi Hanabi (\u5e7b\u60f3\u604b\u82b1\u706b)<\/li>\n<li>01\/06\/2016 : Chichinpuipui (\u3061\u3061\u3093\u3077\u3044\u3077\u3044\u266a)<\/li>\n<\/ul>\n<p><span style=\"font-weight: bold;\">Albums<\/span><\/p>\n<ul>\n<li>19\/08\/2014 : Moso Shojo\u00a0OO (\u5984\u60f3\u5c11\u5973OO)<\/li>\n<li>01\/01\/2016 : Moso Invitation (\u5984\u60f3\u30a4\u30f3\u30d3\u30c6\u30fc\u30b7\u30e7\u30f3)<\/li>\n<\/ul>\n<h2>Liens<\/h2>\n<ul>\n<li><a title=\"Site officiel\" href=\"http:\/\/mosoclbr.com\/\" target=\"_blank\" rel=\"nofollow\">Site officiel<\/a><\/li>\n<li><a title=\"Blog\" href=\"http:\/\/ameblo.jp\/moso-clbr\/\" target=\"_blank\" rel=\"nofollow\">Blog<\/a><\/li>\n<li><a title=\"Twitter\" href=\"https:\/\/twitter.com\/mosoclbr\" target=\"_blank\" rel=\"nofollow\">Twitter<\/a><\/li>\n<\/ul>\n<h2>News<\/h2>\n<ul>\n<li><a title=\"News\" href=\"https:\/\/www.jpop-idols.com\/fr\/tag\/moso-calibration\/\">Actualit\u00e9<\/a><\/li>\n<\/ul>\n<p><img loading=\"lazy\" decoding=\"async\" class=\"alignnone size-full wp-image-34928\" src=\"http:\/\/static.jpop-idols.com\/uploads\/2016\/04\/moso-calibration.jpg\" alt=\"Moso Calibration (\u5984\u60f3\u30ad\u30e3\u30ea\u30d6\u30ec\u30fc\u30b7\u30e7\u30f3)\" width=\"600\" height=\"404\" srcset=\"https:\/\/static.jpop-idols.com\/uploads\/2016\/04\/moso-calibration.jpg 600w, https:\/\/static.jpop-idols.com\/uploads\/2016\/04\/moso-calibration-300x202.jpg 300w\" sizes=\"auto, (max-width: 600px) 100vw, 600px\" \/><\/p>","protected":false},"excerpt":{"rendered":"<p>D\u00e9sol\u00e9, cet article est seulement disponible en English.<\/p>\n","protected":false},"author":1,"featured_media":0,"parent":0,"menu_order":0,"comment_status":"closed","ping_status":"open","template":"","meta":{"_monsterinsights_skip_tracking":false,"_monsterinsights_sitenote_active":false,"_monsterinsights_sitenote_note":"","_monsterinsights_sitenote_category":0,"footnotes":""},"class_list":["post-23353","page","type-page","status-publish","hentry"],"_links":{"self":[{"href":"https:\/\/www.jpop-idols.com\/fr\/wp-json\/wp\/v2\/pages\/23353","targetHints":{"allow":["GET"]}}],"collection":[{"href":"https:\/\/www.jpop-idols.com\/fr\/wp-json\/wp\/v2\/pages"}],"about":[{"href":"https:\/\/www.jpop-idols.com\/fr\/wp-json\/wp\/v2\/types\/page"}],"author":[{"embeddable":true,"href":"https:\/\/www.jpop-idols.com\/fr\/wp-json\/wp\/v2\/users\/1"}],"replies":[{"embeddable":true,"href":"https:\/\/www.jpop-idols.com\/fr\/wp-json\/wp\/v2\/comments?post=23353"}],"version-history":[{"count":4,"href":"https:\/\/www.jpop-idols.com\/fr\/wp-json\/wp\/v2\/pages\/23353\/revisions"}],"predecessor-version":[{"id":34932,"href":"https:\/\/www.jpop-idols.com\/fr\/wp-json\/wp\/v2\/pages\/23353\/revisions\/34932"}],"wp:attachment":[{"href":"https:\/\/www.jpop-idols.com\/fr\/wp-json\/wp\/v2\/media?parent=23353"}],"curies":[{"name":"wp","href":"https:\/\/api.w.org\/{rel}","templated":true}]}}