{"id":23623,"date":"2014-06-01T22:02:38","date_gmt":"2014-06-01T20:02:38","guid":{"rendered":"http:\/\/www.jpop-idols.com\/en\/?page_id=23623"},"modified":"2016-05-29T18:55:49","modified_gmt":"2016-05-29T16:55:49","slug":"p-idl","status":"publish","type":"page","link":"https:\/\/www.jpop-idols.com\/fr\/p-idl\/","title":{"rendered":"P.IDL"},"content":{"rendered":"<p><img loading=\"lazy\" decoding=\"async\" class=\"alignright size-full wp-image-35141\" src=\"http:\/\/static.jpop-idols.com\/uploads\/2016\/05\/p-idl.jpg\" alt=\"P.IDL\" width=\"150\" height=\"106\" \/><strong>P.IDL<\/strong> est un groupe d&rsquo;idols japonaises form\u00e9 en f\u00e9vrier 2014.<\/p>\n<p>Les membres sont r\u00e9parties dans 4 \u00e9quipes : P (Pop), I (Idol), D (Dance), L (Lady).<\/p>\n<p><!--more--><\/p>\n<p>Le nom du groupe est l&rsquo;abr\u00e9viation de Performance IDol League.<\/p>\n<p>Le concept est \u00ab\u00a0des idols travaillant\u00a0\u00bb puisque les membres sont \u00e9galement employ\u00e9es \u00e0 temps partitel au P.IDL Caf\u00e9.<\/p>\n<p>Ell Tia est originaire du Canada.<\/p>\n<h2>Biographie \/ Histoire<\/h2>\n<p><img loading=\"lazy\" decoding=\"async\" class=\"alignright size-full wp-image-23625\" src=\"http:\/\/static.jpop-idols.com\/uploads\/2014\/06\/p-idl.jpg\" alt=\"P.IDL (Performance Idol League)\" width=\"150\" height=\"57\" \/>22 filles ont \u00e9t\u00e9 retenues \u00e0 l&rsquo;issue des auditions organis\u00e9es en f\u00e9vrier 2014. Les candidates s\u00e9lectionn\u00e9es \u00e9taient \u00e2g\u00e9es entre 14 et 24 ans.<\/p>\n<p>Le P.IDL Caf\u00e9 (\u30ab\u30d5\u30a7) a ouvert en mars 2014 dans le quartier de Harajuku \u00e0 Tokyo.<\/p>\n<p>Le groupe d&rsquo;idols a donn\u00e9 son 1er live en avril 2014 au Shibuya Public Hall \u00e0 Tokyo.<\/p>\n<p><img loading=\"lazy\" decoding=\"async\" class=\"alignright size-thumbnail wp-image-29181\" src=\"http:\/\/static.jpop-idols.com\/uploads\/2015\/04\/pidl-150x150.jpg\" alt=\"P.IDL (Performance IDol League)\" width=\"150\" height=\"150\" \/>Leur 1st single <span style=\"font-style: italic;\"><a title=\"P.IDL - Shoujo no Mama Ja Irarenai\" href=\"https:\/\/www.jpop-idols.com\/fr\/pidl-shoujo-no-mama-ja-irarenai\/\">Shoujo no Mama Ja Irarenai<\/a> (\u5c11\u5973\u306e\u307e\u307e\u3058\u3083\u3044\u3089\u308c\u306a\u3044)<\/span> est sorti en mai 2014.<\/p>\n<p>En octobre 2014, Sakino Yui de la Team L a \u00e9t\u00e9 suspendue d&rsquo;un manque de motivation selon le staff.<\/p>\n<p>Ando Kanna et Hirotsu Maki ont \u00e9t\u00e9 promues dans la Team D fin 2014.<\/p>\n<p>Le single de la Team I <span style=\"font-style: italic;\">Teenage Blues (\u30c6\u30a3\u30fc\u30f3\u30a8\u30a4\u30b8\u30fb\u30d6\u30eb\u30fc\u30b9)<\/span> est la chanson th\u00e8me de l&rsquo;anime <span style=\"font-style: italic;\">file(N)\uff1aproject PQ<\/span>. Il est sorti en mars 2015.<\/p>\n<p>Les filles apparaissent dans l&rsquo;application pour smartphones Cheerz depuis avril 2015.<\/p>\n<p><img loading=\"lazy\" decoding=\"async\" class=\"alignright size-thumbnail wp-image-32240\" src=\"http:\/\/static.jpop-idols.com\/uploads\/2015\/10\/pidl-150x150.jpg\" alt=\"P.IDL\" width=\"150\" height=\"150\" \/>Le single <span style=\"font-style: italic;\"><a href=\"https:\/\/www.jpop-idols.com\/fr\/pidl-natsu\/\">Natsu!<\/a> (\u590f\u3063\uff01)<\/span> a atteint la 6e place au classement quotidien Oricon, et le 13e rang au classement hebdomadaire.<\/p>\n<p>Le groupe soeur P.IDOL Nagoya a \u00e9t\u00e9 form\u00e9 au cours de l&rsquo;\u00e9t\u00e9 2015. Ses membres sont principalement actives dans la r\u00e9gion du Kansai.<\/p>\n<p>Le catcheur professionnel Tenzan Hiroyoshi a apport\u00e9 son soutien au groupe d&rsquo;idols par l&rsquo;interm\u00e9diaire d&rsquo;un message vid\u00e9o \u00e0 l&rsquo;occasion de la sortie de leur 1er album <span style=\"font-style: italic;\"><a href=\"https:\/\/www.jpop-idols.com\/fr\/pidl-mongolian-chop\/\">Mongolian Chop!<\/a> (\u30e2\u30f3\u30b4\u30ea\u30a2\uff5e\u30f3 \u30c1\u30e7\u30c3\u30d7\uff01)<\/span> en noivembre 2015.<\/p>\n<p>Le 1er single des P.IDL Nagoya <span style=\"font-style: italic;\">3 2 1 Dream! Namida Farewell<\/span> est sorti en novembre 2015.<\/p>\n<p>Les filles ont jou\u00e9 dans la pi\u00e8ce de th\u00e9\u00e2tre <span style=\"font-style: italic;\">Stay with Me \/ Sweet Snow<\/span> en novembre 2015.<\/p>\n<p>Le CD <span style=\"font-style: italic;\">Bokura ni Ai wo Kudasai (\u50d5\u3089\u306b\u611b\u3092\u304f\u3060\u3055\u3044)<\/span>, en vente en mars 2016, c\u00e9l\u00e9brait le 2e anniversaire du groupe d&rsquo;idols.<\/p>\n<h2>Profil<\/h2>\n<ul>\n<li><img loading=\"lazy\" decoding=\"async\" class=\"alignright size-full wp-image-23626\" title=\"P.IDL (Performance Idol League)\" src=\"http:\/\/static.jpop-idols.com\/uploads\/2014\/06\/pidl-logo.jpg\" alt=\"P.IDL (Performance Idol League)\" width=\"150\" height=\"74\" \/>P.IDL (Performance Idol League)<\/li>\n<li>Ann\u00e9es d&rsquo;activit\u00e9 : depuis 2014<\/li>\n<li>Label : Formula<\/li>\n<li>Agence : &#8211;<\/li>\n<\/ul>\n<h2>Membres<\/h2>\n<p>Team P (Pop)<\/p>\n<ul>\n<li>Iha Akiko (\u4f0a\u6ce2\u4e9c\u5e0c\u5b50)<\/li>\n<li>Kaburagi Rina (\u93d1\u6728\u68a8\u5948)<\/li>\n<li>Tanaka Ami (\u7530\u4e2d\u4e9c\u7f8e)<\/li>\n<\/ul>\n<p>Team I (Idol)<\/p>\n<ul>\n<li>Abe Aimi (\u963f\u90e8\u30a2\u30a4\u30df)<\/li>\n<li>Kunugi Maika (\u691a\u307e\u3044\u304b)<\/li>\n<li>Furutaka Ayano (\u53e4\u9ad9\u5f69\u4e43)<\/li>\n<li>Miyazaki Nanami (\u5bae\u5d0e\u4e03\u6d77)<\/li>\n<\/ul>\n<p>Team D (Dance)<\/p>\n<ul>\n<li>Ando Kanna (\u5b89\u5802\u681e\u90a3)<\/li>\n<li>Ikeda Rino (\u6c60\u7530\u68a8\u4e43)<\/li>\n<li>Chiba Natsumi (\u5343\u8449\u590f\u5b9f)<\/li>\n<li>Hirano Yuka (\u5e73\u91ce\u7531\u4f73)<\/li>\n<li>Hirotsu Maki (\u5ee3\u6d25\u4e07\u8a18)<\/li>\n<\/ul>\n<p>Team L (Lady)<\/p>\n<ul>\n<li>Ell Tiana (\u30a8\u30eb\u30c6\u30a3\u30a2)<\/li>\n<li>Onuma Risa (\u5c0f\u6cbc\u7406\u7802)<\/li>\n<li>Yasumori Ayana (\u5b89\u68ee\u5f69\u90a3)<\/li>\n<li>Akagi Sayaka (\u8d64\u6728 \u5f69\u9999)<\/li>\n<\/ul>\n<p>SIS.P.I<\/p>\n<ul>\n<li>Akaha Mihiro (\u8d64\u7fbd\u7f8e\u7d18)<\/li>\n<li>Kamata Manase (\u938c\u7530\u611b\u4e16)<\/li>\n<li>Motoki Haruka (\u5143\u6728\u306f\u308b\u304b)<\/li>\n<\/ul>\n<p>P.IDL Nagoya<\/p>\n<ul>\n<li>Kurihara Chiho (\u6817\u539f\u77e5\u7a42)<\/li>\n<li>Nozawa Mariko (\u91ce\u6fa4\u65b9\u5408\u5b50)<\/li>\n<li>Sugiyama Haruka (\u6749\u5c71\u9065)<\/li>\n<li>Yamamoto Rio (\u5c71\u672c\u8389\u592e)<\/li>\n<li>Yamada Melissa (\u5c71\u7530\u30e1\u30ea\u30b5)<\/li>\n<li>Kondo Kisara (\u8fd1\u85e4\u304d\u3055\u3089)<\/li>\n<\/ul>\n<p>Anciennes membres<\/p>\n<ul>\n<li>Kyui Misato (\u4f11\u4e95\u7f8e\u90f7)<\/li>\n<li>Yanagimoto Emi (\u67f3\u672c\u7d75\u7f8e)<\/li>\n<li>Nakajima Keika (\u4e2d\u5cf6\u6075\u9999)<\/li>\n<li>Tani Asako (\u8c37\u4e9c\u6c99\u5b50)<\/li>\n<li>Hayashi Hikari (\u6797\u3072\u304b\u308a)<\/li>\n<li>Morita Saaya (\u68ee\u7530\u723d\u4e9c\u77e2)<\/li>\n<li>Hisaishi Mone (\u4e45\u77f3\u767e\u97f3)<\/li>\n<li>Mizuno Marie (\u6c34\u91ce\u771f\u8389\u7d75)<\/li>\n<li>Seno Manami (\u702c\u4e43\u611b\u7f8e)<\/li>\n<li>Ando Kanna (\u5b89\u5802\u681e\u90a3)<\/li>\n<li>Yamamoto Sora (\u5c71\u672c\u7a7a)<\/li>\n<li>Sugiyama Haruka (\u6749\u5c71\u9065)<\/li>\n<li>Tachibana Chiko (\u7acb\u82b1\u3061\u3053)<\/li>\n<li>Sakino Yui (\u54b2\u91ce\u7d50)<\/li>\n<li>Kajiki Yuria (\u52a0\u6cbb\u6728\u3086\u308a\u3042)<\/li>\n<li>Totsuka Yoshimi (\u6238\u585a\u3088\u3057\u307f)<\/li>\n<li>Toyooka Nagisa (\u8c4a\u5ca1\u6e1a)<\/li>\n<li>Mizuno Marie (\u6c34\u91ce\u771f\u8389\u7d75)<\/li>\n<\/ul>\n<h2>Discographie<\/h2>\n<p><span style=\"font-weight: bold;\">Singles<\/span><\/p>\n<ul>\n<li>07\/05\/2014 : Shoujo no Mama Ja Irarenai (\u5c11\u5973\u306e\u307e\u307e\u3058\u3083\u3044\u3089\u308c\u306a\u3044)<\/li>\n<li>06\/08\/2014 : Samishii Nettaigyo \/ Sansan Aibo (\u6dcb\u3057\u3044\u71b1\u5e2f\u9b5a \/ \u71e6\u71e6\u611b\u6155)<\/li>\n<li>24\/12\/2014 : Stay with Me<\/li>\n<li>25\/03\/2015 : Teenage Blues (\u30c6\u30a3\u30fc\u30f3\u30a8\u30a4\u30b8\u30fb\u30d6\u30eb\u30fc\u30b9) \/ Team I<\/li>\n<li>03\/06\/2015 : Natsu! (\u590f\u3063\uff01)<\/li>\n<li>10\/11\/2015 : 3 2 1 Dream! Namida Farewell (3.2.1. \u30c9\u30ea\u30fc\u30e0\uff01\uff0f\u6d99farewell) \/ P.IDL Nagoya<\/li>\n<li>07\/03\/2016 : Bokura ni Ai wo Kudasai (\u50d5\u3089\u306b\u611b\u3092\u304f\u3060\u3055\u3044)<\/li>\n<\/ul>\n<p><span style=\"font-weight: bold;\">Albums<\/span><\/p>\n<ul>\n<li>04\/11\/2015 : Mongolian Chop! (\u30e2\u30f3\u30b4\u30ea\u30a2\uff5e\u30f3 \u30c1\u30e7\u30c3\u30d7\uff01)<\/li>\n<\/ul>\n<h2>Liens<\/h2>\n<ul>\n<li><a title=\"Official Website\" href=\"http:\/\/pidl.jp\/\" target=\"_blank\" rel=\"nofollow\">Site officiel<\/a><\/li>\n<li><a title=\"Blog\" href=\"http:\/\/ameblo.jp\/pidl-staff\/\" target=\"_blank\" rel=\"nofollow\">Blog<\/a><\/li>\n<li><a title=\"Twitter\" href=\"https:\/\/twitter.com\/PIDL_official\" target=\"_blank\" rel=\"nofollow\">Twitter<\/a><\/li>\n<li><a title=\"Facebook\" href=\"https:\/\/www.facebook.com\/p.idl.japan\" target=\"_blank\" rel=\"nofollow\">Facebook<\/a><\/li>\n<li><a title=\"YouTube\" href=\"https:\/\/www.youtube.com\/user\/pidlofficial\" target=\"_blank\" rel=\"nofollow\">YouTube<\/a><\/li>\n<\/ul>\n<h2>News<\/h2>\n<ul>\n<li><a title=\"News\" href=\"https:\/\/www.jpop-idols.com\/fr\/tag\/pidl\/\">Actualit\u00e9<\/a><\/li>\n<\/ul>\n<p><img loading=\"lazy\" decoding=\"async\" class=\"alignnone size-full wp-image-35140\" src=\"http:\/\/static.jpop-idols.com\/uploads\/2016\/05\/pidl.jpg\" alt=\"P.IDL\" width=\"600\" height=\"422\" srcset=\"https:\/\/static.jpop-idols.com\/uploads\/2016\/05\/pidl.jpg 600w, https:\/\/static.jpop-idols.com\/uploads\/2016\/05\/pidl-300x211.jpg 300w\" sizes=\"auto, (max-width: 600px) 100vw, 600px\" \/><\/p>\n<p>&nbsp;<\/p>","protected":false},"excerpt":{"rendered":"<p>D\u00e9sol\u00e9, cet article est seulement disponible en English.<\/p>\n","protected":false},"author":1,"featured_media":0,"parent":0,"menu_order":0,"comment_status":"closed","ping_status":"open","template":"","meta":{"_monsterinsights_skip_tracking":false,"_monsterinsights_sitenote_active":false,"_monsterinsights_sitenote_note":"","_monsterinsights_sitenote_category":0,"footnotes":""},"class_list":["post-23623","page","type-page","status-publish","hentry"],"_links":{"self":[{"href":"https:\/\/www.jpop-idols.com\/fr\/wp-json\/wp\/v2\/pages\/23623","targetHints":{"allow":["GET"]}}],"collection":[{"href":"https:\/\/www.jpop-idols.com\/fr\/wp-json\/wp\/v2\/pages"}],"about":[{"href":"https:\/\/www.jpop-idols.com\/fr\/wp-json\/wp\/v2\/types\/page"}],"author":[{"embeddable":true,"href":"https:\/\/www.jpop-idols.com\/fr\/wp-json\/wp\/v2\/users\/1"}],"replies":[{"embeddable":true,"href":"https:\/\/www.jpop-idols.com\/fr\/wp-json\/wp\/v2\/comments?post=23623"}],"version-history":[{"count":4,"href":"https:\/\/www.jpop-idols.com\/fr\/wp-json\/wp\/v2\/pages\/23623\/revisions"}],"predecessor-version":[{"id":35142,"href":"https:\/\/www.jpop-idols.com\/fr\/wp-json\/wp\/v2\/pages\/23623\/revisions\/35142"}],"wp:attachment":[{"href":"https:\/\/www.jpop-idols.com\/fr\/wp-json\/wp\/v2\/media?parent=23623"}],"curies":[{"name":"wp","href":"https:\/\/api.w.org\/{rel}","templated":true}]}}