{"id":2443,"date":"2012-09-03T19:52:52","date_gmt":"2012-09-03T17:52:52","guid":{"rendered":"http:\/\/www.jpop-idols.com\/en\/?page_id=2443"},"modified":"2016-02-02T14:48:27","modified_gmt":"2016-02-02T13:48:27","slug":"doll-elements","status":"publish","type":"page","link":"https:\/\/www.jpop-idols.com\/fr\/doll-elements\/","title":{"rendered":"Doll Elements"},"content":{"rendered":"<p><img decoding=\"async\" loading=\"lazy\" class=\"alignright size-thumbnail wp-image-33625\" src=\"http:\/\/static.jpop-idols.com\/uploads\/2016\/02\/doll-elements-150x150.jpg\" alt=\"Doll Elements (\u3069\u308b\u3048\u308c)\" width=\"150\" height=\"150\" \/><strong>Doll Elements<\/strong> est un groupe d&rsquo;idols japonaises form\u00e9 en 2011 par Arc Jewel. Leur nom est parfois raccourci en Doll Ele (\u3069\u308b\u3048\u308c),<\/p>\n<p>Il est actuellement compos\u00e9 de 5 membres.<\/p>\n<p>Doll\u2606Elements est un groupe soeur des <a title=\"Lovely Doll (\u611b\u4e59\u5973\u2605Doll)\" href=\"https:\/\/www.jpop-idols.com\/fr\/lovely-doll\/\">Lovely Doll<\/a> (\u611b\u4e59\u5973\u2605Doll), des <a title=\"Ange Reve\" href=\"https:\/\/www.jpop-idols.com\/fr\/ange-reve\/\">Ange\u2606Reve<\/a>, des <a title=\"Luce Twinkle Wink\u2606\" href=\"https:\/\/www.jpop-idols.com\/fr\/luce-twinkle-wink\/\">Luce Twinkle Wink\u2606<\/a> et des <a title=\"Stella Beats\" href=\"https:\/\/www.jpop-idols.com\/fr\/stella-beats\/\">Stella\u2606Beats<\/a>.<\/p>\n<p><!--more--><\/p>\n<h2>Biographie \/ Histoire<\/h2>\n<p>A l&rsquo;origine, les membres faisaient partie de la 3e g\u00e9n\u00e9ration des Kenkyuusei (\u7814\u7a76\u751f) des Lovely Doll.<\/p>\n<p><img decoding=\"async\" loading=\"lazy\" class=\"alignright size-full wp-image-2987\" src=\"http:\/\/static.jpop-idols.com\/uploads\/2012\/09\/doll-elements.jpg\" alt=\"Doll\u2606Elements\" width=\"150\" height=\"87\" \/>Les Doll\u2606Elements se sont produites lors de leur 1er live en avril 2012 au Shibuya WWW \u00e0 Tokyo.<\/p>\n<p>Tamechika Anna a d\u00e9missionn\u00e9 en ao\u00fbt 2012. Elle faisait aussi partie des <a title=\"Bakusute Sotokanda Icchome\" href=\"https:\/\/www.jpop-idols.com\/fr\/bakusute-sotokanda-icchome\/\">Bakusute Sotokanda Icchome<\/a> (\u30d0\u30af\u30b9\u30c6\u5916\u795e\u7530\u4e00\u4e01\u76ee) \u00e0 la m\u00eame p\u00e9riode.<\/p>\n<p>Les Doll\u2606Elements ont sorti leur 1er single Miracle\u2606Elements (\u30df\u30e9\u30af\u30eb\u2606\u30a8\u30ec\u30e1\u30f3\u30c4) en septembre 2012.<\/p>\n<p><img decoding=\"async\" loading=\"lazy\" class=\"alignright size-full wp-image-10755\" src=\"http:\/\/static.jpop-idols.com\/uploads\/2013\/04\/doll-elements.jpg\" alt=\"Doll Elements\" width=\"150\" height=\"100\" \/>Le groupe d&rsquo;idols a fait ses d\u00e9buts en major sous le label Dreamusic en juillet 2013.<\/p>\n<p>Komori Yukino a int\u00e9gr\u00e9 les Doll\u2606Elements en novembre 2013.<\/p>\n<p><a title=\"Ayamori Aoi quitte les Doll Elements\" href=\"https:\/\/www.jpop-idols.com\/fr\/ayamori-aoi-doll-elements-graduation\/\">Ayamori Aoi<\/a> a effectu\u00e9 sa graduation en d\u00e9cembre 2013 afin de retrouver la vie d&rsquo;une fille normale.<\/p>\n<p>En janvier 2014, leur \u00e9mission <span style=\"font-style: italic;\">Doll\u2606Elements no Radio Bangumi, Ryakushite \u00ab\u00a0Doll Radio\u00a0\u00bb (Doll\u2606Elements\u306e\u30e9\u30b8\u30aa\u756a\u7d44\u3001\u7565\u3057\u3066\u300e\u3069\u308b\u30e9\u30b8\u300f)<\/span> a d\u00e9but\u00e9 sur Tokyo FM.<\/p>\n<p><img decoding=\"async\" loading=\"lazy\" class=\"alignright size-full wp-image-18853\" src=\"http:\/\/static.jpop-idols.com\/uploads\/2014\/01\/doll-elements.jpg\" alt=\"Doll\u2606Elements\" width=\"150\" height=\"100\" \/>Koizumi Haruka a rejoint le groupe d&rsquo;idols en janvier 2014. Elle est une ancienne membre des <a title=\"YGA (Yoshimoto Gravure Agency)\" href=\"https:\/\/www.jpop-idols.com\/fr\/yga-yoshimoto-gravure-agency\/\">YGA<\/a> (Yoshimoto Gravure Agency).<\/p>\n<p>Koizumi Haruka anime la rubrique <span style=\"font-style: italic;\">Ima Doki (\u30a4\u30de\u30c9\u30ad)<\/span> dans l&rsquo;\u00e9mission de divertissement <span style=\"font-style: italic;\">Mezamashi TV (\u3081\u3056\u307e\u3057\u30c6\u30ec\u30d3)<\/span> sur Fuji TV entre avril 2014 et mars 2015. En tant que \u00ab\u00a0Ima Doki Girl\u00a0\u00bb (\u30a4\u30de\u30c9\u30ad\u30ac\u30fc\u30eb), elle pr\u00e9sente les derni\u00e8res tendances en mati\u00e8re de nourriture et de mode.<\/p>\n<p><img decoding=\"async\" loading=\"lazy\" class=\"alignright size-full wp-image-25320\" src=\"http:\/\/static.jpop-idols.com\/uploads\/2014\/09\/doll-elements-idol.jpg\" alt=\"Doll Elements\" width=\"150\" height=\"117\" \/>Leur <a title=\"Doll Elements - Watashitachi Itsudemo Kimi no Mikata Da yo Doll Elements Desu!\" href=\"https:\/\/www.jpop-idols.com\/fr\/doll-elements-watashitachi-itsudemo-kimi-no-mikata-da-yo-doll-elements-desu\/\">1er album<\/a> est sorti en octobre 2014.<\/p>\n<p>Le groupe d&rsquo;idols s&rsquo;est produit en concert avec les Neo from Idoling!!! en d\u00e9cembre 2014.<\/p>\n<p>La tourn\u00e9e <span style=\"font-style: italic;\">Doll\u2729Elements First Japan Tour<\/span> s&rsquo;est d\u00e9roul\u00e9e de f\u00e9vrier \u00e0 avril 2015.<\/p>\n<p>Elles ont particip\u00e9 au <span style=\"font-style: italic;\">J Series Festival<\/span> \u00e0 Jakarta, en Indon\u00e9sie, en juin 2015.<\/p>\n<p><img decoding=\"async\" loading=\"lazy\" class=\"alignright size-full wp-image-30156\" src=\"http:\/\/static.jpop-idols.com\/uploads\/2015\/05\/doll-elements-idol.jpg\" alt=\"doll-elements-idol\" width=\"150\" height=\"100\" \/>Les filles animent l&rsquo;\u00e9mission de divertissement <span style=\"font-style: italic;\">Doll Ele no Kimi ni \u25ef\u25ef Yarasetai (\u3069\u308b\u2606\u3048\u308c\u306e\u541b\u306b\u25ef\u25ef\u3084\u3089\u305b\u305f\u3044\uff01)<\/span> sur Kawaiian TV depuis juillet 2015.<\/p>\n<p>Leur 2nd album <span style=\"font-style: italic;\">Doll Magic<\/span> a \u00e9t\u00e9 mis en vente en d\u00e9cembre 2015.<\/p>\n<p>En parall\u00e8le, certains membres ont \u00e9galement des activit\u00e9s en solo. Tonosaki Rika est une gravure idol. Kojima Runa est mannequin pour le magazine de mode <span style=\"font-style: italic;\">Tokyo Cawaii Beauty<\/span>.<\/p>\n<h2>Profil<\/h2>\n<ul>\n<li>Doll\u2606Elements (\u30c9\u30fc\u30eb\u30a8\u30ec\u30e1\u30f3\u30c4)<\/li>\n<li>Ann\u00e9es d&rsquo;activit\u00e9 : depuis 2011<\/li>\n<li>Label : Dreamusic<\/li>\n<li>Agence : Arc Jewel<\/li>\n<\/ul>\n<h2>Membres<\/h2>\n<ul>\n<li>Gonda Natsumi (\u6a29\u7530\u590f\u6d77)<\/li>\n<li>Tonosaki Rika (\u5916\u5d0e\u68a8\u9999)<\/li>\n<li>Koizumi Haruka (\u5c0f\u6cc9\u9065)<\/li>\n<li>Kojima Runa (\u5c0f\u5cf6\u7460\u90a3)<\/li>\n<li>Komori Yukino (\u5c0f\u68ee\u3086\u304d\u306e)<\/li>\n<\/ul>\n<p>Anciennes membres<\/p>\n<ul>\n<li>Tamechika Anna (\u70ba\u8fd1\u3042\u3093\u306a)<\/li>\n<li>Ayamori Aoi (\u7dbe\u68ee\u3042\u304a\u3044)<\/li>\n<\/ul>\n<h2>Discographie<\/h2>\n<p><span style=\"font-weight: bold;\">Singles<\/span><\/p>\n<ul>\n<li>25\/09\/2012 : Miracle\u2606Elements (\u30df\u30e9\u30af\u30eb\u2606\u30a8\u30ec\u30e1\u30f3\u30c4)<\/li>\n<li>19\/03\/2013 : Gyutto Star!! (\u30ae\u30e5\u30c3\u3068Star!!)<\/li>\n<li>03\/07\/2013 : Kimi no Heart ni Tokihanatsu! (\u541b\u306e\u30cf\u30fc\u30c8\u306b\u89e3\u304d\u653e\u3064\uff01)<\/li>\n<li>16\/10\/2013 : Kimi no Koto Mamoritai! (\u541b\u306e\u30b3\u30c8\u5b88\u308a\u305f\u3044\uff01)<\/li>\n<li>02\/04\/2014 : Kimi no Tonari de Odoritai! (\u541b\u306e\u30c8\u30ca\u30ea\u3067\u8e0a\u308a\u305f\u3044\uff01)<\/li>\n<li>02\/07\/2014 : Kimi no Negai Kanaetai! (\u541b\u306e\u30cd\u30ac\u30a4\u53f6\u3048\u305f\u3044\uff01)<\/li>\n<li>07\/01\/2015 : Kimi ni Sakura Hirari to Mau (\u541b\u306b\u685c\u30d2\u30e9\u30ea\u3068\u821e\u3046)<\/li>\n<li>01\/04\/2015 : Kimi to Mirai Tsukuritai! (\u541b\u3068\u30df\u30e9\u30a4\u4f5c\u308a\u305f\u3044\uff01)<\/li>\n<li>19\/08\/2015 : Kimi no Omoi Todoketai (\u541b\u306e\u30aa\u30e2\u30a4\u5c4a\u3051\u305f\u3044)<\/li>\n<li>13\/04\/2016 : Dear Future<\/li>\n<\/ul>\n<p><span style=\"font-weight: bold;\">Albums<\/span><\/p>\n<ul>\n<li>01\/10\/2014 : Watashitachi Itsudemo Kimi no Mikata Da yo Doll\u2606Elements Desu! (\u79c1\u305f\u3061\u3044\u3064\u3067\u3082\u541b\u306e\u5473\u65b9\u3060\u3088 Doll\u2606Elements\u3067\u3059\uff01)<\/li>\n<li>02\/12\/2015 : Doll Magic<\/li>\n<\/ul>\n<h2>Liens<\/h2>\n<ul>\n<li><a title=\"Site officiel\" href=\"http:\/\/www.doll-elements.com\/\" target=\"_blank\">Site officiel<\/a><\/li>\n<li><a title=\"Blog\" href=\"http:\/\/ameblo.jp\/doll-elements\/\" target=\"_blank\">Blog<\/a><\/li>\n<\/ul>\n<h2>News<\/h2>\n<ul>\n<li><a title=\"News\" href=\"https:\/\/www.jpop-idols.com\/fr\/tag\/doll-elements\/\">Actualit\u00e9<\/a><\/li>\n<\/ul>\n<p><img decoding=\"async\" loading=\"lazy\" class=\"alignnone size-full wp-image-33625\" src=\"http:\/\/static.jpop-idols.com\/uploads\/2016\/02\/doll-elements.jpg\" alt=\"Doll Elements (\u3069\u308b\u3048\u308c)\" width=\"600\" height=\"391\" srcset=\"https:\/\/static.jpop-idols.com\/uploads\/2016\/02\/doll-elements.jpg 600w, https:\/\/static.jpop-idols.com\/uploads\/2016\/02\/doll-elements-300x196.jpg 300w\" sizes=\"(max-width: 600px) 100vw, 600px\" \/><\/p>","protected":false},"excerpt":{"rendered":"<p>D\u00e9sol\u00e9, cet article est seulement disponible en Anglais Am\u00e9ricain.<\/p>\n","protected":false},"author":1,"featured_media":0,"parent":0,"menu_order":0,"comment_status":"closed","ping_status":"open","template":"","meta":{"_monsterinsights_skip_tracking":false,"_monsterinsights_sitenote_active":false,"_monsterinsights_sitenote_note":"","_monsterinsights_sitenote_category":0},"_links":{"self":[{"href":"https:\/\/www.jpop-idols.com\/fr\/wp-json\/wp\/v2\/pages\/2443"}],"collection":[{"href":"https:\/\/www.jpop-idols.com\/fr\/wp-json\/wp\/v2\/pages"}],"about":[{"href":"https:\/\/www.jpop-idols.com\/fr\/wp-json\/wp\/v2\/types\/page"}],"author":[{"embeddable":true,"href":"https:\/\/www.jpop-idols.com\/fr\/wp-json\/wp\/v2\/users\/1"}],"replies":[{"embeddable":true,"href":"https:\/\/www.jpop-idols.com\/fr\/wp-json\/wp\/v2\/comments?post=2443"}],"version-history":[{"count":4,"href":"https:\/\/www.jpop-idols.com\/fr\/wp-json\/wp\/v2\/pages\/2443\/revisions"}],"predecessor-version":[{"id":33633,"href":"https:\/\/www.jpop-idols.com\/fr\/wp-json\/wp\/v2\/pages\/2443\/revisions\/33633"}],"wp:attachment":[{"href":"https:\/\/www.jpop-idols.com\/fr\/wp-json\/wp\/v2\/media?parent=2443"}],"curies":[{"name":"wp","href":"https:\/\/api.w.org\/{rel}","templated":true}]}}