{"id":26089,"date":"2015-05-08T15:33:00","date_gmt":"2015-05-08T13:33:00","guid":{"rendered":"http:\/\/www.jpop-idols.com\/en\/?page_id=26089"},"modified":"2016-01-09T13:45:14","modified_gmt":"2016-01-09T12:45:14","slug":"passcode","status":"publish","type":"page","link":"https:\/\/www.jpop-idols.com\/fr\/passcode\/","title":{"rendered":"PassCode"},"content":{"rendered":"<p><img loading=\"lazy\" decoding=\"async\" class=\"alignright size-full wp-image-33134\" src=\"http:\/\/static.jpop-idols.com\/uploads\/2016\/01\/passcode-idol.jpg\" alt=\"PassCode\" width=\"150\" height=\"78\" \/><strong>PassCode<\/strong> est un groupe d&rsquo;idols japonaises form\u00e9 en 2013.<\/p>\n<p>Il est actuellement compos\u00e9 de 4 membres. Chacune d&rsquo;entre elles est associ\u00e9e \u00e0 une couleur.<br \/>\n<!--more--><\/p>\n<h2>Biographie \/ Histoire<\/h2>\n<p>Les PassCode interpr\u00e8tent des chansons aux styles rock, pop et EDM (electro dance music).<\/p>\n<p>Le groupe d&rsquo;idols est bas\u00e9 \u00e0 Osaka. Les 4 filles sont originaires de cette ville.<\/p>\n<p>Le producteur Hirachi Koji est en charge de la composition des musiques.<\/p>\n<p>Les PassCode ont d\u00e9but\u00e9 leurs activit\u00e9s en 2013.<\/p>\n<p>Kurohara Yuri est la seule membre restante de l&rsquo;effectif d&rsquo;origine.<\/p>\n<p>Minami Nao a \u00e9t\u00e9 recrut\u00e9e en juillet 2013.<\/p>\n<p>3 anciennes membres sont successivement parties en juillet, ao\u00fbt et d\u00e9cembre 2013.<\/p>\n<p><img loading=\"lazy\" decoding=\"async\" class=\"alignright size-full wp-image-29638\" src=\"http:\/\/static.jpop-idols.com\/uploads\/2015\/05\/passcode-2014-idol.jpg\" alt=\"PassCode\" width=\"150\" height=\"108\" \/>Takashima Kaede et Imada Yuna ont rejoint le groupe d&rsquo;idols en janvier 2014.<\/p>\n<p>Le 1er live des PassCode a eu lieu en mars 2014 au Osaka Ruido.<\/p>\n<p>Leur 1er single <span style=\"font-style: italic;\">Nextage<\/span> est sorti en septembre 2014.<\/p>\n<p>Le CD a \u00e9t\u00e9 suivi par leur 1er album <span style=\"font-style: italic;\">All Is Vanity<\/span> en octobre 2014.<\/p>\n<p><img loading=\"lazy\" decoding=\"async\" class=\"alignright size-thumbnail wp-image-29635\" src=\"http:\/\/static.jpop-idols.com\/uploads\/2014\/10\/passcode-150x150.jpg\" alt=\"PassCode\" width=\"150\" height=\"150\" \/>Les filles essaient de s&rsquo;\u00e9chapper d&rsquo;un monde apocalyptique dans le clip vid\u00e9o de <span style=\"font-style: italic;\"><a href=\"https:\/\/www.jpop-idols.com\/fr\/passcode-now-i-know\/\">Now I Know<\/a><\/span> en vente en mai 2015.<\/p>\n<p>Ogami Hinako a rejoint les PassCode en tant que nouvelle membre en ao\u00fbt 2015. Elle a effectu\u00e9 sa premi\u00e8re apparition au cours du\u00a0<span style=\"font-style: italic;\">Tokyo Idol Festival<\/span>.<\/p>\n<p>Kurohara Yuri a annonc\u00e9 son d\u00e9part\u00a0en raison de probl\u00e8mes de sant\u00e9 en octobre 2015..<\/p>\n<p>Le groupe d&rsquo;idols a organis\u00e9 sa 1\u00e8re tourn\u00e9e de concerts <span style=\"font-style: italic;\">Trial of PassCode<\/span> d&rsquo;octobre 2015 \u00e0 janvier 2016 \u00e0 travers le Japon.<\/p>\n<p><img loading=\"lazy\" decoding=\"async\" class=\"alignright size-full wp-image-32557\" src=\"http:\/\/static.jpop-idols.com\/uploads\/2015\/11\/passcode-idol.jpg\" alt=\"PassCode\" width=\"150\" height=\"94\" \/>Les cris de Imada Yuna dans les chansons sont l&rsquo;une des caract\u00e9ristiques du groupe d&rsquo;idols.<\/p>\n<p>Leurs fans sont appel\u00e9s \u00ab\u00a0hackers\u00a0\u00bb.<\/p>\n<h2>Profil<\/h2>\n<ul>\n<li>PassCode<\/li>\n<li>Ann\u00e9es d&rsquo;activit\u00e9 : depuis 2013<\/li>\n<li>Label : &#8211;<\/li>\n<li>Agence : We-Bstudio<\/li>\n<\/ul>\n<h2>Membres<\/h2>\n<ul>\n<li>Takashima Kaede (\u9ad8\u5d8b\u6953) &#8211; Jaune<\/li>\n<li>Imada Yuna (\u4eca\u7530\u5922\u83dc) &#8211; Bleu<\/li>\n<li>Minami Nao (\u5357\u83dc\u751f) &#8211; Rose<\/li>\n<li>Ogami Hinako (\u5927\u4e0a\u967d\u5948\u5b50)<\/li>\n<\/ul>\n<p>Anciennes membres<\/p>\n<ul>\n<li>Kurohara Yuri (\u9ed2\u539f\u512a\u68a8) &#8211; Rouge<\/li>\n<\/ul>\n<h2>Discographie<\/h2>\n<p><span style=\"font-weight: bold;\">Singles<\/span><\/p>\n<ul>\n<li>26\/09\/2014 : Nextage<\/li>\n<li>27\/05\/2015 : Now I Know<\/li>\n<li>25\/11\/2015 : Never Sleep Again<\/li>\n<\/ul>\n<p><span style=\"font-weight: bold;\">Albums<\/span><\/p>\n<ul>\n<li>01\/10\/2014 : All Is Vanity<\/li>\n<\/ul>\n<h2>Liens<\/h2>\n<ul>\n<li><a title=\"Official Website\" href=\"http:\/\/passcode-official.com\/\" target=\"_blank\" rel=\"nofollow\">Site officiel<\/a><\/li>\n<li><a title=\"Blog\" href=\"http:\/\/ameblo.jp\/passcode-official\/\" target=\"_blank\" rel=\"nofollow\">Blog<\/a><\/li>\n<li><a title=\"Twitter\" href=\"https:\/\/twitter.com\/passcodeO\" target=\"_blank\" rel=\"nofollow\">Twitter<\/a><\/li>\n<\/ul>\n<h2>News<\/h2>\n<ul>\n<li><a href=\"https:\/\/www.jpop-idols.com\/fr\/tag\/passcode\/\">Actualit\u00e9<\/a><\/li>\n<\/ul>\n<p><img loading=\"lazy\" decoding=\"async\" class=\"alignnone size-full wp-image-33133\" src=\"http:\/\/static.jpop-idols.com\/uploads\/2016\/01\/passcode.jpg\" alt=\"PassCode\" width=\"600\" height=\"310\" srcset=\"https:\/\/static.jpop-idols.com\/uploads\/2016\/01\/passcode.jpg 600w, https:\/\/static.jpop-idols.com\/uploads\/2016\/01\/passcode-300x155.jpg 300w\" sizes=\"auto, (max-width: 600px) 100vw, 600px\" \/><\/p>","protected":false},"excerpt":{"rendered":"<p>D\u00e9sol\u00e9, cet article est seulement disponible en English.<\/p>\n","protected":false},"author":1,"featured_media":0,"parent":0,"menu_order":0,"comment_status":"closed","ping_status":"open","template":"","meta":{"_monsterinsights_skip_tracking":false,"_monsterinsights_sitenote_active":false,"_monsterinsights_sitenote_note":"","_monsterinsights_sitenote_category":0,"footnotes":""},"class_list":["post-26089","page","type-page","status-publish","hentry"],"_links":{"self":[{"href":"https:\/\/www.jpop-idols.com\/fr\/wp-json\/wp\/v2\/pages\/26089","targetHints":{"allow":["GET"]}}],"collection":[{"href":"https:\/\/www.jpop-idols.com\/fr\/wp-json\/wp\/v2\/pages"}],"about":[{"href":"https:\/\/www.jpop-idols.com\/fr\/wp-json\/wp\/v2\/types\/page"}],"author":[{"embeddable":true,"href":"https:\/\/www.jpop-idols.com\/fr\/wp-json\/wp\/v2\/users\/1"}],"replies":[{"embeddable":true,"href":"https:\/\/www.jpop-idols.com\/fr\/wp-json\/wp\/v2\/comments?post=26089"}],"version-history":[{"count":3,"href":"https:\/\/www.jpop-idols.com\/fr\/wp-json\/wp\/v2\/pages\/26089\/revisions"}],"predecessor-version":[{"id":33136,"href":"https:\/\/www.jpop-idols.com\/fr\/wp-json\/wp\/v2\/pages\/26089\/revisions\/33136"}],"wp:attachment":[{"href":"https:\/\/www.jpop-idols.com\/fr\/wp-json\/wp\/v2\/media?parent=26089"}],"curies":[{"name":"wp","href":"https:\/\/api.w.org\/{rel}","templated":true}]}}