{"id":26244,"date":"2014-11-02T13:36:27","date_gmt":"2014-11-02T12:36:27","guid":{"rendered":"http:\/\/www.jpop-idols.com\/en\/?page_id=26244"},"modified":"2014-11-02T13:36:27","modified_gmt":"2014-11-02T12:36:27","slug":"eriko","status":"publish","type":"page","link":"https:\/\/www.jpop-idols.com\/fr\/eriko\/","title":{"rendered":"Eriko"},"content":{"rendered":"<p><img loading=\"lazy\" decoding=\"async\" class=\"alignright size-full wp-image-26376\" src=\"http:\/\/static.jpop-idols.com\/uploads\/2014\/11\/kawasaki-eriko.jpg\" alt=\"Kawasaki Eriko\" width=\"150\" height=\"113\" \/><strong>Eriko<\/strong> est une idol, chanteuse, mannequin et \u00ab\u00a0talent\u00a0\u00bb japonaises. Son nom complet est Kawasaki Eriko.<\/p>\n<p>Elle fait partie du projet K-ble Jungle. En compagnie de DJ Shiru, elle se produit r\u00e9guli\u00e8rement en live en Italie et en Europe.<\/p>\n<p><!--more--><\/p>\n<h2>Biographie<\/h2>\n<p>Kawasaki Eriko est n\u00e9e \u00e0 Nagasaki.<\/p>\n<p>Eriko a d\u00e9but\u00e9 sa carri\u00e8re au Japon. Elle est apparue dans des publicit\u00e9s et en tant qu&rsquo;invit\u00e9e dans des \u00e9missions TV. Elle a aussi travaill\u00e9 en tant que mannequin pour divers magazines ou sites internet.<\/p>\n<p>Elle a obtenu un dipl\u00f4me d&rsquo;une \u00e9cole de musique au Japon. Elle joue du piano et de la trompette.<\/p>\n<p>Eriko a d\u00e9m\u00e9nag\u00e9 en Italie il y a quelques ann\u00e9es pour \u00e9tudier la musique d&rsquo;op\u00e9ra au Conservatoire.<\/p>\n<p>En Europe, elle est \u00e9galement mannequin. Elle a fait du cosplay et port\u00e9 des kimonos ainsi que des costumes traditionnels japonais au cours de festivals.<\/p>\n<p>Elle est membre de l&rsquo;Association d&rsquo;amiti\u00e9 italo-japonaise Ochacaff\u00e8 (Associazione Amicizia Italia-Giappone Ochacaff\u00e8).<\/p>\n<p>Eriko a form\u00e9 le groupe K-ble Jungle avec DJ Shiru en 2013. Le duo participe \u00e0 divers festivals d\u00e9di\u00e9s au Japon en Europe. Ils font des reprises de musique d&rsquo;anime et interpr\u00e8tent des chansons, J-pop et J-rock originales.<\/p>\n<p>Les K-ble Jungle ont effectu\u00e9 un live tour au Japon pendant les \u00e9t\u00e9s 2013 et 2014. Le groupe a donn\u00e9 des concerts \u00e0 Tokyo, Osaka et Nagoya.<\/p>\n<p>Leur 1er mini-album est sorti en Italie, au Japon et en Suisse en novembre 2014.<\/p>\n<p>Kawasaki Eriko a particip\u00e9 au <span style=\"font-style: italic;\">Napoli Comicon<\/span> et \u00e0 <span style=\"font-style: italic;\">Katagames<\/span> en 2014 en Italie aux c\u00f4t\u00e9s des <a title=\"Bakusute Sotokanda Icchome\" href=\"https:\/\/www.jpop-idols.com\/fr\/bakusute-sotokanda-icchome\/\">Bakusute Sotokanda Icchome<\/a>. Elle a travaill\u00e9 avec d&rsquo;autres idols dans le pass\u00e9.<\/p>\n<h2>Profil<\/h2>\n<ul>\n<li>Kawasaki Eriko<\/li>\n<li>Label : &#8211;<\/li>\n<li>Agence : Ochacaff\u00e8<\/li>\n<\/ul>\n<h2>Discographie<\/h2>\n<p><span style=\"font-weight: bold;\">Singles<\/span><\/p>\n<ul>\n<li>2013 : Cable Jungle<\/li>\n<li>2014 : Colorful CD<\/li>\n<li>2014 : Remixes<\/li>\n<li>2014 : Oikakete Future<\/li>\n<\/ul>\n<p><span style=\"font-weight: bold;\">Albums<\/span><\/p>\n<h2>Liens<\/h2>\n<ul>\n<li><a href=\"http:\/\/www.kblejungle.com\" target=\"_blank\" rel=\"nofollow\">Site officiel<\/a><\/li>\n<\/ul>\n<p><img loading=\"lazy\" decoding=\"async\" class=\"alignnone size-full wp-image-26375\" src=\"http:\/\/static.jpop-idols.com\/uploads\/2014\/11\/eriko-kawasaki.jpg\" alt=\"Kawasaki Eriko\" width=\"600\" height=\"450\" srcset=\"https:\/\/static.jpop-idols.com\/uploads\/2014\/11\/eriko-kawasaki.jpg 600w, https:\/\/static.jpop-idols.com\/uploads\/2014\/11\/eriko-kawasaki-300x225.jpg 300w\" sizes=\"auto, (max-width: 600px) 100vw, 600px\" \/><\/p>","protected":false},"excerpt":{"rendered":"<p>Eriko est une idol, chanteuse, mannequin et \u00ab\u00a0talent\u00a0\u00bb japonaises. Son nom complet est Kawasaki Eriko. Elle fait partie du projet K-ble Jungle. En compagnie de DJ Shiru, elle se produit r\u00e9guli\u00e8rement en live en Italie et en Europe.<\/p>\n","protected":false},"author":1,"featured_media":0,"parent":0,"menu_order":0,"comment_status":"closed","ping_status":"open","template":"","meta":{"_monsterinsights_skip_tracking":false,"_monsterinsights_sitenote_active":false,"_monsterinsights_sitenote_note":"","_monsterinsights_sitenote_category":0,"footnotes":""},"class_list":["post-26244","page","type-page","status-publish","hentry"],"_links":{"self":[{"href":"https:\/\/www.jpop-idols.com\/fr\/wp-json\/wp\/v2\/pages\/26244","targetHints":{"allow":["GET"]}}],"collection":[{"href":"https:\/\/www.jpop-idols.com\/fr\/wp-json\/wp\/v2\/pages"}],"about":[{"href":"https:\/\/www.jpop-idols.com\/fr\/wp-json\/wp\/v2\/types\/page"}],"author":[{"embeddable":true,"href":"https:\/\/www.jpop-idols.com\/fr\/wp-json\/wp\/v2\/users\/1"}],"replies":[{"embeddable":true,"href":"https:\/\/www.jpop-idols.com\/fr\/wp-json\/wp\/v2\/comments?post=26244"}],"version-history":[{"count":3,"href":"https:\/\/www.jpop-idols.com\/fr\/wp-json\/wp\/v2\/pages\/26244\/revisions"}],"predecessor-version":[{"id":26378,"href":"https:\/\/www.jpop-idols.com\/fr\/wp-json\/wp\/v2\/pages\/26244\/revisions\/26378"}],"wp:attachment":[{"href":"https:\/\/www.jpop-idols.com\/fr\/wp-json\/wp\/v2\/media?parent=26244"}],"curies":[{"name":"wp","href":"https:\/\/api.w.org\/{rel}","templated":true}]}}