{"id":26995,"date":"2015-05-29T20:43:45","date_gmt":"2015-05-29T18:43:45","guid":{"rendered":"http:\/\/www.jpop-idols.com\/en\/?page_id=26995"},"modified":"2016-04-06T20:23:06","modified_gmt":"2016-04-06T18:23:06","slug":"hiigari-rio","status":"publish","type":"page","link":"https:\/\/www.jpop-idols.com\/fr\/hiigari-rio\/","title":{"rendered":"Hiigari Rio"},"content":{"rendered":"<p><img decoding=\"async\" loading=\"lazy\" class=\"alignright size-thumbnail wp-image-30103\" src=\"http:\/\/static.jpop-idols.com\/uploads\/2015\/05\/hiiragi-rio-150x150.jpg\" alt=\"Hiiragi Rio (\u67ca\u6728\u308a\u304a)\" width=\"150\" height=\"150\" srcset=\"https:\/\/static.jpop-idols.com\/uploads\/2015\/05\/hiiragi-rio-150x150.jpg 150w, https:\/\/static.jpop-idols.com\/uploads\/2015\/05\/hiiragi-rio-300x300.jpg 300w, https:\/\/static.jpop-idols.com\/uploads\/2015\/05\/hiiragi-rio.jpg 600w\" sizes=\"(max-width: 150px) 100vw, 150px\" \/><strong>Hiiragi Rio<\/strong> (\u67ca\u6728\u308a\u304a) est une idol japonaise et chanteuse de J-Pop.<\/p>\n<p>Son surnom est Riorio (\u308a\u304a\u308a\u304a)<\/p>\n<p>Son slogan est \u00ab\u00a0Takama RioRio\u00a0\u00bb (\u9ad8\u307e\u308a\u304a\u308a\u304a).<\/p>\n<p><!--more--><\/p>\n<h2>Biographie \/ Histoire<\/h2>\n<p>Hiiragi Rio est n\u00e9e le 20 d\u00e9cembre 1994 \u00e0 Chiba au Japon.<\/p>\n<p><img decoding=\"async\" loading=\"lazy\" class=\"alignright size-thumbnail wp-image-30105\" src=\"http:\/\/static.jpop-idols.com\/uploads\/2015\/05\/hiiragi-rio-2-150x118.jpg\" alt=\"Hiiragi Rio (\u67ca\u6728\u308a\u304a)\" width=\"150\" height=\"118\" \/>Elle a d\u00e9but\u00e9 sa carri\u00e8re solo en ao\u00fbt 2011.<\/p>\n<p>En janvier 2012, elle a \u00e9t\u00e9 finaliste du <span style=\"font-style: italic;\">2nd Concours Moe Queen (\u840c\u3048\u30af\u30a4\u30fc\u30f3\u30b3\u30f3\u30c6\u30b9\u30c8)<\/span>.<\/p>\n<p>Elle est une ancienne membre de Heart&amp;Cupid.<\/p>\n<p>Le group d&rsquo;idols a sorti son 1er single <span style=\"font-style: italic;\">Diamond Rough<\/span> en f\u00e9vrier 2012.<\/p>\n<p>Le 1er live de Riorio s&rsquo;est d\u00e9roul\u00e9 en d\u00e9cembre 2012. Cet \u00e9v\u00e9nement c\u00e9l\u00e9brait son 18e anniversaire.<\/p>\n<p><img decoding=\"async\" loading=\"lazy\" class=\"alignright size-thumbnail wp-image-30106\" src=\"http:\/\/static.jpop-idols.com\/uploads\/2015\/05\/hiiragi-rio-3-98x150.jpg\" alt=\"Hiiragi Rio (\u67ca\u6728\u308a\u304a)\" width=\"98\" height=\"150\" \/>En janvier 2013, elle a re\u00e7u une r\u00e9compense sp\u00e9ciale des juges pour avoir \u00e9t\u00e9 finalise du <span style=\"font-style: italic;\">3e Concours Moe Queen<\/span> pour la 2nde ann\u00e9e cons\u00e9cutive.<\/p>\n<p>Le 1er single solo de Hiiragi Rio <span style=\"font-style: italic;\">Kimagure I Love You (\u30ad\u30de\u30b0\u30ecI love you)<\/span> est sorti en janvier 2013.<\/p>\n<p>Elle est devenue <span style=\"font-style: italic;\">Pistacchio Queen (\u52dd\u3061\u629c\u3051\u30d4\u30b9\u30bf\u30c1\u30fc\u30aa)<\/span> de la 12e g\u00e9n\u00e9ration en avril 2013.<\/p>\n<p>Riorio a remport\u00e9 la <span style=\"font-style: italic;\">Comp\u00e9tition Karaoke de Chansons d&rsquo;Anime<\/span> held organis\u00e9e par Luck-you en avril 2013.<\/p>\n<p>Les 1000 exemplaires de son 2nd single <span style=\"font-style: italic;\">Aoiro Flavor (\u9752\u8272Flavor)<\/span> ont toutes \u00e9t\u00e9 vendues en 29 jours en juillet 2013.<\/p>\n<p><img decoding=\"async\" loading=\"lazy\" class=\"alignright size-thumbnail wp-image-30107\" src=\"http:\/\/static.jpop-idols.com\/uploads\/2015\/05\/hiiragi-rio-4-150x150.jpg\" alt=\"Hiiragi Rio (\u67ca\u6728\u308a\u304a)\" width=\"150\" height=\"150\" srcset=\"https:\/\/static.jpop-idols.com\/uploads\/2015\/05\/hiiragi-rio-4-150x150.jpg 150w, https:\/\/static.jpop-idols.com\/uploads\/2015\/05\/hiiragi-rio-4-300x300.jpg 300w, https:\/\/static.jpop-idols.com\/uploads\/2015\/05\/hiiragi-rio-4.jpg 600w\" sizes=\"(max-width: 150px) 100vw, 150px\" \/>Le titre <span style=\"font-style: italic;\">Drawing<\/span>, issu de ce CD, a \u00e9t\u00e9 la chanson th\u00e8me du drama <span style=\"font-style: italic;\">Akiba Tekini (\u30a2\u30ad\u30d0\u7684\u306b).<\/span><\/p>\n<p>Hiiragi Rio a particip\u00e9 au projet <a href=\"https:\/\/www.jpop-idols.com\/fr\/allover\/\">Allover<\/a> aux c\u00f4t\u00e9s de membres de divers groupes d&rsquo;idols au cours de l&rsquo;\u00e9t\u00e9 2013.<\/p>\n<p>Riorio est apparue en tant qu&rsquo;invit\u00e9e au festival <span style=\"font-style: italic;\">Crazy Kawaii Paris<\/span> en France en septembre 2013.<\/p>\n<p>Elle est produite \u00e0 Ta\u00efwan en octobre 2013.<\/p>\n<p>Hiiragi Rio a \u00e9t\u00e9 nomm\u00e9e repr\u00e9sentante de Tokyo lors des <span style=\"font-style: italic;\">U.M.U Award 2013<\/span> en d\u00e9cembre 2013.<\/p>\n<p><img decoding=\"async\" loading=\"lazy\" class=\"alignright size-thumbnail wp-image-30104\" src=\"http:\/\/static.jpop-idols.com\/uploads\/2015\/05\/rio-hiiragi-150x150.jpg\" alt=\"Hiiragi Rio (\u67ca\u6728\u308a\u304a)\" width=\"150\" height=\"150\" srcset=\"https:\/\/static.jpop-idols.com\/uploads\/2015\/05\/rio-hiiragi-150x150.jpg 150w, https:\/\/static.jpop-idols.com\/uploads\/2015\/05\/rio-hiiragi-298x300.jpg 298w, https:\/\/static.jpop-idols.com\/uploads\/2015\/05\/rio-hiiragi.jpg 600w\" sizes=\"(max-width: 150px) 100vw, 150px\" \/>Elle a atteint la 4e place du <span style=\"font-style: italic;\">Solo Queen Contest<\/span> en mars 2014.<\/p>\n<p>Hiiragi Rio a particip\u00e9 \u00e0 <span style=\"font-style: italic;\">Japan Expo 2014<\/span> \u00e0 Paris Nord Villepinte, en France, en juillet 2014.<\/p>\n<p>Riorio a fait ses d\u00e9buts en major avec le single <span style=\"font-style: italic;\">Kimagure I Love You ~Watashi wo Mitsukete~ (\u30ad\u30de\u30b0\u30ec I love you \uff5e\u30ef\u30bf\u30b7\u3092\u898b\u3064\u3051\u3066\uff5e)<\/span> en avril 2015.<\/p>\n<p>Hiiragi Rio s&rsquo;est \u00e0 nouveau produite \u00e0 <span style=\"font-style: italic;\">Japan Expo 2015<\/span> en France, puis au festival <span style=\"font-style: italic;\">Hyper Japan<\/span> \u00e0 Londres, au Royaume Uni, en juillet 2015. Retrouvez nos <a href=\"https:\/\/www.jpop-idols.com\/fr\/hiiragi-rio-japan-expo-2015\/\">photos et vid\u00e9os<\/a> de l&rsquo;\u00e9v\u00e9nement.<\/p>\n<p>Elle a aussi particip\u00e9 \u00e0 un festival \u00e0 Macao, en Chine, en juillet 2015.<\/p>\n<p>Le single <span style=\"font-style: italic;\"><a href=\"https:\/\/www.jpop-idols.com\/fr\/hiiragi-rio-banzai-banzai\/\">Banzai! Banzai!<\/a><\/span>, en vente en avril 2016, a \u00e9t\u00e9 produit par Maeyamada Kenichi, \u00e9galement connu sous le nom de Hyadain.<\/p>\n<h2>Profil<\/h2>\n<ul>\n<li>Rio Hiiragi (\u67ca\u6728\u308a\u304a)<\/li>\n<li>Surnom : Riorio (\u308a\u304a\u308a\u304a)<\/li>\n<li>Date de naissance : 20\/12\/1994<\/li>\n<li>Lieu de naissance : Chiba, Japon<\/li>\n<li>Taille : 149 cm<\/li>\n<li>Mensurations : 86cm (F) \/ 59cm \/ 86cm<\/li>\n<li>Ann\u00e9es d&rsquo;activit\u00e9 : depuis 2010<\/li>\n<li>Label : Ivy Records<\/li>\n<li>Agence : Sunlighting<\/li>\n<\/ul>\n<h2>Discographie<\/h2>\n<p><span style=\"font-weight: bold;\">Singles<\/span><\/p>\n<ul>\n<li>13\/01\/2013 : Kimagure I Love You (\u30ad\u30de\u30b0\u30ecI love you)<\/li>\n<li>26\/06\/2013 : Aoiro Flavor (\u9752\u8272Flavor)<\/li>\n<li>20\/12\/2013 : Dear&#8230;<\/li>\n<li>27\/08\/2014 : Rinne no Koi (\u8f2a\u5efb\u306e\u604b)<\/li>\n<li>01\/04\/2015 : Kimagure I Love You ~Watashi wo Mitsukete~ (\u30ad\u30de\u30b0\u30ec I love you \uff5e\u30ef\u30bf\u30b7\u3092\u898b\u3064\u3051\u3066\uff5e)<\/li>\n<li>06\/04\/2016 : Banzai! Banzai!<\/li>\n<\/ul>\n<p><span style=\"font-weight: bold;\">Albums<\/span><\/p>\n<h2>Liens<\/h2>\n<ul>\n<li><a title=\"Site officiel\" href=\"http:\/\/sunlighting.jp\/rio\/\" target=\"_blank\" rel=\"nofollow\">Site officiel<\/a><\/li>\n<li><a title=\"Blog\" href=\"http:\/\/ameblo.jp\/hiiragirio1220\/\" target=\"_blank\" rel=\"nofollow\">Blog<\/a><\/li>\n<li><a title=\"Facebook\" href=\"https:\/\/www.facebook.com\/100005397731747\" target=\"_blank\" rel=\"nofollow\">Facebook<\/a><\/li>\n<li><a title=\"Twitter\" href=\"https:\/\/twitter.com\/hiiragirio\" target=\"_blank\" rel=\"nofollow\">Twitter<\/a><\/li>\n<\/ul>\n<h2>News<\/h2>\n<ul>\n<li>Actualit\u00e9<\/li>\n<\/ul>\n<p><img decoding=\"async\" loading=\"lazy\" class=\"alignnone size-full wp-image-30103\" src=\"http:\/\/static.jpop-idols.com\/uploads\/2015\/05\/hiiragi-rio.jpg\" alt=\"Hiiragi Rio (\u67ca\u6728\u308a\u304a)\" width=\"600\" height=\"600\" srcset=\"https:\/\/static.jpop-idols.com\/uploads\/2015\/05\/hiiragi-rio.jpg 600w, https:\/\/static.jpop-idols.com\/uploads\/2015\/05\/hiiragi-rio-150x150.jpg 150w, https:\/\/static.jpop-idols.com\/uploads\/2015\/05\/hiiragi-rio-300x300.jpg 300w\" sizes=\"(max-width: 600px) 100vw, 600px\" \/><\/p>","protected":false},"excerpt":{"rendered":"<p>D\u00e9sol\u00e9, cet article est seulement disponible en Anglais Am\u00e9ricain.<\/p>\n","protected":false},"author":1,"featured_media":0,"parent":0,"menu_order":0,"comment_status":"closed","ping_status":"open","template":"","meta":{"_monsterinsights_skip_tracking":false,"_monsterinsights_sitenote_active":false,"_monsterinsights_sitenote_note":"","_monsterinsights_sitenote_category":0},"_links":{"self":[{"href":"https:\/\/www.jpop-idols.com\/fr\/wp-json\/wp\/v2\/pages\/26995"}],"collection":[{"href":"https:\/\/www.jpop-idols.com\/fr\/wp-json\/wp\/v2\/pages"}],"about":[{"href":"https:\/\/www.jpop-idols.com\/fr\/wp-json\/wp\/v2\/types\/page"}],"author":[{"embeddable":true,"href":"https:\/\/www.jpop-idols.com\/fr\/wp-json\/wp\/v2\/users\/1"}],"replies":[{"embeddable":true,"href":"https:\/\/www.jpop-idols.com\/fr\/wp-json\/wp\/v2\/comments?post=26995"}],"version-history":[{"count":3,"href":"https:\/\/www.jpop-idols.com\/fr\/wp-json\/wp\/v2\/pages\/26995\/revisions"}],"predecessor-version":[{"id":34672,"href":"https:\/\/www.jpop-idols.com\/fr\/wp-json\/wp\/v2\/pages\/26995\/revisions\/34672"}],"wp:attachment":[{"href":"https:\/\/www.jpop-idols.com\/fr\/wp-json\/wp\/v2\/media?parent=26995"}],"curies":[{"name":"wp","href":"https:\/\/api.w.org\/{rel}","templated":true}]}}