{"id":28737,"date":"2015-03-21T22:58:13","date_gmt":"2015-03-21T21:58:13","guid":{"rendered":"http:\/\/www.jpop-idols.com\/en\/?page_id=28737"},"modified":"2016-03-20T14:37:03","modified_gmt":"2016-03-20T13:37:03","slug":"faint-star","status":"publish","type":"page","link":"https:\/\/www.jpop-idols.com\/fr\/faint-star\/","title":{"rendered":"Faint Star"},"content":{"rendered":"<p><img loading=\"lazy\" decoding=\"async\" class=\"alignright size-thumbnail wp-image-34330\" src=\"http:\/\/static.jpop-idols.com\/uploads\/2016\/03\/faint-star-150x150.jpg\" alt=\"Faint\u2605Star\" width=\"150\" height=\"150\" \/><strong>Faint Star<\/strong> est un groupe d&rsquo;idols japonaises form\u00e9 en d\u00e9cembre 2013.<\/p>\n<p>Le duo est compos\u00e9 de Hina et Yuria.<\/p>\n<p>Le groupe est bas\u00e9 \u00e0 Tokyo.<\/p>\n<p><!--more--><\/p>\n<h2>Biographie \/ Histoire<\/h2>\n<p>Les Faint Star ont \u00e9t\u00e9 officiellement cr\u00e9\u00e9es le 29 d\u00e9cembre 2013.<\/p>\n<p><img loading=\"lazy\" decoding=\"async\" class=\"alignright size-thumbnail wp-image-28743\" src=\"http:\/\/static.jpop-idols.com\/uploads\/2014\/07\/koboreteshimattamizunoyouni-faint-star-150x150.jpg\" alt=\"Faint Star\" width=\"150\" height=\"150\" \/>Le duo d&rsquo;idols est produit par Agehasprings.<\/p>\n<p>Hina est une ancienne membre des <a title=\"Tomato n\u2019 Pine (Tomapai)\" href=\"https:\/\/www.jpop-idols.com\/fr\/tomato-n-pine\/\">Tomato n&rsquo; Pine (Tomapai)<\/a>.<\/p>\n<p>Les Faint\u22c6Star ont fait leurs d\u00e9buts avec le single <span style=\"font-style: italic;\"><a title=\"Faint Star - koboreteshimattamizunoyouni\" href=\"https:\/\/www.jpop-idols.com\/fr\/faint-star-koboreteshimattamizunoyouni\/\">koboreteshimattamizunoyouni<\/a><\/span> sorti en juillet 2014. Le clip de la face B\u00a0<span style=\"font-style: italic;\">Sleeping in your Car<\/span> a \u00e9t\u00e9 film\u00e9 en utilisant le stop motion.<\/p>\n<p>Les filles animent l&rsquo;\u00e9mission de radio <span style=\"font-style: italic;\">Faint Star Yuugenjikkou ~Yaranakya Nanimo Hajimaranai~ (Faint\u22c6Star \u6709\u8a00\u5b9f\u884c\uff01\uff5e\u3084\u3089\u306a\u304d\u3083\u4f55\u3082\u59cb\u307e\u3089\u306a\u3044\uff5e)<\/span> sur Sora\u00d7Niwa (\u30bd\u30e9\u30c8\u30cb\u30efFM) depuis ao\u00fbt 2014.<\/p>\n<p><img loading=\"lazy\" decoding=\"async\" class=\"alignright size-thumbnail wp-image-28759\" src=\"http:\/\/static.jpop-idols.com\/uploads\/2015\/03\/faint-star-tokyo-150x150.jpeg\" alt=\"Faint Star\" width=\"150\" height=\"150\" srcset=\"https:\/\/static.jpop-idols.com\/uploads\/2015\/03\/faint-star-tokyo-150x150.jpeg 150w, https:\/\/static.jpop-idols.com\/uploads\/2015\/03\/faint-star-tokyo-300x300.jpeg 300w, https:\/\/static.jpop-idols.com\/uploads\/2015\/03\/faint-star-tokyo.jpeg 400w\" sizes=\"auto, (max-width: 150px) 100vw, 150px\" \/>Leur single\u00a0<span style=\"font-style: italic;\"><a title=\"Faint Star - Film! Film! Film!\" href=\"https:\/\/www.jpop-idols.com\/fr\/faint-star-film-film-film\/\">Film! Film! Film!<\/a> (\u30d5\u30a3\u30eb\u30e0\uff01\u30d5\u30a3\u30eb\u30e0\uff01\u30d5\u30a3\u30eb\u30e0\uff01)<\/span> \u00e9tait la chanson th\u00e8me de l&rsquo;ending de l&rsquo;\u00e9mission <span style=\"font-style: italic;\">Premium MelodiX! (\u30d7\u30ec\u30df\u30a2MelodiX!)<\/span> diffus\u00e9e sur TV Tokyo .<\/p>\n<p>Le groupe d&rsquo;idols a particip\u00e9 au festival <a title=\"Starmarie, Pink Babies, Love Android, Faint Star \u00e0 CLAS:H 2015\" href=\"https:\/\/www.jpop-idols.com\/fr\/clash-2015-starmarie-pink-babies-love-android-faint-star\/\"><span style=\"font-style: italic;\">CLAS:H 2015<\/span><\/a> \u00e0 Jakarta, en Indon\u00e9sie, en mai 2015. Cet \u00e9v\u00e9nement \u00e9tait leur premier live \u00e0 l&rsquo;\u00e9tranger.<\/p>\n<p>Les Faint\u22c6Star se sont produites au <span style=\"font-style: italic;\">J-Pop Summit<\/span> \u00e0 San Francisco, aux Etats-Unis, en ao\u00fbt 2015.<\/p>\n<p><img loading=\"lazy\" decoding=\"async\" class=\"alignright size-thumbnail wp-image-28738\" src=\"http:\/\/static.jpop-idols.com\/uploads\/2015\/03\/faint-star-150x150.jpg\" alt=\"Faint Star\" width=\"150\" height=\"150\" \/>Les filles ont \u00e9t\u00e9 les ambassadrices du festival <span style=\"font-style: italic;\">Jogja Japan Week<\/span> \u00e0 Jakarta, en Indon\u00e9sie, en septembre 2015.<\/p>\n<p>Leur 4e single <span style=\"font-style: italic;\"><a href=\"https:\/\/www.jpop-idols.com\/fr\/faint-star-never-ever\/\">Never Ever<\/a>\u00a0(\u30cd\u30f4\u30a1\u30a8\u30d0)<\/span>, en vente en avril 2016, est la chanson th\u00e8me du film\u00a0<span style=\"font-style: italic;\">Dokumushi (\u30c9\u30af\u30e0\u30b7)<\/span>. A cette occasion, les Faint\u22c6Star ont travaill\u00e9 en collaboration avec 2Boy, le directeur artistique de Asobisystem<\/p>\n<h2>Profil<\/h2>\n<ul>\n<li>Faint\u22c6Star (\u30d5\u30a7\u30a4\u30f3\u30c8\u30b9\u30bf\u30fc)<\/li>\n<li>Ann\u00e9es d&rsquo;activit\u00e9 : depuis 2013<\/li>\n<li>Label : &#8211;<\/li>\n<li>Agence : Agehasprings<\/li>\n<\/ul>\n<h2>Membres<\/h2>\n<ul>\n<li>Hina<\/li>\n<li>Yuria<\/li>\n<\/ul>\n<h2>Discographie<\/h2>\n<p><span style=\"font-weight: bold;\">Singles<\/span><\/p>\n<ul>\n<li>29\/07\/2014 : koboreteshimattamizunoyouni<\/li>\n<li>03\/02\/2015 : Film! Film! Film! (\u30d5\u30a3\u30eb\u30e0\uff01\u30d5\u30a3\u30eb\u30e0\uff01\u30d5\u30a3\u30eb\u30e0\uff01)<\/li>\n<li>24\/11\/2015 :\u00a0Destruction\u00a0+ 2 B Rubbed PL4E Edition<\/li>\n<li>09\/04\/2016 : Never Ever (\u30cd\u30f4\u30a1\u30a8\u30d0)<\/li>\n<\/ul>\n<p><span style=\"font-weight: bold;\">Albums<\/span><\/p>\n<h2>Liens<\/h2>\n<ul>\n<li><a title=\"Site officiel\" href=\"http:\/\/www.faintstar-tokyo.jp\/\" target=\"_blank\" rel=\"nofollow\">Site officiel<\/a><\/li>\n<li><a title=\"Twitter\" href=\"https:\/\/twitter.com\/faintstar_Tokyo\" target=\"_blank\" rel=\"nofollow\">Twitter<\/a><\/li>\n<li><a title=\"YouTube\" href=\"https:\/\/www.youtube.com\/user\/faintstarTokyo\" target=\"_blank\" rel=\"nofollow\">YouTube<\/a><\/li>\n<\/ul>\n<h2>News<\/h2>\n<ul>\n<li><a title=\"Faint Star - News\" href=\"https:\/\/www.jpop-idols.com\/fr\/tag\/faint-star\/\">Actualit\u00e9<\/a><\/li>\n<\/ul>\n<p><img loading=\"lazy\" decoding=\"async\" class=\"alignnone size-full wp-image-34330\" src=\"http:\/\/static.jpop-idols.com\/uploads\/2016\/03\/faint-star.jpg\" alt=\"Faint\u2605Star\" width=\"600\" height=\"515\" srcset=\"https:\/\/static.jpop-idols.com\/uploads\/2016\/03\/faint-star.jpg 600w, https:\/\/static.jpop-idols.com\/uploads\/2016\/03\/faint-star-300x258.jpg 300w\" sizes=\"auto, (max-width: 600px) 100vw, 600px\" \/><\/p>","protected":false},"excerpt":{"rendered":"<p>D\u00e9sol\u00e9, cet article est seulement disponible en English.<\/p>\n","protected":false},"author":1,"featured_media":0,"parent":0,"menu_order":0,"comment_status":"closed","ping_status":"open","template":"","meta":{"_monsterinsights_skip_tracking":false,"_monsterinsights_sitenote_active":false,"_monsterinsights_sitenote_note":"","_monsterinsights_sitenote_category":0,"footnotes":""},"class_list":["post-28737","page","type-page","status-publish","hentry"],"_links":{"self":[{"href":"https:\/\/www.jpop-idols.com\/fr\/wp-json\/wp\/v2\/pages\/28737","targetHints":{"allow":["GET"]}}],"collection":[{"href":"https:\/\/www.jpop-idols.com\/fr\/wp-json\/wp\/v2\/pages"}],"about":[{"href":"https:\/\/www.jpop-idols.com\/fr\/wp-json\/wp\/v2\/types\/page"}],"author":[{"embeddable":true,"href":"https:\/\/www.jpop-idols.com\/fr\/wp-json\/wp\/v2\/users\/1"}],"replies":[{"embeddable":true,"href":"https:\/\/www.jpop-idols.com\/fr\/wp-json\/wp\/v2\/comments?post=28737"}],"version-history":[{"count":4,"href":"https:\/\/www.jpop-idols.com\/fr\/wp-json\/wp\/v2\/pages\/28737\/revisions"}],"predecessor-version":[{"id":34334,"href":"https:\/\/www.jpop-idols.com\/fr\/wp-json\/wp\/v2\/pages\/28737\/revisions\/34334"}],"wp:attachment":[{"href":"https:\/\/www.jpop-idols.com\/fr\/wp-json\/wp\/v2\/media?parent=28737"}],"curies":[{"name":"wp","href":"https:\/\/api.w.org\/{rel}","templated":true}]}}