{"id":28761,"date":"2015-04-19T07:56:02","date_gmt":"2015-04-19T05:56:02","guid":{"rendered":"http:\/\/www.jpop-idols.com\/en\/?page_id=28761"},"modified":"2017-05-12T12:26:07","modified_gmt":"2017-05-12T10:26:07","slug":"fes%e2%98%86tive","status":"publish","type":"page","link":"https:\/\/www.jpop-idols.com\/fr\/fes%e2%98%86tive\/","title":{"rendered":"FES\u2606TIVE"},"content":{"rendered":"<p><img loading=\"lazy\" decoding=\"async\" class=\"alignright size-full wp-image-37478\" src=\"http:\/\/static.jpop-idols.com\/uploads\/2017\/02\/festive-idol.jpg\" alt=\"FES\u2606TIVE\" width=\"150\" height=\"100\" \/>&gt;<strong>FES\u2606TIVE<\/strong> est un groupe d&rsquo;idols japonaises form\u00e9 en mai 2013.<\/p>\n<p>Il est actuellement compos\u00e9 de 8 membres. Chacune d&rsquo;entre elles est associ\u00e9e \u00e0 une couleur.<\/p>\n<p>La leader est Shiozaki Reia.<\/p>\n<p><!--more--><\/p>\n<p>Le groupe est bas\u00e9 \u00e0 Tokyo.<\/p>\n<h2>Biographie \/ Histoire<\/h2>\n<p><img loading=\"lazy\" decoding=\"async\" class=\"alignright size-full wp-image-29207\" src=\"http:\/\/static.jpop-idols.com\/uploads\/2015\/03\/festive-idol.jpg\" alt=\"Fes\u2606tive\" width=\"150\" height=\"107\" \/>Le concept est de revitaliser le Japon.<\/p>\n<p>Le nom du groupe d&rsquo;idols signifie \u00ab\u00a0Festival in Japan\u00a0\u00bb. Il combine les mots \u00ab\u00a0festival\u00a0\u00bb, \u00ab\u00a0positif\u00a0\u00bb et \u00ab\u00a0actif\u00a0\u00bb.<\/p>\n<p>Les filles portent des costumes color\u00e9s inspir\u00e9s par le carnaval.<\/p>\n<p>Les membres ont pass\u00e9 les auditions en mars 2013.<\/p>\n<p>Le groupe d&rsquo;idols a fait ses d\u00e9buts en live en mai 2013.<\/p>\n<p><img loading=\"lazy\" decoding=\"async\" class=\"alignright size-full wp-image-30439\" src=\"http:\/\/static.jpop-idols.com\/uploads\/2015\/06\/festive-idol-2014.jpg\" alt=\"Fes\u2606tive\" width=\"150\" height=\"106\" \/>Leur 1er CD est sorti en novembre 2013.<\/p>\n<p>Les filles ont pr\u00eat\u00e9 leur image aux ramen tonkotsu Hakata Furyu (\u535a\u591a\u98a8\u9f8d) en d\u00e9cembre 2013.<\/p>\n<p>Les membres animent la rubrique <span style=\"font-style: italic;\">Sekaiichi wo Mezase! FES\u2606TIVE Wasshoi (\u4e16\u754c\u4e00\u3092\u76ee\u6307\u305b\uff01FES\u2606TIVE\u308f\u3063\u3057\u3087\u3044)<\/span> dans l&rsquo;\u00e9mission de divertissement Uta Musume (\u30a6\u30bf\u5a18) sur Television Saitama (\u30c6\u30ec\u30d3\u57fc\u7389) depuis juillet 2014.<\/p>\n<p>Les Fes\u2606tive ont fait leurs d\u00e9buts en major avec le single <span style=\"font-style: italic;\"><a title=\"Fes\u2606tive - Omatsuri Hero\" href=\"http:\/\/www.jpop-idols.com\/en\/festive-omatsuri-hero\/\">Omatsuri Hero<\/a> (\u304a\u796d\u308a\u30d2\u30fc\u30ed\u30fc)<\/span> sorti en mai 2015 sous le label Tokuma.<\/p>\n<p><img loading=\"lazy\" decoding=\"async\" class=\"alignright size-full wp-image-29211\" src=\"http:\/\/static.jpop-idols.com\/uploads\/2015\/04\/fes-tive-idol.jpg\" alt=\"Fes\u2606tive\" width=\"150\" height=\"93\" \/>Le groupe d&rsquo;idols a particip\u00e9 \u00e0 <span style=\"font-style: italic;\">Connect Japan 2015<\/span> \u00e0 Bangkok, en Tha\u00eflande, en mai 2015.<\/p>\n<p>Aoba Hinari s&rsquo;est produite lors d&rsquo;un live sp\u00e9cial en collaboration avec Doko Ruriko (<a href=\"https:\/\/www.jpop-idols.com\/fr\/tokyo-cheer2-party\/\">Tokyo Cheer2 Party<\/a>) en mai 2015 au K-Stage O!.<\/p>\n<p>Yokoi Honami a remport\u00e9 un concours organis\u00e9 par l&rsquo;application mobile pour smartphones Cheerz les 6 et 7 juin 2015. Suite \u00e0 ce succ\u00e8s, les FES\u2606TIVE ont particip\u00e9 au <a title=\"Stand-Up! Heats \u00e0 Japan Expo 2015\" href=\"https:\/\/www.jpop-idols.com\/fr\/festive-jpop-summit-2015\/\"><span style=\"font-style: italic;\">J-Pop Summit 2015<\/span><\/a> \u00e0 San Francisco, aux Etats-Unis, en ao\u00fbt 2015.<\/p>\n<p><img loading=\"lazy\" decoding=\"async\" class=\"alignright size-thumbnail wp-image-32424\" src=\"http:\/\/static.jpop-idols.com\/uploads\/2015\/10\/festive-150x150.jpg\" alt=\"FES\u2606TIVE\" width=\"150\" height=\"150\" \/>Le th\u00e8me du single\u00a0<span style=\"font-style: italic;\"><a href=\"https:\/\/www.jpop-idols.com\/fr\/festive-kingyo-no-kin-chan\/\">Kingyo no Kin-chan<\/a> (\u91d1\u9b5a\u306e\u304d\u3093\u3061\u3083\u3093)<\/span>, en vente en novembre 2015, est \u00ab\u00a0la p\u00eache au poisson rouge \u00e0 l&rsquo;\u00e9puisette\u00a0\u00bb (\u91d1\u9b5a\u3059\u304f\u3044; kingyo sukui)\u00a0\u00bb, un jeu traditionnel japonais consistant \u00e0 attraper un poisson rouge avec une \u00e9puisette sp\u00e9ciale. Il s&rsquo;agit d&rsquo;une activit\u00e9 pratiqu\u00e9e habituellement dans les festivals d&rsquo;\u00e9t\u00e9 au Japon.<\/p>\n<p>Le groupe d&rsquo;idols s&rsquo;est produit\u00a0\u00e0 <span style=\"font-style: italic;\">Japan Expo Thailand 2016<\/span> \u00e0 Bangkok en f\u00e9vrier.<\/p>\n<p>Les FES\u2606TIVE ont collabor\u00e9 avec des illustrateurs tels que\u00a0Sekiya Yurie, Hutomomo Chu et\u00a0Hajime Fantasy pour le\u00a0single\u00a0<span style=\"font-style: italic;\"><a href=\"https:\/\/www.jpop-idols.com\/fr\/festive-susume-zipangu\/\">Susume Zipangu<\/a> (\u9032\u3081\u30b8\u30d1\u30f3\u30b0 ; Go Zipang)<\/span>\u00a0en vente en mars\u00a02016. Les paroles incluent des mots tels que\u00a0\u00ab\u00a0sushi\u00a0\u00bb ou\u00a0\u00ab\u00a0samoura\u00ef\u00a0\u00bb qui symbolisent\u00a0le Pays du Soleil Levant. \u00ab\u00a0Zipangu\u00a0\u00bb est le nom utilis\u00e9 par Marco Polo pour parler du Japon.<\/p>\n<p>Les membres du groupe d&rsquo;idols ont r\u00e9alis\u00e9 des reportages sur les festivals locaux pour le magazine <span style=\"font-style: italic;\">Ima Doki!! (IMA\u30c9\u30ad\u30c3!!)<\/span> en mars 2016.<\/p>\n<p>Momohara Hiyo et Aoba Hinari se sont produites en tant que DJ sous le nom de DJ Skip Alien (DJ\u30b9\u30ad\u30c3\u30d7\u30a8\u30a4\u30ea\u30a2\u30f3) au cours d&rsquo;un \u00e9v\u00e9nement sp\u00e9cial en juin 2016.<\/p>\n<p>Les FES\u2606TIVE ont sorti leur 1er album <span style=\"font-style: italic;\">Wasshoi Record (\u30ef\u30c3\u30b7\u30e7\u30a4\u30ec\u30b3\u30fc\u30c9)<\/span> en juillet 2016. Il inclut les chansons <span style=\"font-style: italic;\">Summer\u2606Jumping<\/span> et <span style=\"font-style: italic;\">Iroha Ondo Tsuide Katsuobushi (\u3044\u308d\u306f\u97f3\u982d\u3064\u3044\u3067\u304b\u3064\u304a\u7bc0)<\/span>.<\/p>\n<p>Au cours de l&rsquo;\u00e9t\u00e9 2016, le groupe d&rsquo;idols a donn\u00e9 des lives \u00e0 l&rsquo;\u00e9tranger \u00e0 l&rsquo;occassion de <span style=\"font-style: italic;\">Tale Festival<\/span> \u00e0 Hong Kong et de <span style=\"font-style: italic;\">Gelar Jepang 22<\/span> en Indon\u00e9sie.<\/p>\n<p><img loading=\"lazy\" decoding=\"async\" class=\"alignright size-thumbnail wp-image-36959\" src=\"http:\/\/static.jpop-idols.com\/uploads\/2016\/12\/festive-hinari-aoba-150x150.jpg\" alt=\"Aoba Hinari (\u9752\u8449\u3072\u306a\u308a) - FES\u2606TIVE\" width=\"150\" height=\"150\" srcset=\"https:\/\/static.jpop-idols.com\/uploads\/2016\/12\/festive-hinari-aoba-150x150.jpg 150w, https:\/\/static.jpop-idols.com\/uploads\/2016\/12\/festive-hinari-aoba-300x300.jpg 300w, https:\/\/static.jpop-idols.com\/uploads\/2016\/12\/festive-hinari-aoba.jpg 640w\" sizes=\"auto, (max-width: 150px) 100vw, 150px\" \/>Le single <span style=\"font-style: italic;\"><a href=\"https:\/\/www.jpop-idols.com\/fr\/festive-ora-tokyo-sa-iguda\/\">Ora Tokyo Sa Iguda<\/a> (\u4ffa\u3089\u6771\u4eac\u3055\u884c\u3050\u3060)<\/span>, en vente en novembre 2016, est une reprise d&rsquo;un tube de Ikuzo Yoshi. Chaque membre, \u00e0 l&rsquo;exception de Yokoi Honami, a pos\u00e9 sur une photo parodique sur la couverture.<\/p>\n<p>Shina Akari et Yokoi Honami ont annonc\u00e9 leur graduation en d\u00e9cembre 2016. Shina Akari a expliqu\u00e9 qu&rsquo;elle devait arr\u00eat\u00e9 ses activit\u00e9s en raison de douleurs chroniques dans le bas du dos. Yokoi Honami a d\u00e9cid\u00e9 de se concentrer sur ses \u00e9tudes \u00e0 l&rsquo;universit\u00e9.<\/p>\n<p>En cons\u00e9quence, Shiraishi Piano et Mano Saria ont rejoint le groupe d&rsquo;idols en tant que nouvelles membres en janvier 2017.<\/p>\n<p><img loading=\"lazy\" decoding=\"async\" class=\"alignright size-thumbnail wp-image-38028\" src=\"http:\/\/static.jpop-idols.com\/uploads\/2017\/04\/aoba-hinari-photobook-1-150x150.jpg\" alt=\"Aoba Hinari (\u9752\u8449\u3072\u306a\u308a) - FES\u2606TIVE - Photobook\" width=\"150\" height=\"150\" \/>Le 5e single des FES\u2606TIVE <span style=\"font-style: italic;\"><a href=\"https:\/\/www.jpop-idols.com\/fr\/festive-disco-retto-ukiyo-no-yume\/\">Disco Rettou Ukiyo no Yume<\/a> (\u30c7\u30a3\u30b9\u30b3\u5217\u5cf6\u6d6e\u4e16\u306e\u5922)<\/span> est sorti en f\u00e9vrier 2017. Dans le clip vid\u00e9o, le r\u00f4le principal est tenu par l&rsquo;actrice Kato Rihona.<\/p>\n<p>Pour la seconde fois, le groupe d&rsquo;idols a \u00e9t\u00e9 l&rsquo;invit\u00e9 de <span style=\"font-style: italic;\">Japan Expo in Thailand 2017<\/span> en f\u00e9vrier.<\/p>\n<p>Aoba Hinari a publi\u00e9 son 1er photobook <span style=\"font-style: italic;\"><a href=\"https:\/\/www.jpop-idols.com\/fr\/aoba-hinari-photobook-to-yukigeshiki-to-yukemuri\/\">Hinari to Yukigeshiki to Yukemuri<\/a> (\u3072\u306a\u308a\u3068\u96ea\u666f\u8272\u3068\u6e6f\u3051\u3080\u308a ; Hinari, Snowy Scenes, and Onsen Steam)<\/span> en avril 2017. Les photos incluent en toile de fond du snowboard, un voyage en tra\u00eeneau, et diverses sc\u00e8nes hivernales avec la neige, de m\u00eame que d&rsquo;autres dans lesquelles Aoba Hinari est habill\u00e9e en yukata et se d\u00e9tend en prenant un bain dans des sources chaudes.<\/p>\n<p><img loading=\"lazy\" decoding=\"async\" class=\"alignright size-thumbnail wp-image-38574\" src=\"http:\/\/static.jpop-idols.com\/uploads\/2017\/05\/girls-gravure-1-150x150.jpg\" alt=\"Girls Gravure\" width=\"150\" height=\"150\" \/>En avril 2017, Sakamoto Yuna, Suzuki Kotone, et Shiraishi Piano se sont essay\u00e9es au mannequinat. Des images sexy des idols v\u00eatues de lingerie sont apparues dans <span style=\"font-style: italic;\"><a href=\"https:\/\/www.jpop-idols.com\/fr\/festive-girls-gravure-idol\/\">Girl-Vure ~Girls Gravure~<\/a><\/span>.<\/p>\n<h2>Profil<\/h2>\n<ul>\n<li>FES\u2606TIVE<\/li>\n<li>Ann\u00e9es d&rsquo;activit\u00e9 : depuis 2013<\/li>\n<li>Label : Tokuma Japan Communications<\/li>\n<li>Agence : Rize<\/li>\n<\/ul>\n<h2>Membres<\/h2>\n<ul>\n<li>Sakamoto Yuna (\u5742\u5143\u7531\u5948) &#8211; Rouge<\/li>\n<li>Shiozaki Reia (\u6c50\u54b2\u73b2\u4e9c) &#8211; Jaune<\/li>\n<li>Aoba Hinari (\u9752\u8449\u3072\u306a\u308a) &#8211; Orange<\/li>\n<li>Suzuki Mitsuki (\u9234\u6728\u307f\u3064\u304d) &#8211; Vert<\/li>\n<li>Momohara Hiyo (\u6843\u539f\u3072\u3088) &#8211; Violet<\/li>\n<li>Suzuki Kotone (\u9234\u6728\u3053\u3068\u306d) &#8211; Bleu<\/li>\n<li>Shiraishi Piano (\u767d\u77f3\u3074\u3042\u306e) &#8211; Rose<\/li>\n<li>Mano Saria (\u771f\u91ce\u5f69\u91cc\u611b) &#8211; Blanc<\/li>\n<\/ul>\n<p>Anciennes membres<\/p>\n<ul>\n<li>Shina Akari (\u690e\u540d\u3042\u304b\u308a)<\/li>\n<li>Yokoi Honami (\u6a2a\u4e95\u307b\u306a\u307f)<\/li>\n<\/ul>\n<h2>Discographie<\/h2>\n<p><span style=\"font-weight: bold;\">Singles<\/span><\/p>\n<ul>\n<li>13\/05\/2015 : Omatsuri Hero (\u304a\u796d\u308a\u30d2\u30fc\u30ed\u30fc)<\/li>\n<li>25\/11\/2015 : Kingyo no Kin-chan (\u91d1\u9b5a\u306e\u304d\u3093\u3061\u3083\u3093)<\/li>\n<li>16\/03\/2016 ; Susume Zipangu (\u9032\u3081\u30b8\u30d1\u30f3\u30b0 ; Go Zipang)<\/li>\n<li>25\/11\/2016 : Ora Tokyo Sa Iguda (\u4ffa\u3089\u6771\u4eac\u3055\u884c\u3050\u3060)<\/li>\n<li>22\/02\/2016 : Disco Rettou Ukiyo no Yume (\u30c7\u30a3\u30b9\u30b3\u5217\u5cf6\u6d6e\u4e16\u306e\u5922)<\/li>\n<\/ul>\n<p><span style=\"font-weight: bold;\">Albums<\/span><\/p>\n<ul>\n<li>27\/07\/2016 : Wasshoi Record (\u30ef\u30c3\u30b7\u30e7\u30a4\u30ec\u30b3\u30fc\u30c9)<\/li>\n<\/ul>\n<ul>\n<li><a href=\"http:\/\/festive.rizepro.net\/\" target=\"_blank\" rel=\"nofollow noopener noreferrer\">Site officiel<\/a><\/li>\n<li><a title=\"Blog\" href=\"http:\/\/ameblo.jp\/festive-rize\/\" target=\"_blank\" rel=\"nofollow noopener noreferrer\">Blog<\/a><\/li>\n<li><a title=\"Twitter\" href=\"https:\/\/twitter.com\/FESTIVE_RIZE\" target=\"_blank\" rel=\"nofollow noopener noreferrer\">Twitter<\/a><\/li>\n<\/ul>\n<h2>News<\/h2>\n<ul>\n<li><a title=\"News\" href=\"https:\/\/www.jpop-idols.com\/fr\/tag\/festive\/\" rel=\"nofollow\">Latest News<\/a><\/li>\n<\/ul>\n<p><img loading=\"lazy\" decoding=\"async\" class=\"alignnone size-full wp-image-37477\" src=\"http:\/\/static.jpop-idols.com\/uploads\/2017\/02\/festive.jpg\" alt=\"FES\u2606TIVE\" width=\"640\" height=\"427\" srcset=\"https:\/\/static.jpop-idols.com\/uploads\/2017\/02\/festive.jpg 640w, https:\/\/static.jpop-idols.com\/uploads\/2017\/02\/festive-300x200.jpg 300w\" sizes=\"auto, (max-width: 640px) 100vw, 640px\" \/><\/p>","protected":false},"excerpt":{"rendered":"<p>D\u00e9sol\u00e9, cet article est seulement disponible en English.<\/p>\n","protected":false},"author":1,"featured_media":0,"parent":0,"menu_order":0,"comment_status":"closed","ping_status":"open","template":"","meta":{"_monsterinsights_skip_tracking":false,"_monsterinsights_sitenote_active":false,"_monsterinsights_sitenote_note":"","_monsterinsights_sitenote_category":0,"footnotes":""},"class_list":["post-28761","page","type-page","status-publish","hentry"],"_links":{"self":[{"href":"https:\/\/www.jpop-idols.com\/fr\/wp-json\/wp\/v2\/pages\/28761","targetHints":{"allow":["GET"]}}],"collection":[{"href":"https:\/\/www.jpop-idols.com\/fr\/wp-json\/wp\/v2\/pages"}],"about":[{"href":"https:\/\/www.jpop-idols.com\/fr\/wp-json\/wp\/v2\/types\/page"}],"author":[{"embeddable":true,"href":"https:\/\/www.jpop-idols.com\/fr\/wp-json\/wp\/v2\/users\/1"}],"replies":[{"embeddable":true,"href":"https:\/\/www.jpop-idols.com\/fr\/wp-json\/wp\/v2\/comments?post=28761"}],"version-history":[{"count":3,"href":"https:\/\/www.jpop-idols.com\/fr\/wp-json\/wp\/v2\/pages\/28761\/revisions"}],"predecessor-version":[{"id":38593,"href":"https:\/\/www.jpop-idols.com\/fr\/wp-json\/wp\/v2\/pages\/28761\/revisions\/38593"}],"wp:attachment":[{"href":"https:\/\/www.jpop-idols.com\/fr\/wp-json\/wp\/v2\/media?parent=28761"}],"curies":[{"name":"wp","href":"https:\/\/api.w.org\/{rel}","templated":true}]}}