{"id":29895,"date":"2016-02-19T19:17:22","date_gmt":"2016-02-19T18:17:22","guid":{"rendered":"http:\/\/www.jpop-idols.com\/en\/?page_id=29895"},"modified":"2016-05-29T20:06:41","modified_gmt":"2016-05-29T18:06:41","slug":"clears-tokyo-nagoya-osaka-kawagoe","status":"publish","type":"page","link":"https:\/\/www.jpop-idols.com\/fr\/clears-tokyo-nagoya-osaka-kawagoe\/","title":{"rendered":"Clear&rsquo;s (Tokyo, Nagoya, Osaka, Kawagoe&#8230;)"},"content":{"rendered":"<p><img loading=\"lazy\" decoding=\"async\" class=\"alignright size-full wp-image-34034\" src=\"http:\/\/static.jpop-idols.com\/uploads\/2016\/02\/clears-idol.jpg\" alt=\"\u304a\u6383\u9664\u30e6\u30cb\u30c3\u30c8Clear's\" width=\"150\" height=\"112\" \/><strong>\u304a\u6383\u9664\u30e6\u30cb\u30c3\u30c8Clear&rsquo;s<\/strong>\u00a0<span style=\"line-height: 1.5;\">est un groupe d&rsquo;idols japonaises form\u00e9 en f\u00e9vrier 2011.<\/span><\/p>\n<p>Les membres sont r\u00e9parties dans des sous-groupes bas\u00e9s \u00e0 Tokyo, Nagoya, Kawagoe, Kumamoto, Osaka, Gunma, Yokohama, Chiba.<\/p>\n<p><!--more--><\/p>\n<p>Chacune d&rsquo;entre elles est associ\u00e9e \u00e0 une couleur apparaissant sur les costumes des membres.<\/p>\n<h2>Biographie \/ Histoire<\/h2>\n<p><img loading=\"lazy\" decoding=\"async\" class=\"alignright size-full wp-image-34039\" src=\"http:\/\/static.jpop-idols.com\/uploads\/2016\/02\/tokyo-clears-idol.jpg\" alt=\"Tokyo Clear's (\u304a\u6383\u9664\u30e6\u30cb\u30c3\u30c8\u6771\u4eacClear's)\" width=\"150\" height=\"112\" \/>Comme son nom l&rsquo;indique, le concept du groupe d&rsquo;idols est de \u00ab\u00a0nettoyer le Japon\u00a0\u00bb.<\/p>\n<p>Les filles portent des uniformes dont le design est souvent inspir\u00e9 par les costumes de maid ou de femme de m\u00e9nage.<\/p>\n<p>Leur devise est : \u00ab\u00a0La ville n&rsquo;est pas la poubelle de tout le monde!!\u00a0\u00bb (\u8857\u306f\u307f\u3093\u306a\u306e\u30b4\u30df\u7bb1\u3058\u3083\u306a\u3044!!).<\/p>\n<p>Les membres participent r\u00e9guli\u00e8rement, en tant que b\u00e9n\u00e9voles, \u00e0 des activit\u00e9s de nettoyage dans les rues de leurs villes respectives. Ces \u00e9v\u00e9nements sont appel\u00e9s Clear&rsquo;s Day.<\/p>\n<p><img loading=\"lazy\" decoding=\"async\" class=\"alignright size-full wp-image-34043\" src=\"http:\/\/static.jpop-idols.com\/uploads\/2016\/02\/nagoya-clears-idol.jpg\" alt=\"Nagoya Clear's (\u304a\u6383\u9664\u30e6\u30cb\u30c3\u30c8\u540d\u53e4\u5c4bClear's)\" width=\"150\" height=\"112\" \/>La premi\u00e8re unit\u00e9, Clear&rsquo;s, a \u00e9t\u00e9 cr\u00e9\u00e9e en f\u00e9vrier 2011. Les 4 membres d&rsquo;origine \u00e9taient Sawabe Rion, Hikaru Mirai, Serizawa Honoka et Takasugi Noeru.<\/p>\n<p>Le live marquant leurs d\u00e9but, pr\u00e9vu en mars 2011, a d\u00fb \u00eatre report\u00e9 en avril en raison du tremblement de terrer et du tsunami ayant frapp\u00e9 le Tohoku .<\/p>\n<p>La premi\u00e8re unit\u00e9 locale, Nagoya Clear&rsquo;s, a d\u00e9but\u00e9 en novembre 2012.<\/p>\n<p><img loading=\"lazy\" decoding=\"async\" class=\"alignright size-full wp-image-34041\" src=\"http:\/\/static.jpop-idols.com\/uploads\/2016\/02\/kawagoe-clears-idol.jpg\" alt=\"Kawagoe Clear's (\u304a\u6383\u9664\u30e6\u30cb\u30c3\u30c8\u5ddd\u8d8aClear's)\" width=\"150\" height=\"100\" \/>D&rsquo;autres unit\u00e9s ont d\u00e9marr\u00e9 leurs activit\u00e9s successivement \u00e0 Kawagoe, Kumamoto, Tokyo et Osaka entre septembre 2013 et mars 2014.<\/p>\n<p>Le groupe Clear&rsquo;s original s&rsquo;est s\u00e9par\u00e9 apr\u00e8s son 1er one-man live organis\u00e9 en d\u00e9cembre 2013. En cons\u00e9quence, Sawabe Rion et Karube Ruka ont \u00e9t\u00e9 transf\u00e9r\u00e9es vers les Tokyo Clear&rsquo;s en mars 2014.<\/p>\n<p><img loading=\"lazy\" decoding=\"async\" class=\"alignright size-thumbnail wp-image-34037\" src=\"http:\/\/static.jpop-idols.com\/uploads\/2016\/02\/yokohama-clears-150x150.jpg\" alt=\"Yokohama Clear's (\u304a\u6383\u9664\u30e6\u30cb\u30c3\u30c8\u6a2a\u6d5cClear's)\" width=\"150\" height=\"150\" \/>En juin 2014, les membres des Kawagoe Clear&rsquo;s ont \u00e9t\u00e9 nomm\u00e9es ambassadrices du tourisme de la ville de Kawagoe, \u00e9galement surnomm\u00e9e la Petite Edo.<\/p>\n<p>Pour la premi\u00e8re fois, les unit\u00e9s de tout le pays ont \u00e9t\u00e9 r\u00e9unies pour se produire en live en juillet 2014 au Nagoya Club Ozon.<\/p>\n<p>En septembre 2014, les Clear&rsquo;s ont fait leurs d\u00e9buts en major avec le single <span style=\"font-style: italic;\">Bi Bi Bi Beauty!!! (\u30d3\u30fb\u30d3\u30fb\u30d3\u30fb\u30d3\u30e5\u30fc\u30c6\u30a3\u30fc!!!)<\/span> sorti sous le label VersionMusic de Victor Entertainment.<\/p>\n<p><img loading=\"lazy\" decoding=\"async\" class=\"alignright size-thumbnail wp-image-34045\" src=\"http:\/\/static.jpop-idols.com\/uploads\/2016\/02\/osaka-clears-idol-150x106.jpg\" alt=\"Osaka Clear's (\u304a\u6383\u9664\u30e6\u30cb\u30c3\u30c8\u5927\u962aClear's)\" width=\"150\" height=\"106\" \/>Les membres apparaissent dans l&rsquo;application mobile pour smartphones Cheerz depuis fin 2014.<\/p>\n<p>D&rsquo;autres unit\u00e9s ont d\u00e9but\u00e9 leurs activit\u00e9s \u00e0 Yokohama, Gunma, Sapporo et Sendai entre octobre 2014 et mai 2015.<\/p>\n<p>Le 3e single du groupe d&rsquo;idols <span style=\"font-style: italic;\">Kotae Shika Shiranai Tsurai (\u7b54\u3048\u3057\u304b\u77e5\u3089\u306a\u3044\u30c4\u30e9\u30a4)<\/span> a \u00e9t\u00e9 mis en vente en octobre 2015.<\/p>\n<p>En novembre 2015, plusieurs media d&rsquo;information ont couvert la participation des Tokyo Clear&rsquo;s comme b\u00e9n\u00e9voles pour le nettoyage de Shibuya apr\u00e8s Halloween.<\/p>\n<p>Les Clear&rsquo;s ont \u00e9t\u00e9 transf\u00e9r\u00e9es chez Avex en mai 2016.<\/p>\n<h2>Profil<\/h2>\n<ul>\n<li>\u304a\u6383\u9664\u30e6\u30cb\u30c3\u30c8Clear&rsquo;s<\/li>\n<li>Ann\u00e9es d&rsquo;activit\u00e9 : depuis 2011<\/li>\n<li>Label : Avex<\/li>\n<li>Agence : &#8211;<\/li>\n<\/ul>\n<h2>Membres<\/h2>\n<p>Tokyo Clear&rsquo;s (\u304a\u6383\u9664\u30e6\u30cb\u30c3\u30c8\u6771\u4eacClear&rsquo;s) \/ Bleu<\/p>\n<ul>\n<li>Kanako (\u590f\u5948\u5b50)<\/li>\n<li>Sheena (\u3057\u3044\u306a)<\/li>\n<li>Yamato Sayuri (\u5927\u548c\u3055\u3086\u308a)<\/li>\n<li>Sawabe Rion (\u6ca2\u8fba\u308a\u304a\u3093)<\/li>\n<li>Karube Ruka (\u8efd\u8fba\u308b\u304b)<\/li>\n<\/ul>\n<p>Nagoya Clear&rsquo;s (\u304a\u6383\u9664\u30e6\u30cb\u30c3\u30c8\u540d\u53e4\u5c4bClear&rsquo;s) \/ Rouge<\/p>\n<ul>\n<li>Takai Yuri (\u9ad8\u4e95\u53cb\u91cc)<\/li>\n<li>Amane Ranka (\u5929\u97f3\u3089\u3093\u304b)<\/li>\n<li>Ryo (\u308a\u3087\u3046)<\/li>\n<li>Kagura Saori (\u795e\u697d\u7d17\u7dd2\u91cc)<\/li>\n<li>Kanda Riho (\u795e\u7530\u7406\u4fdd)<\/li>\n<li>Fujisaki Yuna (\u85e4\u54b2\u3086\u3046\u306a)<\/li>\n<li>Koda Hina (\u5016\u7530\u3072\u306a)<\/li>\n<li>Minoura An (\u7b95\u6d66\u674f)<\/li>\n<\/ul>\n<p>Kawagoe Clear&rsquo;s (\u304a\u6383\u9664\u30e6\u30cb\u30c3\u30c8\u5ddd\u8d8aClear&rsquo;s) \/\u00a0Vert<\/p>\n<ul>\n<li>Iori Ai (\u4f0a\u7e54\u3042\u3044)<\/li>\n<li>Seto Rina (\u702c\u6238\u308a\u306a)<\/li>\n<li>Sekiguki Nodoka (\u95a2\u53e3\u306e\u3069\u304b)<\/li>\n<li>Ufu Arisa (\u7fbd\u98a8\u6709\u7d17)<\/li>\n<li>Narumiya Momo (\u6210\u5bae\u3082\u3082)<\/li>\n<li>Aoi Marina (\u8475\u4e07\u91cc\u83dc)<\/li>\n<\/ul>\n<p>Kumamoto Clear&rsquo;s (\u304a\u6383\u9664\u30e6\u30cb\u30c3\u30c8\u718a\u672cClear&rsquo;s) \/\u00a0Rose<\/p>\n<ul>\n<li>Yonemura Misaki (\u7c73\u6751\u7f8e\u54b2)<\/li>\n<li>Wakisaki Karin (\u8107\u5742\u9999\u51db)<\/li>\n<li>Natsumi Kanon (\u590f\u6d77\u30ab\u30ce\u30f3)<\/li>\n<li>Kano Ayuka (\u53f6\u6b69\u679c)<\/li>\n<li>Asahina Mirai (\u671d\u6bd4\u5948\u672a\u6765)<\/li>\n<li>Omi Sayuki (\u685c\u6c34\u3055\u3086\u304d)<\/li>\n<\/ul>\n<p>Osaka Clear&rsquo;s (\u304a\u6383\u9664\u30e6\u30cb\u30c3\u30c8\u5927\u962aClear&rsquo;s) \/ Orange<\/p>\n<ul>\n<li>Nakao Mako (\u4e2d\u5c3e\u307e\u3053)<\/li>\n<li>Nitta Urara (\u4ec1\u7530\u9e97)<\/li>\n<li>Sakashita Maho (\u5742\u4e0b\u821e\u5e06)<\/li>\n<li>Izumi Aimi (\u548c\u6cc9\u611b\u7f8e)<\/li>\n<\/ul>\n<p>Gunma Clear&rsquo;s (\u304a\u6383\u9664\u30e6\u30cb\u30c3\u30c8\u7fa4\u99acClear&rsquo;s) \/\u00a0Jaune<\/p>\n<ul>\n<li>Takanashi Risa (\u5c0f\u9ce5\u904a\u7406\u7d17)<\/li>\n<li>Kizaki Tomomi (\u5e0c\u54b2\u667a\u7f8e)<\/li>\n<li>Aikawa Natsuki (\u611b\u5ddd\u83dc\u6708)<\/li>\n<\/ul>\n<p>Yokohama Clear&rsquo;s (\u304a\u6383\u9664\u30e6\u30cb\u30c3\u30c8\u6a2a\u6d5cClear&rsquo;s) \/\u00a0Rose<\/p>\n<ul>\n<li>Kaede (\u304b\u3048\u3067)<\/li>\n<li>Shirato Mayu (\u767d\u6238\u30de\u30e6)<\/li>\n<\/ul>\n<p>Chiba Clear&rsquo;s (\u304a\u6383\u9664\u30e6\u30cb\u30c3\u30c8\u5343\u8449Clear&rsquo;s) \/ Orange<\/p>\n<ul>\n<li>Karen (\u304b\u308c\u3093)<\/li>\n<li>Yuzu (\u3086\u305a)<\/li>\n<li>Rea (\u308c\u3042)<\/li>\n<li>Yua (\u3086\u3046\u3042)<\/li>\n<li>Keito (\u3051\u3044\u3068)<\/li>\n<li>Rina (\u308a\u306a)<\/li>\n<li>Arisa (\u3042\u308a\u3055)<\/li>\n<li>Manaka (\u307e\u306a\u304b )<\/li>\n<li>Miku (\u307f\u304f)<\/li>\n<\/ul>\n<p>Sendai Clear&rsquo;s (\u304a\u6383\u9664\u30e6\u30cb\u30c3\u30c8\u4ed9\u53f0Clear&rsquo;s) \/\u00a0Violet<\/p>\n<ul>\n<li>Sayaka (\u7d17\u4e5f\u6b4c)<\/li>\n<li>Yamazaki Kotomi (\u5c71\u5d0e\u7434\u7f8e)<\/li>\n<li>Fujiwara Miku (\u85e4\u539f\u6d77\u6765)<\/li>\n<li>Nonoka (\u91ce\u4e43\u9999)<\/li>\n<li>Kirara (\u304d\u3089\u3089)<\/li>\n<li>Hanzawa Miku (\u534a\u6fa4\u5b9f\u7a7a)<\/li>\n<\/ul>\n<p>Sapporo Clear&rsquo;s (\u304a\u6383\u9664\u30e6\u30cb\u30c3\u30c8\u672d\u5e4cClear&rsquo;s) \/\u00a0Vert clair<\/p>\n<ul>\n<li>Shiga Izumi (\u5fd7\u8cc0\u3044\u305a\u307f)<\/li>\n<li>Matsuda Sena (\u677e\u7530\u702c\u4e03)<\/li>\n<\/ul>\n<p>Anciennes membres<\/p>\n<ul>\n<li>Minami Moka (\u5357\u840c\u82b1)<\/li>\n<li>Mioka Sari (\u4e09\u4e18\u3055\u308a)<\/li>\n<li>Takasugi Noeru (\u9ad8\u6749\u306e\u3048\u308b)<\/li>\n<li>Hikaru Mirai (\u3072\u304b\u308b\u672a\u6765)<\/li>\n<li>Serizawa Honoka (\u82b9\u6ca2\u5e06\u590f)<\/li>\n<li>Nagatoishi Mao (\u9577\u9580\u77f3\u30de\u30aa)<\/li>\n<li>Aoi Chiaki (\u84bc\u4e95\u3061\u3042\u304d)<\/li>\n<li>Haruka Mei (\u6625\u82b1\u82bd\u4f9d)<\/li>\n<li>Nakamura Aira (\u4e2d\u6751\u4f1a\u6765)<\/li>\n<li>Fujii Nana (\u85e4\u4e95\u5948\u3005)<\/li>\n<li>Yano Azusa (\u77e2\u91ce\u3042\u305a\u3055)<\/li>\n<li>Himeno Mikoto (\u59eb\u4e43\u7f8e\u7434)<\/li>\n<li>Zashiki Kanami (\u54b2\u8b58\u679c\u5357)<\/li>\n<li>Minami Yuiri (\u5357\u552f\u8389)<\/li>\n<li>Ichijo Saki (\u5e02\u57ce\u54b2)<\/li>\n<li>Kurumi (\u304f\u308b\u307f)<\/li>\n<li>Nagaoka Suzuka (\u9577\u4e18\u6dbc\u82b1)<\/li>\n<li>Kakumu Mitsuki (\u9577\u4e18\u6dbc\u82b1)<\/li>\n<li>Kojima Kaho (\u5c0f\u5cf6\u679c\u5e06)<\/li>\n<li>Sakurai Mina (\u685c\u4e95\u7f8e\u83dc)<\/li>\n<li>Igarashi Natsumi (\u4e94\u5341\u5d50\u590f\u5b9f)<\/li>\n<li>Ono Maiko (\u5927\u91ce\u307e\u3044\u5b50)<\/li>\n<li>Hayasawa Ruri (\u65e9\u6ca2\u7460\u7483)<\/li>\n<li>Yumesaki Marin (\u5922\u54b2\u307e\u308a\u3093)<\/li>\n<li>Morisaki Risa (\u68ee\u5d0e\u91cc\u7802)<\/li>\n<li>Sato Kokoa (\u4f50\u85e4\u5fc3\u611b)<\/li>\n<li>Takane Rin (\u9ad8\u5dba\u71d0)<\/li>\n<li>Kudo Hikari (\u5de5\u85e4\u3072\u304b\u308a)<\/li>\n<li>Una (\u5b87\u90a3)<\/li>\n<li>Tachibana Airi (\u7acb\u82b1\u611b\u68a8)<\/li>\n<li>Mochizuki Mahiro (\u671b\u6708\u307e\u3072\u308d)<\/li>\n<li>Sora (\u305d\u3089)<\/li>\n<li>Sara (\u3055\u3089)<\/li>\n<li>Ran (\u3089\u3093)<\/li>\n<li>Airi (\u3042\u3044\u308a)<\/li>\n<\/ul>\n<h2>Discographie<\/h2>\n<p>Clear&rsquo;s<\/p>\n<ul>\n<li>10\/09\/2014 : Bi Bi Bi Beauty!!! (\u30d3\u30fb\u30d3\u30fb\u30d3\u30fb\u30d3\u30e5\u30fc\u30c6\u30a3\u30fc!!!)<\/li>\n<li>18\/03\/2015 : Yogo Shitakunai Cry (\u30e8\u30b4\u3057\u305f\u304f\u306a\u3044cry)<\/li>\n<li>21\/10\/2015 : Kotae Shika Shiranai Tsurai (\u7b54\u3048\u3057\u304b\u77e5\u3089\u306a\u3044\u30c4\u30e9\u30a4)<\/li>\n<\/ul>\n<p>Nagoya Clear&rsquo;s<\/p>\n<ul>\n<li>06\/12\/2012 : Ippyo-kun no March (\u30a4\u30c3\u30d4\u30e7\u30a6\u304f\u3093\u306e\u30de\u30fc\u30c1)<\/li>\n<li>26\/06\/2013 : Houki Hoshi (\u30db\u30a6\u30ad\u2606\u661f)<\/li>\n<li>07\/08\/2013 : Do Re Mi Fantastic!!!! Summer Romance ver. (\u30c9\u30fb\u30ec\u30fb\u30df\u30fb\u30d5\u30a1\u30f3\u30bf\u30b9\u30c6\u30a3\u30c3\u30af!!!! Summer Romance ver.)<\/li>\n<li>12\/05\/2014 : \u266aMusiClean\u266a<\/li>\n<\/ul>\n<p>Kawagoe Clear&rsquo;s<\/p>\n<ul>\n<li>Do Re Mi Fantastic!!!! (\u30c9\u30fb\u30ec\u30fb\u30df\u30fb\u30d5\u30a1\u30f3\u30bf\u30b9\u30c6\u30a3\u30c3\u30af!!!!)<\/li>\n<\/ul>\n<h2>Liens<\/h2>\n<ul>\n<li><a title=\"Official Website\" href=\"http:\/\/clearsosouj2.wix.com\/kirei\" target=\"_blank\" rel=\"nofollow\">Site officiel<\/a><\/li>\n<\/ul>\n<h2>News<\/h2>\n<ul>\n<li>Actualit\u00e9<\/li>\n<\/ul>\n<p><img loading=\"lazy\" decoding=\"async\" class=\"alignnone size-full wp-image-34033\" src=\"http:\/\/static.jpop-idols.com\/uploads\/2016\/02\/clears.jpg\" alt=\"\u304a\u6383\u9664\u30e6\u30cb\u30c3\u30c8Clear's\" width=\"600\" height=\"450\" srcset=\"https:\/\/static.jpop-idols.com\/uploads\/2016\/02\/clears.jpg 600w, https:\/\/static.jpop-idols.com\/uploads\/2016\/02\/clears-300x225.jpg 300w\" sizes=\"auto, (max-width: 600px) 100vw, 600px\" \/><\/p>","protected":false},"excerpt":{"rendered":"<p>D\u00e9sol\u00e9, cet article est seulement disponible en English.<\/p>\n","protected":false},"author":1,"featured_media":0,"parent":0,"menu_order":0,"comment_status":"closed","ping_status":"open","template":"","meta":{"_monsterinsights_skip_tracking":false,"_monsterinsights_sitenote_active":false,"_monsterinsights_sitenote_note":"","_monsterinsights_sitenote_category":0,"footnotes":""},"class_list":["post-29895","page","type-page","status-publish","hentry"],"_links":{"self":[{"href":"https:\/\/www.jpop-idols.com\/fr\/wp-json\/wp\/v2\/pages\/29895","targetHints":{"allow":["GET"]}}],"collection":[{"href":"https:\/\/www.jpop-idols.com\/fr\/wp-json\/wp\/v2\/pages"}],"about":[{"href":"https:\/\/www.jpop-idols.com\/fr\/wp-json\/wp\/v2\/types\/page"}],"author":[{"embeddable":true,"href":"https:\/\/www.jpop-idols.com\/fr\/wp-json\/wp\/v2\/users\/1"}],"replies":[{"embeddable":true,"href":"https:\/\/www.jpop-idols.com\/fr\/wp-json\/wp\/v2\/comments?post=29895"}],"version-history":[{"count":3,"href":"https:\/\/www.jpop-idols.com\/fr\/wp-json\/wp\/v2\/pages\/29895\/revisions"}],"predecessor-version":[{"id":35147,"href":"https:\/\/www.jpop-idols.com\/fr\/wp-json\/wp\/v2\/pages\/29895\/revisions\/35147"}],"wp:attachment":[{"href":"https:\/\/www.jpop-idols.com\/fr\/wp-json\/wp\/v2\/media?parent=29895"}],"curies":[{"name":"wp","href":"https:\/\/api.w.org\/{rel}","templated":true}]}}