{"id":29899,"date":"2015-05-17T13:46:34","date_gmt":"2015-05-17T11:46:34","guid":{"rendered":"http:\/\/www.jpop-idols.com\/en\/?page_id=29899"},"modified":"2017-05-15T10:07:51","modified_gmt":"2017-05-15T08:07:51","slug":"notall","status":"publish","type":"page","link":"https:\/\/www.jpop-idols.com\/fr\/notall\/","title":{"rendered":"notall"},"content":{"rendered":"<p><img loading=\"lazy\" decoding=\"async\" class=\"alignright size-thumbnail wp-image-38665\" src=\"http:\/\/static.jpop-idols.com\/uploads\/2017\/05\/notall-150x150.jpg\" alt=\"notall\" width=\"150\" height=\"150\" \/><strong>notall<\/strong> est un groupe d&rsquo;idols japonaises form\u00e9 en juin 2014 par Wallop.<\/p>\n<p>Il est actuellement compos\u00e9 de 4 membres.<\/p>\n<p><!--more--><\/p>\n<h2>Biographie \/ Histoire<\/h2>\n<p>Le concept est que les notall sont des idols sociales. Elles utilisent les services de r\u00e9seaux sociaux (SNS) pour collaborer avec les fans via crowdsourcing dans le cadre de leurs activit\u00e9s.<\/p>\n<p><img loading=\"lazy\" decoding=\"async\" class=\"alignright size-full wp-image-29964\" src=\"http:\/\/static.jpop-idols.com\/uploads\/2015\/05\/notall-idol-2014.jpg\" alt=\"notall\" width=\"150\" height=\"100\" \/>Les notall ont \u00e9t\u00e9 cr\u00e9\u00e9ess et sont toujours produites par le site et la cha\u00eene internet Wallop.<\/p>\n<p>Le groupe d&rsquo;idols est bas\u00e9 \u00e0 Tokyo.<\/p>\n<p>Les auditions ont eu lieu en avril 2014.<\/p>\n<p>Les r\u00e9sultats ont \u00e9t\u00e9 annonc\u00e9s un mois plus tard. 4 membres ont \u00e9t\u00e9 s\u00e9lectionn\u00e9es : Katase Narumi,Tasaki Reina,Watanabe Chiko et Sato Haruka.<\/p>\n<p><img loading=\"lazy\" decoding=\"async\" class=\"alignright size-thumbnail wp-image-29961\" src=\"http:\/\/static.jpop-idols.com\/uploads\/2015\/05\/notall-2014-150x150.jpg\" alt=\"notall\" width=\"150\" height=\"150\" \/>Les notall ont fait leurs d\u00e9buts avec le singl num\u00e9rique <span style=\"font-style: italic;\">Koi no Sumasokura (\u604b\u306e\u30b9\u30de\u30bd\u30fc\u30af\u30e9)<\/span> sorti en juin 2014. Le clip vid\u00e9o a \u00e9t\u00e9 film\u00e9 avec un iPhone5s et mont\u00e9 avec un iPad Air.<\/p>\n<p>Leur 2nd single num\u00e9rique <span style=\"font-style: italic;\">Ready Girl \/ Boku no Kakera \/ Mirai Chikyugi (Ready Girl \/ \u30dc\u30af\u306e\u30ab\u30b1\u30e9 \/ \u30df\u30e9\u30a4\u5730\u7403\u5100)<\/span> a \u00e9t\u00e9 mis en vente en septembre 2014. Il comporte une triple face A.<\/p>\n<p>Des fans \u00e9trangers ont particip\u00e9, au travers des r\u00e9seaux sociaux, \u00e0 la cr\u00e9ation de leur 3e single num\u00e9rique <span style=\"font-style: italic;\">Re:notall<\/span> en d\u00e9cembre 2014.<\/p>\n<p>Les filles ont \u00e9t\u00e9 choisies pour pr\u00eat\u00e9r leur image \u00e0 la promotion de <span style=\"font-style: italic;\">Kita Colle (\u30ad\u30bf\u30b3\u30ec\uff01)<\/span> en 2014.<\/p>\n<p><img loading=\"lazy\" decoding=\"async\" class=\"alignright size-thumbnail wp-image-29962\" src=\"http:\/\/static.jpop-idols.com\/uploads\/2015\/05\/notall-150x150.jpg\" alt=\"notall\" width=\"150\" height=\"150\" srcset=\"https:\/\/static.jpop-idols.com\/uploads\/2015\/05\/notall-150x150.jpg 150w, https:\/\/static.jpop-idols.com\/uploads\/2015\/05\/notall-300x300.jpg 300w, https:\/\/static.jpop-idols.com\/uploads\/2015\/05\/notall.jpg 600w\" sizes=\"auto, (max-width: 150px) 100vw, 150px\" \/>Les membres ont port\u00e9 de charmants costumes de pingouins pour leur 1er mini-album <span style=\"font-style: italic;\"><a href=\"https:\/\/www.jpop-idols.com\/fr\/notall-penguin-ningen\/\">Penguin Ningen<\/a> (\u30da\u30f3\u30ae\u30f3\u4eba\u9593)<\/span> en f\u00e9vrier 2015. Ce CD best-of comporte leurs pr\u00e9c\u00e9dentes chansons dont <span style=\"font-style: italic;\">Koi no Sumasokura<\/span>, <span style=\"font-style: italic;\">Ready Girl<\/span> et <span style=\"font-style: italic;\">Penguin Ningen<\/span> qui ont atteint la 1\u00e8re place au classement des meilleurs ventes Amazon dans la cat\u00e9gorie J-Pop au Japon.<\/p>\n<p>Le groupe d&rsquo;idols a particip\u00e9 \u00e0 <span style=\"font-style: italic;\">Connect Japan 2015<\/span> \u00e0 Bangkok, en Tha\u00eflande, en mai 2015.<\/p>\n<p>Leur 1er concert intitul\u00e9\u00a0<span style=\"font-style: italic;\">notall 1st Anniversary Live \uff5eCo-Creation Summer Party\uff5e<\/span> a eu lieu en juillet 2015 au Shinjuku ReNY \u00e0 Tokyo. Elles ont r\u00e9ussi le d\u00e9fi d&rsquo;attirer 800 personnes \u00e0 l&rsquo;\u00e9v\u00e9nement.<\/p>\n<p>Le single <span style=\"font-style: italic;\"><a href=\"https:\/\/www.jpop-idols.com\/fr\/notall-my-baby-my-lover\/\">my baby, my lover<\/a><\/span> a \u00e9t\u00e9 leur premier \u00e0 sortir au format CD en juillet 2015.<\/p>\n<p><img loading=\"lazy\" decoding=\"async\" class=\"alignright size-thumbnail wp-image-32298\" src=\"http:\/\/static.jpop-idols.com\/uploads\/2015\/10\/notall-150x150.jpg\" alt=\"notall\" width=\"150\" height=\"150\" srcset=\"https:\/\/static.jpop-idols.com\/uploads\/2015\/10\/notall-150x150.jpg 150w, https:\/\/static.jpop-idols.com\/uploads\/2015\/10\/notall-300x300.jpg 300w, https:\/\/static.jpop-idols.com\/uploads\/2015\/10\/notall.jpg 600w\" sizes=\"auto, (max-width: 150px) 100vw, 150px\" \/>Le groupe d&rsquo;idols s&rsquo;est produit au <span style=\"font-style: italic;\">2015 Comic Exhibition<\/span> \u00e0 Ta\u00efwan en ao\u00fbt 2015.<\/p>\n<p>Tasaki Reina est apparue dans une publicit\u00e9 pour SoftBank (\u30bd\u30d5\u30c8\u30d0\u30f3\u30af) en septembre 2015.<\/p>\n<p>Le 5e single des notall <span style=\"font-style: italic;\">Just Now<\/span> a \u00e9t\u00e9 r\u00e9alis\u00e9 en collaboration avec le groupe de rock f\u00e9minin Cyntia. Il a \u00e9t\u00e9 mis en vente en novembre 2015.<\/p>\n<p>Elles se sont produites\u00a0\u00e0 <span style=\"font-style: italic;\">Japan Expo Thailand 2016<\/span> \u00e0 Bangkok en janvier.<\/p>\n<p><img loading=\"lazy\" decoding=\"async\" class=\"alignright size-thumbnail wp-image-38664\" src=\"http:\/\/static.jpop-idols.com\/uploads\/2017\/05\/socialidol-notall-150x150.jpg\" alt=\"notall - #Socialidol\" width=\"150\" height=\"150\" srcset=\"https:\/\/static.jpop-idols.com\/uploads\/2017\/05\/socialidol-notall-150x150.jpg 150w, https:\/\/static.jpop-idols.com\/uploads\/2017\/05\/socialidol-notall-300x300.jpg 300w, https:\/\/static.jpop-idols.com\/uploads\/2017\/05\/socialidol-notall.jpg 640w\" sizes=\"auto, (max-width: 150px) 100vw, 150px\" \/>Les paroles de leur 6e single\u00a0<span style=\"font-style: italic;\"><a href=\"https:\/\/www.jpop-idols.com\/fr\/notall-thanks-a-million-arigatou\/\">Thanks a Million ~Arigatou~<\/a> (\uff5e\u3042\u308a\u304c\u3068\u3046\uff5e)<\/span> ont \u00e9t\u00e9 \u00e9crites par les membres du groupe et les fans, puis s\u00e9lectionn\u00e9es apr\u00e8s un vote sur les r\u00e9seaux sociaux.<\/p>\n<p>L&rsquo;\u00e9v\u00e9nement <span style=\"font-style: italic;\">notall 2nd Anniversary Tour ~Natsu Da! Sawaguze! Toumei Wan~ (~\u590f\u3060\uff01\u9a12\u3050\u305c\uff01\u6771\u540d\u6e7e~)<\/span> s&rsquo;est d\u00e9roul\u00e9 tout au long du mois de juillet 2016. The idol group gave concerts in Japan and in Taiwan.<\/p>\n<p>Leur 1er album <span style=\"font-style: italic;\">#Socialidol<\/span> est sorti en juillet 2016. Il inclut la chanson <span style=\"font-style: italic;\">Maji (\u30de\u30b8)<\/span>.<\/p>\n<p>Le notall Project a \u00e9t\u00e9 lanc\u00e9 en janvier 2017.<\/p>\n<p><img loading=\"lazy\" decoding=\"async\" class=\"alignright size-thumbnail wp-image-38231\" src=\"http:\/\/static.jpop-idols.com\/uploads\/2017\/04\/notall-kimi-ni-da-da-dan-150x150.jpg\" alt=\"notall - Capybara Jisoku 50km \/ Kimi ni Da-Da-Dan\" width=\"150\" height=\"150\" srcset=\"https:\/\/static.jpop-idols.com\/uploads\/2017\/04\/notall-kimi-ni-da-da-dan-150x150.jpg 150w, https:\/\/static.jpop-idols.com\/uploads\/2017\/04\/notall-kimi-ni-da-da-dan-300x300.jpg 300w, https:\/\/static.jpop-idols.com\/uploads\/2017\/04\/notall-kimi-ni-da-da-dan.jpg 640w\" sizes=\"auto, (max-width: 150px) 100vw, 150px\" \/>Les notall ont fait leurs d\u00e9buts en major avec le single <span style=\"font-style: italic;\"><a href=\"https:\/\/www.jpop-idols.com\/fr\/notall-capybara-jisoku-50km-kimi-ni-da-da-dan\/\">Capybara Jisoku 50 km \/ Kimi ni Da-Da-Dan<\/a> (\u30ab\u30d4\u30d0\u30e9\u6642\u901f50km\/\u541b\u306bDa-Da-Dan)<\/span> sorti en avril 2017 sous le label Universal Music.<\/p>\n<p>Le groupe d&rsquo;idols va participer \u00e0 <span style=\"font-style: italic;\">Japan Expo 2017<\/span> \u00e0 Paris Nord Villepinte, en France, en juillet. Il s&rsquo;agissait du prix pour avoir remport\u00e9 le concours <span style=\"font-style: italic;\">Tokyo Candoll<\/span>.<\/p>\n<p>L&rsquo;application officielle pour smartphones des notall est disponibles sur <a href=\"https:\/\/play.google.com\/store\/apps\/details?id=tv.wallop.android.socialidol\" target=\"_blank\" rel=\"nofollow noopener noreferrer\">Android<\/a> sur le Google Play ainsi que sur <a href=\"https:\/\/itunes.apple.com\/jp\/app\/id888954570\" target=\"_blank\" rel=\"nofollow noopener noreferrer\">iPhone<\/a> sur l&rsquo;App Store.<\/p>\n<h2>Profil<\/h2>\n<ul>\n<li>notall (\u30ce\u30bf\u30eb)<\/li>\n<li>Ann\u00e9es d&rsquo;activit\u00e9 : depuis 2014<\/li>\n<li>Label : &#8211;<\/li>\n<li>Agence : Wallop<\/li>\n<\/ul>\n<h2>Membres<\/h2>\n<ul>\n<li>Katase Narumi (\u7247\u702c\u6210\u7f8e)<\/li>\n<li>Tasaki Reina (\u7530\u5d0e\u793c\u5948)<\/li>\n<li>Watanabe Chiko (\u6e21\u908a\u3061\u3053)<\/li>\n<li>Sato Haruka (\u4f50\u85e4\u9065)<\/li>\n<\/ul>\n<h2>Discographie<\/h2>\n<p><span style=\"font-weight: bold;\">Singles<\/span><\/p>\n<ul>\n<li>26\/06\/2014 : Koi no Sumasokura (\u604b\u306e\u30b9\u30de\u30bd\u30fc\u30af\u30e9)<\/li>\n<li>19\/09\/2014 : Ready Girl \/ Boku no Kakera \/ Mirai Chikyugi (Ready Girl \/ \u30dc\u30af\u306e\u30ab\u30b1\u30e9 \/ \u30df\u30e9\u30a4\u5730\u7403\u5100)<\/li>\n<li>26\/12\/2014 : Re:notall<\/li>\n<li>13\/07\/2015 : my baby, my lover<\/li>\n<li>25\/11\/2015 : Just Now \/ notall \u00d7 Cyntia<\/li>\n<li>08\/03\/2016 : Thanks a Million ~Arigatou~ (\uff5e\u3042\u308a\u304c\u3068\u3046\uff5e)<\/li>\n<li>17\/04\/2017 : Capybara Jisoku 50 km \/ Kimi ni Da-Da-Dan (\u30ab\u30d4\u30d0\u30e9\u6642\u901f50km\/\u541b\u306bDa-Da-Dan)<\/li>\n<\/ul>\n<p><span style=\"font-weight: bold;\">Albums<\/span><\/p>\n<ul>\n<li>30\/07\/2016 : #Socialidol<\/li>\n<\/ul>\n<p><span style=\"font-weight: bold;\">Mini-Albums<\/span><\/p>\n<ul>\n<li>25\/02\/2015 : Penguin Ningen (\u30da\u30f3\u30ae\u30f3\u4eba\u9593)<\/li>\n<\/ul>\n<h2>Liens<\/h2>\n<ul>\n<li><a title=\"Official Website\" href=\"http:\/\/notall.jp\/\" target=\"_blank\" rel=\"nofollow noopener noreferrer\">Site officiel<\/a><\/li>\n<li><a title=\"Facebook\" href=\"https:\/\/www.facebook.com\/notall\" target=\"_blank\" rel=\"nofollow noopener noreferrer\">Facebook<\/a><\/li>\n<li><a title=\"Twitter\" href=\"https:\/\/twitter.com\/si_notall\" target=\"_blank\" rel=\"nofollow noopener noreferrer\">Twitter<\/a><\/li>\n<\/ul>\n<h2>News<\/h2>\n<ul>\n<li><a href=\"https:\/\/www.jpop-idols.com\/fr\/tag\/notall\/\">Actualit\u00e9<\/a><\/li>\n<\/ul>\n<p><img loading=\"lazy\" decoding=\"async\" class=\"alignnone size-full wp-image-38665\" src=\"http:\/\/static.jpop-idols.com\/uploads\/2017\/05\/notall.jpg\" alt=\"notall\" width=\"640\" height=\"427\" srcset=\"https:\/\/static.jpop-idols.com\/uploads\/2017\/05\/notall.jpg 640w, https:\/\/static.jpop-idols.com\/uploads\/2017\/05\/notall-300x200.jpg 300w\" sizes=\"auto, (max-width: 640px) 100vw, 640px\" \/><\/p>","protected":false},"excerpt":{"rendered":"<p>D\u00e9sol\u00e9, cet article est seulement disponible en English.<\/p>\n","protected":false},"author":1,"featured_media":0,"parent":0,"menu_order":0,"comment_status":"closed","ping_status":"open","template":"","meta":{"_monsterinsights_skip_tracking":false,"_monsterinsights_sitenote_active":false,"_monsterinsights_sitenote_note":"","_monsterinsights_sitenote_category":0,"footnotes":""},"class_list":["post-29899","page","type-page","status-publish","hentry"],"_links":{"self":[{"href":"https:\/\/www.jpop-idols.com\/fr\/wp-json\/wp\/v2\/pages\/29899","targetHints":{"allow":["GET"]}}],"collection":[{"href":"https:\/\/www.jpop-idols.com\/fr\/wp-json\/wp\/v2\/pages"}],"about":[{"href":"https:\/\/www.jpop-idols.com\/fr\/wp-json\/wp\/v2\/types\/page"}],"author":[{"embeddable":true,"href":"https:\/\/www.jpop-idols.com\/fr\/wp-json\/wp\/v2\/users\/1"}],"replies":[{"embeddable":true,"href":"https:\/\/www.jpop-idols.com\/fr\/wp-json\/wp\/v2\/comments?post=29899"}],"version-history":[{"count":3,"href":"https:\/\/www.jpop-idols.com\/fr\/wp-json\/wp\/v2\/pages\/29899\/revisions"}],"predecessor-version":[{"id":38667,"href":"https:\/\/www.jpop-idols.com\/fr\/wp-json\/wp\/v2\/pages\/29899\/revisions\/38667"}],"wp:attachment":[{"href":"https:\/\/www.jpop-idols.com\/fr\/wp-json\/wp\/v2\/media?parent=29899"}],"curies":[{"name":"wp","href":"https:\/\/api.w.org\/{rel}","templated":true}]}}