{"id":31084,"date":"2015-07-11T21:39:58","date_gmt":"2015-07-11T19:39:58","guid":{"rendered":"http:\/\/www.jpop-idols.com\/en\/?page_id=31084"},"modified":"2015-10-03T18:58:23","modified_gmt":"2015-10-03T16:58:23","slug":"hakoiri-musume","status":"publish","type":"page","link":"https:\/\/www.jpop-idols.com\/fr\/hakoiri-musume\/","title":{"rendered":"Hakoiri Musume"},"content":{"rendered":"<p><img loading=\"lazy\" decoding=\"async\" class=\"alignright size-thumbnail wp-image-32268\" src=\"http:\/\/static.jpop-idols.com\/uploads\/2015\/10\/hakoiri-musume-150x150.jpg\" alt=\"Hakoiri Musume (\u30cf\u30b3\u30a4\u30ea\u2661\u30e0\u30b9\u30e1)\" width=\"150\" height=\"150\" \/><strong>Hakoiri Musume<\/strong> (\u30cf\u30b3\u30a4\u30ea\u2661\u30e0\u30b9\u30e1) est un groupe d&rsquo;idols japonaises form\u00e9 en 2014.<\/p>\n<p>Elles sont aussi connues sous le nom de Hako Musu (\u30cf\u30b3\u30e0\u30b9).<\/p>\n<p>Elles sont actuellement compos\u00e9es de 8 membres.<\/p>\n<p><!--more--><\/p>\n<h2>Biographie \/ Histoire<\/h2>\n<p>Le concept du groupe d&rsquo;idols est que toutes les members ont pour objectif de devenir actrices.<\/p>\n<p><img loading=\"lazy\" decoding=\"async\" class=\"alignright size-full wp-image-31090\" src=\"http:\/\/static.jpop-idols.com\/uploads\/2015\/07\/hakoiri-musume-2014-idol.jpg\" alt=\"Hakoiri Musume (\u30cf\u30b3\u30a4\u30ea\u2661\u30e0\u30b9\u30e1)\" width=\"150\" height=\"94\" \/>Leur producteur est Suzuki Misano, la manager du Akiba Cultures Theater (Akiba\u30ab\u30eb\u30c1\u30e3\u30fc\u30ba\u5287\u5834).<\/p>\n<p>Mikity Honmono (Nichohalo) est en charge de la chor\u00e9graphie.<\/p>\n<p>Les Hakoiri Musume ont fait leurs d\u00e9buts en juillet 2014 au Akiba Culures Theater. En tant que d\u00e9butantes, elles se produisaient en live tous les mercredis \u00e0 cette p\u00e9riode.<\/p>\n<p><img loading=\"lazy\" decoding=\"async\" class=\"alignright size-full wp-image-31087\" src=\"http:\/\/static.jpop-idols.com\/uploads\/2015\/07\/hakoiri-musume-idol.jpg\" alt=\"Hakoiri Musume (\u30cf\u30b3\u30a4\u30ea\u2661\u30e0\u30b9\u30e1)\" width=\"150\" height=\"89\" \/>L&rsquo;\u00e9mission <span style=\"font-style: italic;\">Hakoiri Musume no Hakobeya (\u30cf\u30b3\u30a4\u30ea\u2661\u30e0\u30b9\u30e1\u306e\u30cf\u30b3\u30d9\u30e4)<\/span> est diffus\u00e9e sur Showroom depuis septembre 2014.<\/p>\n<p>Komatsu Moka a \u00e9t\u00e9 nomm\u00e9e leader en octobre 2014.<\/p>\n<p>Abe Karen a rejoint le groupe d&rsquo;idols en tant que membre de la 2nde g\u00e9n\u00e9ration en avril 2015.<\/p>\n<p>Les filles animent le programme TV <span style=\"font-style: italic;\">Hakoiri Musume no Hako Kara Dete mo Ii Desu ka? (\u30cf\u30b3\u30a4\u30ea\u2661\u30e0\u30b9\u30e1\u306e\u30cf\u30b3\u304b\u3089\u51fa\u3066\u3082\u3044\u3044\u3067\u3059\u304b?)<\/span> sur Pigoo depuis avril 2015.<\/p>\n<p>Le clip vid\u00e9o de leur 1\u00e8re chanson originale <span style=\"font-style: italic;\">Hohoemi to Haru no One Piece (\u5fae\u7b11\u307f\u3068\u6625\u306e\u30ef\u30f3\u30d4\u30fc\u30b9)<\/span> a \u00e9t\u00e9 financ\u00e9 par l&rsquo;interm\u00e9diaire d&rsquo;une campagne de crowdfunding en juin 2015. L&rsquo;objectif \u00e9tait d&rsquo;obtenir 800.000 Yen pour produire la vid\u00e9o. A la fin de la campagne, la somme totale de 1.500.000 Yen a \u00e9t\u00e9 r\u00e9colt\u00e9e.<\/p>\n<p>En juillet 2015, Tetsudo Mio est devenue la nouvelle leader, et Komatsu Moka la \u00ab\u00a0performance leader\u00a0\u00bb.<\/p>\n<p>Kadomae Ari a effectu\u00e9 sa graduation en juillet 2015.<\/p>\n<h2>Profil<\/h2>\n<ul>\n<li><img loading=\"lazy\" decoding=\"async\" class=\"alignright size-thumbnail wp-image-31085\" src=\"http:\/\/static.jpop-idols.com\/uploads\/2015\/07\/hakoiri-musume-logo-150x150.jpg\" alt=\"Hakoiri Musume (\u30cf\u30b3\u30a4\u30ea\u2661\u30e0\u30b9\u30e1)\" width=\"150\" height=\"150\" srcset=\"https:\/\/static.jpop-idols.com\/uploads\/2015\/07\/hakoiri-musume-logo-150x150.jpg 150w, https:\/\/static.jpop-idols.com\/uploads\/2015\/07\/hakoiri-musume-logo.jpg 300w\" sizes=\"auto, (max-width: 150px) 100vw, 150px\" \/>Hakoiri Musume (\u30cf\u30b3\u30a4\u30ea\u2661\u30e0\u30b9\u30e1)<\/li>\n<li>Ann\u00e9es d&rsquo;activit\u00e9 : depuis 2014<\/li>\n<li>Label : &#8211;<\/li>\n<li>Agence :Box Corporation<\/li>\n<\/ul>\n<h2>Membres<\/h2>\n<ul>\n<li>Komatsu Moka (\u5c0f\u677e\u3082\u304b)<\/li>\n<li>Uchiyama Tamaki (\u5185\u5c71\u73e0\u5e0c)<\/li>\n<li>Abe Karen (\u963f\u90e8\u304b\u308c\u3093)<\/li>\n<li>Tetsudo Mio (\u9244\u6238\u7f8e\u685c)<\/li>\n<li>Suganuma Monika (\u83c5\u6cbc\u3082\u306b\u304b)<\/li>\n<li>Kamioka Miki (\u795e\u5ca1\u5b9f\u5e0c)<\/li>\n<li>Wagatsuma Momomi (\u6211\u59bb\u6843\u5b9f)<\/li>\n<\/ul>\n<p>Anciennes membres<\/p>\n<ul>\n<li>Kadomae Ari (\u9580\u524d\u4e9c\u91cc)<\/li>\n<\/ul>\n<h2>Discographie<\/h2>\n<p><span style=\"font-weight: bold;\">Singles<\/span><\/p>\n<ul>\n<li>06\/2015 : Hohoemi to Haru no One Piece (\u5fae\u7b11\u307f\u3068\u6625\u306e\u30ef\u30f3\u30d4\u30fc\u30b9)<\/li>\n<\/ul>\n<p><span style=\"font-weight: bold;\">Albums<\/span><\/p>\n<h2>Liens<\/h2>\n<ul>\n<li><a href=\"http:\/\/hakoiri-musume.com\/\" target=\"_blank\" rel=\"nofollow\">Site officiel<\/a><\/li>\n<li><a href=\"https:\/\/twitter.com\/hako_musu\" target=\"_blank\" rel=\"nofollow\">Twitter<\/a><\/li>\n<\/ul>\n<h2>News<\/h2>\n<ul>\n<li>Actualit\u00e9<\/li>\n<\/ul>\n<p><img loading=\"lazy\" decoding=\"async\" class=\"alignnone size-full wp-image-32268\" src=\"http:\/\/static.jpop-idols.com\/uploads\/2015\/10\/hakoiri-musume.jpg\" alt=\"Hakoiri Musume (\u30cf\u30b3\u30a4\u30ea\u2661\u30e0\u30b9\u30e1)\" width=\"600\" height=\"438\" srcset=\"https:\/\/static.jpop-idols.com\/uploads\/2015\/10\/hakoiri-musume.jpg 600w, https:\/\/static.jpop-idols.com\/uploads\/2015\/10\/hakoiri-musume-300x219.jpg 300w\" sizes=\"auto, (max-width: 600px) 100vw, 600px\" \/><\/p>","protected":false},"excerpt":{"rendered":"<p>D\u00e9sol\u00e9, cet article est seulement disponible en English.<\/p>\n","protected":false},"author":1,"featured_media":0,"parent":0,"menu_order":0,"comment_status":"closed","ping_status":"open","template":"","meta":{"_monsterinsights_skip_tracking":false,"_monsterinsights_sitenote_active":false,"_monsterinsights_sitenote_note":"","_monsterinsights_sitenote_category":0,"footnotes":""},"class_list":["post-31084","page","type-page","status-publish","hentry"],"_links":{"self":[{"href":"https:\/\/www.jpop-idols.com\/fr\/wp-json\/wp\/v2\/pages\/31084","targetHints":{"allow":["GET"]}}],"collection":[{"href":"https:\/\/www.jpop-idols.com\/fr\/wp-json\/wp\/v2\/pages"}],"about":[{"href":"https:\/\/www.jpop-idols.com\/fr\/wp-json\/wp\/v2\/types\/page"}],"author":[{"embeddable":true,"href":"https:\/\/www.jpop-idols.com\/fr\/wp-json\/wp\/v2\/users\/1"}],"replies":[{"embeddable":true,"href":"https:\/\/www.jpop-idols.com\/fr\/wp-json\/wp\/v2\/comments?post=31084"}],"version-history":[{"count":3,"href":"https:\/\/www.jpop-idols.com\/fr\/wp-json\/wp\/v2\/pages\/31084\/revisions"}],"predecessor-version":[{"id":32269,"href":"https:\/\/www.jpop-idols.com\/fr\/wp-json\/wp\/v2\/pages\/31084\/revisions\/32269"}],"wp:attachment":[{"href":"https:\/\/www.jpop-idols.com\/fr\/wp-json\/wp\/v2\/media?parent=31084"}],"curies":[{"name":"wp","href":"https:\/\/api.w.org\/{rel}","templated":true}]}}