{"id":31335,"date":"2015-07-17T00:36:02","date_gmt":"2015-07-16T22:36:02","guid":{"rendered":"http:\/\/www.jpop-idols.com\/en\/?page_id=31335"},"modified":"2016-03-06T11:37:00","modified_gmt":"2016-03-06T10:37:00","slug":"ganbare-victory","status":"publish","type":"page","link":"https:\/\/www.jpop-idols.com\/fr\/ganbare-victory\/","title":{"rendered":"Ganbare! Victory"},"content":{"rendered":"<p><img decoding=\"async\" loading=\"lazy\" class=\"alignright size-full wp-image-34182\" src=\"http:\/\/static.jpop-idols.com\/uploads\/2016\/03\/ganbare-victory-idol.jpg\" alt=\"Ganbare! Victory (\u304c\u3093\u3070\u308c\uff01Victory)\" width=\"150\" height=\"100\" \/><strong>Ganbare! Victory<\/strong> (\u304c\u3093\u3070\u308c\uff01Victory) est un groupe f\u00e9minin de rock\u00a0et d&rsquo;idols japonaises (bandol).<\/p>\n<p>Elles interpr\u00e8tent des chansons rock inspir\u00e9es des ann\u00e9es 1970 et 1980.<\/p>\n<p>Le groupe est actuellement compos\u00e9 de 5 membres.<\/p>\n<p><!--more--><\/p>\n<h2>Biographie \/ Histoire<\/h2>\n<p>Les th\u00e8mes des Ganbare! Victory sont \u00ab\u00a0Zettai Nama Oto Shugi\u00a0\u00bb (\u7d76\u5bfe\u751f\u97f3\u4e3b\u7fa9) signifiant qu&rsquo;elles se produisent r\u00e9guli\u00e8rement en live, et \u00ab\u00a0Heisei Old Rock\u00a0\u00bb (\u5e73\u6210\u30aa\u30fc\u30eb\u30c9\u30ed\u30c3\u30af) qui fait r\u00e9f\u00e9rence \u00e0 ma musique rock des ann\u00e9es 70 et 80.<\/p>\n<p>Leurs activit\u00e9s sont principalement situ\u00e9es \u00e0 Tokyo.<\/p>\n<p>Le groupe d&rsquo;idols a \u00e9t\u00e9 cr\u00e9\u00e9 lorsque les filles \u00e9taient \u00e9l\u00e8ves en 6e \u00e0 l&rsquo;\u00e9cole primaire. (NDLR : au Japon, le coll\u00e8ge d\u00e9bute en classe de 5e). Leur nom initial \u00e9tait Victory.<\/p>\n<p>Minami a \u00e9t\u00e9 dans la m\u00eame classe que Madoka (Tancobuchin).<\/p>\n<p>Les Ganbare! Victory ont re\u00e7u le Grand Prix du <span style=\"font-style: italic;\">Karatsu Junior Music Festival (\u5510\u6d25\u30b8\u30e5\u30cb\u30a2\u97f3\u697d\u796d)<\/span> en f\u00e9vrier 2008.<\/p>\n<p>Elles ont remport\u00e9 le <span style=\"font-style: italic;\">Teens Rock in Hitachinaka<\/span> en juillet 2011.<\/p>\n<p>Elles sont les plus jeunes artistes \u00e0 s&rsquo;\u00eatre produits au festival <span style=\"font-style: italic;\">Rock in Japan<\/span> en ao\u00fbt 2011.<\/p>\n<p>Les Ganbare! Victory&rsquo; ont sorti leur 1er single <span style=\"font-style: italic;\">Niji<\/span> sous le label Kiss Music en novembre 2011.<\/p>\n<p>Elles ont gagn\u00e9 le Grand Prix des auditions de groupes f\u00e9minins <span style=\"font-style: italic;\">Milky Bunny 2700<\/span> organis\u00e9es par Tokyo MX en avril 2013.<\/p>\n<p>Le groupe d&rsquo;idols a sorti son 1er mini-album <span style=\"font-style: italic;\">KGSD<\/span> en janvier 2014.<\/p>\n<p>Les filles ont termin\u00e9 leurs \u00e9tudes au lyc\u00e9e et d\u00e9m\u00e9nag\u00e9 \u00e0 Tokyo en mars 2014.<\/p>\n<p>Le groupe a sign\u00e9 sous le label Pony Canyon en d\u00e9cembre 2014.<\/p>\n<p>Elles ont donn\u00e9 leur 100e live en d\u00e9cembre 2014.<\/p>\n<p>Les Ganbare! Victory ont fait leurs d\u00e9buts en major avec le single <span style=\"font-style: italic;\">Zenryoku! Start \/ Yume wo Tsuzuki (\u5168\u529b\uff01\u30b9\u30bf\u30fc\u30c8 \/ \u5922\u306e\u3064\u3065\u304d)<\/span> en mai 2015. Il comportait une double face A.<\/p>\n<p><img decoding=\"async\" loading=\"lazy\" class=\"alignright size-thumbnail wp-image-31337\" src=\"http:\/\/static.jpop-idols.com\/uploads\/2015\/07\/ganbare-victory-150x150.jpg\" alt=\"Ganbare! Victory (\u304c\u3093\u3070\u308c\uff01Victory)\" width=\"150\" height=\"150\" \/>Les filles ont \u00e9t\u00e9 nomm\u00e9es ambassadrices dans le cadre d&rsquo;une campagne promotionnelle pour le 100e anniversaire des Lions Yellow Series (\u30e9\u30a4\u30aa\u30f3\u30ba \u30a4\u30a8\u30ed\u30fc \u30b7\u30ea\u30fc\u30ba) en juillet 2015. Elles ont particip\u00e9 \u00e0 diverses missions telles que distribuer 20000 flyers devant le Prince Dome avant les matchs de baseball des Saitama Seibu Lions, supporter l&rsquo;\u00e9quipe&#8230;<\/p>\n<p>L&rsquo;\u00e9mission <span style=\"font-style: italic;\">\u304c\u3093\u3070\u308c\uff01Victory\uff5e\u25cb\u25cb\u25cb\u3078\u306e\u9053\uff5e<\/span> est diffus\u00e9e tous les jeudis \u00e0 21h00 (JST) sur Nico Nico de juillet \u00e0 septembre 2015.<\/p>\n<p>La chanson <span style=\"font-style: italic;\">Dear<\/span> est le tie-up de la publicit\u00e9 pour <span style=\"font-style: italic;\">Yukata Collection 2015<\/span> d&rsquo;Apita et Piago. Elle est pr\u00e9sente sur la face B du single <span style=\"font-style: italic;\"><a href=\"https:\/\/www.jpop-idols.com\/fr\/ganbare-victory-rarirarira\/\">Lalilalila<\/a> (\u30e9\u30ea\u30e9\u30ea\u30e9)<\/span> en vente \u00e0 partir de septembre 2015..<\/p>\n<p><img decoding=\"async\" loading=\"lazy\" class=\"alignright size-thumbnail wp-image-32898\" src=\"http:\/\/static.jpop-idols.com\/uploads\/2015\/12\/ganbare-victory-150x150.jpg\" alt=\"Ganbare! Victory (\u304c\u3093\u3070\u308c\uff01Victory)\" width=\"150\" height=\"150\" \/>De c\u00e9l\u00e8bres joueurs de\u00a0baseball \u00e0 la retraite ont fait des apparitions sous forme de\u00a0cameo dans leurs clips vid\u00e9os.<\/p>\n<p>En janvier 2016, les Ganbare! Victory ont collabor\u00e9 avec l&rsquo;auteur de manga\u00a0Ishii Hisaichi.\u00a0Le personnage Tabuchi-kun (\u30bf\u30d6\u30c1\u304f\u3093) appara\u00eet dans le clip de\u00a0<span style=\"font-style: italic;\"><a href=\"https:\/\/www.jpop-idols.com\/fr\/ganbare-victory-seishun-hero\/\">Seishun! Hero<\/a> (\u9752\u6625\uff01\u30d2\u30fc\u30ed\u30fc)<\/span>.<\/p>\n<p>Les filles animent une rubrique r\u00e9guli\u00e8re dans l&rsquo;\u00e9mission de radio <span style=\"font-style: italic;\">E\u221eTracks Selection<\/span> sur FM Osaka depuis janvier 2016.<\/p>\n<p>Le 1er album en major des Ganbare! Victory <span style=\"font-style: italic;\"><a href=\"https:\/\/www.jpop-idols.com\/fr\/ganbare-victory-juudai-happyou\/\" target=\"_blank\">Juudai Happyou<\/a> (\u5341\u4ee3\u767a\u8868)<\/span>, en vente en mars 2016, inclut la chanson <span style=\"font-style: italic;\">3 3 7 Hyoushi (\u4e09\u4e09\u4e03\u62cd\u5b50)<\/span>. Il a marqu\u00e9 une nouvelle \u00e9tape dans l&rsquo;histoire du bandol puisque toutes les membres ont atteint l&rsquo;\u00e2ge 20 ans.<\/p>\n<h2>Profil<\/h2>\n<ul>\n<li>Ganbare! Victory (\u304c\u3093\u3070\u308c\uff01Victory)<\/li>\n<li>Ann\u00e9es d&rsquo;activit\u00e9 : depuis 2007<\/li>\n<li>Label : Pony Canyon<\/li>\n<li>Agence : Asia Promotion<\/li>\n<\/ul>\n<h2>Membres<\/h2>\n<ul>\n<li>Ayaki (\u3042\u3084\u304d) \/ Imoto Ayaki (\u4e95\u672c\u6587\u7a00) &#8211; Chant<\/li>\n<li>Rena (\u308c\u306a) \/ Tokuhisa Rena (\u5fb3\u4e45\u793c\u5948) &#8211; Guitare<\/li>\n<li>Mayuko (\u307e\u3086\u3053) \/ Yoshida Mayuko (\u5409\u7530\u9ebb\u4f51\u5b50) &#8211; Batterie<\/li>\n<li>Shinobu (\u3057\u306e\u3076) \/ Ito Shinobu (\u4f0a\u85e4\u5fcd) &#8211; Basse<\/li>\n<li>Minami (\u307f\u306a\u307f) \/ Yoshida Minami (\u5409\u7530\u5357\u7f8e) &#8211; Guitare<\/li>\n<\/ul>\n<h2>Discographie<\/h2>\n<p><span style=\"font-weight: bold;\">Singles<\/span><\/p>\n<ul>\n<li>25\/11\/2011 : Niji<\/li>\n<li>17\/08\/2012 : Home<\/li>\n<li>26\/11\/2014 : Fly High!! (\u3075\u3089\u3044\u306f\u3044!!)<\/li>\n<li>20\/05\/2015 : Zenryoku! Start \/ Yume wo Tsuzuki (\u5168\u529b\uff01\u30b9\u30bf\u30fc\u30c8 \/ \u5922\u306e\u3064\u3065\u304d)<\/li>\n<li>02\/09\/2015 : Lalilalila (\u30e9\u30ea\u30e9\u30ea\u30e9 ; Rarirarira)<\/li>\n<li>27\/01\/2016 :\u00a0Seishun! Hero (\u9752\u6625\uff01\u30d2\u30fc\u30ed\u30fc)<\/li>\n<\/ul>\n<p><span style=\"font-weight: bold;\">Mini-Albums<\/span><\/p>\n<ul>\n<li>22\/01\/2014 : KGSD<\/li>\n<\/ul>\n<p><span style=\"font-weight: bold;\">Albums<\/span><\/p>\n<ul>\n<li>16\/03\/2016 : Juudai Happyou (\u5341\u4ee3\u767a\u8868)<\/li>\n<\/ul>\n<h2>Liens<\/h2>\n<ul>\n<li><a href=\"http:\/\/ganbare-victory.com\/\" target=\"_blank\" rel=\"nofollow\">Site officiel<\/a><\/li>\n<li><a href=\"http:\/\/ameblo.jp\/victory-amsrm\/\" target=\"_blank\" rel=\"nofollow\">Blog<\/a><\/li>\n<li><a href=\"https:\/\/plus.google.com\/114882673212526405374\/posts\" target=\"_blank\" rel=\"nofollow\">Google+<\/a><\/li>\n<li><a href=\"https:\/\/www.youtube.com\/victorytv2013\" target=\"_blank\" rel=\"nofollow\">YouTube<\/a><\/li>\n<\/ul>\n<h2>News<\/h2>\n<ul>\n<li><a href=\"https:\/\/www.jpop-idols.com\/fr\/tag\/ganbare-victory\/\">Actualit\u00e9<\/a><\/li>\n<\/ul>\n<p><img decoding=\"async\" loading=\"lazy\" class=\"alignnone size-full wp-image-34181\" src=\"http:\/\/static.jpop-idols.com\/uploads\/2016\/03\/ganbare-victory.jpg\" alt=\"Ganbare! Victory (\u304c\u3093\u3070\u308c\uff01Victory)\" width=\"600\" height=\"399\" srcset=\"https:\/\/static.jpop-idols.com\/uploads\/2016\/03\/ganbare-victory.jpg 600w, https:\/\/static.jpop-idols.com\/uploads\/2016\/03\/ganbare-victory-300x200.jpg 300w\" sizes=\"(max-width: 600px) 100vw, 600px\" \/><\/p>","protected":false},"excerpt":{"rendered":"<p>D\u00e9sol\u00e9, cet article est seulement disponible en Anglais Am\u00e9ricain.<\/p>\n","protected":false},"author":1,"featured_media":0,"parent":0,"menu_order":0,"comment_status":"closed","ping_status":"open","template":"","meta":{"_monsterinsights_skip_tracking":false,"_monsterinsights_sitenote_active":false,"_monsterinsights_sitenote_note":"","_monsterinsights_sitenote_category":0},"_links":{"self":[{"href":"https:\/\/www.jpop-idols.com\/fr\/wp-json\/wp\/v2\/pages\/31335"}],"collection":[{"href":"https:\/\/www.jpop-idols.com\/fr\/wp-json\/wp\/v2\/pages"}],"about":[{"href":"https:\/\/www.jpop-idols.com\/fr\/wp-json\/wp\/v2\/types\/page"}],"author":[{"embeddable":true,"href":"https:\/\/www.jpop-idols.com\/fr\/wp-json\/wp\/v2\/users\/1"}],"replies":[{"embeddable":true,"href":"https:\/\/www.jpop-idols.com\/fr\/wp-json\/wp\/v2\/comments?post=31335"}],"version-history":[{"count":3,"href":"https:\/\/www.jpop-idols.com\/fr\/wp-json\/wp\/v2\/pages\/31335\/revisions"}],"predecessor-version":[{"id":34189,"href":"https:\/\/www.jpop-idols.com\/fr\/wp-json\/wp\/v2\/pages\/31335\/revisions\/34189"}],"wp:attachment":[{"href":"https:\/\/www.jpop-idols.com\/fr\/wp-json\/wp\/v2\/media?parent=31335"}],"curies":[{"name":"wp","href":"https:\/\/api.w.org\/{rel}","templated":true}]}}