{"id":33232,"date":"2016-01-11T20:54:54","date_gmt":"2016-01-11T19:54:54","guid":{"rendered":"http:\/\/www.jpop-idols.com\/en\/?page_id=33232"},"modified":"2016-04-15T19:04:27","modified_gmt":"2016-04-15T17:04:27","slug":"musubizm","status":"publish","type":"page","link":"https:\/\/www.jpop-idols.com\/fr\/musubizm\/","title":{"rendered":"Musubizm"},"content":{"rendered":"<p><img loading=\"lazy\" decoding=\"async\" class=\"alignright size-thumbnail wp-image-34748\" src=\"http:\/\/static.jpop-idols.com\/uploads\/2016\/04\/musubizm-150x150.jpg\" alt=\"Musubizm (\u3080\u3059\u3073\u30ba\u30e0)\" width=\"150\" height=\"150\" \/><strong>Musubizm<\/strong> (\u3080\u3059\u3073\u30ba\u30e0) est un groupe d&rsquo;idols japonaises form\u00e9 en d\u00e9cembre\u00a02014.<\/p>\n<p>Il est actuellement compos\u00e9 de\u00a05 members. Chacune d&rsquo;entre elles est associ\u00e9e \u00e0 une couleur.<\/p>\n<p><!--more--><\/p>\n<p>Le groupe d&rsquo;idols est bas\u00e9 dans le quartier de Harajuku \u00e0\u00a0Tokyo.<\/p>\n<h2>Biographie \/ Histoire<\/h2>\n<p>Le concept est\u00a0\u00ab\u00a0connecter le\u00a0Japon kawaii \u00e0 toutes les personnes dans le Monde\u00a0\u00bb (\u65e5\u672c\u306e\u30ab\u30ef\u30a4\u30a4\u3068\u4e16\u754c\u306e\u307f\u3093\u306a\u3092\u3080\u3059\u3076).<\/p>\n<p><img loading=\"lazy\" decoding=\"async\" class=\"alignright size-full wp-image-33240\" src=\"http:\/\/static.jpop-idols.com\/uploads\/2016\/01\/musubizm-idol-2014.jpg\" alt=\"Musubizm (\u3080\u3059\u3073\u30ba\u30e0)\" width=\"150\" height=\"100\" \/>La\u00a0leader est Kimura Misa.<\/p>\n<p>Les filles ont \u00e9galement des activit\u00e9s dans la mode en tant que mannequins.<\/p>\n<p>A l&rsquo;origine, les 6 membres des Musubizm ont \u00e9t\u00e9 s\u00e9lectionn\u00e9es parmi les candidates du\u00a0AsobiSystem Idol Project en 2014.<\/p>\n<p><img loading=\"lazy\" decoding=\"async\" class=\"alignright size-thumbnail wp-image-33239\" src=\"http:\/\/static.jpop-idols.com\/uploads\/2016\/01\/musubizm-2015-150x150.jpg\" alt=\"Musubizm (\u3080\u3059\u3073\u30ba\u30e0)\" width=\"150\" height=\"150\" \/>Leur \u00e9mission de divertissement\u00a0<span style=\"font-style: italic;\">Musundeika Night (\u3080\u3059\u3093\u3067\u3044\u304b\u30ca\u30a4\u30c8)<\/span>\u00a0est diffus\u00e9e sur\u00a0Ustream depuis janvier\u00a02015.<\/p>\n<p>Wada Uni a d\u00e9missionn\u00e9 en raison de probl\u00e8mes de sant\u00e9 en avril\u00a02015.<\/p>\n<p>Shiina Eru, Yamada Nami et\u00a0Miyajima Rurika sont apparues dans le\u00a0drama <span style=\"font-style: italic;\">Ghostraight (\u30b4\u30fc\u30b9\u30c8\u30ec\u30fc\u30c8)<\/span>\u00a0en mai 2015. De plus, le groupe d&rsquo;idols a interpr\u00e9t\u00e9 la chanson th\u00e8me.<\/p>\n<p>En juillet 2015, Shiina Eru et Miyajima Rurika sont apparues dans le clip vid\u00e9o de <span style=\"font-style: italic;\">Beach Sun Girl feat. Una<\/span> de Little.<\/p>\n<p><img loading=\"lazy\" decoding=\"async\" class=\"alignright size-full wp-image-33237\" src=\"http:\/\/static.jpop-idols.com\/uploads\/2016\/01\/musubizm-idol.jpg\" alt=\"Musubizm (\u3080\u3059\u3073\u30ba\u30e0)\" width=\"150\" height=\"100\" \/>Les Musubizm se sont produites en live aux Etats-Unis en ao\u00fbt. Elles ont particip\u00e9 au\u00a0<span style=\"font-style: italic;\">J-Pop Summit 2015<\/span> et au <span style=\"font-style: italic;\">Moshi Moshi Nippon Festival 2015<\/span> \u00e0 San Francisco, et au <span style=\"font-style: italic;\">OC Japan Fair 2015<\/span> \u00e0 Los Angeles.<\/p>\n<p>Elles ont chant\u00e9 au <span style=\"font-style: italic;\">Moshi Moshi Nippon Festival 2015<\/span> \u00e0 Londres, en Angleterre, en octobre. Il s&rsquo;agissait de leur premier \u00e9v\u00e9nement en Europe.<\/p>\n<p>Le groupe d&rsquo;idols a sign\u00e9 sous le label Fujiyama Project Japan en avril 2016.<\/p>\n<p>Le 1er single des Musubizm <span style=\"font-style: italic;\"><a href=\"https:\/\/www.jpop-idols.com\/fr\/musubizm-mae-wo-muke\/\">Mae wo Muke<\/a> (\u30de\u30a8\u30f2\u30e0\u30b1\uff01)<\/span> sortira en juillet 2016.<\/p>\n<h2>Profil<\/h2>\n<ul>\n<li>Musubizm (\u3080\u3059\u3073\u30ba\u30e0)<\/li>\n<li>Ann\u00e9es d&rsquo;activit\u00e9\u00a0: depuis 2014<\/li>\n<li>Label : Fujiyama Project Japan<\/li>\n<li>Agence : AsobiSystem<\/li>\n<\/ul>\n<h2>Membres<\/h2>\n<ul>\n<li>Kimura Misa (\u6728\u6751\u30df\u30b5) &#8211;\u00a0Bleu ciel<\/li>\n<li>Shiina Eru (\u690e\u540d\u30a8\u30eb) &#8211;\u00a0Rouge<\/li>\n<li>Yamada Nami (\u5c71\u7530\u306a\u307f) &#8211;\u00a0Rose<\/li>\n<li>Imai Mai (\u4eca\u4e95\u30de\u30a4) &#8211;\u00a0Blanc<\/li>\n<li>Miyajima Rurika (\u5bae\u5cf6\u308b\u308a\u304b) &#8211;\u00a0Violet<\/li>\n<\/ul>\n<p>Anciennes membres<\/p>\n<ul>\n<li>Wada Uni (\u548c\u7530\u3046\u306b) &#8211;\u00a0Vert<\/li>\n<\/ul>\n<h2>Discographie<\/h2>\n<p><span style=\"font-weight: bold;\">Singles<\/span><\/p>\n<ul>\n<li>05\/07\/2016 : Mae wo Muke! (\u30de\u30a8\u30f2\u30e0\u30b1\uff01)<\/li>\n<\/ul>\n<p><span style=\"font-weight: bold;\">Albums<\/span><\/p>\n<h2>Liens<\/h2>\n<ul>\n<li><a href=\"http:\/\/musubizm.asobisystem.com\/\" target=\"_blank\" rel=\"nofollow\">Site officiel<\/a><\/li>\n<li><a href=\"https:\/\/www.facebook.com\/musubizm\" target=\"_blank\" rel=\"nofollow\">Facebook<\/a><\/li>\n<li><a href=\"https:\/\/twitter.com\/musubizm_staff\" target=\"_blank\" rel=\"nofollow\">Twitter<\/a><\/li>\n<li><a href=\"https:\/\/www.youtube.com\/channel\/UCJduEI9QhRYwmmcvydoheDg\" target=\"_blank\" rel=\"nofollow\">YouTube<\/a><\/li>\n<li><\/li>\n<\/ul>\n<h2>News<\/h2>\n<ul>\n<li><a href=\"https:\/\/www.jpop-idols.com\/fr\/tag\/musubizm\/\">Actualit\u00e9<\/a><\/li>\n<\/ul>\n<p><img loading=\"lazy\" decoding=\"async\" class=\"alignnone size-full wp-image-34748\" src=\"http:\/\/static.jpop-idols.com\/uploads\/2016\/04\/musubizm.jpg\" alt=\"Musubizm (\u3080\u3059\u3073\u30ba\u30e0)\" width=\"600\" height=\"400\" srcset=\"https:\/\/static.jpop-idols.com\/uploads\/2016\/04\/musubizm.jpg 600w, https:\/\/static.jpop-idols.com\/uploads\/2016\/04\/musubizm-300x200.jpg 300w\" sizes=\"auto, (max-width: 600px) 100vw, 600px\" \/><\/p>","protected":false},"excerpt":{"rendered":"<p>D\u00e9sol\u00e9, cet article est seulement disponible en English.<\/p>\n","protected":false},"author":1,"featured_media":0,"parent":0,"menu_order":0,"comment_status":"closed","ping_status":"open","template":"","meta":{"_monsterinsights_skip_tracking":false,"_monsterinsights_sitenote_active":false,"_monsterinsights_sitenote_note":"","_monsterinsights_sitenote_category":0,"footnotes":""},"class_list":["post-33232","page","type-page","status-publish","hentry"],"_links":{"self":[{"href":"https:\/\/www.jpop-idols.com\/fr\/wp-json\/wp\/v2\/pages\/33232","targetHints":{"allow":["GET"]}}],"collection":[{"href":"https:\/\/www.jpop-idols.com\/fr\/wp-json\/wp\/v2\/pages"}],"about":[{"href":"https:\/\/www.jpop-idols.com\/fr\/wp-json\/wp\/v2\/types\/page"}],"author":[{"embeddable":true,"href":"https:\/\/www.jpop-idols.com\/fr\/wp-json\/wp\/v2\/users\/1"}],"replies":[{"embeddable":true,"href":"https:\/\/www.jpop-idols.com\/fr\/wp-json\/wp\/v2\/comments?post=33232"}],"version-history":[{"count":3,"href":"https:\/\/www.jpop-idols.com\/fr\/wp-json\/wp\/v2\/pages\/33232\/revisions"}],"predecessor-version":[{"id":34750,"href":"https:\/\/www.jpop-idols.com\/fr\/wp-json\/wp\/v2\/pages\/33232\/revisions\/34750"}],"wp:attachment":[{"href":"https:\/\/www.jpop-idols.com\/fr\/wp-json\/wp\/v2\/media?parent=33232"}],"curies":[{"name":"wp","href":"https:\/\/api.w.org\/{rel}","templated":true}]}}