{"id":33829,"date":"2016-02-06T09:52:34","date_gmt":"2016-02-06T08:52:34","guid":{"rendered":"http:\/\/www.jpop-idols.com\/en\/?page_id=33829"},"modified":"2016-03-30T22:26:18","modified_gmt":"2016-03-30T20:26:18","slug":"keyakizaka46","status":"publish","type":"page","link":"https:\/\/www.jpop-idols.com\/fr\/keyakizaka46\/","title":{"rendered":"Keyakizaka46"},"content":{"rendered":"<p><img decoding=\"async\" loading=\"lazy\" class=\"alignright size-thumbnail wp-image-34356\" src=\"http:\/\/static.jpop-idols.com\/uploads\/2016\/03\/keyakizaka46-150x150.jpg\" alt=\"Keyakizaka46 (\u6b05\u574246)\" width=\"150\" height=\"150\" \/><strong>Keyakizaka46<\/strong> (\u6b05\u574246) est un groupe d&rsquo;idols japonaises form\u00e9 en\u00a02015.<\/p>\n<p>Il est actuellement compos\u00e9 de\u00a021 membres.<\/p>\n<p>Keyakizaka46 est un groupe soeur des\u00a0<a href=\"https:\/\/www.jpop-idols.com\/fr\/nogizaka46\/\">Nogizaka46<\/a> (\u4e43\u6728\u574246) Elles sont \u00e9galement produites par\u00a0Akimoto Yasushi.<\/p>\n<p><!--more--><\/p>\n<h2>Biographie \/ Histoire<\/h2>\n<p>Le projet a \u00e9t\u00e9 annonc\u00e9 au cours du printemps 2015. A l&rsquo;origine, le nom du groupe d&rsquo;idols \u00e9tait\u00a0<a href=\"https:\/\/www.jpop-idols.com\/fr\/nogizaka46-toriizaka46\/\">Toriizaka46<\/a> (\u9ce5\u5c45\u574246).\u00a0Celui-ci provient du\u00a0nom de\u00a0la route en pente Toriizaka, proche\u00a0du Zepp Blue Theater, o\u00f9 les\u00a0membres des Nogizaka46 sont actives.<\/p>\n<p><img decoding=\"async\" loading=\"lazy\" class=\"alignright size-thumbnail wp-image-31790\" src=\"http:\/\/static.jpop-idols.com\/uploads\/2015\/08\/keyakizaka46-member-150x150.jpg\" alt=\"Keyakizaka46 (\u6b05\u574246)\" width=\"150\" height=\"150\" \/>22509 filles ont particip\u00e9 aux auditions qui se sont d\u00e9roul\u00e9es au cours de\u00a0l&rsquo;\u00e9t\u00e9\u00a02015, mais seulement\u00a022 furent s\u00e9lectionn\u00e9es dont une qui a d\u00e9clin\u00e9.<\/p>\n<p>Les membres de la 1\u00e8re g\u00e9n\u00e9ration ont \u00e9t\u00e9 d\u00e9voil\u00e9es en\u00a0ao\u00fbt\u00a02015.<\/p>\n<p>Au cours du m\u00eame \u00e9v\u00e9nement,\u00a0il a \u00e9t\u00e9 annonc\u00e9 que le groupe avait \u00e9t\u00e9 renomm\u00e9\u00a0Keyakizaka46 (\u6b05\u574246).<\/p>\n<p>L&rsquo;\u00e9mission de divertissement\u00a0<span style=\"font-style: italic;\">Keyakitte, Kakenai? \u6b05\u3063\u3066\u3001\u66f8\u3051\u306a\u3044\uff1f)<\/span>\u00a0est diffus\u00e9e sur\u00a0TV Tokyo depuis octobre\u00a02015. LEs pr\u00e9sentateurs sont les com\u00e9diens\u00a0Uchida Teruyuki et\u00a0Sawabe Yu (Haraichi). Le programme a pour objectif de faire connaissance avec les membres du groupe d&rsquo;idols.<\/p>\n<p>Leur premier \u00e9v\u00e9nement live\u00a0<span style=\"font-style: italic;\">Omitatekai (\u304a\u898b\u7acb\u3066\u4f1a)<\/span>\u00a0a eu lien en novembre\u00a02015. 4000 fans ont assist\u00e9 au show.<\/p>\n<p><img decoding=\"async\" loading=\"lazy\" class=\"alignright size-full wp-image-33835\" src=\"http:\/\/static.jpop-idols.com\/uploads\/2016\/02\/keyakizaka46-idol-2015.jpg\" alt=\"Keyakizaka46 (\u6b05\u574246)\" width=\"150\" height=\"100\" \/><a href=\"https:\/\/www.jpop-idols.com\/fr\/harada-mayu-keyakizaka46\/\">Harada Mayu<\/a>\u00a0a d\u00e9missionn\u00e9 en novembre 2015 en raison d&rsquo;un\u00a0scandal. Il a \u00e9t\u00e9 r\u00e9v\u00e9l\u00e9 qu&rsquo;elle avait eu une relation amoureuse avec l&rsquo;un de ses anciens enseignants alors qu&rsquo;elle \u00e9tait encore mineure.<\/p>\n<p><a href=\"https:\/\/www.jpop-idols.com\/fr\/nagahama-neru-keyakizaka46\/\">Nagahama Neru<\/a>\u00a0a rejoint le groupe d&rsquo;idols fin novembre\u00a02015.\u00a0Elle n&rsquo;avait pas pu participer au\u00a0dernier tour des auditions des\u00a0Keyakizaka46 \u00e0 Tokyo car elle avait \u00e9t\u00e9 ramen\u00e9e \u00e0 la maison \u00e0 Fukuoka par\u00a0sa m\u00e8re. Le staff a d\u00e9cid\u00e9 de lui donner une autre chance, et elle a finalement \u00e9t\u00e9 retenue apr\u00e8s une audition sp\u00e9ciale.<\/p>\n<p><img decoding=\"async\" loading=\"lazy\" class=\"alignright size-full wp-image-33834\" src=\"http:\/\/static.jpop-idols.com\/uploads\/2016\/02\/keyakizaka46-idol.jpg\" alt=\"Keyakizaka46 (\u6b05\u574246)\" width=\"150\" height=\"100\" \/>Nagahama Neru est actuellement la seule \u00e0 faire partie du\u00a0sous-groupe\u00a0Hiragana Keyakizaka46 (\u3051\u3084\u304d\u574246). D&rsquo;autres membres seront recruit\u00e9es au cours du printemps 2016.<\/p>\n<p>Leur compte\u00a0Twitter officiel a\u00a0\u00e9t\u00e9\u00a0ouvert en d\u00e9cembre\u00a02015.<\/p>\n<p>Sato Shiori est apparue en couverture du magazine\u00a0<span style=\"font-style: italic;\">Big Comic Spirits (\u9031\u520a\u30d3\u30c3\u30b0\u30b3\u30df\u30c3\u30af\u30b9\u30d4\u30ea\u30c3\u30c4)<\/span>\u00a0en janvier 2016.<\/p>\n<p>Les filles ont particip\u00e9 \u00e0 une campagne publicitaire pour Mechakari (\u30e1\u30c1\u30e3\u30ab\u30ea) en mars 2016.<\/p>\n<p>Les Keyakizaka46 ont sorti leur 1er single <span style=\"font-style: italic;\"><a href=\"https:\/\/www.jpop-idols.com\/fr\/keyakizaka46-1st-single\/\">Silent Majority<\/a> (\u30b5\u30a4\u30ec\u30f3\u30c8\u30de\u30b8\u30e7\u30ea\u30c6\u30a3\u30fc)<\/span> en avril\u00a02016.<\/p>\n<h2>Profile<\/h2>\n<ul>\n<li><img decoding=\"async\" loading=\"lazy\" class=\"alignright size-thumbnail wp-image-33831\" src=\"http:\/\/static.jpop-idols.com\/uploads\/2016\/02\/keyakizaka46-logo-150x150.jpg\" alt=\"Keyakizaka46 (\u6b05\u574246)\" width=\"150\" height=\"150\" srcset=\"https:\/\/static.jpop-idols.com\/uploads\/2016\/02\/keyakizaka46-logo-150x150.jpg 150w, https:\/\/static.jpop-idols.com\/uploads\/2016\/02\/keyakizaka46-logo-300x300.jpg 300w, https:\/\/static.jpop-idols.com\/uploads\/2016\/02\/keyakizaka46-logo.jpg 400w\" sizes=\"(max-width: 150px) 100vw, 150px\" \/>Keyakizaka46 (\u6b05\u574246).<\/li>\n<li>Years active : 2015 &#8211; present<\/li>\n<li>Label : Sony Music Records<\/li>\n<li>Agency : Akimoto Yasushi<\/li>\n<\/ul>\n<h2>Membres<\/h2>\n<p>\u6b05\u574246<\/p>\n<ul>\n<li>Ishimori Nijika\u00a0(\u77f3\u68ee\u8679\u82b1)<\/li>\n<li>Imaizumi Yui\u00a0(\u4eca\u6cc9\u4f51\u552f)<\/li>\n<li>Uemura Rina\u00a0(\u4e0a\u6751\u8389\u83dc)<\/li>\n<li>Ozeki Rika\u00a0(\u5c3e\u95a2\u68a8\u9999)<\/li>\n<li>Oda Nana\u00a0(\u7e54\u7530\u5948\u90a3)<\/li>\n<li>Koike Minami\u00a0(\u5c0f\u6c60\u7f8e\u6ce2)<\/li>\n<li>Kobayashi Yui\u00a0(\u5c0f\u6797\u7531\u4f9d)<\/li>\n<li>Saito Fuyuka\u00a0(\u9f4b\u85e4\u51ac\u512a\u82b1)<\/li>\n<li>Sato Shiori\u00a0(\u4f50\u85e4\u8a69\u7e54)<\/li>\n<li>Shida Manaka\u00a0(\u5fd7\u7530\u611b\u4f73)<\/li>\n<li>Sugai Yuka\u00a0(\u83c5\u4e95\u53cb\u9999)<\/li>\n<li>Suzumoto Miyu\u00a0(\u9234\u672c\u7f8e\u6109)<\/li>\n<li>Nagasawa Nanako\u00a0(\u9577\u6ca2\u83dc\u3005\u9999)<\/li>\n<li>Habu Mizuho\u00a0(\u571f\u751f\u745e\u7a42)<\/li>\n<li>Harada Aoi\u00a0(\u539f\u7530\u8475)<\/li>\n<li>Hirate Yurina\u00a0(\u5e73\u624b\u53cb\u68a8\u5948)<\/li>\n<li>Moriya Akane\u00a0(\u5b88\u5c4b\u831c)<\/li>\n<li>Yonetani Nanami\u00a0(\u7c73\u8c37\u5948\u3005\u672a)<\/li>\n<li>Watanabe Rika\u00a0(\u6e21\u8fba\u68a8\u52a0)<\/li>\n<li>Watanabe Risa\u00a0(\u6e21\u9089\u7406\u4f50)<\/li>\n<\/ul>\n<p>\u3051\u3084\u304d\u574246<\/p>\n<ul>\n<li>Nagahama Neru (\u9577\u6ff1\u306d\u308b)<\/li>\n<\/ul>\n<p>Anciennes membres<\/p>\n<ul>\n<li>Harada Mayu (\u539f\u7530\u307e\u3086)<\/li>\n<\/ul>\n<h2>Discographie<\/h2>\n<p><span style=\"font-weight: bold;\">Singles<\/span><\/p>\n<ul>\n<li>06\/04\/2016 ; Silent Majority (\u30b5\u30a4\u30ec\u30f3\u30c8\u30de\u30b8\u30e7\u30ea\u30c6\u30a3\u30fc)<\/li>\n<\/ul>\n<p><span style=\"font-weight: bold;\">Albums<\/span><\/p>\n<h2>Liens<\/h2>\n<ul>\n<li><a href=\"http:\/\/www.keyakizaka46.com\/\" target=\"_blank\" rel=\"nofollow\">Site officiel<\/a><\/li>\n<li><a href=\"http:\/\/blog.keyakizaka46.com\/mob\/news\/diarKiji.php?site=k46&amp;cd=member\" target=\"_blank\" rel=\"nofollow\">Blog<\/a><\/li>\n<li><a href=\"https:\/\/twitter.com\/keyakizaka46\" target=\"_blank\" rel=\"nofollow\">Twitter<\/a><\/li>\n<\/ul>\n<h2>News<\/h2>\n<ul>\n<li><a href=\"https:\/\/www.jpop-idols.com\/fr\/tag\/keyakizaka46\/\">Actualit\u00e9<\/a><\/li>\n<\/ul>\n<p><img decoding=\"async\" loading=\"lazy\" class=\"alignnone size-full wp-image-34356\" src=\"http:\/\/static.jpop-idols.com\/uploads\/2016\/03\/keyakizaka46.jpg\" alt=\"Keyakizaka46 (\u6b05\u574246)\" width=\"600\" height=\"400\" srcset=\"https:\/\/static.jpop-idols.com\/uploads\/2016\/03\/keyakizaka46.jpg 600w, https:\/\/static.jpop-idols.com\/uploads\/2016\/03\/keyakizaka46-300x200.jpg 300w\" sizes=\"(max-width: 600px) 100vw, 600px\" \/><\/p>","protected":false},"excerpt":{"rendered":"<p>D\u00e9sol\u00e9, cet article est seulement disponible en Anglais Am\u00e9ricain.<\/p>\n","protected":false},"author":1,"featured_media":0,"parent":0,"menu_order":0,"comment_status":"closed","ping_status":"open","template":"","meta":{"_monsterinsights_skip_tracking":false,"_monsterinsights_sitenote_active":false,"_monsterinsights_sitenote_note":"","_monsterinsights_sitenote_category":0},"_links":{"self":[{"href":"https:\/\/www.jpop-idols.com\/fr\/wp-json\/wp\/v2\/pages\/33829"}],"collection":[{"href":"https:\/\/www.jpop-idols.com\/fr\/wp-json\/wp\/v2\/pages"}],"about":[{"href":"https:\/\/www.jpop-idols.com\/fr\/wp-json\/wp\/v2\/types\/page"}],"author":[{"embeddable":true,"href":"https:\/\/www.jpop-idols.com\/fr\/wp-json\/wp\/v2\/users\/1"}],"replies":[{"embeddable":true,"href":"https:\/\/www.jpop-idols.com\/fr\/wp-json\/wp\/v2\/comments?post=33829"}],"version-history":[{"count":3,"href":"https:\/\/www.jpop-idols.com\/fr\/wp-json\/wp\/v2\/pages\/33829\/revisions"}],"predecessor-version":[{"id":34568,"href":"https:\/\/www.jpop-idols.com\/fr\/wp-json\/wp\/v2\/pages\/33829\/revisions\/34568"}],"wp:attachment":[{"href":"https:\/\/www.jpop-idols.com\/fr\/wp-json\/wp\/v2\/media?parent=33829"}],"curies":[{"name":"wp","href":"https:\/\/api.w.org\/{rel}","templated":true}]}}