{"id":34818,"date":"2016-04-30T10:28:13","date_gmt":"2016-04-30T08:28:13","guid":{"rendered":"http:\/\/www.jpop-idols.com\/en\/?page_id=34818"},"modified":"2016-04-30T11:01:25","modified_gmt":"2016-04-30T09:01:25","slug":"kiss-bee","status":"publish","type":"page","link":"https:\/\/www.jpop-idols.com\/fr\/kiss-bee\/","title":{"rendered":"Kiss Bee"},"content":{"rendered":"<p><img decoding=\"async\" loading=\"lazy\" class=\"alignright size-thumbnail wp-image-34996\" src=\"http:\/\/static.jpop-idols.com\/uploads\/2016\/04\/kissbee-150x150.jpg\" alt=\"Kiss Bee\" width=\"150\" height=\"150\" \/><strong>Kiss Bee<\/strong> est un groupe d&rsquo;idols japonaises form\u00e9es en 2014.<\/p>\n<p>Il existe \u00e9galement 3 groupes soeurs : Kiss Bee West, Zero and Jr.<\/p>\n<p><!--more--><\/p>\n<p>La leader est Otawa Sakura.<\/p>\n<p>Takano Hina occupe la position de centre.<\/p>\n<h2>Biographie \/ Histoire<\/h2>\n<p><img decoding=\"async\" loading=\"lazy\" class=\"alignright wp-image-34991 size-full\" src=\"http:\/\/static.jpop-idols.com\/uploads\/2016\/04\/kissbee-idol-2014.jpg\" alt=\"Kiss Bee\" width=\"150\" height=\"92\" \/>Les Kiss Bee ont \u00e9t\u00e9 cr\u00e9\u00e9es en avril 2014. A l&rsquo;origine, les membres ont \u00e9t\u00e9 s\u00e9lectionn\u00e9es sur le site Charm Up Girls. Elles \u00e9taient de jeunes mannequins amateurs pour le magazine du m\u00eame nom.<\/p>\n<p>Le live show r\u00e9gulier <span style=\"font-style: italic;\">Girls Theater<\/span> est interpr\u00e9t\u00e9 depuis mai 2014.<\/p>\n<p>Nakayama Seika, Hieda Chihiro et Takatsuji Chinatsu ont \u00e9t\u00e9 recrut\u00e9es comme membres de la g\u00e9n\u00e9ration 1.5 en ao\u00fbt 2014.<\/p>\n<p><img decoding=\"async\" loading=\"lazy\" class=\"alignright wp-image-34994 size-thumbnail\" src=\"http:\/\/static.jpop-idols.com\/uploads\/2016\/04\/kissbee-west-150x150.jpg\" alt=\"Kiss Bee West\" width=\"150\" height=\"150\" \/>Les Kiss Bee West ont \u00e9t\u00e9 fond\u00e9es en octobre 2014 afin d&rsquo;\u00e9tendre les activit\u00e9s hors de Tokyo. Ce groupe soeur est actif dans la r\u00e9gion du Kansai. Elles ont donn\u00e9 leur 1er live en novembre 2014.<\/p>\n<p>Otawa Sakura et Yamaguchi Ruri ont d\u00e9but\u00e9 en tant que kenkyuusei (stagiaires) en octobre 2014.<\/p>\n<p>Les Kiss Bee ont fait leurs d\u00e9buts avec le single <span style=\"font-style: italic;\">Dorudarake no Hana (\u6ce5\u3060\u3089\u3051\u306e\u82b1)<\/span> sorti en novembre 2014. Il \u00e9tait exclusivement en vente dans les salles de concert et en ligne.<\/p>\n<p>Le programme <span style=\"font-style: italic;\">Road to Kiss Bee<\/span>, diffus\u00e9 sur Wallop en d\u00e9cembre 2014, a suivi les auditions de la g\u00e9n\u00e9ration 2.5.<\/p>\n<p><img decoding=\"async\" loading=\"lazy\" class=\"alignright size-full wp-image-34999\" src=\"http:\/\/static.jpop-idols.com\/uploads\/2016\/04\/kissbee-idol-2015.jpg\" alt=\"Kiss Bee\" width=\"150\" height=\"100\" \/>Otawa et and Yamaguchi Ruri ont \u00e9t\u00e9 promues au rang de membres r\u00e9guli\u00e8res en d\u00e9cembre 2014.<\/p>\n<p>Le 1er one-man live des Kiss Bee <span style=\"font-style: italic;\">Ookina Kansha to Chiisana Ippo (\u5927\u304d\u306a\u611f\u8b1d\u3068\u5c0f\u3055\u306a\u4e00\u6b69)<\/span> a eu lieu en janvier 2015 au Ruido K2. L&rsquo;\u00e9v\u00e9nement \u00e9tait sold out.<\/p>\n<p>Leur 2nd single <span style=\"font-style: italic;\">Michirube wa Ao \/ Sotsugyou no Sora (\u9053\u3057\u308b\u3079\u306f\u9752 \/ \u5352\u696d\u306e\u7a7a)<\/span> est sorti en avril 2015.<\/p>\n<p><img decoding=\"async\" loading=\"lazy\" class=\"alignright size-full wp-image-35000\" src=\"http:\/\/static.jpop-idols.com\/uploads\/2016\/04\/kiss-bee-idol-2015.jpg\" alt=\"Kiss Bee\" width=\"150\" height=\"79\" \/>Ishii Miona, Oe Rena, Tanifuji Misaki, Maeda Rion et Ryutani Sena ont rejoint le groupe d&rsquo;idols comme membre de la 3e g\u00e9n\u00e9ration en avril 2015.<\/p>\n<p>Asahina Miku a suspendu ses activit\u00e9s pour se consacrer \u00e0 ses \u00e9tudes en avril 2015.<\/p>\n<p>Kansei Hieda Chihiro et Tatsuji Chinatsu, qui vivaient au Kansai, ont \u00e9t\u00e9 transf\u00e9r\u00e9es vers lers Kiss Bee West en mai 2015.<\/p>\n<p><img decoding=\"async\" loading=\"lazy\" class=\"alignright wp-image-34995 size-thumbnail\" src=\"http:\/\/static.jpop-idols.com\/uploads\/2016\/04\/kissbee-zero-150x150.jpg\" alt=\"Kiss Bee Zero\" width=\"150\" height=\"150\" \/>Les Kiss Bee Zero ont \u00e9t\u00e9 cr\u00e9\u00e9es en juillet 2015. Takano Hina a \u00e9t\u00e9 transf\u00e9r\u00e9e vers ce groupe. Tanifuji Misaki et elle ont \u00e9t\u00e9 promues membres r\u00e9guli\u00e8res \u00e0 la m\u00eame p\u00e9riode.<\/p>\n<p>RaMu, Hirayama Hana et Ishizuka Momoka ont \u00e9t\u00e9 recrut\u00e9es en juillet 2015. Elles ont d\u00e9but\u00e9 avec les Kiss Bee Zero.<\/p>\n<p>Les Kiss Bee Jr. ont \u00e9t\u00e9 form\u00e9es en septembre 2015.<\/p>\n<p>Le single <span style=\"font-style: italic;\">Hoho de Sagasu Anata no Onsen (\u982c\u3067\u63a2\u3059\u3042\u306a\u305f\u306e\u6e29\u5ea6)<\/span> a \u00e9t\u00e9 class\u00e9 14e au classement hebdomadaire Oricon en novembre 2015.<\/p>\n<p><img decoding=\"async\" loading=\"lazy\" class=\"alignright wp-image-34993 size-full\" src=\"http:\/\/static.jpop-idols.com\/uploads\/2016\/04\/kissbee-jr-idol.jpg\" alt=\"Kiss Bee Jr\" width=\"150\" height=\"100\" \/>Yasuda Noa, Aikawa Usaki, Chinone Satono, Kannari Mirai et Takano Ryo sont devenues nouvelles membres en d\u00e9cembre 2015.<\/p>\n<p>Le 1er album des Kiss Bee <span style=\"font-style: italic;\">Shiroi Hana (\u767d\u3044\u82b1)<\/span> est sorti en d\u00e9cembre.<\/p>\n<p>En janvier 2016, Ishizuka Momoka a suspendu temporairement ses activit\u00e9s afin de pr\u00e9parer les examens d&rsquo;entr\u00e9e \u00e0 l&rsquo;universit\u00e9. Elle a fait son retour en mars 2016.<\/p>\n<p>Asahina Miku et Ryutani Sena ont annonc\u00e9 leur graduation en mars 2016.<\/p>\n<p>Oe Rena et Mochizuki Non ont \u00e9t\u00e9 promues en mars 2016.<\/p>\n<p>Les Kiss Bee se produiront en live au Zepp Tokyo en juillet 2016.<\/p>\n<h2>Profil<\/h2>\n<ul>\n<li>Kiss Bee (\u30ad\u30b9\u30d3\u30fc)<\/li>\n<li>Ann\u00e9es d&rsquo;activit\u00e9 : depuis 2014<\/li>\n<li>Label : &#8211;<\/li>\n<li>Agency : Kiss Bee Production<\/li>\n<\/ul>\n<h2>Membres<\/h2>\n<p>Kiss Bee<\/p>\n<ul>\n<li>Takano Hina (\u9df9\u91ce\u65e5\u5357)<\/li>\n<li>Tanifuji Misaki (\u8c37\u85e4\u6d77\u54b2)<\/li>\n<li>Otawa Sakura (\u592a\u7530\u548c\u3055\u304f\u3089)<\/li>\n<li>Nakayama Seika (\u4e2d\u5c71\u661f\u9999)<\/li>\n<li>Tsubaki Meira (\u693f\u660e\u6765)<\/li>\n<li>Yamaguchi Ruri (\u5c71\u53e3\u7460\u7483)<\/li>\n<li>Ishii Miona (\u77f3\u4e95\u7f8e\u97f3\u5948)<\/li>\n<li>Oe Rena (\u5927\u6c5f\u9e97\u83dc)<\/li>\n<\/ul>\n<p>Kiss Bee West<\/p>\n<ul>\n<li>Takatsuji Chinatsu (\u9ad8\u8fbb\u5343\u590f)<\/li>\n<li>Hieda Chihiro (\u7a17\u7530\u667a\u512a)<\/li>\n<li>Nishioka Tsumugi (\u897f\u5ca1 \u7d2c\u6765)<\/li>\n<li>Hirayama Hana (\u5e73\u5c71\u82b1\u83dc)<\/li>\n<li>Morishita Arisa (\u68ee\u4e0b\u3042\u308a\u3055)<\/li>\n<li>Yamamoto Anna (\u5c71\u672c\u674f\u5948)<\/li>\n<\/ul>\n<p>Kiss Bee Zero<\/p>\n<ul>\n<li>Maeda Rion (\u524d\u7530\u7483\u97f3)<\/li>\n<li>RaMu (\u3089\u3080)<\/li>\n<li>Ishizuka Momoka (\u77f3\u585a\u6843\u82b1)<\/li>\n<li>Kannari Mirai (\u795e\u6210\u671b\u611b)<\/li>\n<li>Chinone Satono (\u8305\u6839\u91cc\u91ce)<\/li>\n<li>Yasuda Noa (\u5b89\u7530\u4e43\u611b)<\/li>\n<li>Aikawa Usaki (\u76f8\u5ddd\u3046\u3055\u304d)<\/li>\n<li>Mochizuki Non (\u671b\u6708\u4e43\u97f3)<\/li>\n<\/ul>\n<p>Kiss Bee Jr.<\/p>\n<ul>\n<li>Takano Hina (\u9df9\u91ce\u65e5\u5357)<\/li>\n<li>Tanifuji Misaki (\u8c37\u85e4\u6d77\u54b2)<\/li>\n<li>Otawa Sakura (\u592a\u7530\u548c\u3055\u304f\u3089)<\/li>\n<li>Nakayama Seika (\u4e2d\u5c71\u661f\u9999)<\/li>\n<li>Tsubaki Meira (\u693f\u660e\u6765)<\/li>\n<li>Yamaguchi Ruri (\u5c71\u53e3\u7460\u7483)<\/li>\n<li>Ishii Miona (\u77f3\u4e95\u7f8e\u97f3\u5948)<\/li>\n<li>Oe Rena (\u5927\u6c5f\u9e97\u83dc)<\/li>\n<\/ul>\n<p>Anciennes membres<\/p>\n<ul>\n<li>Asahina Miku (\u671d\u65e5\u5948\u7f8e\u7a7a)<\/li>\n<li>Ryutani Sena (\u9f8d\u8c37\u702c\u83dc)<\/li>\n<\/ul>\n<h2>Discographie<\/h2>\n<p><span style=\"font-weight: bold;\">Singles<\/span><\/p>\n<ul>\n<li>08\/11\/2014 : Dorudarake no Hana (\u6ce5\u3060\u3089\u3051\u306e\u82b1)<\/li>\n<li>04\/04\/2015 : Michirube wa Ao \/ Sotsugyou no Sora (\u9053\u3057\u308b\u3079\u306f\u9752 \/ \u5352\u696d\u306e\u7a7a)<\/li>\n<li>27\/11\/2015 : Hoho de Sagasu Anata no Onsen (\u982c\u3067\u63a2\u3059\u3042\u306a\u305f\u306e\u6e29\u5ea6)<\/li>\n<li>10\/04\/2016 : Kimi to Boku to Natsu no Monogatari \/ Shiro Neko no Lilly (\u541b\u3068\u50d5\u3068\u590f\u306e\u7269\u8a9e \/ \u767d\u732b\u306eLilly)<\/li>\n<\/ul>\n<p><span style=\"font-weight: bold;\">Albums<\/span><\/p>\n<ul>\n<li>26\/12\/2015 : Shiroi Hana (\u767d\u3044\u82b1)<\/li>\n<\/ul>\n<h2>Liens<\/h2>\n<ul>\n<li><a href=\"http:\/\/kissbee.net\/\" target=\"_blank\" rel=\"nofollow\">Site officiel<\/a><\/li>\n<li><a href=\"https:\/\/twitter.com\/cug_kissbee\" target=\"_blank\" rel=\"nofollow\">Twitter<\/a><\/li>\n<li><a href=\"https:\/\/www.youtube.com\/channel\/UC5GqigDlifXby0ANB8dgT1g\" target=\"_blank\" rel=\"nofollow\">YouTube<\/a><\/li>\n<\/ul>\n<h2>News<\/h2>\n<ul>\n<li>Actualit\u00e9<\/li>\n<\/ul>\n<div id=\"attachment_34996\" style=\"width: 610px\" class=\"wp-caption alignnone\"><img aria-describedby=\"caption-attachment-34996\" decoding=\"async\" loading=\"lazy\" class=\"wp-image-34996 size-full\" src=\"http:\/\/static.jpop-idols.com\/uploads\/2016\/04\/kissbee.jpg\" alt=\"Kiss Bee\" width=\"600\" height=\"400\" srcset=\"https:\/\/static.jpop-idols.com\/uploads\/2016\/04\/kissbee.jpg 600w, https:\/\/static.jpop-idols.com\/uploads\/2016\/04\/kissbee-300x200.jpg 300w\" sizes=\"(max-width: 600px) 100vw, 600px\" \/><p id=\"caption-attachment-34996\" class=\"wp-caption-text\">Kiss Bee<\/p><\/div>\n<div id=\"attachment_34994\" style=\"width: 610px\" class=\"wp-caption alignnone\"><img aria-describedby=\"caption-attachment-34994\" decoding=\"async\" loading=\"lazy\" class=\"size-full wp-image-34994\" src=\"http:\/\/static.jpop-idols.com\/uploads\/2016\/04\/kissbee-west.jpg\" alt=\"Kiss Bee West\" width=\"600\" height=\"540\" srcset=\"https:\/\/static.jpop-idols.com\/uploads\/2016\/04\/kissbee-west.jpg 600w, https:\/\/static.jpop-idols.com\/uploads\/2016\/04\/kissbee-west-300x270.jpg 300w\" sizes=\"(max-width: 600px) 100vw, 600px\" \/><p id=\"caption-attachment-34994\" class=\"wp-caption-text\">Kiss Bee West<\/p><\/div>\n<div id=\"attachment_34995\" style=\"width: 610px\" class=\"wp-caption alignnone\"><img aria-describedby=\"caption-attachment-34995\" decoding=\"async\" loading=\"lazy\" class=\"size-full wp-image-34995\" src=\"http:\/\/static.jpop-idols.com\/uploads\/2016\/04\/kissbee-zero.jpg\" alt=\"Kiss Bee Zero\" width=\"600\" height=\"400\" srcset=\"https:\/\/static.jpop-idols.com\/uploads\/2016\/04\/kissbee-zero.jpg 600w, https:\/\/static.jpop-idols.com\/uploads\/2016\/04\/kissbee-zero-300x200.jpg 300w\" sizes=\"(max-width: 600px) 100vw, 600px\" \/><p id=\"caption-attachment-34995\" class=\"wp-caption-text\">Kiss Bee Zero<\/p><\/div>\n<p><div id=\"attachment_34992\" style=\"width: 610px\" class=\"wp-caption alignnone\"><img aria-describedby=\"caption-attachment-34992\" decoding=\"async\" loading=\"lazy\" class=\"size-full wp-image-34992\" src=\"http:\/\/static.jpop-idols.com\/uploads\/2016\/04\/kissbee-jr.jpg\" alt=\"Kiss Bee Jr\" width=\"600\" height=\"400\" srcset=\"https:\/\/static.jpop-idols.com\/uploads\/2016\/04\/kissbee-jr.jpg 600w, https:\/\/static.jpop-idols.com\/uploads\/2016\/04\/kissbee-jr-300x200.jpg 300w\" sizes=\"(max-width: 600px) 100vw, 600px\" \/><p id=\"caption-attachment-34992\" class=\"wp-caption-text\">Kiss Bee Jr<\/p><\/div><\/p>","protected":false},"excerpt":{"rendered":"<p>D\u00e9sol\u00e9, cet article est seulement disponible en Anglais Am\u00e9ricain.<\/p>\n","protected":false},"author":1,"featured_media":0,"parent":0,"menu_order":0,"comment_status":"closed","ping_status":"open","template":"","meta":{"_monsterinsights_skip_tracking":false,"_monsterinsights_sitenote_active":false,"_monsterinsights_sitenote_note":"","_monsterinsights_sitenote_category":0},"_links":{"self":[{"href":"https:\/\/www.jpop-idols.com\/fr\/wp-json\/wp\/v2\/pages\/34818"}],"collection":[{"href":"https:\/\/www.jpop-idols.com\/fr\/wp-json\/wp\/v2\/pages"}],"about":[{"href":"https:\/\/www.jpop-idols.com\/fr\/wp-json\/wp\/v2\/types\/page"}],"author":[{"embeddable":true,"href":"https:\/\/www.jpop-idols.com\/fr\/wp-json\/wp\/v2\/users\/1"}],"replies":[{"embeddable":true,"href":"https:\/\/www.jpop-idols.com\/fr\/wp-json\/wp\/v2\/comments?post=34818"}],"version-history":[{"count":3,"href":"https:\/\/www.jpop-idols.com\/fr\/wp-json\/wp\/v2\/pages\/34818\/revisions"}],"predecessor-version":[{"id":35004,"href":"https:\/\/www.jpop-idols.com\/fr\/wp-json\/wp\/v2\/pages\/34818\/revisions\/35004"}],"wp:attachment":[{"href":"https:\/\/www.jpop-idols.com\/fr\/wp-json\/wp\/v2\/media?parent=34818"}],"curies":[{"name":"wp","href":"https:\/\/api.w.org\/{rel}","templated":true}]}}