{"id":35223,"date":"2016-06-05T17:41:05","date_gmt":"2016-06-05T15:41:05","guid":{"rendered":"http:\/\/www.jpop-idols.com\/en\/?page_id=35223"},"modified":"2016-09-27T19:36:38","modified_gmt":"2016-09-27T17:36:38","slug":"yuigadokuson","status":"publish","type":"page","link":"https:\/\/www.jpop-idols.com\/fr\/yuigadokuson\/","title":{"rendered":"Yuigadokuson"},"content":{"rendered":"<p><img loading=\"lazy\" decoding=\"async\" class=\"alignright size-thumbnail wp-image-35935\" src=\"http:\/\/static.jpop-idols.com\/uploads\/2016\/09\/yuigadokuson-150x150.jpg\" alt=\"Yuigadokuson (\u30e6\u30a4\u30ac\u30c9\u30af\u30bd\u30f3)\" width=\"150\" height=\"150\" \/><strong>Yuigadokuson<\/strong> (\u30e6\u30a4\u30ac\u30c9\u30af\u30bd\u30f3) est un groupe d&rsquo;idols japonaises form\u00e9 en 2015.<\/p>\n<p>Il est actuellement compos\u00e9 de 4 membres.<\/p>\n<p><!--more--><\/p>\n<h2>Biographie \/ Histoire<\/h2>\n<p>Le concept est \u00ab\u00a0Parce que nous pensons que les personnalit\u00e9s sont importantes, nous pouvons penser que le groupe est important\u00a0\u00bb.<\/p>\n<p><img loading=\"lazy\" decoding=\"async\" class=\"alignright size-thumbnail wp-image-35227\" src=\"http:\/\/static.jpop-idols.com\/uploads\/2016\/06\/yuigadokuson-2015-150x150.jpg\" alt=\"Yuigadokuson (\u30e6\u30a4\u30ac\u30c9\u30af\u30bd\u30f3)\" width=\"150\" height=\"150\" \/>Les Yuigadokuson delivrent le message de \u00ab\u00a0prendre soin de soi-m\u00eame et \u00eatre honn\u00eate\u00a0\u00bb \u00e0 travers leurs chansons et leurs performances sur sc\u00e8ne.<\/p>\n<p>Elles ont fait leurs d\u00e9buts avec les singles <span style=\"font-style: italic;\">Wow, Lalala! ~Yuigadokuson no Theme~ (Wow,\u30e9\u30e9\u30e9\uff01\uff5e\u30e6\u30a4\u30ac\u30c9\u30af\u30bd\u30f3\u306e\u30c6\u30fc\u30de\uff5e)<\/span> et <span style=\"font-style: italic;\">Run!!!<\/span> sortis simultan\u00e9ment en janvier 2016. Ceci comm\u00e9morait le 1er anniversaire du groupe d&rsquo;idols.<\/p>\n<p>Les filles sont apparues dans une publicit\u00e9 sur internet pour Shiseido Adenogen au printemps 2016.<\/p>\n<p>Le 3e single des Yuigadokuson <span style=\"font-style: italic;\">Star Shine<\/span>, en vente en avril 2016, est une ballade.<\/p>\n<p><img loading=\"lazy\" decoding=\"async\" class=\"alignright size-thumbnail wp-image-35224\" src=\"http:\/\/static.jpop-idols.com\/uploads\/2016\/06\/yuigadokuson-150x150.jpg\" alt=\"Yuigadokuson (\u30e6\u30a4\u30ac\u30c9\u30af\u30bd\u30f3)\" width=\"150\" height=\"150\" \/>Le 4e single du groupe d&rsquo;idols <span style=\"font-style: italic;\">Shuwa Summer!!!! (\u6ce1\u590f!!!!)<\/span>, sorti en mai 2016, est le th\u00e8me de l&rsquo;ending de l&rsquo;\u00e9mission TV <span style=\"font-style: italic;\">Terry Ito no Maru-kin Rider 8 (\u30c6\u30ea\u30fc\u4f0a\u85e4\u306e\u30de\u30eb\u91d1\u30e9\u30a4\u30c0\u30fc8)<\/span> diffus\u00e9e sur Tokyo MX. La face B <span style=\"font-style: italic;\">Kimi Dake no Goal (\u541b\u3060\u3051\u306e\u30b4\u30fc\u30eb)<\/span> est la chanson th\u00e8me du <span style=\"font-style: italic;\">2016 Yoron Marathon Program<\/span>.<\/p>\n<p>Les Yuigadokuson ont particip\u00e9 \u00e0 <span style=\"font-style: italic;\">Japan Expo 2016<\/span> \u00e0 Paris Nord Villepinte, en France, en juillet. Il s&rsquo;agissait du prix pour avoir remport\u00e9 le concours <span style=\"font-style: italic;\"><a href=\"https:\/\/www.jpop-idols.com\/fr\/tokyo-candoll-2016\/\">Tokyo Candoll<\/a><\/span>. Cet \u00e9v\u00e9nement \u00e9tait leur premier live \u00e0 l&rsquo;\u00e9tranger.<\/p>\n<p>Le clip vid\u00e9o de leur 5e single <span style=\"font-style: italic;\">Try! Try! Try!<\/span>, en vente en ao\u00fbt 2016, a \u00e9t\u00e9 partiellement film\u00e9 au cours de leur s\u00e9jour \u00e0 Paris.<\/p>\n<p>Article relatif :<\/p>\n<ul>\n<li><a href=\"https:\/\/www.jpop-idols.com\/fr\/yuigadokuson-interview\/\">Interview : Yuigadokuson<\/a><\/li>\n<\/ul>\n<h2>Profil<\/h2>\n<ul>\n<li>Yuigadokuson (\u30e6\u30a4\u30ac\u30c9\u30af\u30bd\u30f3)<\/li>\n<li>Ann\u00e9es d&rsquo;activit\u00e9 : depuis 2015<\/li>\n<li>Label : &#8211;<\/li>\n<li>Agence : Artist Box<\/li>\n<\/ul>\n<h2>Membres<\/h2>\n<ul>\n<li>Tokotsume Sakura (\u5e8a\u722a\u3055\u304f\u3089)<\/li>\n<li>Miyagi Nonami (\u5bae\u57ce\u4e43\u5948\u5b9f)<\/li>\n<li>Iwasaki Mai (\u5ca9\u5d0e\u821e)<\/li>\n<li>Kido Yuho (\u6728\u6238\u512a\u6b69)<\/li>\n<\/ul>\n<h2>Discographie<\/h2>\n<p><span style=\"font-weight: bold;\">Singles<\/span><\/p>\n<ul>\n<li>03\/01\/2016 : La La La! ~Yuigadokuson no Theme~ (Wow,\u30e9\u30e9\u30e9\uff01\uff5e\u30e6\u30a4\u30ac\u30c9\u30af\u30bd\u30f3\u306e\u30c6\u30fc\u30de\uff5e)<\/li>\n<li>03\/01\/2016 : Run!!<\/li>\n<li>01\/04\/2016 : Star Shine<\/li>\n<li>01\/05\/2016 : Shuwa Summer!!!! (\u6ce1\u590f!!!!)<\/li>\n<li>07\/08\/2016 : Try! Try! Try!<\/li>\n<\/ul>\n<p><span style=\"font-weight: bold;\">Albums<\/span><\/p>\n<h2>Liens<\/h2>\n<ul>\n<li><a href=\"http:\/\/www.yuidoku.com\/\" target=\"_blank\" rel=\"nofollow\">Site officiel<\/a><\/li>\n<li><a href=\"http:\/\/ameblo.jp\/yuigadokuson-official\/\" target=\"_blank\" rel=\"nofollow\">Blog<\/a><\/li>\n<li><a href=\"https:\/\/twitter.com\/yuigadokuson_1\" target=\"_blank\" rel=\"nofollow\">Twitter<\/a><\/li>\n<\/ul>\n<h2>News<\/h2>\n<ul>\n<li><a href=\"https:\/\/www.jpop-idols.com\/fr\/tag\/yuigadokuson\/\">Actualit\u00e9<\/a><\/li>\n<\/ul>\n<p><img loading=\"lazy\" decoding=\"async\" class=\"alignnone size-full wp-image-35935\" src=\"http:\/\/static.jpop-idols.com\/uploads\/2016\/09\/yuigadokuson.jpg\" alt=\"Yuigadokuson (\u30e6\u30a4\u30ac\u30c9\u30af\u30bd\u30f3)\" width=\"600\" height=\"418\" srcset=\"https:\/\/static.jpop-idols.com\/uploads\/2016\/09\/yuigadokuson.jpg 600w, https:\/\/static.jpop-idols.com\/uploads\/2016\/09\/yuigadokuson-300x209.jpg 300w\" sizes=\"auto, (max-width: 600px) 100vw, 600px\" \/><\/p>","protected":false},"excerpt":{"rendered":"<p>D\u00e9sol\u00e9, cet article est seulement disponible en English.<\/p>\n","protected":false},"author":1,"featured_media":0,"parent":0,"menu_order":0,"comment_status":"closed","ping_status":"open","template":"","meta":{"_monsterinsights_skip_tracking":false,"_monsterinsights_sitenote_active":false,"_monsterinsights_sitenote_note":"","_monsterinsights_sitenote_category":0,"footnotes":""},"class_list":["post-35223","page","type-page","status-publish","hentry"],"_links":{"self":[{"href":"https:\/\/www.jpop-idols.com\/fr\/wp-json\/wp\/v2\/pages\/35223","targetHints":{"allow":["GET"]}}],"collection":[{"href":"https:\/\/www.jpop-idols.com\/fr\/wp-json\/wp\/v2\/pages"}],"about":[{"href":"https:\/\/www.jpop-idols.com\/fr\/wp-json\/wp\/v2\/types\/page"}],"author":[{"embeddable":true,"href":"https:\/\/www.jpop-idols.com\/fr\/wp-json\/wp\/v2\/users\/1"}],"replies":[{"embeddable":true,"href":"https:\/\/www.jpop-idols.com\/fr\/wp-json\/wp\/v2\/comments?post=35223"}],"version-history":[{"count":3,"href":"https:\/\/www.jpop-idols.com\/fr\/wp-json\/wp\/v2\/pages\/35223\/revisions"}],"predecessor-version":[{"id":36033,"href":"https:\/\/www.jpop-idols.com\/fr\/wp-json\/wp\/v2\/pages\/35223\/revisions\/36033"}],"wp:attachment":[{"href":"https:\/\/www.jpop-idols.com\/fr\/wp-json\/wp\/v2\/media?parent=35223"}],"curies":[{"name":"wp","href":"https:\/\/api.w.org\/{rel}","templated":true}]}}