{"id":4130,"date":"2012-10-07T23:51:40","date_gmt":"2012-10-07T21:51:40","guid":{"rendered":"http:\/\/www.jpop-idols.com\/en\/?page_id=4130"},"modified":"2017-05-15T19:45:27","modified_gmt":"2017-05-15T17:45:27","slug":"band-ja-naimon","status":"publish","type":"page","link":"https:\/\/www.jpop-idols.com\/fr\/band-ja-naimon\/","title":{"rendered":"Band Ja Naimon!"},"content":{"rendered":"<p><img loading=\"lazy\" decoding=\"async\" class=\"alignright size-thumbnail wp-image-38646\" src=\"http:\/\/static.jpop-idols.com\/uploads\/2017\/05\/band-ja-naimon-150x150.jpg\" alt=\"Band Ja Naimon! (\u30d0\u30f3\u30c9\u3058\u3083\u306a\u3044\u3082\u3093!)\" width=\"150\" height=\"150\" \/><strong>Band Ja Naimon!<\/strong> (\u30d0\u30f3\u30c9\u3058\u3083\u306a\u3044\u3082\u3093\uff01, Bandjanaimon!) est un groupe d&rsquo;idols japonaises form\u00e9 en 2012.<\/p>\n<p>Elles sont \u00e9galement connues sous le nom de Banmon! (\u30d0\u30f3\u3082\u3093\uff01).<\/p>\n<p>Il est actuellement compos\u00e9 de 6 membres. Chacune d&rsquo;entre elles est associ\u00e9e \u00e0 une couleur.<\/p>\n<p><!--more--><\/p>\n<h2>Biographie \/ Histoire<\/h2>\n<p>Lors de leur cr\u00e9ation, les 2 membres Misako et Kacchan \u00e9taient connues pour jouer ensemble avec 2 batteries sur sc\u00e8ne.<\/p>\n<p><img loading=\"lazy\" decoding=\"async\" class=\"alignright size-thumbnail wp-image-4140\" src=\"http:\/\/static.jpop-idols.com\/uploads\/2012\/10\/bandjanaimon-150x150.jpg\" alt=\"Band Ja Naimon! (\u30d0\u30f3\u30c9\u3058\u3083\u306a\u3044\u3082\u3093\uff01)\" width=\"150\" height=\"150\" srcset=\"https:\/\/static.jpop-idols.com\/uploads\/2012\/10\/bandjanaimon-150x150.jpg 150w, https:\/\/static.jpop-idols.com\/uploads\/2012\/10\/bandjanaimon.jpg 175w\" sizes=\"auto, (max-width: 150px) 100vw, 150px\" \/>Les Band Ja Naimon! ont fait leurs d\u00e9buts avec le single <span style=\"font-style: italic;\">Chocolat Love (\u30b7\u30e7\u30b3\u30e9\u30fb\u30e9\u30d6)<\/span> en f\u00e9vrier 2013.<\/p>\n<p>En avril 2013, Misako a particip\u00e9 \u00e0 une campagne publicitaire intitul\u00e9e <a title=\"Misako (Band Ja Naimon) \u2013 Kawaii Meets Extra Bass\" href=\"https:\/\/www.jpop-idols.com\/fr\/misako-bandjanaimon-kawaii-meets-extra-bass\/\"><span style=\"font-style: italic;\">Kawaii Meets Extra Bass<\/span><\/a> pour les casques audio <span style=\"font-style: italic;\">Extra Bass<\/span> de Sony.<\/p>\n<p>3 nouvelles membres (<a title=\"3 nouvelles membres rejoignent les Band Ja Naimon!\" href=\"https:\/\/www.jpop-idols.com\/fr\/bandjanaimon-3-nouvelles-membres\/\">Ramune, Shioringo, et Gumi<\/a>) ont rejoint le groupe en mai 2013.<\/p>\n<p>Kacchan a effectu\u00e9 sa graduation des Band Ja Naimon! en septembre 2013 afin de se tourner vers une carri\u00e8re d&rsquo;actrice.<\/p>\n<p><img loading=\"lazy\" decoding=\"async\" class=\"alignright size-full wp-image-16594\" src=\"http:\/\/static.jpop-idols.com\/uploads\/2013\/10\/bandjanaimon.jpg\" alt=\"Band Ja Naimon! (\u30d0\u30f3\u30c9\u3058\u3083\u306a\u3044\u3082\u3093\uff01)\" width=\"150\" height=\"67\" \/><\/p>\n<p>Un mois plus tard, en octobre, Miyu a int\u00e9gr\u00e9 le groupe.<\/p>\n<p>Les Band Ja Naimon! et le duo de comiques Razor Ramon animent l&rsquo;\u00e9mission de divertissement <span style=\"font-style: italic;\">Band Ja Nai Zer Ramon (\u30d0\u30f3\u30c9\u3058\u3083\u306a\u30a4\u30b6\u30fc\u30e9\u30e2\u30f3)<\/span> diffus\u00e9e sur 2.5D \u00e0 partir de d\u00e9cembre 2013.<\/p>\n<p><img loading=\"lazy\" decoding=\"async\" class=\"alignright size-thumbnail wp-image-21971\" src=\"http:\/\/static.jpop-idols.com\/uploads\/2014\/04\/bandjanaimon-idol-150x150.jpg\" alt=\"Band Ja Naimon! (\u30d0\u30f3\u30c9\u3058\u3083\u306a\u3044\u3082\u3093\uff01)\" width=\"150\" height=\"150\" \/><\/p>\n<p><a title=\"Mizutama Ramune quitte les Band Ja Naimon!\" href=\"https:\/\/www.jpop-idols.com\/fr\/ramune-graduation-bandjanaimon\/\">Mizutama Ramune<\/a> a effectu\u00e9 sa graduation du groupe d&rsquo;idols en avril 2014. Elle a \u00e9t\u00e9 remplac\u00e9e par 2 nouvelles membres <a title=\"Amanatsu Yuzu et Amaterasu Omomoko rejoignent les Band Ja Naimon!\" href=\"https:\/\/www.jpop-idols.com\/fr\/yuzu-momoko-bandjanaimon-new-members\/\">Amanatsu Yuzu et Amaterasu Omomoko<\/a>.<\/p>\n<p>Cette derni\u00e8re est \u00e9galement connue sous le nom de Chanmomo (\u3061\u3083\u3093\u3082\u3082\u25ce). Elle est mannequin, talent, pr\u00e9sentatrice radio et DJ.<\/p>\n<p>Les membres ont \u00e9crit les paroles du single <span style=\"font-style: italic;\"><a title=\"Bandjanaimon! - Tsunagaru! Kanaderu! Music\" href=\"https:\/\/www.jpop-idols.com\/fr\/bandjanaimon-tsunagaru-kanaderu-music\/\">Tsunagaru! Kanaderu! Music<\/a> (\u30c4\u30ca\u30ac\u30eb\uff01\u30ab\u30ca\u30c7\u30eb\uff01Music)<\/span> sorti en septembre 2014.<\/p>\n<p><img loading=\"lazy\" decoding=\"async\" class=\"alignright size-full wp-image-25122\" src=\"http:\/\/static.jpop-idols.com\/uploads\/2014\/09\/bandjanaimon-idol.jpg\" alt=\"Bandjanaimon! (\u30d0\u30f3\u30c9\u3058\u3083\u306a\u3044\u3082\u3093\uff01\" width=\"150\" height=\"150\" \/>Leur 1er album album complet <span style=\"font-style: italic;\"><a title=\"Band Ja Naimon! \u2013 Re:start\" href=\"https:\/\/www.jpop-idols.com\/fr\/band-ja-naimon-restart\/\">Re:start<\/a><\/span> est sorti en avril 2015.<\/p>\n<p>Koishio Ringo et Ano (<a title=\"You\u2019ll Melt More\" href=\"https:\/\/www.jpop-idols.com\/fr\/you-ll-melt-more\/\">You&rsquo;ll Melt More!<\/a>) ont \u00e9t\u00e9 nomm\u00e9es mannequins pour l&rsquo;exposition <span style=\"font-style: italic;\">Tokyo Heroine (\u30c8\u30fc\u30ad\u30e7\u30fc\u30d2\u30ed\u30a4\u30f3\u5c55)<\/span> en avril 2015.<\/p>\n<p>Misako a jou\u00e9 dans le drama <span style=\"font-style: italic;\">Joshi no Jiken wa Taitei, Toire de Okorunoda (\u5973\u5b50\u306e\u4e8b\u4ef6\u306f\u5927\u62b5\u3001\u30c8\u30a4\u30ec\u3067\u8d77\u3053\u308b\u306e\u3060\u3002)<\/span> aux c\u00f4t\u00e9s de Nakayama Riko (<a title=\"Shiritsu Ebisu Chuugaku (Ebichu)\" href=\"https:\/\/www.jpop-idols.com\/fr\/shiritsu-ebisu-chuugaku\/\">Shiritsu Ebisu Chuugaku<\/a>) en mai 2015.<\/p>\n<p>Les filles sont apparues dans une publicit\u00e9 TV pour Uchicomi (\u30a6\u30c1\u30b3\u30df) en juillet 2015.<\/p>\n<p><img loading=\"lazy\" decoding=\"async\" class=\"alignright size-thumbnail wp-image-29478\" src=\"http:\/\/static.jpop-idols.com\/uploads\/2015\/04\/bandjanaimon-150x150.jpg\" alt=\"Band Ja Naimon! (\u30d0\u30f3\u30c9\u3058\u3083\u306a\u3044\u3082\u3093\uff01)\" width=\"150\" height=\"150\" \/>Les membres des Band Ja Naimon! ont servi en tant que mannequins pour la collection de costumes d&rsquo;Halloween <span style=\"font-style: italic;\">Trick or Treat<\/span> de Clearstone en octobre 2015.<\/p>\n<p>Le <span style=\"font-style: italic;\">BanMon! Fes (\u30d0\u30f3\u3082\u3093\uff01Fes.)<\/span> a eu lieu en octobre 2015. D&rsquo;autres groupes d&rsquo;idols tels que les <a href=\"https:\/\/www.jpop-idols.com\/fr\/moso-calibration\/\">Moso Calibration<\/a>, les <a href=\"https:\/\/www.jpop-idols.com\/fr\/you-ll-melt-more\/\">You&rsquo;ll Melt More!<\/a>, les <a href=\"https:\/\/www.jpop-idols.com\/fr\/drop\/\">drop<\/a>, les <a href=\"https:\/\/www.jpop-idols.com\/fr\/pla2me\/\">POP<\/a> et les <a href=\"https:\/\/www.jpop-idols.com\/fr\/passcode\/\">PassCode<\/a> se sont produites en tant qu&rsquo;invit\u00e9s au cours de l&rsquo;\u00e9v\u00e9nement.<\/p>\n<p><img loading=\"lazy\" decoding=\"async\" class=\"alignright size-thumbnail wp-image-32486\" src=\"http:\/\/static.jpop-idols.com\/uploads\/2015\/11\/bandjanaimon-150x150.jpg\" alt=\"Band Ja Naimon! (\u30d0\u30f3\u30c9\u3058\u3083\u306a\u3044\u3082\u3093\uff01)\" width=\"150\" height=\"150\" \/>En novembre 2015, les Band Ja Naimon! et les You&rsquo;ll Melt More! ont collabor\u00e9 pour la promotion des marques de v\u00eatements de mode Neb aaran do et Bedsidedrama.<\/p>\n<p>Suzuhime Misako a \u00e9crit les paroles de la chanson\u00a0<span style=\"font-style: italic;\">White Youth<\/span> pr\u00e9sente sur leur 5e single <span style=\"font-style: italic;\"><a href=\"https:\/\/www.jpop-idols.com\/fr\/band-ja-naimon-namida-white-youth\/\">NaMiDa \/ White Youth<\/a><\/span> sorti en novembre 2015.<\/p>\n<p>Le groupe d&rsquo;idols a \u00e9t\u00e9 transf\u00e9r\u00e9 du label Warner Music \u00e0 Pony Canyon en janvier 2016.<\/p>\n<p>Les filles animent l&rsquo;\u00e9mission de radio <span style=\"font-style: italic;\">Band Ja Naimon! no All Night Nippon Mobile Nandamon! (\u30d0\u30f3\u30c9\u3058\u3083\u306a\u3044\u3082\u3093\uff01\u306e\u30aa\u30fc\u30eb\u30ca\u30a4\u30c8\u30cb\u30c3\u30dd\u30f3\u30e2\u30d0\u30a4\u30eb\u306a\u3093\u3060\u3082\u3093\uff01)<\/span> sur ANN Mobile depuis avril 2016.<\/p>\n<p><img loading=\"lazy\" decoding=\"async\" class=\"alignright size-thumbnail wp-image-38685\" src=\"http:\/\/static.jpop-idols.com\/uploads\/2017\/05\/band-ja-naimon-2016-150x150.jpg\" alt=\"Band Ja Naimon! (\u30d0\u30f3\u30c9\u3058\u3083\u306a\u3044\u3082\u3093\uff01)\" width=\"150\" height=\"150\" \/>Le single <span style=\"font-style: italic;\"><a href=\"https:\/\/www.jpop-idols.com\/fr\/bandjanaimon-kimemaster\/\">Kimemaster! \/ Kimochi Dake Sanka Shimasu<\/a> (\u30ad\u30e1\u30de\u30b9\u30bf\u30fc\uff01 \/ \u6c17\u6301\u3061\u3060\u3051\u53c2\u52a0\u3057\u307e\u3059\u3002)<\/span>, en vente en mai 2016, a marqu\u00e9 leur 2nd d\u00e9but en major.<\/p>\n<p>Afin de comm\u00e9morer la sortie du single <span style=\"font-style: italic;\">Natsu no Oh! Vibes (\u590f\u306eOh!\u30d0\u30a4\u30d6\u30b9)<\/span>, en ao\u00fbt 2016, le groupe d&rsquo;idols a donn\u00e9 un live sp\u00e9cial au bord de la piscine du parc d&rsquo;attraction Yomiuri Land \u00e0 Tokyo. Les filles \u00e9taient v\u00eatues de maillots de bain sur sc\u00e8ne.<\/p>\n<p>Des sous-groupes ont \u00e9t\u00e9 cr\u00e9\u00e9s au cours de l&rsquo;\u00e9t\u00e9 2016: Chou Chou Cream (Koishio Ringo, Mochizuki Miyu), Blue Twins (Nanase Gumi, Amaterasu Omomoko), et Cotton Rabbits (Suzuhime Misako, Amanatsu Yuzu).<\/p>\n<p><img loading=\"lazy\" decoding=\"async\" class=\"alignright size-full wp-image-38684\" src=\"http:\/\/static.jpop-idols.com\/uploads\/2017\/05\/bandjanaimon-idol.jpg\" alt=\"Band Ja Naimon! (\u30d0\u30f3\u30c9\u3058\u3083\u306a\u3044\u3082\u3093\uff01)\" width=\"150\" height=\"100\" \/>Amaterasu Omomoko a chang\u00e9 son nom de sc\u00e8ne pour se faire appeler Omomoko Sunrise en janvier 2017.<\/p>\n<p>Les Band Ja Naimon! ont sorti simultan\u00e9ment les singles <span style=\"font-style: italic;\">Yakimochi<\/span> and <span style=\"font-style: italic;\">Yatta<\/span> en janvier 2017.<\/p>\n<p>Suzuhime Misako a attrapp\u00e9 la grippe et a d\u00fb manquer plusieurs \u00e9v\u00e9nements et lives en janvier 2017.<\/p>\n<p>Amanatsu Yuzu a remport\u00e9 la saison 6 de <span style=\"font-style: italic;\">Sakidol Ace Survival (\u30b5\u30ad\u30c9\u30eb\u30a8\u30fc\u30b9Survival)<\/span> en mars 2017. Le concours est organis\u00e9 par le magazine <span style=\"font-style: italic;\">Weekly Young Jump (\u9031\u520a\u30e4\u30f3\u30b0\u30b8\u30e3\u30f3\u30d7)<\/span>.<\/p>\n<p><img loading=\"lazy\" decoding=\"async\" class=\"alignright size-full wp-image-37823\" src=\"http:\/\/static.jpop-idols.com\/uploads\/2017\/03\/band-ja-naimon.jpg\" alt=\"Band Ja Naimon! (\u30d0\u30f3\u30c9\u3058\u3083\u306a\u3044\u3082\u3093\uff01)\" width=\"150\" height=\"83\" \/>L&rsquo;album des Band Ja Naimon! <span style=\"font-style: italic;\"><a href=\"http:\/\/www.jpop-idols.com\/en\/bandjanaimon-kanpeki-shugi-no-sekai-ni-fukanzen-na-ongaku-wo\/\">Kanpeki Shugi no Sekai ni Fukanzen na Ongaku wo\u2661<\/a> (\u5b8c\u30da\u30ad\u4e3b\u7fa9\u306a\u30bb\u30ab\u30a4\u306b\u3075\u304b\u3093\u305c\u3093\u306a\u97f3\u697d\u3092\u2661)<\/span> est sorti en mars 2017. Il inclut la chanson <span style=\"font-style: italic;\">Seishun Karada Da Dash! (\u9752\u6625\u30ab\u30e9\u30c0\u30c0\u30c0\u30c3\u30b7\u30e5! )<\/span>.<\/p>\n<p>Le single <span style=\"font-style: italic;\"><a href=\"http:\/\/www.jpop-idols.com\/en\/band-ja-naimon-metamoriser\/\">Metamoriser<\/a><\/span>, en vente en mai 2017, est la chanson th\u00e8me de l&rsquo;ending de l&rsquo;anime <span style=\"font-style: italic;\">Tsugumomo (\u3064\u3050\u3082\u3082)<\/span>.<\/p>\n<p>Leurs fans sont appel\u00e9s \u00ab\u00a0monster\u00a0\u00bb (\u3082\u3093\u30b9\u30bf\u30fc).<\/p>\n<h2>Profil<\/h2>\n<ul>\n<li>Band Ja Naimon! (\u30d0\u30f3\u30c9\u3058\u3083\u306a\u3044\u3082\u3093\uff01, Bandjanaimon!)<\/li>\n<li>Ann\u00e9es d&rsquo;activit\u00e9 : depuis 2012<\/li>\n<li>Label : Pony Canyon<\/li>\n<li>Agence : Perfect Music<\/li>\n<\/ul>\n<h2>Membres<\/h2>\n<ul>\n<li>Suzuhime Misako (\u9234\u59eb\u307f\u3055\u3053) &#8211; Rose<\/li>\n<li>Koishio Ringo (\u604b\u6c50\u308a\u3093\u3054) &#8211; Shioringo (\u3057\u304a\u308a\u3093\u3054) &#8211; Rouge<\/li>\n<li>Nanase Gumi (\u4e03\u661f\u3050\u307f) &#8211; Bleu clair<\/li>\n<li>Mochizuki Miyu (\u671b\u6708\u307f\u3086) &#8211; Vert<\/li>\n<li>Amanatsu Yuzu (\u7518\u590f\u3086\u305a) &#8211; Jaune<\/li>\n<li>Amaterasu Omomoko (\u5929\u7167\u5927\u6843\u5b50) &#8211; Chanmomo (\u3061\u3083\u3093\u3082\u3082\u25ce) &#8211; Omomoko Sunrise (\u5927\u6843\u5b50\u30b5\u30f3\u30e9\u30a4\u30ba) Bleu<\/li>\n<\/ul>\n<p>Anciennes membres<\/p>\n<ul>\n<li>Kaneko Saori (\u91d1\u5b50\u6c99\u7e54) &#8211; Kacchan (\u304b\u3063\u3061\u3083\u3093)<\/li>\n<li>Mizutama Ramune (\u6c34\u7389\u3089\u3080\u306d)<\/li>\n<\/ul>\n<h2>Discographie<\/h2>\n<p><span style=\"font-weight: bold;\">Singles<\/span><\/p>\n<ul>\n<li>06\/02\/2013 : Chocolat Love (\u30b7\u30e7\u30b3\u30e9\u30fb\u30e9\u30d6)<\/li>\n<li>21\/08\/2013 :\u00a0Up\u2191 Prime\u00a0\/ Takatokotan -Forever- (Up\u2191\u3077\u3089\u3044\u3080 \/ \u30bf\u30ab\u30c8\u30b3\u30bf\u30f3-Forever)<\/li>\n<li>18\/12\/2013 : Yuki Furu Yoru ni Kiss Shite (\u96ea\u964d\u308b\u591c\u306b\u30ad\u30b9\u3057\u3066)<\/li>\n<li>17\/09\/2014 : Tsunagaru! Kanaderu! Music (\u30c4\u30ca\u30ac\u30eb\uff01\u30ab\u30ca\u30c7\u30eb\uff01Music)<\/li>\n<li>25\/11\/2015 : NaMiDa \/ White Youth<\/li>\n<li>18\/05\/2016 : Kimemaster! \/ Kimochi Dake Sanka Shimasu (\u30ad\u30e1\u30de\u30b9\u30bf\u30fc\uff01 \/ \u6c17\u6301\u3061\u3060\u3051\u53c2\u52a0\u3057\u307e\u3059\u3002)<\/li>\n<li>24\/08\/2016 : Natsu no Oh! Vibes (\u590f\u306eOh!\u30d0\u30a4\u30d6\u30b9)<\/li>\n<li>11\/01\/2017 : Yakimochi<\/li>\n<li>11\/01\/2017 : Yatta<\/li>\n<li>17\/05\/2017 : Metamoriser<\/li>\n<\/ul>\n<p><span style=\"font-weight: bold;\">Albums<\/span><\/p>\n<ul>\n<li>03\/10\/2012 : Band Ja Naimon! (\u30d0\u30f3\u30c9\u3058\u3083\u306a\u3044\u3082\u3093\uff01)<\/li>\n<li>22\/04\/2015 : Re:start<\/li>\n<li>08\/03\/2017 : Kanpeki Shugi no Sekai ni Fukanzen na Ongaku wo\u2661 (\u5b8c\u30da\u30ad\u4e3b\u7fa9\u306a\u30bb\u30ab\u30a4\u306b\u3075\u304b\u3093\u305c\u3093\u306a\u97f3\u697d\u3092\u2661)<\/li>\n<\/ul>\n<h2>Liens<\/h2>\n<ul>\n<li><a title=\"Site officiel\" href=\"http:\/\/bandjanaimon.com\" target=\"_blank\" rel=\"nofollow noopener noreferrer\">Site officiel<\/a><\/li>\n<li><a title=\"Blog\" href=\"http:\/\/ameblo.jp\/bandjanaimon\" target=\"_blank\" rel=\"nofollow noopener noreferrer\">Blog<\/a><\/li>\n<li><a title=\"Twitter\" href=\"https:\/\/twitter.com\/bandjanaimon\" target=\"_blank\" rel=\"nofollow noopener noreferrer\">Twitter<\/a><\/li>\n<\/ul>\n<h2>News<\/h2>\n<ul>\n<li><a title=\"News\" href=\"https:\/\/www.jpop-idols.com\/fr\/tag\/bandjanaimon\/\">Actualit\u00e9<\/a><\/li>\n<\/ul>\n<p><img loading=\"lazy\" decoding=\"async\" class=\"alignnone size-full wp-image-38646\" src=\"http:\/\/static.jpop-idols.com\/uploads\/2017\/05\/band-ja-naimon.jpg\" alt=\"Band Ja Naimon! (\u30d0\u30f3\u30c9\u3058\u3083\u306a\u3044\u3082\u3093!)\" width=\"640\" height=\"432\" srcset=\"https:\/\/static.jpop-idols.com\/uploads\/2017\/05\/band-ja-naimon.jpg 640w, https:\/\/static.jpop-idols.com\/uploads\/2017\/05\/band-ja-naimon-300x203.jpg 300w\" sizes=\"auto, (max-width: 640px) 100vw, 640px\" \/><\/p>","protected":false},"excerpt":{"rendered":"<p>D\u00e9sol\u00e9, cet article est seulement disponible en English.<\/p>\n","protected":false},"author":1,"featured_media":0,"parent":0,"menu_order":0,"comment_status":"closed","ping_status":"open","template":"","meta":{"_monsterinsights_skip_tracking":false,"_monsterinsights_sitenote_active":false,"_monsterinsights_sitenote_note":"","_monsterinsights_sitenote_category":0,"footnotes":""},"class_list":["post-4130","page","type-page","status-publish","hentry"],"_links":{"self":[{"href":"https:\/\/www.jpop-idols.com\/fr\/wp-json\/wp\/v2\/pages\/4130","targetHints":{"allow":["GET"]}}],"collection":[{"href":"https:\/\/www.jpop-idols.com\/fr\/wp-json\/wp\/v2\/pages"}],"about":[{"href":"https:\/\/www.jpop-idols.com\/fr\/wp-json\/wp\/v2\/types\/page"}],"author":[{"embeddable":true,"href":"https:\/\/www.jpop-idols.com\/fr\/wp-json\/wp\/v2\/users\/1"}],"replies":[{"embeddable":true,"href":"https:\/\/www.jpop-idols.com\/fr\/wp-json\/wp\/v2\/comments?post=4130"}],"version-history":[{"count":4,"href":"https:\/\/www.jpop-idols.com\/fr\/wp-json\/wp\/v2\/pages\/4130\/revisions"}],"predecessor-version":[{"id":38686,"href":"https:\/\/www.jpop-idols.com\/fr\/wp-json\/wp\/v2\/pages\/4130\/revisions\/38686"}],"wp:attachment":[{"href":"https:\/\/www.jpop-idols.com\/fr\/wp-json\/wp\/v2\/media?parent=4130"}],"curies":[{"name":"wp","href":"https:\/\/api.w.org\/{rel}","templated":true}]}}