{"id":41989,"date":"2018-04-14T21:04:29","date_gmt":"2018-04-14T19:04:29","guid":{"rendered":"http:\/\/www.jpop-idols.com\/en\/?page_id=41989"},"modified":"2018-04-14T21:04:29","modified_gmt":"2018-04-14T19:04:29","slug":"love","status":"publish","type":"page","link":"https:\/\/www.jpop-idols.com\/fr\/love\/","title":{"rendered":"=LOVE"},"content":{"rendered":"<p><strong>=LOVE<\/strong> est un groupe d&rsquo;idoles japonaises form\u00e9 en 2017. Il est produit par Sashihara Rino (<a href=\"https:\/\/www.jpop-idols.com\/fr\/hkt48\/\">HKT48<\/a>, AKB48) en collaboration avec la Yoyogi Animation Academy.<\/p>\n<p>Il est actuellement compos\u00e9 de 12 membres. Elles sont \u00e9galement actrices de doublage (seiyu).<\/p>\n<p><!--more--><\/p>\n<p>Le nom du groupe d&rsquo;idols se prononce \u00ab\u00a0equal love\u00a0\u00bb.<\/p>\n<h2>Biographie \/ Histoire<\/h2>\n<p><img decoding=\"async\" loading=\"lazy\" class=\"alignright size-full wp-image-42054\" src=\"http:\/\/static.jpop-idols.com\/uploads\/2018\/04\/equal-love-2017-idol.jpg\" alt=\"=LOVE\" width=\"150\" height=\"78\" \/>En janvier 2017, Sashihara Rino a tenu une conf\u00e9rence de press pour annoncer la cr\u00e9ation d&rsquo;un groupe d&rsquo;idols dont elle serait la productrice.<\/p>\n<p>En avril 2017, 13 filles ont \u00e9t\u00e9 s\u00e9lectionn\u00e9es \u00e0 l&rsquo;issue du dernier tour des auditions. Les membres sont aussi \u00e9tudiantes \u00e0 la Yoyogi Animation Academy. L&rsquo;une d&rsquo;entre elles s&rsquo;est retir\u00e9e ult\u00e9rieurement.<\/p>\n<p>Le nom du groupe =LOVE a \u00e9t\u00e9 d\u00e9voil\u00e9 au m\u00eame moment.<\/p>\n<p>Leur premi\u00e8re performance en live a eu lieu au <span style=\"font-style: italic;\">Tokyo Idol Festival 2017<\/span> en ao\u00fbt.<\/p>\n<p><img decoding=\"async\" loading=\"lazy\" class=\"alignright size-thumbnail wp-image-40182\" src=\"http:\/\/static.jpop-idols.com\/uploads\/2017\/09\/equal-love-3-150x150.jpg\" alt=\"=LOVE\" width=\"150\" height=\"150\" srcset=\"https:\/\/static.jpop-idols.com\/uploads\/2017\/09\/equal-love-3-150x150.jpg 150w, https:\/\/static.jpop-idols.com\/uploads\/2017\/09\/equal-love-3-300x297.jpg 300w\" sizes=\"(max-width: 150px) 100vw, 150px\" \/>Their self-titled major label debut single <span style=\"font-style: italic;\"><a href=\"https:\/\/www.jpop-idols.com\/fr\/love-equal-love\/\">=LOVE<\/a><\/span> was released in September 2017 under Sacra Music. Les paroles ont \u00e9t\u00e9 \u00e9crites par Sashihara Rino.<\/p>\n<p>Les membres du groupe d&rsquo;idols animent l&rsquo;\u00e9mission <span style=\"font-style: italic;\">EqLove Daitokkun Chuu (\u30a4\u30b3\u30e9\u30d6\u5927\u7279\u8a13\u4e2d\uff01)<\/span> sur Showroom depuis septembre 2017. Celle-ci est diffus\u00e9e chaque lundi.<\/p>\n<p>En d\u00e9cembre 2017, Sasaki Maika et Morohashi Sana ont doubl\u00e9 des voix dans le film d&rsquo;animation <span style=\"font-style: italic;\">Starship Troopers Red Planet<\/span>.<\/p>\n<p><img decoding=\"async\" loading=\"lazy\" class=\"alignright size-thumbnail wp-image-41012\" src=\"http:\/\/static.jpop-idols.com\/uploads\/2017\/12\/equal-love-150x150.jpg\" alt=\"=LOVE\" width=\"150\" height=\"150\" \/>Le 2nd single des =LOVE <span style=\"font-style: italic;\"><a href=\"https:\/\/www.jpop-idols.com\/fr\/equal-love-bokura-no-seifuku-christmas\/\">Bokura no Seifuku Christmas<\/a> (\u50d5\u3089\u306e\u5236\u670d\u30af\u30ea\u30b9\u30de\u30b9)<\/span> a \u00e9t\u00e9 mis en vente en d\u00e9cembre 2017.<\/p>\n<p>Les filles ont \u00e9t\u00e9 nomm\u00e9ees ambassadrices du \u00ab\u00a0projet beaut\u00e9 et sant\u00e9\u00a0\u00bb de Hanamaru Udon en janvier 2018.<\/p>\n<p>Un caf\u00e9 sur le th\u00e8me de la Saint-Valentin et nomm\u00e9 <span style=\"font-style: italic;\">=LOVE Valentine<\/span> a \u00e9t\u00e9 ouvert pendant une p\u00e9riode de temps limit\u00e9e de janvier \u00e0 f\u00e9vrier 2018 \u00e0 Tokyo Area Q. Les fans pouvaient y commander des boissons originales cr\u00e9\u00e9es par les membres du groupe d&rsquo;idols.<\/p>\n<p><img decoding=\"async\" loading=\"lazy\" class=\"alignright size-full wp-image-42057\" src=\"http:\/\/static.jpop-idols.com\/uploads\/2018\/04\/equal-love-idol.jpg\" alt=\"=LOVE\" width=\"150\" height=\"100\" \/>En tant qu&rsquo;actrices, elles ont jou\u00e9 dans la pi\u00e8ce de th\u00e9\u00e2tre <span style=\"font-style: italic;\">Kemono Friends (\u3051\u3082\u306e\u30d5\u30ec\u30f3\u30ba)<\/span> au AiiA 2.5 Theater Tokyo en f\u00e9vrier 2018.<\/p>\n<p>Leur 3e single <span style=\"font-style: italic;\">Teokure Caution (\u624b\u9045\u308ccaution)<\/span> sortira en mai 2018.<\/p>\n<p>Les =LOVE vont participer \u00e0 <span style=\"font-style: italic;\">Japan Expo 2018<\/span> \u00e0 Paris Nord Villepinte, en France, en juillet.<\/p>\n<h2>Profil<\/h2>\n<ul>\n<li>=LOVE<\/li>\n<li>Ann\u00e9es d&rsquo;activit\u00e9 : depuis 2017<\/li>\n<li>Label : Sacra Music<\/li>\n<li>Agence :<\/li>\n<\/ul>\n<h2>Membres<\/h2>\n<ul>\n<li>Otani Emiri (\u5927\u8c37\u6620\u7f8e\u91cc)<\/li>\n<li>Oba Hana (\u5927\u5834\u82b1\u83dc)<\/li>\n<li>Otoshima Risa (\u97f3\u5d8b\u8389\u6c99)<\/li>\n<li>Saito Kiara (\u9f4b\u85e4\u6a39\u611b\u7f85)<\/li>\n<li>Saito (Nagisa)<\/li>\n<li>Sasaki Maika (\u4f50\u3005\u6728\u821e\u9999)<\/li>\n<li>Satake Nonno (\u4f50\u7af9\u306e\u3093\u4e43)<\/li>\n<li>Takamatsu Hitomi (\u9ad9\u677e\u77b3)<\/li>\n<li>Takiwaki Shoko (\u7027\u8107\u7b19\u53e4)<\/li>\n<li>Noguchi Iori (\u91ce\u53e3\u8863\u7e54)<\/li>\n<li>Morohashi Sana (\u8af8\u6a4b\u6c99\u590f)<\/li>\n<li>Yamamoto Anna (\u5c71\u672c\u674f\u5948)<\/li>\n<\/ul>\n<h2>Discographie<\/h2>\n<p><span style=\"font-weight: bold;\">Singles<\/span><\/p>\n<ul>\n<li>06\/09\/2017 : =LOVE<\/li>\n<li>06\/12\/2017 : Bokura no Seifuku Christmas (\u50d5\u3089\u306e\u5236\u670d\u30af\u30ea\u30b9\u30de\u30b9)<\/li>\n<li>16\/05\/2018 : Teokure Caution (\u624b\u9045\u308ccaution)<\/li>\n<\/ul>\n<p><span style=\"font-weight: bold;\">Albums<\/span><\/p>\n<h2>Liens<\/h2>\n<ul>\n<li><a href=\"http:\/\/equal-love.jp\/\" target=\"_blank\" rel=\"noopener nofollow\">Official Website<\/a><\/li>\n<li><a href=\"https:\/\/ameblo.jp\/equal-love\" target=\"_blank\" rel=\"noopener nofollow\">Blog<\/a><\/li>\n<li><a href=\"https:\/\/twitter.com\/Equal_LOVE_12\" target=\"_blank\" rel=\"noopener nofollow\">Twitter<\/a><\/li>\n<\/ul>\n<h2>News<\/h2>\n<ul>\n<li><a href=\"https:\/\/www.jpop-idols.com\/fr\/tag\/equal-love\/\">Derni\u00e8res actualit\u00e9s<\/a><\/li>\n<\/ul>\n<p><\/p>","protected":false},"excerpt":{"rendered":"<p>D\u00e9sol\u00e9, cet article est seulement disponible en Anglais Am\u00e9ricain.<\/p>\n","protected":false},"author":1,"featured_media":42056,"parent":0,"menu_order":0,"comment_status":"closed","ping_status":"closed","template":"","meta":{"_monsterinsights_skip_tracking":false,"_monsterinsights_sitenote_active":false,"_monsterinsights_sitenote_note":"","_monsterinsights_sitenote_category":0},"_links":{"self":[{"href":"https:\/\/www.jpop-idols.com\/fr\/wp-json\/wp\/v2\/pages\/41989"}],"collection":[{"href":"https:\/\/www.jpop-idols.com\/fr\/wp-json\/wp\/v2\/pages"}],"about":[{"href":"https:\/\/www.jpop-idols.com\/fr\/wp-json\/wp\/v2\/types\/page"}],"author":[{"embeddable":true,"href":"https:\/\/www.jpop-idols.com\/fr\/wp-json\/wp\/v2\/users\/1"}],"replies":[{"embeddable":true,"href":"https:\/\/www.jpop-idols.com\/fr\/wp-json\/wp\/v2\/comments?post=41989"}],"version-history":[{"count":3,"href":"https:\/\/www.jpop-idols.com\/fr\/wp-json\/wp\/v2\/pages\/41989\/revisions"}],"predecessor-version":[{"id":42058,"href":"https:\/\/www.jpop-idols.com\/fr\/wp-json\/wp\/v2\/pages\/41989\/revisions\/42058"}],"wp:featuredmedia":[{"embeddable":true,"href":"https:\/\/www.jpop-idols.com\/fr\/wp-json\/wp\/v2\/media\/42056"}],"wp:attachment":[{"href":"https:\/\/www.jpop-idols.com\/fr\/wp-json\/wp\/v2\/media?parent=41989"}],"curies":[{"name":"wp","href":"https:\/\/api.w.org\/{rel}","templated":true}]}}