{"id":453,"date":"2012-07-14T10:37:32","date_gmt":"2012-07-14T08:37:32","guid":{"rendered":"http:\/\/www.jpop-idols.com\/fr\/?page_id=453"},"modified":"2015-10-04T18:06:26","modified_gmt":"2015-10-04T16:06:26","slug":"momoiro-clover-z","status":"publish","type":"page","link":"https:\/\/www.jpop-idols.com\/fr\/momoiro-clover-z\/","title":{"rendered":"Momoiro Clover Z"},"content":{"rendered":"<p><img loading=\"lazy\" decoding=\"async\" class=\"alignright size-full wp-image-29987\" src=\"http:\/\/static.jpop-idols.com\/uploads\/2015\/05\/momoclo.jpg\" alt=\"\" width=\"150\" height=\"113\" \/><strong>Momoiro Clover Z<\/strong> (\u3082\u3082\u3044\u308d\u30af\u30ed\u30fc\u30d0\u30fcZ), \u00e9galement connu sous le nom <strong>Momoclo<\/strong> (\u3082\u3082\u30af\u30ed), est un groupe d&rsquo;idols japonaises form\u00e9 en 2008. Elles sont parfois surnomm\u00e9s les \u00ab\u00a0h\u00e9ro\u00efnes du week-end\u00a0\u00bb (\u9031\u672b\u30d2\u30ed\u30a4\u30f3).<\/p>\n<p>Il est actuellement compos\u00e9 de 5 membres. Chacune d&rsquo;entre elles est associ\u00e9e \u00e0 une couleur.<\/p>\n<p>La leader est Momota Kanako.<\/p>\n<p><!--more--><\/p>\n<p>Le groupe d&rsquo;idols est g\u00e9r\u00e9 par Stardust Promotion et fait partie de sa Section 3.<\/p>\n<p>C&rsquo;est un groupe soeur des <a title=\"Shiritsu Ebisu Chuugaku (Ebichu)\" href=\"https:\/\/www.jpop-idols.com\/fr\/shiritsu-ebisu-chuugaku\/\">Shiritsu Ebisu Chuugaku<\/a> (\u79c1\u7acb\u6075\u6bd4\u5bff\u4e2d\u5b66), de la <a title=\"Team Syachihoko\" href=\"https:\/\/www.jpop-idols.com\/fr\/team-syachihoko\/\">Team Syachihoko<\/a> (\u30c1\u30fc\u30e0\u3057\u3083\u3061\u307b\u3053) et des <a title=\"Takoyaki Rainbow\" href=\"https:\/\/www.jpop-idols.com\/fr\/takoyaki-rainbow\/\">Tacoyaki Rainbow<\/a> (\u305f\u3053\u3084\u304d\u30ec\u30a4\u30f3\u30dc\u30fc).<\/p>\n<h2>Biographie \/ Histoire<\/h2>\n<p>Les filles ont pass\u00e9 la <span style=\"font-style: italic;\">Stardust Section 3 Audition (\u30b9\u30bf\u30fc\u30c0\u30b9\u30c8\u82b8\u80fd3\u90e8\u30aa\u30fc\u30c7\u30a3\u30b7\u30e7\u30f3)<\/span> d\u00e9but 2008.<\/p>\n<p>Les Momoiro Clover Z ont organis\u00e9 leur 1er live en mai 2008.<\/p>\n<p>A l&rsquo;origine, les 6 membres \u00e9taient Tagaki Reni, Kagawa Miyuu, Ikura Manami, Momota Kanako, Tamai Shiori et Takai Tsukina.<\/p>\n<p>Takai Tsukina a d\u00e9missionn\u00e9 en juillet 2008 afin d&rsquo;\u00eatre transf\u00e9r\u00e9e chez les SKE48.<\/p>\n<p>Fujishiro Sumire a rejoint le groupe d&rsquo;idols quelques jours plus tard en ao\u00fbt 2008.<\/p>\n<p>Kashiwa Yukina, Hayami Akari et Sasaki Ayaka ont \u00e9t\u00e9 ajout\u00e9es en novembre 2008.<\/p>\n<p>Kagawa Miyuu, Ikura Manami et Fujishiro Sumire ont annonc\u00e9 leur graduation en d\u00e9cembre 2008.<\/p>\n<p>Kashiwa Yukina s&rsquo;est retir\u00e9e en mars 2009.<\/p>\n<p>Leur 1\u00e8re tourn\u00e9e de concerts <span style=\"font-style: italic;\">Momoiro Clover Japan Tour 2009 Momoiro Typhooooon! (\u3082\u3082\u3044\u308d\u30af\u30ed\u30fc\u30d0\u30fcJapan\u30c4\u30a2\u30fc2009 \u3082\u3082\u3044\u308dTyphooooon!)<\/span> est d\u00e9roul\u00e9e entre mai et ao\u00fbt 2009.<\/p>\n<p>Ariyasu Momoka a rejoint le groupe d&rsquo;idols en juillet 2009.<\/p>\n<p>Leur 1er single <span style=\"font-style: italic;\">Momoiro Punch (\u3082\u3082\u3044\u308d\u30d1\u30f3\u30c1)<\/span> est sorti en ao\u00fbt 2009.<\/p>\n<p>Les Momoclo ont sign\u00e9 sous le label Universal J en f\u00e9vrier 2010.<\/p>\n<p>Elles ont fait leurs d\u00e9buts en major avec le single <span style=\"font-style: italic;\">Ikuze! Kaitou Shoujo (\u884c\u304f\u305c\u3063!\u602a\u76d7\u5c11\u5973)<\/span> en mai 2010.<\/p>\n<p>Elles ont \u00e9t\u00e9 transf\u00e9r\u00e9es vers le label Star Child en ao\u00fbt 2010.<\/p>\n<p>L&rsquo;\u00e9mission de divertissement <span style=\"font-style: italic;\">\u3082\u3082\u30af\u30edChan ~Momoiro Clover Z Channel~<\/span> a commenc\u00e9 \u00e0 \u00eatre diffus\u00e9 \u00e0 la TV en octobre 2010.<\/p>\n<p>Hayami Akari a d\u00e9missionn\u00e9 en avril 2011 afin de se lancer dans une carri\u00e8re d&rsquo;actrice.<\/p>\n<p>A la suite de ceci, le groupe d&rsquo;idols a chang\u00e9 son nom pour s&rsquo;appeler Momoiro Clover Z.<\/p>\n<p>Leur 1er album <span style=\"font-style: italic;\">Battle and Romance (\u30d0\u30c8\u30eb \u30a2\u30f3\u30c9 \u30ed\u30de\u30f3\u30b9)<\/span> a \u00e9t\u00e9 mis en vente en juillet 2011.<\/p>\n<p>En ao\u00fbt 2011, l&rsquo;ancienne membre Kashiwa Yukina a rejoint les <a title=\"Nogizaka46\" href=\"https:\/\/www.jpop-idols.com\/fr\/nogizaka46\/\">Nogizaka46<\/a>.<\/p>\n<p>Les membres sont apparues dans le film <span style=\"font-style: italic;\">Ninifuni<\/span> sorti en septembre 2011. Elles y ont jou\u00e9 leurs propres r\u00f4les.<\/p>\n<p>Les Momoclo ont particip\u00e9 au <span style=\"font-style: italic;\">Japan Media Arts Festival<\/span> \u00e0 Dortmund, en Allemagne, en septembre 2011.<\/p>\n<p>Les Momoiro Clover Z ont donn\u00e9 un concert en collaboration avec les <a title=\"Tokyo Girls\u2019 Style\" href=\"https:\/\/www.jpop-idols.com\/fr\/tokyo-girls-style\/\">Tokyo Girls&rsquo; Style<\/a> en novembre 2011.<\/p>\n<p>L&rsquo;\u00e9mission de divertissement <span style=\"font-style: italic;\">Momoclo Dan (\u3082\u3082\u30af\u30ed\u56e3)<\/span> a \u00e9t\u00e9 diffus\u00e9e entre janvier et d\u00e9cembre 2012 sur TBS.<\/p>\n<p>En mai 2012, le groupe d&rsquo;idols a donn\u00e9 un live lors de l&rsquo;\u00e9v\u00e8nement <span style=\"font-style: italic;\">Hari Belia Negara 2012<\/span> \u00e0 Putrajaya (Malaisie).<\/p>\n<p><img loading=\"lazy\" decoding=\"async\" class=\"alignright size-full wp-image-1440\" src=\"http:\/\/static.jpop-idols.com\/uploads\/2012\/07\/momoiro-clover-z.jpg\" alt=\"Momoiro Clover Z (\u3082\u3082\u3044\u308d\u30af\u30ed\u30fc\u30d0\u30fcZ)\" width=\"150\" height=\"121\" \/>Les Momoiro Clover Z se sont produites en live \u00e0 <span style=\"font-style: italic;\">Japan Expo<\/span> \u00e0 Paris Nord Villepinte (France) en juillet 2012.<\/p>\n<p>Elles ont interpr\u00e9t\u00e9 la chanson th\u00e8me du nouvel anime <span style=\"font-style: italic;\">Sailor Moon (\u7f8e\u5c11\u5973\u6226\u58eb\u30bb\u30fc\u30e9\u30fc\u30e0\u30fc\u30f3)<\/span>.<\/p>\n<p>Les filles ont particip\u00e9 au <span style=\"font-style: italic;\">NHK Kouhaku Uta Gassen (NHK\u7d05\u767d\u6b4c\u5408\u6226)<\/span> en d\u00e9cembre 2012 et 2013. C&rsquo;est une \u00e9mission TV musicale populaire diffus\u00e9e chaque ann\u00e9e le soir du R\u00e9veillon du Nouvel An.<\/p>\n<p>Le programme <span style=\"font-style: italic;\">Momoclo TV<\/span> a \u00e9t\u00e9 class\u00e9 1\u00e8re cha\u00eene aux <span style=\"font-style: italic;\">Ustream Awards<\/span> 2012 et 2013.<\/p>\n<p><img loading=\"lazy\" decoding=\"async\" class=\"alignright size-thumbnail wp-image-9109\" src=\"http:\/\/static.jpop-idols.com\/uploads\/2013\/03\/momoiro-clover-z-5th-dimension-150x150.jpg\" alt=\"Momoiro Clover Z (\u3082\u3082\u3044\u308d\u30af\u30ed\u30fc\u30d0\u30fcZ)\" width=\"150\" height=\"150\" srcset=\"https:\/\/static.jpop-idols.com\/uploads\/2013\/03\/momoiro-clover-z-5th-dimension-150x150.jpg 150w, https:\/\/static.jpop-idols.com\/uploads\/2013\/03\/momoiro-clover-z-5th-dimension-300x300.jpg 300w, https:\/\/static.jpop-idols.com\/uploads\/2013\/03\/momoiro-clover-z-5th-dimension.jpg 600w\" sizes=\"auto, (max-width: 150px) 100vw, 150px\" \/>En juin 2013, le clip vid\u00e9o de <span style=\"font-style: italic;\">Saraba, Itoshiki Kanashimitachi yo (\u30b5\u30e9\u30d0\u3001\u611b\u3057\u304d\u60b2\u3057\u307f\u305f\u3061\u3088)<\/span> a remport\u00e9 le Prix de la Meilleure Chor\u00e9graphie aux <span style=\"font-style: italic;\">MTV Video Music Awards Japan<\/span>.<\/p>\n<p>En ao\u00fbt 2013, le concert <span style=\"font-style: italic;\"><a title=\"Momoiro Clover Z \u2013 Momoclo Natsu no Bakasawagi World Summer Dive 2013\" href=\"https:\/\/www.jpop-idols.com\/fr\/momoiro-clover-z-momoclo-natsu-no-bakasawagi-world-summer-dive-2013\/\">Momoclo Natsu no Bakasawagi World Summer Dive 2013<\/a> (\u3082\u3082\u30af\u30ed\u590f\u306e\u30d0\u30ab\u9a12\u304e World Summer Dive 2013)<\/span> a eu lieu au Nissan Stadium de Yokohama. 60000 fans ont assist\u00e9 au live.<\/p>\n<p>En avril 2014, Sasaki Ayaka s&rsquo;est cass\u00e9e le pied gauche au cours d&rsquo;un enregistrement de l&rsquo;\u00e9mission TV <span style=\"font-style: italic;\">Mujack (\u30df\u30e5\u30fc\u30b8\u30e3\u30c3\u30af)<\/span>. Elle a d\u00fb stopper ses activit\u00e9s pendant une p\u00e9riode de 2 mois.<\/p>\n<p><img loading=\"lazy\" decoding=\"async\" class=\"alignright size-full wp-image-21844\" src=\"http:\/\/static.jpop-idols.com\/uploads\/2014\/04\/momoclo.jpg\" alt=\"Momoiro Clover Z (Momoclo)\" width=\"106\" height=\"150\" \/>En mai 2014, les filles sont apparues dans le drama <span style=\"font-style: italic;\">Akumu-chan (\u60aa\u5922\u3061\u3083\u3093)<\/span> avec en vedette Kitagawa Keiko. Elles ont form\u00e9 un groupe sp\u00e9cial, KimoClo (\u304d\u3082\u30af\u30ed), en collaboration avec l&rsquo;actrice.<\/p>\n<p>En juin 2014, Momota Kanako a \u00e9t\u00e9 nomm\u00e9e ambassadrice de la ville de Hamamatsu dans la pr\u00e9fecture de Shizuoka.<\/p>\n<p><a title=\"Sasaki Ayaka (Momoclo) dans Saint-Seiya\" href=\"https:\/\/www.jpop-idols.com\/fr\/sasaki-ayaka-saint-seiya\/\">Sasaki Ayaka<\/a> a doubl\u00e9 la voix de Athena dans le film <span style=\"font-style: italic;\">Saint-Seiya Legend of Sanctuary<\/span> sorti en juin 2014.<\/p>\n<p>En juillet 2014, Momota Kanako s&rsquo;est produite sur sc\u00e8ne dans la version th\u00e9\u00e2tre de <span style=\"font-style: italic;\">Sujinashi (\u30b9\u30b8\u30ca\u30b7)<\/span> \u00e0 Nagoya. Elle y jouera une improvisation non script\u00e9e.<\/p>\n<p><img loading=\"lazy\" decoding=\"async\" class=\"alignright size-full wp-image-24534\" src=\"http:\/\/static.jpop-idols.com\/uploads\/2014\/07\/momoclo-moon-pride.jpg\" alt=\"Momoiro Clover Z - Moon Pride\" width=\"150\" height=\"150\" \/>En juillet 2014, les Momoiro Clover Z ont sorti le single <span style=\"font-style: italic;\"><a title=\"Momoiro Clover Z - Moon Pride\" href=\"https:\/\/www.jpop-idols.com\/fr\/momoiro-clover-z-moon-pride\/\">Moon Pride<\/a><\/span> qui comporte les chansons th\u00e8mes de l&rsquo;anime <span style=\"font-style: italic;\">Pretty Guardian Sailor Moon Crystal (\u7f8e\u5c11\u5973\u6226\u58eb\u30bb\u30fc\u30e9\u30fc\u30e0\u30fc\u30f3Crystal)<\/span>.<\/p>\n<p>En ao\u00fbt 2014, les filles sont apparues dans une publicit\u00e9 TV pour le service de comics sur e-book Comico (\u30b3\u30df\u30b3).<\/p>\n<p>En d\u00e9cembre 2014, les membres du groupe d&rsquo;idols ont fait une apparition en tant qu&rsquo;actrices de doublage dans l&rsquo;anime <span style=\"font-style: italic;\">Kami Usagi Rope Warau Asa ni ha Fuku Kitaru Maji ssu ka !? (\u7d19\u514e\u30ed\u30da \u7b11\u3046\u671d\u306b\u306f\u798f\u6765\u305f\u308b\u3063\u3066\u30de\u30b8\u3063\u3059\u304b\uff01\uff1f)<\/span>. Elles ont doubl\u00e9 les voix d&rsquo;ours repr\u00e9sentant leurs personnages.<\/p>\n<p>A partir de janvier 2015, les Momoclo ont d\u00e9but\u00e9 une s\u00e9rie de lives mensuels intitul\u00e9e <span style=\"font-style: italic;\">Gekkan Takahashi (\u6708\u520aTakahashi)<\/span>. Les \u00e9v\u00e8nements auront lieu dans les diff\u00e9rents Zepp du Japon.<\/p>\n<p>L&rsquo;\u00e9mission de divertissement <span style=\"font-style: italic;\">Momoiro Tsurube (\u6843\u8272\u3064\u308b\u3079\uff5e\u304a\u6b21\u306e\u65b9\u3069\u3046\u305e\uff5e)<\/span> est diffus\u00e9e sur TV Kansai depuis janvier 2015. Les filles animent le programme avec l&rsquo;acteur et com\u00e9dien Shofukutei Tsurube II.<\/p>\n<p><img loading=\"lazy\" decoding=\"async\" class=\"alignright size-full wp-image-27181\" src=\"http:\/\/static.jpop-idols.com\/uploads\/2015\/01\/momoclo-kiss-collaboration.jpg\" alt=\"Momoiro Clover Z \u00d7 KISS\" width=\"150\" height=\"113\" \/>Les Momoiro Clover Z et les Kiss ont sorti en collaboration le single <span style=\"font-style: italic;\"><a title=\"Momoiro Clover Z \u00d7 KISS \u2013 Yume no Ukiyo ni Saitemina\" href=\"https:\/\/www.jpop-idols.com\/fr\/momoiro-clover-z-kiss-yume-no-ukiyo-ni-saitemina\/\">Yume no Ukiyo ni Saitemina<\/a> (\u5922\u306e\u6d6e\u4e16\u306b\u54b2\u3044\u3066\u307f\u306a)<\/span> en janvier 2015.<\/p>\n<p>Les membres jouent dans le film <span style=\"font-style: italic;\">Maku ga Agaru (\u5e55\u304c\u4e0a\u304c\u308b)<\/span> sorti au cin\u00e9ma en f\u00e9vrier 2015. Les chansons <a title=\"Momoiro Clover Z - Seishunfu\" href=\"https:\/\/www.jpop-idols.com\/fr\/momoiro-clover-z-seishunfu\/\"><span style=\"font-style: italic;\">Seishunfu<\/span><\/a>, <span style=\"font-style: italic;\">Yuku Haru Kuru Haru<\/span> et <span style=\"font-style: italic;\">Link Link<\/span> du groupe d&rsquo;idols sont utilis\u00e9es dans le film. Les Takoyaki Rainbow apparaissent aussi dans le long-m\u00e9trage.<\/p>\n<p>Elles ont particip\u00e9 \u00e0 une campagne de promotion pour les centres commerciaux Aeon Mall en mars 2015.<\/p>\n<p><img loading=\"lazy\" decoding=\"async\" class=\"alignright size-full wp-image-29987\" src=\"http:\/\/static.jpop-idols.com\/uploads\/2015\/05\/momoclo.jpg\" alt=\"\" width=\"150\" height=\"113\" \/>Les filles dans ont doubl\u00e9 les voix des personnages des anges dans le film <span style=\"font-style: italic;\">Dragon Ball Z Fukkatsu no \u00ab\u00a0F\u00a0\u00bb (\u30c9\u30e9\u30b4\u30f3\u30dc\u30fc\u30ebZ \u5fa9\u6d3b\u306e\u300eF\u300f)<\/span> qui sortira en avril 2015. Elles interpr\u00e8tent \u00e9galement <span style=\"font-style: italic;\"><a href=\"https:\/\/www.jpop-idols.com\/fr\/momoiro-clover-z-z-no-chikai\/\">\u00ab\u00a0Z\u00a0\u00bb no Chikai<\/a> (\u300eZ\u300f\u306e\u8a93\u3044)<\/span> qui est la chanson th\u00e8me du film bas\u00e9 sur le manga de Toriyama Akira.<\/p>\n<p>Tagaki Reni (Momoiro Clover Z), Mayama Rika (Shiritsu Ebisu Chuugaku) et Ohguro Yuzuki (Team Syachihoko) ont form\u00e9 la Team Murasaki Shikibu (Team\u7d2b\u3057\u304d\u3076) en juin 2015. Chacune d&rsquo;entre elles a \u00e9t\u00e9 s\u00e9lectionn\u00e9e car sa couleur est le violet dans son groupe respectif.<\/p>\n<p>Sasaki Ayaka a fait une apparition en tant qu&rsquo;invit\u00e9e dans la pi\u00e8ce de th\u00e9\u00e2tre <span style=\"font-style: italic;\">Tokyo 03 Frolic a Holic Love Story \u00ab\u00a0Torikaeshinotsukanai Sugata\u00a0\u00bb (\u6771\u4eac03 Frolic a Holic \u30e9\u30d6\u30b9\u30c8\u30fc\u30ea\u30fc\u300e\u53d6\u308a\u8fd4\u3057\u306e\u3064\u304b\u306a\u3044\u59ff)<\/span> au Akasaka Act Theater en juin 2015.<\/p>\n<p>Les Momoiro Clover Z ont particip\u00e9 \u00e0 <span style=\"font-style: italic;\"><a href=\"https:\/\/www.jpop-idols.com\/fr\/momoiro-clovez-z-anime-expo-2015\/\">Anime Expo 2015<\/a><\/span> \u00e0 Los Angeles, aux Etats-Unis, en juillet 2015.<\/p>\n<p>Takagi Reni a \u00e9t\u00e9 victime d&rsquo;une fracture du poignet gauche lors de r\u00e9p\u00e9titions en juillet 2015. Le diagnostic a \u00e9t\u00e9 une fracture du radius distal, ce qui n\u00e9cessite 4 mois avant une gu\u00e9rison compl\u00e8te.<\/p>\n<p>En ao\u00fbt 2015, les Momoclo ont particip\u00e9 \u00e0 une campagne de pr\u00e9vention des catastrophes en compagnie du gouverneur m\u00e9tropolitain de Tokyo. Elles se sont pr\u00e9sent\u00e9es elles-m\u00eames comme des h\u00e9ro\u00eenes.<\/p>\n<h2>Profil<\/h2>\n<ul>\n<li>Momoiro Clover Z (\u3082\u3082\u3044\u308d\u30af\u30ed\u30fc\u30d0\u30fcZ) &#8211; Momoclo (\u3082\u3082\u30af\u30ed)<\/li>\n<li>Ann\u00e9es d&rsquo;activit\u00e9 : depuis 2008<\/li>\n<li>Label : Evil Line Records<\/li>\n<li>Agence : Stardust Promotion<\/li>\n<\/ul>\n<h2>Membres<\/h2>\n<ul>\n<li>Momota Kanako (\u767e\u7530\u590f\u83dc\u5b50) &#8211; Rouge<\/li>\n<li>Tagaki Reni (\u9ad8\u57ce\u308c\u306b) &#8211; Violet<\/li>\n<li>Ariyasu Momoka (\u6709\u5b89\u674f\u679c) &#8211; Vert<\/li>\n<li>Tamai Shiori (\u7389\u4e95\u8a69\u7e54) &#8211; Jaune<\/li>\n<li>Sasaki Ayaka (\u4f50\u3005\u6728\u5f69\u590f) &#8211; Rose<\/li>\n<\/ul>\n<p>Anciennes membres<\/p>\n<ul>\n<li>Takai Tsukina (\u9ad8\u4e95\u3064\u304d\u5948)<\/li>\n<li>Kagawa Miyuu (\u548c\u5ddd\u672a\u512a)<\/li>\n<li>Ikura Manami (\u4f0a\u5009\u611b\u7f8e)<\/li>\n<li>Fujishiro Sumire (\u85e4\u767d\u3059\u307f\u308c)<\/li>\n<li>Kashiwa Yukina (\u67cf\u5e78\u5948)<\/li>\n<li>Hayami Akari (\u65e9\u898b\u3042\u304b\u308a) &#8211; Bleu<\/li>\n<\/ul>\n<h2>Discographie<\/h2>\n<p><span style=\"font-weight: bold;\">Singles<\/span><\/p>\n<ul>\n<li>05\/08\/2009 : Momoiro Punch (\u3082\u3082\u3044\u308d\u30d1\u30f3\u30c1)<\/li>\n<li>11\/11\/2009 : Mirai e Susume! (\u672a\u6765\u3078\u30b9\u30b9\u30e1\uff01<small>)<\/small><\/li>\n<li>05\/05\/2010 : Ikuze! Kaitou Shoujo (\u884c\u304f\u305c\u3063!\u602a\u76d7\u5c11\u5973<small>)<\/small><\/li>\n<li>10\/11\/2010 : Pinky Jones (\u30d4\u30f3\u30ad\u30fc\u30b8\u30e7\u30fc\u30f3\u30ba)<\/li>\n<li>24\/12\/2010 : Kimi Yuki (\u304d\u307f\u3086\u304d)<\/li>\n<li>09\/03\/2011 : Mirai Bowl (\u30df\u30e9\u30a4\u30dc\u30a6\u30eb<small>)<\/small><\/li>\n<li>11\/06\/2011 : Akarin e Okuru Uta (\u3042\u304b\u308a\u3093\u3078\u8d08\u308b\u6b4c)<\/li>\n<li>06\/07\/2011 : Z Densetsu ~Owarinaki Kakumei~ (\uff3a\u4f1d\u8aac\uff5e\u7d42\u308f\u308a\u306a\u304d\u9769\u547d\uff5e)<\/li>\n<li>06\/07\/2011 : D&rsquo;no Junjou (D&rsquo;\u306e\u7d14\u60c5)<\/li>\n<li>23\/11\/2011 : Roudou Sanka (\u52b4\u50cd\u8b83\u6b4c)<\/li>\n<li>25\/12\/2011 : Shiroi Kaze (\u767d\u3044\u98a8)<\/li>\n<li>07\/03\/2012 : Mouretsu Uchuu Koukyoukyoku Dainana Gakushou \u00ab\u00a0Mugen no Ai\u00a0\u00bb (\u731b\u70c8\u5b87\u5b99\u4ea4\u97ff\u66f2\u30fb\u7b2c\u4e03\u697d\u7ae0\u300c\u7121\u9650\u306e\u611b\u300d)<\/li>\n<li>27\/06\/2012 : Otome Sensou (\u4e59\u5973\u6226\u4e89)<\/li>\n<li>21\/11\/2012 : Saraba, Itoshiki Kanashimitachi yo (\u30b5\u30e9\u30d0\u3001\u611b\u3057\u304d\u60b2\u3057\u307f\u305f\u3061\u3088)<\/li>\n<li>24\/12\/2012 : Bokura no Century (\u50d5\u7b49\u306e\u30bb\u30f3\u30c1\u30e5\u30ea\u30fc)<\/li>\n<li>16\/11\/2013 : Gounn<\/li>\n<li>23\/12\/2013 : Naichaisou Fuyu \/ Hagane no Ishi (\u6ce3\u3044\u3061\u3083\u3044\u305d\u3046\u51ac \/ \u92fc\u306e\u610f\u5fd7)<\/li>\n<li>08\/05\/2014 : Naitemo Iindayo (\u6ce3\u3044\u3066\u3082\u3044\u3044\u3093\u3060\u3088)<\/li>\n<li>30\/07\/2014 : Moon Pride<\/li>\n<li>28\/01\/2015 : Yume no Ukiyo ni Saitemina (\u5922\u306e\u6d6e\u4e16\u306b\u54b2\u3044\u3066\u307f\u306a) (Momoiro Clover Z \u00d7 Kiss)<\/li>\n<li>11\/03\/2015 : Seishunfu (\u9752\u6625\u8ce6)<\/li>\n<li>19\/04\/2015 : \u00ab\u00a0Z\u00a0\u00bb no Chikai (\u300eZ\u300f\u306e\u8a93\u3044)<\/li>\n<\/ul>\n<p><span style=\"font-weight: bold;\">Albums<\/span><\/p>\n<ul>\n<li>27\/07\/2011 : Battle and Romance (\u30d0\u30c8\u30eb \u30a2\u30f3\u30c9 \u30ed\u30de\u30f3\u30b9)<\/li>\n<li>10\/04\/2013 : 5th Dimension<\/li>\n<\/ul>\n<p><span style=\"font-weight: bold;\">Albums Live<\/span><\/p>\n<ul>\n<li>21\/04\/2012 : Momoclo \u2605 All Stars 2012 (\u3082\u3082\u30af\u30ed\u2605\u30aa\u30fc\u30eb\u30b9\u30bf\u30fc\u30ba 2012)<\/li>\n<\/ul>\n<p><span style=\"font-weight: bold;\">Albums Best-of<\/span><\/p>\n<ul>\n<li>05\/06\/2013 : Iriguchi no Nai Deguchi (\u5165\u53e3\u306e\u306a\u3044\u51fa\u53e3)<\/li>\n<\/ul>\n<h2>Liens<\/h2>\n<ul>\n<li><a title=\"Site officiel\" href=\"http:\/\/www.momoclo.net\/\" target=\"_blank\" rel=\"nofollow\">Site officiel<\/a><\/li>\n<li><a title=\"Blog\" href=\"http:\/\/ameblo.jp\/momoclo-staff\/\" target=\"_blank\" rel=\"nofollow\">Blog<\/a><\/li>\n<li><a title=\"Ustream\" href=\"http:\/\/www.ustream.tv\/channel\/momoclotv\" target=\"_blank\" rel=\"nofollow\">Ustream<\/a><\/li>\n<\/ul>\n<h2>News<\/h2>\n<ul>\n<li><a title=\"News\" href=\"https:\/\/www.jpop-idols.com\/fr\/tag\/momoiro-clover-z\/\">Actualit\u00e9<\/a><\/li>\n<\/ul>\n<p><img loading=\"lazy\" decoding=\"async\" class=\"alignnone size-full wp-image-29988\" src=\"http:\/\/static.jpop-idols.com\/uploads\/2015\/05\/momoiro-clover-z.jpg\" alt=\"Momoiro Clover Z (\u3082\u3082\u3044\u308d\u30af\u30ed\u30fc\u30d0\u30fcZ)\" width=\"600\" height=\"450\" srcset=\"https:\/\/static.jpop-idols.com\/uploads\/2015\/05\/momoiro-clover-z.jpg 600w, https:\/\/static.jpop-idols.com\/uploads\/2015\/05\/momoiro-clover-z-300x225.jpg 300w\" sizes=\"auto, (max-width: 600px) 100vw, 600px\" \/><\/p>","protected":false},"excerpt":{"rendered":"<p>D\u00e9sol\u00e9, cet article est seulement disponible en English.<\/p>\n","protected":false},"author":1,"featured_media":0,"parent":0,"menu_order":0,"comment_status":"closed","ping_status":"open","template":"","meta":{"_monsterinsights_skip_tracking":false,"_monsterinsights_sitenote_active":false,"_monsterinsights_sitenote_note":"","_monsterinsights_sitenote_category":0,"footnotes":""},"class_list":["post-453","page","type-page","status-publish","hentry"],"_links":{"self":[{"href":"https:\/\/www.jpop-idols.com\/fr\/wp-json\/wp\/v2\/pages\/453","targetHints":{"allow":["GET"]}}],"collection":[{"href":"https:\/\/www.jpop-idols.com\/fr\/wp-json\/wp\/v2\/pages"}],"about":[{"href":"https:\/\/www.jpop-idols.com\/fr\/wp-json\/wp\/v2\/types\/page"}],"author":[{"embeddable":true,"href":"https:\/\/www.jpop-idols.com\/fr\/wp-json\/wp\/v2\/users\/1"}],"replies":[{"embeddable":true,"href":"https:\/\/www.jpop-idols.com\/fr\/wp-json\/wp\/v2\/comments?post=453"}],"version-history":[{"count":4,"href":"https:\/\/www.jpop-idols.com\/fr\/wp-json\/wp\/v2\/pages\/453\/revisions"}],"predecessor-version":[{"id":32296,"href":"https:\/\/www.jpop-idols.com\/fr\/wp-json\/wp\/v2\/pages\/453\/revisions\/32296"}],"wp:attachment":[{"href":"https:\/\/www.jpop-idols.com\/fr\/wp-json\/wp\/v2\/media?parent=453"}],"curies":[{"name":"wp","href":"https:\/\/api.w.org\/{rel}","templated":true}]}}