{"id":526,"date":"2012-07-16T18:32:35","date_gmt":"2012-07-16T16:32:35","guid":{"rendered":"http:\/\/www.jpop-idols.com\/fr\/?page_id=526"},"modified":"2014-04-19T21:15:26","modified_gmt":"2014-04-19T19:15:26","slug":"sashihara-rino","status":"publish","type":"page","link":"https:\/\/www.jpop-idols.com\/fr\/sashihara-rino\/","title":{"rendered":"Sashihara Rino"},"content":{"rendered":"<p><img decoding=\"async\" loading=\"lazy\" class=\"size-full wp-image-1296 alignright\" title=\"Sashihara Rino\" src=\"http:\/\/static.jpop-idols.com\/uploads\/2012\/07\/sashihara-rino.jpg\" alt=\"Sashihara Rino\" width=\"118\" height=\"150\" \/><\/p>\n<p>Sashihara Rino, n\u00e9e le 21 novembre 1992 \u00e0 Oita (Japon), est une idol japonaise.<\/p>\n<p>Elle a rejoint les AKB48 en 2008. Elle a \u00e9t\u00e9 transf\u00e9r\u00e9e HKT48 en juin 2012. Sashihara Rino a d\u00e9but\u00e9 sa carri\u00e8re solo en mai 2012.<\/p>\n<h2>Profil<\/h2>\n<ul>\n<li>Sashihara Rino (\u6307\u539f\u8389\u4e43)<\/li>\n<li>Surnoms : Sasshi (\u3055\u3063\u3057\u30fc), Sashiko (\u3055\u3057\u3053)<\/li>\n<li>Date de naissance : 21\/11\/1992<\/li>\n<li>Lieu de naissance : Oita, Japan<\/li>\n<li>Groupe sanguin : O<\/li>\n<li>Ann\u00e9es d&rsquo;activit\u00e9 : depuis 2008<\/li>\n<li>Label : Avex Trax<\/li>\n<li>Agency : Ohta Pro.<\/li>\n<\/ul>\n<h2>Discographie<\/h2>\n<p><span style=\"font-weight:bold\">Singles<\/span><\/p>\n<ul>\n<li>02\/05\/2012 : Soredemo Suki Da yo (\u305d\u308c\u3067\u3082\u597d\u304d\u3060\u3088)<\/li>\n<li>17\/10\/2012 : Ikujinashi Masquerade (\u610f\u6c17\u5730\u306a\u3057\u30de\u30b9\u30ab\u30ec\u30fc\u30c9) (with AnRiRe)<\/li>\n<\/ul>\n<p><span style=\"font-weight:bold\">Singles AKB48<\/span><\/p>\n<ul>\n<li>22\/10\/2008 : Oogoe Diamond (\u5927\u58f0\u30c0\u30a4\u30e4\u30e2\u30f3\u30c9)<\/li>\n<li>04\/03\/2009 : 10nen Zakura (10\u5e74\u685c)<\/li>\n<li>24\/06\/2009 : Namida Surprise! (\u6d99\u30b5\u30d7\u30e9\u30a4\u30ba\uff01)<\/li>\n<li>18\/08\/2010 : Heavy Rotation (\u30d8\u30d3\u30fc\u30ed\u30fc\u30c6\u30fc\u30b7\u30e7\u30f3)<\/li>\n<li>27\/10\/2010 : Beginner<\/li>\n<li>16\/02\/2011 : Sakura no Ki ni Narou (\u685c\u306e\u6728\u306b\u306a\u308d\u3046)<\/li>\n<li>25\/05\/2011 : Everyday, Katyusha (Everyday\u3001\u30ab\u30c1\u30e5\u30fc\u30b7\u30e3)<\/li>\n<li>24\/08\/2011 : Flying Get (\u30d5\u30e9\u30a4\u30f3\u30b0\u30b2\u30c3\u30c8)<\/li>\n<li>26\/10\/2011 : Kaze wa Fuiteiru (\u98a8\u306f\u5439\u3044\u3066\u3044\u308b)<\/li>\n<li>15\/02\/2012 : Give Me Five!<\/li>\n<li>23\/05\/2012 : Manatsu no Sounds Good! (\u771f\u590f\u306eSounds Good\u00a0!)<\/li>\n<li>29\/08\/2012 : Gingham Check (\u30ae\u30f3\u30ac\u30e0\u30c1\u30a7\u30c3\u30af)<\/li>\n<li>31\/10\/2012 : Uza<\/li>\n<\/ul>\n<p><span style=\"font-weight:bold\">Singles HKT48<\/span><br \/>\n<span style=\"font-weight:bold\">Singles Not Yet<\/span><\/p>\n<ul>\n<li>16\/03\/2011 : Shuumatsu Not yet (\u9031\u672bNot yet)<\/li>\n<li>06\/07\/2011 : Naminori Kakigoori (\u6ce2\u4e57\u308a\u304b\u304d\u6c37)<\/li>\n<li>16\/11\/2011 : Pera Pera Perao (\u30da\u30e9\u30da\u30e9\u30da\u30e9\u30aa)<\/li>\n<\/ul>\n<p><span style=\"font-weight:bold\">Albums<\/span><\/p>\n<h2>Liens<\/h2>\n<ul>\n<li><a title=\"Site officiel\" href=\"http:\/\/avexnet.or.jp\/sashihararino\/\" target=\"_blank\">Site officiel<\/a><\/li>\n<li><a title=\"Profil HKT48\" href=\"http:\/\/www.hkt48.jp\/profile\/rino_sashihara.html\" target=\"_blank\">Profil HKT48<\/a><\/li>\n<li><a title=\"Blog\" href=\"http:\/\/ameblo.jp\/sashihara-rino\/\" target=\"_blank\">Blog<\/a><\/li>\n<li><a title=\"Google+\" href=\"https:\/\/plus.google.com\/104375100134443203420\/\" target=\"_blank\">Google+<\/a><\/li>\n<\/ul>\n<h2>News<\/h2>\n<ul>\n<li><a title=\"News\" href=\"https:\/\/www.jpop-idols.com\/fr\/tag\/sashihara-rino\/\" target=\"_blank\">Actualit\u00e9<\/a><\/li>\n<\/ul>\n<p><\/p>","protected":false},"excerpt":{"rendered":"<p>Sashihara Rino, n\u00e9e le 21 novembre 1992 \u00e0 Oita (Japon), est une idol japonaise. Elle a rejoint les AKB48 en 2008. Elle a \u00e9t\u00e9 transf\u00e9r\u00e9e HKT48 en juin 2012. Sashihara Rino a d\u00e9but\u00e9 sa carri\u00e8re solo en mai 2012. Profil&#8230;<br \/><a class=\"read-more-button\" href=\"https:\/\/www.jpop-idols.com\/fr\/sashihara-rino\/\">Read more<\/a><\/p>\n","protected":false},"author":1,"featured_media":0,"parent":0,"menu_order":0,"comment_status":"closed","ping_status":"open","template":"","meta":{"_monsterinsights_skip_tracking":false,"_monsterinsights_sitenote_active":false,"_monsterinsights_sitenote_note":"","_monsterinsights_sitenote_category":0},"_links":{"self":[{"href":"https:\/\/www.jpop-idols.com\/fr\/wp-json\/wp\/v2\/pages\/526"}],"collection":[{"href":"https:\/\/www.jpop-idols.com\/fr\/wp-json\/wp\/v2\/pages"}],"about":[{"href":"https:\/\/www.jpop-idols.com\/fr\/wp-json\/wp\/v2\/types\/page"}],"author":[{"embeddable":true,"href":"https:\/\/www.jpop-idols.com\/fr\/wp-json\/wp\/v2\/users\/1"}],"replies":[{"embeddable":true,"href":"https:\/\/www.jpop-idols.com\/fr\/wp-json\/wp\/v2\/comments?post=526"}],"version-history":[{"count":3,"href":"https:\/\/www.jpop-idols.com\/fr\/wp-json\/wp\/v2\/pages\/526\/revisions"}],"predecessor-version":[{"id":3415,"href":"https:\/\/www.jpop-idols.com\/fr\/wp-json\/wp\/v2\/pages\/526\/revisions\/3415"}],"wp:attachment":[{"href":"https:\/\/www.jpop-idols.com\/fr\/wp-json\/wp\/v2\/media?parent=526"}],"curies":[{"name":"wp","href":"https:\/\/api.w.org\/{rel}","templated":true}]}}