{"id":5322,"date":"2012-11-11T22:27:48","date_gmt":"2012-11-11T21:27:48","guid":{"rendered":"http:\/\/www.jpop-idols.com\/en\/?page_id=5322"},"modified":"2014-04-19T21:15:26","modified_gmt":"2014-04-19T19:15:26","slug":"chocolec","status":"publish","type":"page","link":"https:\/\/www.jpop-idols.com\/fr\/chocolec\/","title":{"rendered":"ChocoLe"},"content":{"rendered":"<p><img loading=\"lazy\" decoding=\"async\" class=\"alignright size-full wp-image-5323\" title=\"ChocoLe\" src=\"http:\/\/static.jpop-idols.com\/uploads\/2012\/11\/chocole.jpg\" alt=\"ChocoLe\" width=\"150\" height=\"142\" \/>ChocoLe (\u30c1\u30e7\u30b3\u30ec) est un groupe d&rsquo;idoles japonaises form\u00e9 en 2011. Il est compos\u00e9 de 3 membres : Hashimoto Kaede, Takahashi Kurumi, and Tamagawa Ramu. Toutes les 3 font \u00e9galement partie des <a title=\"Idoling!!!\" href=\"https:\/\/www.jpop-idols.com\/fr\/idoling\/\">Idoling!!!<\/a>.<\/p>\n<h2>Profil<\/h2>\n<ul>\n<li>ChocoLe (\u30c1\u30e7\u30b3\u30ec)<\/li>\n<li>Ann\u00e9es d&rsquo;activit\u00e9 : depuis 2011<\/li>\n<li>Label : Avex Entertainment<\/li>\n<li>Agence : Biscuit Entertainment<\/li>\n<\/ul>\n<h2>Membres<\/h2>\n<ul>\n<li>Hashimoto Kaede (\u6a4b\u672c\u6953), leader<\/li>\n<li>Takahashi Kurumi (\u9ad8\u6a4b\u80e1\u6843)<\/li>\n<li>Tamagawa Ramu (\u7389\u5ddd\u6765\u5922)<\/li>\n<\/ul>\n<h2>Discographe<\/h2>\n<p><span style=\"font-weight:bold\">Singles<\/span><\/p>\n<ul>\n<li>28\/12\/2011 : Milk to Chocolate (\u30df\u30eb\u30af\u3068\u30c1\u30e7\u30b3\u30ec\u30fc\u30c8)<\/li>\n<li>16\/05\/2012 : Kuchibue Pyupyu (\u304f\u3061\u3076\u3048\u30d4\u30e5\u30fc\u30d4\u30e5\u30fc)<\/li>\n<\/ul>\n<p><span style=\"font-weight:bold\">Albums<\/span><\/p>\n<h2>Liens<\/h2>\n<ul>\n<li><a title=\"Site officiel\" href=\"http:\/\/chocole.net\/\" target=\"_blank\">Site officiel<\/a><\/li>\n<li><a title=\"YouTube\" href=\"https:\/\/www.youtube.com\/ChocoLechannel\" target=\"_blank\">YouTube<\/a><\/li>\n<\/ul>\n<h2>News<\/h2>\n<ul>\n<li><a title=\"Actualit\u00e9\" href=\"http:\/\/www.jpop-idols.com\/en\/tag\/chocole\/\" target=\"_blank\">Actualit\u00e9<\/a><\/li>\n<\/ul>\n<p><\/p>","protected":false},"excerpt":{"rendered":"<p>ChocoLe (\u30c1\u30e7\u30b3\u30ec) est un groupe d&rsquo;idoles japonaises form\u00e9 en 2011. Il est compos\u00e9 de 3 membres : Hashimoto Kaede, Takahashi Kurumi, and Tamagawa Ramu. Toutes les 3 font \u00e9galement partie des Idoling!!!. Profil ChocoLe (\u30c1\u30e7\u30b3\u30ec) Ann\u00e9es d&rsquo;activit\u00e9 : depuis 2011&#8230;<br \/><a class=\"read-more-button\" href=\"https:\/\/www.jpop-idols.com\/fr\/chocolec\/\">Read more<\/a><\/p>\n","protected":false},"author":1,"featured_media":0,"parent":0,"menu_order":0,"comment_status":"closed","ping_status":"open","template":"","meta":{"_monsterinsights_skip_tracking":false,"_monsterinsights_sitenote_active":false,"_monsterinsights_sitenote_note":"","_monsterinsights_sitenote_category":0,"footnotes":""},"class_list":["post-5322","page","type-page","status-publish","hentry"],"_links":{"self":[{"href":"https:\/\/www.jpop-idols.com\/fr\/wp-json\/wp\/v2\/pages\/5322","targetHints":{"allow":["GET"]}}],"collection":[{"href":"https:\/\/www.jpop-idols.com\/fr\/wp-json\/wp\/v2\/pages"}],"about":[{"href":"https:\/\/www.jpop-idols.com\/fr\/wp-json\/wp\/v2\/types\/page"}],"author":[{"embeddable":true,"href":"https:\/\/www.jpop-idols.com\/fr\/wp-json\/wp\/v2\/users\/1"}],"replies":[{"embeddable":true,"href":"https:\/\/www.jpop-idols.com\/fr\/wp-json\/wp\/v2\/comments?post=5322"}],"version-history":[{"count":3,"href":"https:\/\/www.jpop-idols.com\/fr\/wp-json\/wp\/v2\/pages\/5322\/revisions"}],"predecessor-version":[{"id":5329,"href":"https:\/\/www.jpop-idols.com\/fr\/wp-json\/wp\/v2\/pages\/5322\/revisions\/5329"}],"wp:attachment":[{"href":"https:\/\/www.jpop-idols.com\/fr\/wp-json\/wp\/v2\/media?parent=5322"}],"curies":[{"name":"wp","href":"https:\/\/api.w.org\/{rel}","templated":true}]}}