{"id":5590,"date":"2012-11-22T18:32:58","date_gmt":"2012-11-22T17:32:58","guid":{"rendered":"http:\/\/www.jpop-idols.com\/en\/?page_id=5590"},"modified":"2015-06-07T09:51:46","modified_gmt":"2015-06-07T07:51:46","slug":"alice-juban-alice-no-10","status":"publish","type":"page","link":"https:\/\/www.jpop-idols.com\/fr\/alice-juban-alice-no-10\/","title":{"rendered":"Alice Juban"},"content":{"rendered":"<p><img loading=\"lazy\" decoding=\"async\" class=\"alignright size-full wp-image-30349\" src=\"http:\/\/static.jpop-idols.com\/uploads\/2015\/06\/alice-juban-idol.jpg\" alt=\"Alice Juban (\u30a2\u30ea\u30b9\u5341\u756a)\" width=\"150\" height=\"101\" \/><strong>Alice Juban<\/strong> (\u30a2\u30ea\u30b9\u5341\u756a), \u00e9galement connu sous le nom <strong>Alice No.10<\/strong>, est un groupe d&rsquo;idols japonaises form\u00e9 2011.<\/p>\n<p>Les filles font partie du Alice Project (\u30a2\u30ea\u30b9\u30d7\u30ed\u30b8\u30a7\u30af\u30c8).<\/p>\n<p>Les Alice Juban constituent les Kamen Joshi (\u4eee\u9762\u5973\u5b50) en compagnie des <a title=\"Steamgirls\" href=\"https:\/\/www.jpop-idols.com\/fr\/steamgirls\/\">Steamgirls<\/a> et des <a title=\"Armor Girls\" href=\"https:\/\/www.jpop-idols.com\/fr\/armor-girls\/\">Armor Girls<\/a>.<\/p>\n<p><!--more--><\/p>\n<h2>Pr\u00e9sentation<\/h2>\n<p><img loading=\"lazy\" decoding=\"async\" class=\"alignright size-full wp-image-15400\" src=\"http:\/\/static.jpop-idols.com\/uploads\/2013\/09\/alice-juban-mask-2.jpg\" alt=\"Alice Juban (\u30a2\u30ea\u30b9\u5341\u756a)\" width=\"150\" height=\"113\" \/>Le groupe d&rsquo;idols est actuellement compos\u00e9 de 6 membres.<\/p>\n<p>La leader est Sakura Nodoka.<\/p>\n<p>La position de centre est occup\u00e9e par Tachibana Anna.<\/p>\n<p>Les filles portent le masque de Jason sur sc\u00e8ne. Elles ont aussi des armes telles que des tron\u00e7onneuses&#8230;<\/p>\n<p><img loading=\"lazy\" decoding=\"async\" class=\"alignright size-full wp-image-15192\" src=\"http:\/\/static.jpop-idols.com\/uploads\/2013\/09\/tachibana-anna.jpg\" alt=\"Tachibana Anna (Alice Juban)\" width=\"113\" height=\"150\" \/>Alice Juban est un groupe soeur des Steamgirls, des Armor Girls, des <a title=\"Oz\" href=\"https:\/\/www.jpop-idols.com\/fr\/oz\/\">Oz<\/a>, des <a title=\"Machikado Keiki Japan\" href=\"https:\/\/www.jpop-idols.com\/fr\/machikado-keiki-japan\/\">Machikado Keiki Japan<\/a>, des <a title=\"Game Girls\" href=\"https:\/\/www.jpop-idols.com\/fr\/game-girls\/\">Game Girls<\/a>, des <a title=\"Idol Yokai Kawayushi\" href=\"https:\/\/www.jpop-idols.com\/fr\/idol-yokai-kawayushi\/\">Idol Yokai Kawayushi<\/a>, et des Alice of Nightmare.<\/p>\n<p>Les membres ont \u00e9galement fait partie des sous-groupes <a title=\"Cherry Blossom\" href=\"https:\/\/www.jpop-idols.com\/fr\/cherry-blossom\/\">Cherry Blossom<\/a>, <a title=\"Prism\" href=\"https:\/\/www.jpop-idols.com\/fr\/prism\/\">Prism<\/a>, et <a title=\"Pureful\" href=\"https:\/\/www.jpop-idols.com\/fr\/pureful\/\">Pureful<\/a>.<\/p>\n<p>Le groupe d&rsquo;idols se produit en live presque tous les jours au P.A.R.M.S Theater dans le quartier d&rsquo;Akihabara \u00e0 Tokyo.<\/p>\n<p>Articles relatifs :<\/p>\n<ul>\n<li><a title=\"Interview : Tachibana Anna (Alice Juban)\" href=\"https:\/\/www.jpop-idols.com\/fr\/tachibana-anna-alice-juban-interview\/\" target=\"_blank\">Interview : Tachibana Anna<\/a><\/li>\n<li><a title=\"Comment assister \u00e0 un concert des Alice Juban (Alice No.10)\" href=\"https:\/\/www.jpop-idols.com\/fr\/alice-project-concert-guide\/\" target=\"_blank\">Comment assister \u00e0 un concert des Alice Juban<\/a><\/li>\n<\/ul>\n<h2>Biographie \/ Histoire<\/h2>\n<p><img loading=\"lazy\" decoding=\"async\" class=\"alignright size-full wp-image-30375\" src=\"http:\/\/static.jpop-idols.com\/uploads\/2015\/06\/alice-juban-2012-idol.jpg\" alt=\"Alice Juban (\u30a2\u30ea\u30b9\u5341\u756a)\" width=\"150\" height=\"94\" \/>Les Alice Juban ont \u00e9t\u00e9 cr\u00e9\u00e9es au cours de l&rsquo;\u00e9t\u00e9 2011.<\/p>\n<p>Elles ont particip\u00e9 au <span style=\"font-style: italic;\">Tokyo Idol Festival 2011 Eco &amp; Life<\/span> en ao\u00fbt de la m\u00eame ann\u00e9e.<\/p>\n<p>Asa Tomomi a d\u00e9missionn\u00e9 en septembre 2011.<\/p>\n<p>L&rsquo;\u00e9v\u00e9nement <span style=\"font-style: italic;\">Alice Juban no Maru Maru Mori Mori Zenryoku Party (\u30a2\u30ea\u30b9\u5341\u756a\u306e\u30de\u30eb\u30fb\u30de\u30eb\u30fb\u30e2\u30ea\u30fb\u30e2\u30ea\u5168\u529b\u30d1\u30fc\u30c6\u30a3\u30fc)<\/span> s&rsquo;est d\u00e9roul\u00e9 en septembre 2011.<\/p>\n<p>Aikawa Chika a quitt\u00e9 le groupe d&rsquo;idols en octobre 2011.<\/p>\n<p>Ayase Ami, Utena Marie et Suzuki Mami ont \u00e9t\u00e9 licenci\u00e9es 2012.<\/p>\n<p>Kameda Reona a \u00e9t\u00e9 sanctionn\u00e9e et transf\u00e9r\u00e9e vers les Steamgirls en mars 2012.<\/p>\n<p>Ayakawa Komugi a annonc\u00e9 sa graduation en avril 2012.<\/p>\n<p><img loading=\"lazy\" decoding=\"async\" class=\"alignright size-full wp-image-5683\" src=\"http:\/\/static.jpop-idols.com\/uploads\/2012\/11\/alice-juban.jpg\" alt=\"Alice Juban (\u30a2\u30ea\u30b9\u5341\u756a)\" width=\"150\" height=\"136\" \/>Kiritani Mao a particip\u00e9 au projet <a href=\"https:\/\/www.jpop-idols.com\/fr\/allover\/\">Allover<\/a> entre avril et septembre 2012.<\/p>\n<p>Asa Tomomi a fait son retour en avrril 2012, puis elle a de nouveau quitt\u00e9 le groupe en d\u00e9cembre 2012.<\/p>\n<p>Tachibana Anna est apparue dans le film <span style=\"font-style: italic;\">Real Onigokko 4 (\u30ea\u30a2\u30eb\u9b3c\u3054\u3063\u30534)<\/span> en mai 2012.<\/p>\n<p>Le P.A.R.M.S Theater a ouvert fin d\u00e9cembre 2012.<\/p>\n<p>Tachibana Anna a \u00e9t\u00e9 nomm\u00e9e \u00e0 la position de centre en janvier 2013.<\/p>\n<p>Les filles ont anim\u00e9 l&rsquo;\u00e9mission de radio <span style=\"font-style: italic;\">Alice Juban no Death troy Night! (\u30a2\u30ea\u30b9\u5341\u756a\u306eDeath\u2606troy Night!)<\/span> sur Nack5 au cours du printemps 2013.<\/p>\n<p><img loading=\"lazy\" decoding=\"async\" class=\"alignright wp-image-10551 size-thumbnail\" src=\"http:\/\/static.jpop-idols.com\/uploads\/2013\/04\/alice-juban-hadouken-1-150x150.jpg\" alt=\"Alice Juban (\u30a2\u30ea\u30b9\u5341\u756a) - Hadouken\" width=\"150\" height=\"150\" \/>En avril 2013, des photos des membres du groupe d&rsquo;idols faisant le <span style=\"font-style: italic;\"><a href=\"https:\/\/www.jpop-idols.com\/fr\/alice-juban-hadouken\/\">Hadouken \/ <em>Kamehameha<\/em><\/a><\/span> ont \u00e9t\u00e9 d\u00e9voil\u00e9es. Elles montrent les filles utilisant les attaques sp\u00e9ciales issues des s\u00e9ries<em> Street Fighter<\/em> et <em>Dragon Ball<\/em> series.<\/p>\n<p>Shiotani Sayaka, Kiritani Mao et Tsukumura Reika ont d\u00e9missionn\u00e9 en juillet 2013.<\/p>\n<p>Ene d\u00e9cembre 2013, les Alice Juban ont adopt\u00e9 les Deglingos (\u30c7\u30b0\u30ea\u30f3\u30b4\u30b9) comme mascottes pour leurs lives dans le cadre d&rsquo;une campagne promotionnelle.<\/p>\n<p>Sakura Yuki a \u00e9t\u00e9 transf\u00e9r\u00e9e des Steamgirls en avril 2014.<\/p>\n<p><img loading=\"lazy\" decoding=\"async\" class=\"alignright wp-image-15522 size-thumbnail\" src=\"http:\/\/static.jpop-idols.com\/uploads\/2013\/09\/alice-juban-2-150x150.jpg\" alt=\"Alice Juban (\u30a2\u30ea\u30b9\u5341\u756a)\" width=\"150\" height=\"150\" \/>Le 1er one-man live des Kamen Joshi a eu lieu en mai 2014 au Zepp Tokyo.<\/p>\n<p>En tant qu&rsquo;actrices, Tachibana Anna, Hayase Amu et Watanabe Maari ont jou\u00e9 dans <span style=\"font-style: italic;\">Taiyou kara Plancha (\u592a\u967d\u304b\u3089\u30d7\u30e9\u30f3\u30c1\u30e3)<\/span>. Le film est sorti en juin 2014 au Japon.<\/p>\n<p>Fujisaki Asami a effectu\u00e9 sa graduation en juin 2014.<\/p>\n<p>Sakura Nodoka et Hayase Amu ont interpr\u00e9t\u00e9 les r\u00f4les principaux dans le film <span style=\"font-style: italic;\">Alice no Kamigakushi (\u30a2\u30ea\u30b9\u306e\u795e\u96a0\u3057)<\/span> aux c\u00f4t\u00e9s de Koyanagi Tomoe (Steamgirls) et de Ito Miu (Armor Girls) en juillet 2014.<\/p>\n<p>Le jeu vid\u00e9o <span style=\"font-style: italic;\">Alice no Heya Genkidane! (\u30a2\u30ea\u30b9\u306e\u90e8\u5c4b\u3000\u5143\u6c17\u7a2e\uff01)<\/span> dans lequel apparaissent les membres du groupe d&rsquo;idols est sorti en septembre 2014.<\/p>\n<p>Les Kamen Joshi ont interpr\u00e9t\u00e9 une pour la publicit\u00e9 de Marine Road (\u30de\u30ea\u30f3\u2606\u30ed\u30fc\u30c9) en octobre 2014.<\/p>\n<p>Le groupe d&rsquo;idols a chant\u00e9 le th\u00e8me de l&rsquo;opening de l&rsquo;anime <span style=\"font-style: italic;\">Hero Bank (\u30d2\u30fc\u30ed\u30fc\u30d0\u30f3\u30af)<\/span> en octobre 2014.<\/p>\n<p>Les filles ont lanc\u00e9 et font la promotion des Akiba Sandals (\u3042\u304d\u3070\u30b5\u30f3\u30c0\u30eb) depuis fin 2014. Ces chaussures ont un design ressemblant \u00e0 des pattes de monstre.<\/p>\n<p><img loading=\"lazy\" decoding=\"async\" class=\"alignright wp-image-30356 size-full\" src=\"http:\/\/static.jpop-idols.com\/uploads\/2015\/06\/kamen-joshi-idol.jpg\" alt=\"Kamen Joshi (\u4eee\u9762\u5973\u5b50)\" width=\"150\" height=\"100\" \/>Le single des Kamen Joshi <span style=\"font-style: italic;\">Genkidane (\u5143\u6c17\u7a2e\u2606)<\/span> a atteint la 1\u00e8re place au classement hebdomadaire Oricon en janvier 2015.<\/p>\n<p>Sakura Nodoka et Tachibana Anna sont apparues dans le film <span style=\"font-style: italic;\">Motokomon Z (\u6c34\u6238\u9ec4\u9580Z)<\/span> en janvier 2015.<\/p>\n<p>Le 1er photobook des Kamen Joshi <span style=\"font-style: italic;\">Mizugi Kamen (\u6c34\u7740\u4eee\u9762 \u4eee\u9762\u5973\u5b50)<\/span> a \u00e9t\u00e9 publi\u00e9 en f\u00e9vrier 2015. Il contient des photos sexy des membres populaires Tachibana Anna, Kamiya Erina et Amaki Jun en maillot de bain, sous la douche&#8230;<\/p>\n<p>Les filles ont particip\u00e9 \u00e0 une publicit\u00e9 pour S Cup (\u30a8\u30b9\u30ab\u30c3\u30d7) en f\u00e9vrier 2015.<\/p>\n<p>Hayase Amu et Watanabe Maari ont annnonc\u00e9 leur graduation respectivement en mars et avril 2015.<\/p>\n<p>Sawada Risa a \u00e9t\u00e9 promue des Steamgirls vers les Alice Juban en avril 2015.<\/p>\n<p>L&rsquo;\u00e9mission TV <span style=\"font-style: italic;\">Yarikiri! Kamen Joshi ~Tenka Torunara Icchatte!~ (\u3084\u308a\u304d\u308a\uff01\u4eee\u9762\u5973\u5b50 \uff5e\u5929\u4e0b\u53d6\u308b\u306a\u3089\u3001\u30a4\u30c3\u3061\u3083\u3063\u3066\uff01\uff5e)<\/span> est diffus\u00e9e sur Tokyo MX depuis avril 2015.<\/p>\n<p>Le groupe d&rsquo;idols a particip\u00e9 au <span style=\"font-style: italic;\">Countdown Asia Festival<\/span> \u00e0 Jakarta, en Indon\u00e9sie, en juin 2015.<\/p>\n<h2>Profil<\/h2>\n<ul>\n<li>Alice Juban (Alice No.10) (\u30a2\u30ea\u30b9\u5341\u756a)<\/li>\n<li>Ann\u00e9es d&rsquo;activit\u00e9 : depuis 2011<\/li>\n<li>Label : Destroy Record<\/li>\n<li>Agence : Alice Project<\/li>\n<\/ul>\n<h2>Membres<\/h2>\n<ul>\n<li>Tachibana Anna (\u7acb\u82b1\u3042\u3093\u306a)<\/li>\n<li>Mori Kanon (\u68ee\u30ab\u30ce\u30f3)<\/li>\n<li>Sakura Nodoka (\u685c\u306e\u3069\u304b)<\/li>\n<li>Sakura Yuki (\u685c\u96ea)<\/li>\n<li>Kawamura Nanaka (\u5ddd\u6751\u8679\u82b1)<\/li>\n<li>Sawada Risa\u00a0 (\u6fa4\u7530\u30ea\u30b5)<\/li>\n<\/ul>\n<p>Anciennes membres<\/p>\n<ul>\n<li>Aikawa Chika (\u85cd\u5ddd\u5343\u4f73)<\/li>\n<li>Ayakawa Komugi (\u7dbe\u5ddd\u5c0f\u9ea6)<\/li>\n<li>Kameda Reona (\u4e80\u7530\u4f36\u592e\u5948)<\/li>\n<li>Ayase Ami (\u7dbe\u702c\u4e9c\u7f8e)<\/li>\n<li>Utena Marie (\u81fa\u771f\u7406\u7d75)<\/li>\n<li>Suzuki Mami (\u9234\u6728\u771f\u5b9f)<\/li>\n<li>Asa Tomomi (\u9ebb\u53cb\u7f8e)<\/li>\n<li>Shiotani Sayaka (\u5869\u8c37\u5f69\u9999)<\/li>\n<li>Kiritani Mao (\u6850\u8c37\u771f\u592e)<\/li>\n<li>Tsukimura Reika (\u6708\u6751\u9e97\u83ef)<\/li>\n<li>Fujisaki Asami (\u85e4\u5d0e\u9ebb\u7f8e)<\/li>\n<li>Hayase Amu (\u65e9\u702c\u611b\u5922)<\/li>\n<li>Watanabe Maari (\u6e21\u8fba\u307e\u3042\u308a)<\/li>\n<\/ul>\n<h2>Discographie<\/h2>\n<p><span style=\"font-weight: bold;\">Singles<\/span><\/p>\n<ul>\n<li>Makenaide\u2606 (\u8ca0\u3051\u306a\u3044\u3067\u2606)<\/li>\n<li>Adventure (\u30a2\u30c9\u30d9\u30f3\u30c1\u30e3\u30fc)<\/li>\n<li>04\/07\/2012 : Natsu Da ne\u2606 \/ Makenaide\u2606 (\u590f\u3060\u306d\u2606\/\u8ca0\u3051\u306a\u3044\u3067\u2606)<\/li>\n<li>Dive-E<\/li>\n<li>Cinderella (\u30b7\u30f3\u30c7\u30ec\u30e9) (iNA ver.)<\/li>\n<li>Ma Adventure (\u771f\u30fb\u30a2\u30c9\u30d9\u30f3\u30c1\u30e3\u30fc)<\/li>\n<li>Skeleton Sky (\u30b9\u30b1\u30eb\u30c8\u30f3\u30b9\u30ab\u30a4)<\/li>\n<li>Alice no Rockin&rsquo; Horror Show (\u30a2\u30ea\u30b9\u306e\u30ed\u30c3\u30ad\u30f3\u30fb\u30db\u30e9\u30fc\u30fb\u30b7\u30e7\u30fc)<\/li>\n<li>Happy\u2606Birthday (\u30cf\u30d4\u2606\u30d0\u30c7)<\/li>\n<li>Mad-Croc\u2606Banging<\/li>\n<li>NicoNico Kinoko Friends (\u30cb\u30b3\u30cb\u30b3\u30ad\u30ce\u30b3\u30d5\u30ec\u30f3\u30ba)<\/li>\n<li>Alice no Jikan (\u30a2\u30ea\u30b9\u306e\u6642\u9593)<\/li>\n<li>Saikyou Summer (\u6700\u5f37\u2606\u30b5\u30de\u30fc)<\/li>\n<li>Fly High !!!!!!!<\/li>\n<\/ul>\n<p><span style=\"font-weight: bold;\">Singles des Kamen Joshi<br \/>\n<\/span><\/p>\n<ul>\n<li>06\/03\/2013 :\u00a0Kamen Joshi (\u4eee\u9762\u5973\u5b50)<\/li>\n<li>11\/12\/2013 : Mousou Nikki (\u5984\u60f3\u65e5\u8a18)<\/li>\n<li>01\/01\/2015 : Genkidane (\u5143\u6c17\u7a2e\u2606)<\/li>\n<\/ul>\n<p><span style=\"font-weight: bold;\">Albums<\/span><\/p>\n<h2>Liens<\/h2>\n<ul>\n<li><a title=\"Site officiel\" href=\"http:\/\/www.alice-project.biz\/alice-juban\/\" target=\"_blank\" rel=\"nofollow\">Site officiel<\/a><\/li>\n<li><a title=\"Blog\" href=\"http:\/\/ameblo.jp\/alicekusanagi\/\" target=\"_blank\" rel=\"nofollow\">Blog<\/a><\/li>\n<li><a title=\"Facebook\" href=\"http:\/\/www.facebook.com\/alice.no10\" target=\"_blank\" rel=\"nofollow\">Facebook<\/a><\/li>\n<li><a title=\"Twitter\" href=\"https:\/\/twitter.com\/alice_juban\" target=\"_blank\" rel=\"nofollow\">Twitter<\/a><\/li>\n<li><a title=\"YouTube\" href=\"https:\/\/www.youtube.com\/user\/aliceprojectcompany\" target=\"_blank\">YouTube<\/a><\/li>\n<\/ul>\n<h2>News<\/h2>\n<ul>\n<li><a title=\"News\" href=\"https:\/\/www.jpop-idols.com\/fr\/tag\/alice-juban\/\">Actualit\u00e9<\/a><\/li>\n<\/ul>\n<p><img loading=\"lazy\" decoding=\"async\" class=\"alignnone size-full wp-image-30348\" src=\"http:\/\/static.jpop-idols.com\/uploads\/2015\/06\/alice-juban.jpg\" alt=\"Alice Juban (\u30a2\u30ea\u30b9\u5341\u756a)\" width=\"600\" height=\"402\" srcset=\"https:\/\/static.jpop-idols.com\/uploads\/2015\/06\/alice-juban.jpg 600w, https:\/\/static.jpop-idols.com\/uploads\/2015\/06\/alice-juban-300x201.jpg 300w\" sizes=\"auto, (max-width: 600px) 100vw, 600px\" \/><\/p>\n<p><img loading=\"lazy\" decoding=\"async\" class=\"alignnone size-full wp-image-30355\" src=\"http:\/\/static.jpop-idols.com\/uploads\/2015\/06\/kamen-joshi.jpg\" alt=\"Kamen Joshi (\u4eee\u9762\u5973\u5b50)\" width=\"600\" height=\"400\" srcset=\"https:\/\/static.jpop-idols.com\/uploads\/2015\/06\/kamen-joshi.jpg 600w, https:\/\/static.jpop-idols.com\/uploads\/2015\/06\/kamen-joshi-300x200.jpg 300w\" sizes=\"auto, (max-width: 600px) 100vw, 600px\" \/><\/p>","protected":false},"excerpt":{"rendered":"<p>D\u00e9sol\u00e9, cet article est seulement disponible en English.<\/p>\n","protected":false},"author":1,"featured_media":0,"parent":0,"menu_order":0,"comment_status":"closed","ping_status":"open","template":"","meta":{"_monsterinsights_skip_tracking":false,"_monsterinsights_sitenote_active":false,"_monsterinsights_sitenote_note":"","_monsterinsights_sitenote_category":0,"footnotes":""},"class_list":["post-5590","page","type-page","status-publish","hentry"],"_links":{"self":[{"href":"https:\/\/www.jpop-idols.com\/fr\/wp-json\/wp\/v2\/pages\/5590","targetHints":{"allow":["GET"]}}],"collection":[{"href":"https:\/\/www.jpop-idols.com\/fr\/wp-json\/wp\/v2\/pages"}],"about":[{"href":"https:\/\/www.jpop-idols.com\/fr\/wp-json\/wp\/v2\/types\/page"}],"author":[{"embeddable":true,"href":"https:\/\/www.jpop-idols.com\/fr\/wp-json\/wp\/v2\/users\/1"}],"replies":[{"embeddable":true,"href":"https:\/\/www.jpop-idols.com\/fr\/wp-json\/wp\/v2\/comments?post=5590"}],"version-history":[{"count":4,"href":"https:\/\/www.jpop-idols.com\/fr\/wp-json\/wp\/v2\/pages\/5590\/revisions"}],"predecessor-version":[{"id":30392,"href":"https:\/\/www.jpop-idols.com\/fr\/wp-json\/wp\/v2\/pages\/5590\/revisions\/30392"}],"wp:attachment":[{"href":"https:\/\/www.jpop-idols.com\/fr\/wp-json\/wp\/v2\/media?parent=5590"}],"curies":[{"name":"wp","href":"https:\/\/api.w.org\/{rel}","templated":true}]}}