{"id":5592,"date":"2012-11-20T00:41:08","date_gmt":"2012-11-19T23:41:08","guid":{"rendered":"http:\/\/www.jpop-idols.com\/en\/?page_id=5592"},"modified":"2014-04-19T21:15:26","modified_gmt":"2014-04-19T19:15:26","slug":"naabou-doufunana","status":"publish","type":"page","link":"https:\/\/www.jpop-idols.com\/fr\/naabou-doufunana\/","title":{"rendered":"Naaboudoufu@Nana"},"content":{"rendered":"<p><img loading=\"lazy\" decoding=\"async\" class=\"alignright size-full wp-image-5593\" title=\"Naaboudoufu@Nana\" src=\"http:\/\/static.jpop-idols.com\/uploads\/2012\/11\/naaboudoufu-nana.jpg\" alt=\"Naaboudoufu@Nana\" width=\"123\" height=\"150\" \/>Naaboudoufu@Nana (\u306a\u3042\u574a\u8c46\u8150@\u90a3\u5948), n\u00e9e le 17 juin 1994 \u00e0 Tokyo, est une idol japonaise.<\/p>\n<p>Naaboudoufu@Nana a \u00e9t\u00e9 d\u00e9couverte sur internet apr\u00e8s avoir post\u00e9 des vid\u00e9os sur Nico Nico Douga dans lesquelles elle reprenait les danses et chor\u00e9graphies d&rsquo;autres idols telles que les \u00b0C-ute.<\/p>\n<p>Son 1er single <em>Kunekune\u2606Bravo!<\/em> a \u00e9t\u00e9 \u00e9crit par Tsunku\u2642 (\u3064\u3093\u304f\u2642) le producteur du Hello! Project.<\/p>\n<h2>Profil<\/h2>\n<ul>\n<li>Naaboudoufu@Nana (\u306a\u3042\u574a\u8c46\u8150@\u90a3\u5948)<\/li>\n<li>Date de naissance : 17\/06\/1994<\/li>\n<li>Lieu de naissance : Tokyo, Japan<\/li>\n<li>Groupe sanguin : A<\/li>\n<li>Ann\u00e9es d&rsquo;activit\u00e9 : depuis 2011<\/li>\n<li>Label : King Records<\/li>\n<li>Agence : Peach<\/li>\n<\/ul>\n<h2>Discographie<\/h2>\n<p><span style=\"font-weight:bold\">Singles<\/span><\/p>\n<ul>\n<li>23\/05\/2012 : Kunekune\u2606Bravo! (\u30af\u30cd\u30af\u30cd\u2606\u30d6\u30e9\u30dc\u30fc\uff01)<\/li>\n<li>07\/11\/2012 : Magical Lip Kiss (\u30de\u30b8\u30ab\u30eb\u30ea\u30c3\u30d7Kiss)<\/li>\n<\/ul>\n<p><span style=\"font-weight:bold\">Albums<\/span><\/p>\n<h2>Liens<\/h2>\n<ul>\n<li><a title=\"Site officiel\" href=\"http:\/\/www.naaboudoufu.com\/\" rel=\"nofollow\" target=\"_blank\">Site officiel<\/a><\/li>\n<li><a title=\"Blog\" href=\"http:\/\/ameblo.jp\/naaboudoufu\/\" rel=\"nofollow\" target=\"_blank\">Blog<\/a><\/li>\n<\/ul>\n<h2>News<\/h2>\n<ul>\n<li><a title=\"News\" href=\"https:\/\/www.jpop-idols.com\/fr\/tag\/naaboudoufu-nana\/\">Actualit\u00e9<\/a><\/li>\n<\/ul>\n<p><\/p>","protected":false},"excerpt":{"rendered":"<p>Naaboudoufu@Nana (\u306a\u3042\u574a\u8c46\u8150@\u90a3\u5948), n\u00e9e le 17 juin 1994 \u00e0 Tokyo, est une idol japonaise. Naaboudoufu@Nana a \u00e9t\u00e9 d\u00e9couverte sur internet apr\u00e8s avoir post\u00e9 des vid\u00e9os sur Nico Nico Douga dans lesquelles elle reprenait les danses et chor\u00e9graphies d&rsquo;autres idols telles que&#8230;<br \/><a class=\"read-more-button\" href=\"https:\/\/www.jpop-idols.com\/fr\/naabou-doufunana\/\">Read more<\/a><\/p>\n","protected":false},"author":1,"featured_media":0,"parent":0,"menu_order":0,"comment_status":"closed","ping_status":"open","template":"","meta":{"_monsterinsights_skip_tracking":false,"_monsterinsights_sitenote_active":false,"_monsterinsights_sitenote_note":"","_monsterinsights_sitenote_category":0,"footnotes":""},"class_list":["post-5592","page","type-page","status-publish","hentry"],"_links":{"self":[{"href":"https:\/\/www.jpop-idols.com\/fr\/wp-json\/wp\/v2\/pages\/5592","targetHints":{"allow":["GET"]}}],"collection":[{"href":"https:\/\/www.jpop-idols.com\/fr\/wp-json\/wp\/v2\/pages"}],"about":[{"href":"https:\/\/www.jpop-idols.com\/fr\/wp-json\/wp\/v2\/types\/page"}],"author":[{"embeddable":true,"href":"https:\/\/www.jpop-idols.com\/fr\/wp-json\/wp\/v2\/users\/1"}],"replies":[{"embeddable":true,"href":"https:\/\/www.jpop-idols.com\/fr\/wp-json\/wp\/v2\/comments?post=5592"}],"version-history":[{"count":3,"href":"https:\/\/www.jpop-idols.com\/fr\/wp-json\/wp\/v2\/pages\/5592\/revisions"}],"predecessor-version":[{"id":5596,"href":"https:\/\/www.jpop-idols.com\/fr\/wp-json\/wp\/v2\/pages\/5592\/revisions\/5596"}],"wp:attachment":[{"href":"https:\/\/www.jpop-idols.com\/fr\/wp-json\/wp\/v2\/media?parent=5592"}],"curies":[{"name":"wp","href":"https:\/\/api.w.org\/{rel}","templated":true}]}}