{"id":5792,"date":"2012-11-24T14:01:31","date_gmt":"2012-11-24T13:01:31","guid":{"rendered":"http:\/\/www.jpop-idols.com\/en\/?page_id=5792"},"modified":"2016-03-06T19:07:13","modified_gmt":"2016-03-06T18:07:13","slug":"nanocune","status":"publish","type":"page","link":"https:\/\/www.jpop-idols.com\/fr\/nanocune\/","title":{"rendered":"nanoCUNE"},"content":{"rendered":"<p><img loading=\"lazy\" decoding=\"async\" class=\"alignright size-full wp-image-34219\" src=\"http:\/\/static.jpop-idols.com\/uploads\/2016\/03\/nanocune-idol.jpg\" alt=\"nanoCUNE\" width=\"150\" height=\"100\" \/><strong>nanoCUNE<\/strong> est un groupe d&rsquo;idols japonaises form\u00e9 en 2012.<\/p>\n<p>Il est actuellement compos\u00e9 de 2\u00a0membres.<\/p>\n<p>La leader est Kadota Mayu.<\/p>\n<p>Les filles sont originaires de la pr\u00e9fecture de Ehime.<\/p>\n<p><!--more--><\/p>\n<p>nanoCUNE est un groupe soeur de <a title=\"Hime Kyun Fruit Can\" href=\"http:\/\/www.jpop-idols.com\/en\/hime-kyun-fruit-can\/\">Hime Kyun Fruit Can<\/a>, des <a title=\"Frupoche\" href=\"https:\/\/www.jpop-idols.com\/fr\/frupoche\/\">FruitPochette<\/a>, et des <a title=\"AiCune\" href=\"https:\/\/www.jpop-idols.com\/fr\/aicune\/\">AiCune<\/a>.<\/p>\n<h2>Biographie \/ Histoire<\/h2>\n<p><img loading=\"lazy\" decoding=\"async\" class=\"alignright size-full wp-image-5793\" src=\"http:\/\/static.jpop-idols.com\/uploads\/2012\/11\/nanocune.jpg\" alt=\"nanoCUNE\" width=\"150\" height=\"106\" \/>Leur 1er single <span style=\"font-style: italic;\">Hareruya! (\u6674\u308c\u30eb\u30e4\uff01)<\/span> est sorti en juillet 2012.<\/p>\n<p>Murata Akane et Kono Rinne ont effectu\u00e9 leur graduation en mars 2013. Murata Akane est maintenant membre des AiCune.<\/p>\n<p>Nishioka Ayami et Kinoshita Kokoro ont rejoint le groupe d&rsquo;idols en avril 2013.<\/p>\n<p><img loading=\"lazy\" decoding=\"async\" class=\"alignright size-full wp-image-16190\" src=\"http:\/\/static.jpop-idols.com\/uploads\/2013\/10\/nanocune.jpg\" alt=\"nanoCUNE\" width=\"150\" height=\"147\" \/>Le 1er album des nanoCUNE <span style=\"font-style: italic;\"><a title=\"nanoCUNE \u2013 Tenjou Yuuen\" href=\"https:\/\/www.jpop-idols.com\/fr\/nanocune-tenjou-yuuen\/\">Tenjou Yuuen<\/a> (\u5929\u4e0a\u904a\u5712)<\/span> a \u00e9t\u00e9 mis en vente en novembre 2013.<\/p>\n<p>Les membres du groupe d&rsquo;idols ont jou\u00e9 dans le drama <span style=\"font-style: italic;\"><a title=\"Hime Kyun Fruit Can \u2013 Asunaro Sanjou\" href=\"https:\/\/www.jpop-idols.com\/fr\/hime-kyun-fruit-can-asunaro-sanjou\/\">Asunaro Sanjou!<\/a> (\u3042\u3059\u306a\u308d\u53c2\u4e0a!)<\/span> diffus\u00e9 en novembre et d\u00e9cembre 2013 sur NOTTV. Les r\u00f4les principaux \u00e9taient tenus par les Hime Kyun Fruit Can.<\/p>\n<p>Les nanoCUNE se sont produites lors de leur premi\u00e8re tourn\u00e9e de concerts <span style=\"font-style: italic;\">Fairy Circle Tour 2014<\/span> en ao\u00fbt 2014. Les filles ont chant\u00e9 \u00e0 Nagoya, Matsuyama et Osaka. Cet \u00e9v\u00e9nement \u00e9tait organis\u00e9 \u00e0 l&rsquo;occasion de la sortie de leur 4e single <span style=\"font-style: italic;\"><a title=\"nanoCUNE - Tempra\" href=\"https:\/\/www.jpop-idols.com\/fr\/nanocune-tempra\/\">Tempra<\/a> (\u30c6\u30f3\u30d7\u30e9)<\/span>.<\/p>\n<p><img loading=\"lazy\" decoding=\"async\" class=\"alignright size-thumbnail wp-image-27644\" src=\"http:\/\/static.jpop-idols.com\/uploads\/2015\/02\/nanocune-150x150.jpg\" alt=\"nanoCUNE\" width=\"150\" height=\"150\" \/>Les nanoCUNE ont fait leurs d\u00e9buts en major avec le single\u00a0<span style=\"font-style: italic;\"><a title=\"nanoCUNE \u2013 Higeki no Macho Man\" href=\"https:\/\/www.jpop-idols.com\/fr\/nanocune-higeki-no-macho-man\/\">Higeki no Macho Man<\/a> (\u60b2\u5287\u306e\u30de\u30c3\u30c1\u30e7\u30de\u30f3)<\/span> sorti en janvier 2015 sous le label Version Music de Victor Entertainment.<\/p>\n<p>Kinoshita Kokoro a annonc\u00e9 sa graduation en raison de probl\u00e8mes de sant\u00e9 en septembre 2015. Elle a fait sa derni\u00e8re apparition sur le single <span style=\"font-style: italic;\"><a href=\"https:\/\/www.jpop-idols.com\/fr\/nanocune-guru-guru-earth\/\">Guru Guru Earth<\/a> (\u30b0\u30eb\u3050\u308b\u3042\u30fc\u3059)<\/span> qui a \u00e9t\u00e9 commercialis\u00e9 apr\u00e8s son d\u00e9part du groupe d&rsquo;idols.<\/p>\n<p>Ohara Ayu a effectu\u00e9 sa graduation en f\u00e9vrier\u00a02016.<\/p>\n<h2>Profil<\/h2>\n<ul>\n<li>nanoCUNE (\u30ca\u30ce\u30ad\u30e5\u30f3)<\/li>\n<li>Ann\u00e9es d&rsquo;activit\u00e9 : depuis 2012<\/li>\n<li>Label : Version Music<\/li>\n<li>Agence : Mad Magazine Records<\/li>\n<\/ul>\n<h2>Membres<\/h2>\n<ul>\n<li>Kadota Mayu (\u9580\u7530\u8309\u512a)<\/li>\n<li>Nishioka Ayami (\u897f\u5ca1\u4e9c\u5f25\u5b9f)<\/li>\n<\/ul>\n<p>Anciennes membres<\/p>\n<ul>\n<li>Murata Akane (\u6751\u7530\u548c\u4f73\u97f3)<\/li>\n<li>Kono Rinne (\u6cb3\u91ce\u51dc\u97f3)<\/li>\n<li>Kinoshita Kokoro (\u6728\u4e0b\u3053\u3053\u308d)<\/li>\n<li>Ohara Ayu (\u5927\u539f\u6b69)<\/li>\n<\/ul>\n<h2>Discographie<\/h2>\n<p><span style=\"font-weight: bold;\">Singles<\/span><\/p>\n<ul>\n<li>04\/07\/2012 : Hareruya! (\u6674\u308c\u30eb\u30e4\uff01)<\/li>\n<li>24\/10\/2012 : Shoudou Days (\u885d\u52d5Days)<\/li>\n<li>24\/07\/2013 : Usotsuki Ryan (\u5618\u3064\u304d\u30e9\u30a4\u30a2\u30f3)<\/li>\n<li>09\/07\/2014 : Tempra (\u30c6\u30f3\u30d7\u30e9)<\/li>\n<li>28\/01\/2015 : Higeki no Macho Man (\u60b2\u5287\u306e\u30de\u30c3\u30c1\u30e7\u30de\u30f3 ; The Tragic Macho Man)<\/li>\n<li>04\/11\/2015 : Guru Guru Earth (\u30b0\u30eb\u3050\u308b\u3042\u30fc\u3059)<\/li>\n<\/ul>\n<p><span style=\"font-weight: bold;\">Albums<\/span><\/p>\n<ul>\n<li>13\/11\/2013 : Tenjou Yuuen (\u5929\u4e0a\u904a\u5712)<\/li>\n<\/ul>\n<h2>Liens<\/h2>\n<ul>\n<li><a title=\"Official Website\" href=\"http:\/\/nanocune.jp\/\" target=\"_blank\" rel=\"nofollow\">Site officiel<\/a><\/li>\n<li><a title=\"Blog\" href=\"http:\/\/nanocune.jp\/blog.html\" target=\"_blank\" rel=\"nofollow\">Blog<\/a><\/li>\n<\/ul>\n<h2>News<\/h2>\n<ul>\n<li><a title=\"News\" href=\"https:\/\/www.jpop-idols.com\/fr\/tag\/nanocune\/\">Actualit\u00e9<\/a><\/li>\n<\/ul>\n<p><img loading=\"lazy\" decoding=\"async\" class=\"alignnone size-full wp-image-34218\" src=\"http:\/\/static.jpop-idols.com\/uploads\/2016\/03\/nanocune.jpg\" alt=\"nanoCUNE\" width=\"600\" height=\"398\" srcset=\"https:\/\/static.jpop-idols.com\/uploads\/2016\/03\/nanocune.jpg 600w, https:\/\/static.jpop-idols.com\/uploads\/2016\/03\/nanocune-300x199.jpg 300w\" sizes=\"auto, (max-width: 600px) 100vw, 600px\" \/><\/p>","protected":false},"excerpt":{"rendered":"<p>D\u00e9sol\u00e9, cet article est seulement disponible en English.<\/p>\n","protected":false},"author":1,"featured_media":0,"parent":0,"menu_order":0,"comment_status":"closed","ping_status":"open","template":"","meta":{"_monsterinsights_skip_tracking":false,"_monsterinsights_sitenote_active":false,"_monsterinsights_sitenote_note":"","_monsterinsights_sitenote_category":0,"footnotes":""},"class_list":["post-5792","page","type-page","status-publish","hentry"],"_links":{"self":[{"href":"https:\/\/www.jpop-idols.com\/fr\/wp-json\/wp\/v2\/pages\/5792","targetHints":{"allow":["GET"]}}],"collection":[{"href":"https:\/\/www.jpop-idols.com\/fr\/wp-json\/wp\/v2\/pages"}],"about":[{"href":"https:\/\/www.jpop-idols.com\/fr\/wp-json\/wp\/v2\/types\/page"}],"author":[{"embeddable":true,"href":"https:\/\/www.jpop-idols.com\/fr\/wp-json\/wp\/v2\/users\/1"}],"replies":[{"embeddable":true,"href":"https:\/\/www.jpop-idols.com\/fr\/wp-json\/wp\/v2\/comments?post=5792"}],"version-history":[{"count":4,"href":"https:\/\/www.jpop-idols.com\/fr\/wp-json\/wp\/v2\/pages\/5792\/revisions"}],"predecessor-version":[{"id":34224,"href":"https:\/\/www.jpop-idols.com\/fr\/wp-json\/wp\/v2\/pages\/5792\/revisions\/34224"}],"wp:attachment":[{"href":"https:\/\/www.jpop-idols.com\/fr\/wp-json\/wp\/v2\/media?parent=5792"}],"curies":[{"name":"wp","href":"https:\/\/api.w.org\/{rel}","templated":true}]}}