{"id":670,"date":"2012-07-18T07:48:08","date_gmt":"2012-07-18T05:48:08","guid":{"rendered":"http:\/\/www.jpop-idols.com\/fr\/?page_id=670"},"modified":"2015-10-04T20:39:20","modified_gmt":"2015-10-04T18:39:20","slug":"the-possible","status":"publish","type":"page","link":"https:\/\/www.jpop-idols.com\/fr\/the-possible\/","title":{"rendered":"Ciao Bella Cinquetti (The Possible)"},"content":{"rendered":"<p><img loading=\"lazy\" decoding=\"async\" class=\"alignright size-thumbnail wp-image-32312\" src=\"http:\/\/static.jpop-idols.com\/uploads\/2015\/10\/ciao-bella-cinquetti-150x150.jpg\" alt=\"Ciao Bella Cinquetti (\u30c1\u30e3\u30aa \u30d9\u30c3\u30e9 \u30c1\u30f3\u30af\u30a8\u30c3\u30c6\u30a3)\" width=\"150\" height=\"150\" \/><strong>Ciao Bella Cinquetti<\/strong> (\u30c1\u30e3\u30aa \u30d9\u30c3\u30e9 \u30c1\u30f3\u30af\u30a8\u30c3\u30c6\u30a3), auparavant connu en tant que<strong> The Possible<\/strong> (The\u30dd\u30c3\u30b7\u30dc\u30fc) est un groupe d&rsquo;idols japonaises form\u00e9 en 2006.<\/p>\n<p>Elles sont \u00e9galement connues sous le nom de <strong>The Possibooooo<\/strong>.<\/p>\n<p>Il est actuellement compos\u00e9 de 4 membres.<\/p>\n<p><!--more--><\/p>\n<h2>Biographie \/ Histoire<\/h2>\n<p><img loading=\"lazy\" decoding=\"async\" class=\"alignright size-full wp-image-30164\" src=\"http:\/\/static.jpop-idols.com\/uploads\/2015\/05\/the-possible-2008-idol.jpg\" alt=\"The Possible (The\u30dd\u30c3\u30b7\u30dc\u30fc)\" width=\"150\" height=\"150\" \/>Le groupe d&rsquo;idols a \u00e9t\u00e9 cr\u00e9\u00e9 avec des filles qui faisaient partie des Hello! Pro Egg (\u30cf\u30ed\u30d7\u30ed\u30a8\u30c3\u30b0). Leur graduation du Hello! Project (\u30cf\u30ed\u30fc\u30d7\u30ed\u30b8\u30a7\u30af\u30c8) a eu lieu le 7 octobre 2007.<\/p>\n<p>Morozuka Kanami, Hashimoto Aina et Akiyama Yuriki sont membre de la 1\u00e8re g\u00e9n\u00e9ration de The Possible.<\/p>\n<p>Okada Robin Shoko et Goto Yuki font partie de la 2nde g\u00e9n\u00e9ration.<\/p>\n<p>Okada Robin Shoko est \u00e0 moiti\u00e9 am\u00e9ricaine et \u00e0 moiti\u00e9 japonaise. Elle est n\u00e9e \u00e0 Boston. Elle a pass\u00e9e son enfance \u00e0 Los Angeles. Elle a d\u00e9m\u00e9nag\u00e9 des Etats-Unis vers le Japon en 2000 \u00e0 l&rsquo;\u00e2ge de 7 ans.<\/p>\n<p><img loading=\"lazy\" decoding=\"async\" class=\"alignright size-full wp-image-30166\" src=\"http:\/\/static.jpop-idols.com\/uploads\/2015\/05\/the-possible-2009-idol.jpg\" alt=\"The Possible (The\u30dd\u30c3\u30b7\u30dc\u30fc)\" width=\"150\" height=\"99\" \/>Leur 1er single <span style=\"font-style: italic;\">Young Days!! (\u30e4\u30f3\u30b0 Days!!)<\/span> est sorti en novembre 2006.<\/p>\n<p>Elles ont form\u00e9 le Real Air Band (\u30ea\u30a2\u30eb\u30a8\u30a2\u30d0\u30f3\u30c9) en 2007. Le groupe \u00e9tait compos\u00e9 de Ohse Kaede (batterie), Hashimoto Aina (basse), Akiyama Yurika (guitare principale), Goto Yuki (guitare secondaire), Morozuka Kanami (clavier) et Okada Robin Shoko (chant). Chaque fille \u00ab\u00a0jouait\u00a0\u00bb d&rsquo;un instrument au cours des lives ou dans les clips vid\u00e9os de <span style=\"font-style: italic;\">Happy 15<\/span>, <span style=\"font-style: italic;\">Love Message! (\u30e9\u30f4\u30e1\u30c3\u30bb\u30fc\u30b8\uff01)<\/span> et <span style=\"font-style: italic;\">Kazoku e no Tegami (\u5bb6\u65cf\u3078\u306e\u624b\u7d19)<\/span>.<\/p>\n<p><img loading=\"lazy\" decoding=\"async\" class=\"alignright size-thumbnail wp-image-30167\" src=\"http:\/\/static.jpop-idols.com\/uploads\/2015\/05\/the-possible-2009-jpop-idol-150x150.jpg\" alt=\"The Possible (The\u30dd\u30c3\u30b7\u30dc\u30fc)\" width=\"150\" height=\"150\" srcset=\"https:\/\/static.jpop-idols.com\/uploads\/2015\/05\/the-possible-2009-jpop-idol-150x150.jpg 150w, https:\/\/static.jpop-idols.com\/uploads\/2015\/05\/the-possible-2009-jpop-idol-300x298.jpg 300w, https:\/\/static.jpop-idols.com\/uploads\/2015\/05\/the-possible-2009-jpop-idol.jpg 600w\" sizes=\"auto, (max-width: 150px) 100vw, 150px\" \/>The Possible a fait ses d\u00e9buts en major en avril 2008 avec le single <span style=\"font-style: italic;\">Kazoku e no Tegami<\/span>.<\/p>\n<p>Le groupe d&rsquo;idols a rejoint le Nice Girl Project (NGP!) au cours de l&rsquo;\u00e9t\u00e9 2008.<\/p>\n<p>Leur 1\u00e8re tourn\u00e9e de concerts intitul\u00e9e <span style=\"font-style: italic;\">The Possible Live Tour 2008 Aki ~Sexy Generation~ (The \u30dd\u30c3\u30b7\u30dc\u30fc \u30e9\u30a4\u30d6\u30c4\u30a2\u30fc2008\u79cb\uff5eSexy \u30b8\u30a7\u30cd\u30ec\u30fc\u30b7\u30e7\u30f3\uff5e)<\/span> s&rsquo;est d\u00e9roul\u00e9e en 2008. L&rsquo;\u00e9v\u00e9nement a eu lieu \u00e0 Tokyo, Kobe et Nagoya.<\/p>\n<p>Elles ont particip\u00e9 au <span style=\"font-style: italic;\">Tsunku\u2642 Theater (\u3064\u3093\u304f\u2642Theater)<\/span> en novembre 2008.<\/p>\n<p><span style=\"font-style: italic;\"><img loading=\"lazy\" decoding=\"async\" class=\"alignright size-thumbnail wp-image-30169\" src=\"http:\/\/static.jpop-idols.com\/uploads\/2015\/05\/the-possible-2011-idol-150x108.jpg\" alt=\"The Possible (The\u30dd\u30c3\u30b7\u30dc\u30fc)\" width=\"150\" height=\"108\" \/><\/span>Ohse Kaede a effectu\u00e9 sa graduation en ao\u00fbt 2009 afin de partir faire des \u00e9tudes \u00e0 l&rsquo;\u00e9tranger.<\/p>\n<p>Okada Robin Shoko et Oura Ikuko (Nice Girl Project) ont anim\u00e9 l&rsquo;\u00e9mission de radio <span style=\"font-style: italic;\">The Possible Robin to Canary Club Ikucchi no PossiCana? (The\u30dd\u30c3\u30b7\u30dc\u30fc\u30ed\u30d3\u30f3\u3068\u30ad\u30e3\u30ca\u30a1\u30fc\u30ea\u5036\u697d\u90e8\u3044\u304f\u3063\u3061\u306e \u30dd\u30c3\u306a\uff1f)<\/span> d&rsquo;avril 2008 \u00e0 avril 2011. Le programme \u00e9tait diffus\u00e9 sur CBC.<\/p>\n<p>La structure de leur agence de management et le concept du groupe ont chang\u00e9 au cours du printemps 2011.<\/p>\n<p><img loading=\"lazy\" decoding=\"async\" class=\"alignright size-full wp-image-1546\" src=\"http:\/\/static.jpop-idols.com\/uploads\/2012\/07\/the-possible.jpg\" alt=\"The Possible (The\u30dd\u30c3\u30b7\u30dc\u30fc)\" width=\"150\" height=\"116\" \/>The Possible \u00e9tait proche d&rsquo;une dissolution au d\u00e9but de l&rsquo;ann\u00e9e 2012.<\/p>\n<p>Le groupe d&rsquo;idols a rejoint Victor Entertainment en ao\u00fbt 2012.<\/p>\n<p>Elles ont particip\u00e9 au <span style=\"font-style: italic;\">Hello! Project 15th Anniversary Live Tour<\/span> en janvier 2013.<\/p>\n<p>Elles sont devenues le premier groupe \u00e0 signer sous le label VersionMusic de Victor Entertainment d\u00e9di\u00e9 \u00e0 la pop f\u00e9minine en f\u00e9vrier 2013..<\/p>\n<p><img loading=\"lazy\" decoding=\"async\" class=\"alignright size-full wp-image-8300\" src=\"http:\/\/static.jpop-idols.com\/uploads\/2013\/02\/the-possible.jpg\" alt=\"The Possible (The\u30dd\u30c3\u30b7\u30dc\u30fc)\" width=\"150\" height=\"116\" \/>En ao\u00fbt 2013, les membres ont \u00e9t\u00e9 confront\u00e9es au d\u00e9fi d&rsquo;attirer au moins 2222 spectateurs \u00e0 la tourn\u00e9e <span style=\"font-style: italic;\">The Possible Toumeisaka Live Tour 2013 (The\u30dd\u30c3\u30b7\u30dc\u30fc\u6771\u540d\u962a\u30e9\u30a4\u30d6\u30c4\u30a2\u30fc2013)<\/span> afin de pouvoir se produire en concert au Nakano Sun Plaza \u00e0 Tokyo. Elles ont \u00e9chou\u00e9 de peu en rassemblant au total 2195 personnes.<\/p>\n<p>Les filles sont apparues dans une publicit\u00e9 TV (CM) pour <span style=\"font-style: italic;\">Seiyu (\u897f\u53cb\uff5e\u5473\u756a\u4ed8\uff5e)<\/span> en octobre 2013.<\/p>\n<p>The Possible, les <a title=\"Up Up Girls (Kari)\" href=\"https:\/\/www.jpop-idols.com\/fr\/up-up-girls\/\">Up Up Girls (Kari)<\/a> et <a title=\"Kikkawa You\" href=\"https:\/\/www.jpop-idols.com\/fr\/kikkawa-you\/\">Kikkawa You<\/a> ont form\u00e9 le groupe Team Makenki (\u30c1\u30fc\u30e0\u30fb\u8ca0\u3051\u3093\u6c17) en f\u00e9vrier 2014.<\/p>\n<p><img loading=\"lazy\" decoding=\"async\" class=\"alignright size-full wp-image-19927\" src=\"http:\/\/static.jpop-idols.com\/uploads\/2014\/02\/the-possible.jpg\" alt=\"The Possible (THE \u30dd\u30c3\u30b7\u30dc\u30fc)\" width=\"150\" height=\"118\" \/>Le 1er single de la Team Makenki\u00a0<span style=\"font-style: italic;\"><a title=\"Team Makenki \u2013 Mugen, Fly High\" href=\"https:\/\/www.jpop-idols.com\/fr\/team-makenki-mugen-fly-high\/\">Mugen, Fly High!!<\/a> (\u7121\u9650\u3001Fly High!!)<\/span> est sorti en septembre 2014.<\/p>\n<p>Hashimoto Aina a anim\u00e9 l&rsquo;\u00e9mission de radio <span style=\"font-style: italic;\">I Meet Up! The Possible wa Hashimon to Yukai Possitachi (i Meet Up\uff01|The\u30dd\u30c3\u30b7\u30dc\u30fc\uff01\u306f\u3057\u3082\u3093\u3068\u6109\u5feb\u306a\u30dd\u30c3\u30b7\u9054\uff01)<\/span> sur Nack5 d&rsquo;octobre 2014 \u00e0 mars 2015.<\/p>\n<p>Elles sont apparues dans une publicit\u00e9 pour le jeu vid\u00e9o RPG <span style=\"font-style: italic;\">Phantasy Star Nova (\u30d5\u30a1\u30f3\u30bf\u30b7\u30fc\u30b9\u30bf\u30fc \u30ce\u30f4\u30a1)<\/span> de Sega sur Playstation Vita au d\u00e9but de l&rsquo;ann\u00e9e 2015.<\/p>\n<p><img loading=\"lazy\" decoding=\"async\" class=\"alignright size-full wp-image-30511\" src=\"http:\/\/static.jpop-idols.com\/uploads\/2015\/06\/ciao-bella-cinquetti-the-possible-idol.jpg\" alt=\"The Possible \/ Ciao Bella Cinquetti\" width=\"150\" height=\"113\" \/>The Possible a \u00e9t\u00e9 transf\u00e9r\u00e9 vers Up-Front et son label Piccolo Town en avril 2015.<\/p>\n<p>Leur cha\u00eene officielle sur YouTube channel a \u00e9t\u00e9 ouverte en avril 2015.<\/p>\n<p>The Possible a chang\u00e9 de nom pour s&rsquo;appeler <a href=\"https:\/\/www.jpop-idols.com\/fr\/the-possible-ciao-bella-cinquetti\/\">Ciao Bella Cinquetti<\/a> \u00e0 partir de juillet 2015. Maintenant qu&rsquo;elles sont dans la vingtaine, les membres du groupe d&rsquo;idols voulaient montrer leur \u00e9volution en tant qu&rsquo;adultes.<\/p>\n<p><img loading=\"lazy\" decoding=\"async\" class=\"alignright size-thumbnail wp-image-32312\" src=\"http:\/\/static.jpop-idols.com\/uploads\/2015\/10\/ciao-bella-cinquetti-150x150.jpg\" alt=\"Ciao Bella Cinquetti (\u30c1\u30e3\u30aa \u30d9\u30c3\u30e9 \u30c1\u30f3\u30af\u30a8\u30c3\u30c6\u30a3)\" width=\"150\" height=\"150\" \/><\/p>\n<p><a href=\"https:\/\/www.jpop-idols.com\/fr\/akiyama-yurika-graduation\/\">Akiyama Yurika<\/a> a annonc\u00e9 sa graduation en ao\u00fbt 2015.<\/p>\n<h2>Profil<\/h2>\n<ul>\n<li>The Possible (The\u30dd\u30c3\u30b7\u30dc\u30fc) \/ Ciao Bella Cinquetti (\u30c1\u30e3\u30aa \u30d9\u30c3\u30e9 \u30c1\u30f3\u30af\u30a8\u30c3\u30c6\u30a3)<\/li>\n<li>Ann\u00e9es d&rsquo;activit\u00e9 : depuis 2006<\/li>\n<li>Label : Piccolo Town<\/li>\n<li>Agence : Up-Front<\/li>\n<\/ul>\n<h2>Membres<\/h2>\n<ul>\n<li>Hashimoto Aina (\u6a4b\u672c\u611b\u5948)<\/li>\n<li>Morozuka Kanami (\u8af8\u585a\u9999\u5948\u5b9f)<\/li>\n<li>Okada Robin Shoko (\u5ca1\u7530\u30ed\u30d3\u30f3\u7fd4\u5b50)<\/li>\n<li>Goto Yuki (\u5f8c\u85e4\u5915\u8cb4)<\/li>\n<\/ul>\n<p>Anciennes membres<\/p>\n<ul>\n<li>Ohse Kaede (\u5927\u702c\u6953)<\/li>\n<li>Akiyama Yurika (\u79cb\u5c71\u3086\u308a\u304b)<\/li>\n<\/ul>\n<h2>Discographie<\/h2>\n<p><span style=\"font-weight: bold;\">Singles<\/span><\/p>\n<ul>\n<li>19\/11\/2006 : Young Days!! (\u30e4\u30f3\u30b0 Days!!)<\/li>\n<li>10\/12\/2006 : Hatsukoi no Kakera (\u521d\u604b\u306e\u30ab\u30b1\u30e9)<\/li>\n<li>18\/02\/2007 : Shushoku = Gohan no Uta (\u4e3b\u98df\uff1dGohan\u306e\u5504)<\/li>\n<li>13\/06\/2007 : Natsu no Tropical Musume. (\u590f\u306e\u30c8\u30ed\u30d4\u30ab\u30eb\u5a18\u3002) (The Possible featuring Akiyama Yurika and Hashimoto Aina)<\/li>\n<li>13\/06\/2007 : Kingyo Sukui to Hanabi Taikai (\u91d1\u9b5a\u3059\u304f\u3044\u3068\u82b1\u706b\u5927\u4f1a) (The Possible featuring Okada Robin Shouko and Goto Yuki)<\/li>\n<li>01\/08\/2007 : Kaze no Uwasa (\u98a8\u306e\u3046\u308f\u3055)<\/li>\n<li>07\/11\/2007 : Happy 15<\/li>\n<li>20\/02\/2008 : Love Message! (\u30e9\u30f4\u30e1\u30c3\u30bb\u30fc\u30b8\uff01)<\/li>\n<li>30\/04\/2008 : Kazoku e no Tegami (\u5bb6\u65cf\u3078\u306e\u624b\u7d19)<\/li>\n<li>06\/08\/2008 : Ijiwaru Crazy Love (\u3044\u3058\u308f\u308b Crazy Love)<\/li>\n<li>07\/01\/2009 : Shiawase no Katachi (\u5e78\u305b\u306e\u5f62)<\/li>\n<li>09\/09\/2009 : Family ~Tabidachi no Asa~ (Family\uff5e\u65c5\u7acb\u3061\u306e\u671d\uff5e)<\/li>\n<li>06\/10\/2010 : Watashi no Miryoku \/ Love\u00b2 Paradise (\u79c1\u306e\u9b45\u529b\/Love<sup>2<\/sup> \u30d1\u30e9\u30c0\u30a4\u30b9)<\/li>\n<li>29\/08\/2012 : Nanja Korya (\u306a\u3093\u3058\u3083\u3053\u308a\u3083)<\/li>\n<li>10\/04\/2013 : Zenryoku Banzai! My Glory! (\u5168\u529b\u30d0\u30f3\u30b6\u30fc\u30a4\uff01My Glory\uff01)<\/li>\n<li>11\/09\/2013 : Otome! Be Ambitious (\u4e59\u5973\uff01Be Ambitious)<\/li>\n<li>26\/03\/2014 : Yuuki Super Ball! (\u52c7\u6c17\u30b9\u30fc\u30d1\u30fc\u30dc\u30fc\u30eb\uff01)<\/li>\n<li>08\/07\/2015 : Omotesando \/ Futago Tamagawa \/ Never Never Give Up (\u8868\u53c2\u9053 \/ \u4e8c\u5b50\u7389\u5ddd \/ Never Never Give Up)<\/li>\n<\/ul>\n<p><span style=\"font-weight: bold;\">Autres singles<\/span><\/p>\n<ul>\n<li>25\/11\/2011 : Shiawase Hanabi Goo Goo GOOO! ~Buchi no Mese! Dai Pinchi!~ (\u5e78\u305b\u82b1\u706b\u30b4\u30c3\u30b4\u30c3GO\u30fc\u30c3!\uff5e\u3076\u3061\u306e\u3081\u305b\uff01\u5927\u30d4\u30f3\u30c1\uff01\uff5e)<\/li>\n<li>15\/01\/2012 : Kibou to Seishun no Hikari ~C&rsquo;mon! Pikaa! Pikaa!~ (\u5e0c\u671b\u3068\u9752\u6625\u306e\u30d2\u30ab\u30ea\uff5e\u30ab\u30e2\u30f3\uff01\u30d4\u30ab\u30c3!\u30d4\u30ab\u30c3!\uff5e)<\/li>\n<li>25\/02\/2012 : Sakurairo no Romantic (\u685c\u8272\u306e\u30ed\u30de\u30f3\u30c1\u30c3\u30af)<\/li>\n<li>21\/03\/2012 : Play Ball (\u30d7\u30ec\u30a4\u30dc\u30fc\u30eb) (Mikage Masahide with Razz Like Air \/ The Possible &amp; Ogawa Mana)<\/li>\n<li>17\/09\/2014 : Mugen, Fly High!! (\u7121\u9650\u3001Fly High!!) (Team Makenki)<\/li>\n<\/ul>\n<p><span style=\"font-weight: bold;\">Albums<\/span><\/p>\n<ul>\n<li>14\/03\/2007 : 1 Be Possible!<\/li>\n<li>28\/03\/2012 : 2 Shiawase no Akashi (\u2461\u5e78\u305b\u306e\u8a3c)<\/li>\n<li>03\/09\/2014 : 1116<\/li>\n<\/ul>\n<p><span style=\"font-weight: bold;\">Mini-Albums<\/span><\/p>\n<ul>\n<li>31\/08\/2011 : 6 Nenme Start! (6\u5e74\u76ee\u30b9\u30bf\u30fc\u30c8\uff01)<\/li>\n<\/ul>\n<p><span style=\"font-weight: bold;\">Albums Best of<\/span><\/p>\n<ul>\n<li>17\/09\/2008 : Kyuukyoku no The Possible Best Number Shuu 1 (\u7a76\u6975\u306eThe \u30dd\u30c3\u30b7\u30dc\u30fc\u3000\u30d9\u30b9\u30c8\u30ca\u30f3\u30d0\u30fc\u96c6 1)<\/li>\n<li>20\/02\/2013 : Aratamemashite, The Possible Desu! ~Nyuumon Hen Best~ (\u3042\u3089\u305f\u3081\u307e\u3057\u3066\u3001The \u30dd\u30c3\u30b7\u30dc\u30fc\u3067\u3059\uff01\uff5e\u5165\u9580\u7de8\u30d9\u30b9\u30c8\uff5e)<\/li>\n<\/ul>\n<h2>Liens<\/h2>\n<ul>\n<li><a title=\"Official Website\" href=\"http:\/\/www.tnx.cc\/possible\/\" target=\"_blank\" rel=\"nofollow\">Site officiel<\/a><\/li>\n<li><a title=\"Blog\" href=\"http:\/\/ameblo.jp\/thepossible\/\" target=\"_blank\" rel=\"nofollow\">Blog<\/a><\/li>\n<\/ul>\n<h2>News<\/h2>\n<ul>\n<li><a title=\"News\" href=\"https:\/\/www.jpop-idols.com\/fr\/tag\/the-possible\/\">Actualit\u00e9<\/a><\/li>\n<\/ul>\n<p><img loading=\"lazy\" decoding=\"async\" class=\"alignnone size-full wp-image-32312\" src=\"http:\/\/static.jpop-idols.com\/uploads\/2015\/10\/ciao-bella-cinquetti.jpg\" alt=\"Ciao Bella Cinquetti (\u30c1\u30e3\u30aa \u30d9\u30c3\u30e9 \u30c1\u30f3\u30af\u30a8\u30c3\u30c6\u30a3)\" width=\"600\" height=\"463\" srcset=\"https:\/\/static.jpop-idols.com\/uploads\/2015\/10\/ciao-bella-cinquetti.jpg 600w, https:\/\/static.jpop-idols.com\/uploads\/2015\/10\/ciao-bella-cinquetti-300x232.jpg 300w\" sizes=\"auto, (max-width: 600px) 100vw, 600px\" \/><\/p>","protected":false},"excerpt":{"rendered":"<p>D\u00e9sol\u00e9, cet article est seulement disponible en English.<\/p>\n","protected":false},"author":1,"featured_media":0,"parent":0,"menu_order":0,"comment_status":"closed","ping_status":"open","template":"","meta":{"_monsterinsights_skip_tracking":false,"_monsterinsights_sitenote_active":false,"_monsterinsights_sitenote_note":"","_monsterinsights_sitenote_category":0,"footnotes":""},"class_list":["post-670","page","type-page","status-publish","hentry"],"_links":{"self":[{"href":"https:\/\/www.jpop-idols.com\/fr\/wp-json\/wp\/v2\/pages\/670","targetHints":{"allow":["GET"]}}],"collection":[{"href":"https:\/\/www.jpop-idols.com\/fr\/wp-json\/wp\/v2\/pages"}],"about":[{"href":"https:\/\/www.jpop-idols.com\/fr\/wp-json\/wp\/v2\/types\/page"}],"author":[{"embeddable":true,"href":"https:\/\/www.jpop-idols.com\/fr\/wp-json\/wp\/v2\/users\/1"}],"replies":[{"embeddable":true,"href":"https:\/\/www.jpop-idols.com\/fr\/wp-json\/wp\/v2\/comments?post=670"}],"version-history":[{"count":4,"href":"https:\/\/www.jpop-idols.com\/fr\/wp-json\/wp\/v2\/pages\/670\/revisions"}],"predecessor-version":[{"id":32313,"href":"https:\/\/www.jpop-idols.com\/fr\/wp-json\/wp\/v2\/pages\/670\/revisions\/32313"}],"wp:attachment":[{"href":"https:\/\/www.jpop-idols.com\/fr\/wp-json\/wp\/v2\/media?parent=670"}],"curies":[{"name":"wp","href":"https:\/\/api.w.org\/{rel}","templated":true}]}}