{"id":6911,"date":"2013-01-03T07:40:28","date_gmt":"2013-01-03T06:40:28","guid":{"rendered":"http:\/\/www.jpop-idols.com\/en\/?page_id=6911"},"modified":"2014-04-19T21:15:26","modified_gmt":"2014-04-19T19:15:26","slug":"qunqun","status":"publish","type":"page","link":"https:\/\/www.jpop-idols.com\/fr\/qunqun\/","title":{"rendered":"QunQun"},"content":{"rendered":"<p><img decoding=\"async\" loading=\"lazy\" class=\"alignright size-full wp-image-15039\" title=\"QunQun\" src=\"http:\/\/static.jpop-idols.com\/uploads\/2013\/01\/qunqun1.jpg\" alt=\"QunQun\" width=\"150\" height=\"106\" \/><strong>QunQun<\/strong> (\u30ad\u30e5\u30f3\u30ad\u30e5\u30f3) est un groupe d&rsquo;idols japonaises form\u00e9 en janvier 2011.<\/p>\n<p>QunQun est actuellement compos\u00e9 de 11 membres r\u00e9guli\u00e8res, de 5 membres en soutien, et de jeunes recrues.<\/p>\n<p>La composition de chacune de ces \u00e9quipes est d\u00e9termin\u00e9e par le vote des fans au cours d&rsquo;une \u00e9lection g\u00e9n\u00e9rale annuelle (\u30ec\u30ae\u30e5\u30e9\u30fc\u7dcf\u9078\u6319) comme pour les AKB48. Un bulletin de vote est obtenu dans les CD ou par tranche d&rsquo;achat de 1000 yens de goodies lors de leurs lives.<\/p>\n<p>Le groupe d&rsquo;idols est originaire de Fukuoka sur l&rsquo;\u00eele de Kyushu.<\/p>\n<h2>Histoire<\/h2>\n<p>Les auditions ont \u00e9t\u00e9 organis\u00e9es en janvier 2011. Il y avait 150 candidates.<\/p>\n<p>Les membres ont pr\u00e9sent\u00e9 le premier num\u00e9ro de leur \u00e9mission <span style=\"font-style: italic;\">Live@QunQun<\/span> diffus\u00e9e sur Ustream en mars 2011.<\/p>\n<p>55 nouvelles filles ont rejoint le groupe d&rsquo;idols en tant que stagiaires apr\u00e8s une auditions suppl\u00e9mentaire qui s&rsquo;est tenue en mars 2011.<\/p>\n<p>Les 20 premi\u00e8res membres r\u00e9guli\u00e8res ont \u00e9t\u00e9 s\u00e9lectionn\u00e9es en mai 2011.<\/p>\n<p>Les QunQun ont fait leurs d\u00e9buts avec le single <span style=\"font-style: italic;\">Gift (\u30ae\u30d5\u30c8)<\/span> en septembre 2011.<\/p>\n<p>Le groupe d&rsquo;idols s&rsquo;est produit lors de son 1er live en avril 2012.<\/p>\n<p>Les membres participent r\u00e9guli\u00e8rement \u00e0 des campagnes TV publicitaires pour P-Zone depuis avril 2012.<\/p>\n<p>Les QunQun ont particip\u00e9 \u00e0 l&rsquo;\u00e9v\u00e8nement <span style=\"font-style: italic;\">Happy Star Party<\/span> \u00e0 Singapour en octobre 2012.<\/p>\n<p>Leur 1er photobook est sorti en d\u00e9cembre 2012.<\/p>\n<p>Les membres sont apparues dans une campagne de pr\u00e9vention contre la conduite en \u00e9tat d&rsquo;ivresse dans le secteur de Fukuoka en ao\u00fbt 2012.<\/p>\n<p>Les QunQun participent r\u00e9guli\u00e8rement \u00e0 divers \u00e9v\u00e8nements et lives dans la r\u00e9gion de Kyushu.<\/p>\n<h2>Profil<\/h2>\n<ul>\n<li>QunQun (\u30ad\u30e5\u30f3\u30ad\u30e5\u30f3)<\/li>\n<li>Ann\u00e9es d&rsquo;activit\u00e9 : depuis 2011<\/li>\n<li>Label : Universal Music<\/li>\n<li>Agence : Elegant Promotion<\/li>\n<\/ul>\n<h2>Membres<\/h2>\n<p><span style=\"font-weight: bold;\">Membres r\u00e9guli\u00e8res<\/span><\/p>\n<ul>\n<li>Ohno Kasumi (\u5927\u91ce\u9999\u6f84)<\/li>\n<li>Inoue Rina (\u4e95\u4e0a\u308a\u306a)<\/li>\n<li>Fukimoto Yukari (\u5439\u672c\u4f91\u82b1\u91cc)<\/li>\n<li>Hitani Akari (\u65e5\u8c37\u6731\u7406)<\/li>\n<li>Matsuki Rina (\u677e\u6a39\u308a\u306a)<\/li>\n<li>Miku Momo (\u672a\u6765\u3082\u3082)<\/li>\n<li>Inada Arisa (\u7a32\u7530\u5149\u54b2)<\/li>\n<li>Ezaki Jurina (\u6c5f\u5d0e\u6a39\u68a8\u90a3)<\/li>\n<li>Himekawa Reia (\u59eb\u5ddd\u308c\u3044\u3042)<\/li>\n<li>Nagaoka Sayaka (\u6c38\u5ca1\u6c99\u4e5f\u4f73)<\/li>\n<li>Ikuta Momoko (\u751f\u7530\u6843\u5b50)<\/li>\n<\/ul>\n<p><span style=\"font-weight: bold;\">Membres en soutien<\/span><\/p>\n<ul>\n<li>Namiji Ayaka (\u6d6a\u6cbb\u5f69\u82b1)<\/li>\n<li>Yamasaki Miiwa (\u5c71\u5d0e\u7f8e\u4f9d\u548c)<\/li>\n<li>Uchimura Nao (\u5185\u6751\u5948\u7dd2)<\/li>\n<li>Moe Hirano (\u5e73\u91ce\u840c)<\/li>\n<li>Minami Natsuki (\u5357\u5948\u6708)<\/li>\n<\/ul>\n<p><span style=\"font-weight: bold;\">Tamago (\u5375)<\/span><\/p>\n<ul>\n<li>Matsukuchi Yuina (\u677e\u53e3\u4f91\u751f\u83dc)<\/li>\n<li>Tomooka Miki (\u53cb\u5ca1\u7f8e\u5e0c)<\/li>\n<li>Takei Mayuko (\u7af9\u4e95\u9ebb\u7531\u5b50)<\/li>\n<li>Nishijima Reina (\u897f\u5cf6\u601c\u90a3)<\/li>\n<li>Tsukamoto Yui (\u585a\u672c\u552f\u8863)<\/li>\n<li>Abe Sakiyo (\u5b89\u90e8 \u3055\u304d\u3088)<\/li>\n<\/ul>\n<p><span style=\"font-weight: bold;\">Kenkyuusei (\u7814\u7a76\u751f)<\/span><\/p>\n<ul>\n<li>Nakayama Kanae (\u4e2d\u5c71\u4f73\u82d7)<\/li>\n<li>Jojima Anna (\u57ce\u5cf6\u674f\u5948)<\/li>\n<li>Maemoto Karen (\u524d\u672c\u304b\u308c\u3093)<\/li>\n<li>Ohba Minori (\u5927\u5834\u307f\u306e\u308a)<\/li>\n<li>Kusaba Manaka (\u8349\u5834 \u611b\u83ef)<\/li>\n<\/ul>\n<p><span style=\"font-weight: bold;\">Anciennes membres<\/span><\/p>\n<ul>\n<li>Fukatani Risa (\u6df1\u8c37\u7406\u7d17)<\/li>\n<li>Nagahama Yuki (\u9577\u6ff1\u7531\u7d00)<\/li>\n<li>Yoshioka Hikaru (\u5409\u5ca1\u3072\u304b\u308b)<\/li>\n<li>Tsukada Misaki (\u585a\u7530\u7f8e\u54b2)<\/li>\n<li>Fujishima Mizuki (\u85e4\u5cf6\u745e\u5e0c)<\/li>\n<li>Fujisaki Sara (\u85e4\u5d0e\u30b5\u30e9)<\/li>\n<li>Hinoki Mika (\u6a9c\u7f8e\u9999)<\/li>\n<li>Wakaba Mimi (\u82e5\u8449\u307f\u307f)<\/li>\n<li>Uemura Miharu (\u4e0a\u6751\u7f8e\u6674)<\/li>\n<li>Kawamura Chisato (\u6cb3\u6751\u3061\u3055\u3068)<\/li>\n<li>Yoshida Maya (\u5409\u7530\u771f\u91ce)<\/li>\n<li>Sakurada Yuri (\u685c\u7530\u512a\u91cc)<\/li>\n<li>Ejima Aeri (\u6c5f\u5d8b\u7dbe\u6075\u68a8)<\/li>\n<li>Okamoto Yuka (\u5ca1\u672c\u67da\u679c)<\/li>\n<li>Nishizawa Aki (\u897f\u6fa4 \u4e9c\u5e0c)<\/li>\n<li>Ideguchi Mako (\u4e95\u624b\u53e3\u771f\u5b50)<\/li>\n<li>Isobe Cheska (\u78ef\u908a\u30c1\u30a7\u30b9\u30ab)<\/li>\n<li>Nakamura Yuki (\u4e2d\u6751\u5915\u8cb4)<\/li>\n<\/ul>\n<h2>Discographie<\/h2>\n<p><span style=\"font-weight: bold;\">Singles<\/span><\/p>\n<ul>\n<li>18\/09\/2011 : Gift (\u30ae\u30d5\u30c8)<\/li>\n<li>07\/12\/2011 : Planetarium (\u30d7\u30e9\u30cd\u30bf\u30ea\u30a6\u30e0)<\/li>\n<li>11\/11\/2012 : Kimi to Love Letter (\u541b\u3068\u30e9\u30d6\u30ec\u30bf\u30fc)<\/li>\n<li>20\/03\/2013 : Kyun, Tokidoki Setsunakute, Nochi&#8230; Suki (\u304d\u3085\u3093\u3063\u3001\u6642\u3005\u305b\u3064\u306a\u304f\u3066\u3001\u5f8c\u2026 \u3059\u304d\u3002)<\/li>\n<li>14\/04\/2013 : Ohayo (\u304a\u306f\u3088\u3046)<\/li>\n<li>28\/04\/2013 : XOXO<\/li>\n<li>16\/10\/2013 : Orange Love (\u30aa\u30ec\u30f3\u30b8\u30fb\u30e9\u30d6)<\/li>\n<li>27\/04\/2014 : Powerful Rainbow (\u3071\u308f\u3075\u308b\u30ec\u30a4\u30f3\u30dc\u30fc)<\/li>\n<li>27\/04\/2014 : Motivation (\u30e2\u30c1\u30d9\u30fc\u30b7\u30e7\u30f3)<\/li>\n<\/ul>\n<p><span style=\"font-weight: bold;\">Albums<\/span><\/p>\n<h2>Liens<\/h2>\n<ul>\n<li><a title=\"Site officiel\" href=\"http:\/\/qunqun.asia\/\" rel=\"nofollow\" target=\"_blank\">Site officiel<\/a><\/li>\n<li><a title=\"Blog\" href=\"http:\/\/ameblo.jp\/qunqun-blog\/\" rel=\"nofollow\" target=\"_blank\">Blog<\/a><\/li>\n<li><a title=\"Twitter\" href=\"https:\/\/twitter.com\/qunqun\" rel=\"nofollow\" target=\"_blank\">Twitter<\/a><\/li>\n<li><a title=\"YouTube\" href=\"http:\/\/www.youtube.com\/user\/qunqunasia?feature=watch\" rel=\"nofollow\" target=\"_blank\">YouTube<\/a><\/li>\n<li><a title=\"Ustream\" href=\"http:\/\/qunqun.tv\/\" rel=\"nofollow\" target=\"_blank\">Ustream<\/a><\/li>\n<\/ul>\n<h2>News<\/h2>\n<ul>\n<li><a title=\"News\" href=\"https:\/\/www.jpop-idols.com\/fr\/tag\/qunqun\/\">Actualit\u00e9<\/a><\/li>\n<\/ul>\n<p><img decoding=\"async\" loading=\"lazy\" class=\"alignnone size-full wp-image-22136\" title=\"QunQun\" src=\"http:\/\/static.jpop-idols.com\/uploads\/2014\/04\/qunqun.jpg\" alt=\"QunQun\" width=\"600\" height=\"425\" srcset=\"https:\/\/static.jpop-idols.com\/uploads\/2014\/04\/qunqun.jpg 600w, https:\/\/static.jpop-idols.com\/uploads\/2014\/04\/qunqun-300x212.jpg 300w\" sizes=\"(max-width: 600px) 100vw, 600px\" \/><\/p>","protected":false},"excerpt":{"rendered":"<p>QunQun (\u30ad\u30e5\u30f3\u30ad\u30e5\u30f3) est un groupe d&rsquo;idols japonaises form\u00e9 en janvier 2011. QunQun est actuellement compos\u00e9 de 11 membres r\u00e9guli\u00e8res, de 5 membres en soutien, et de jeunes recrues. La composition de chacune de ces \u00e9quipes est d\u00e9termin\u00e9e par le vote&#8230;<br \/><a class=\"read-more-button\" href=\"https:\/\/www.jpop-idols.com\/fr\/qunqun\/\">Read more<\/a><\/p>\n","protected":false},"author":1,"featured_media":0,"parent":0,"menu_order":0,"comment_status":"closed","ping_status":"open","template":"","meta":{"_monsterinsights_skip_tracking":false,"_monsterinsights_sitenote_active":false,"_monsterinsights_sitenote_note":"","_monsterinsights_sitenote_category":0},"_links":{"self":[{"href":"https:\/\/www.jpop-idols.com\/fr\/wp-json\/wp\/v2\/pages\/6911"}],"collection":[{"href":"https:\/\/www.jpop-idols.com\/fr\/wp-json\/wp\/v2\/pages"}],"about":[{"href":"https:\/\/www.jpop-idols.com\/fr\/wp-json\/wp\/v2\/types\/page"}],"author":[{"embeddable":true,"href":"https:\/\/www.jpop-idols.com\/fr\/wp-json\/wp\/v2\/users\/1"}],"replies":[{"embeddable":true,"href":"https:\/\/www.jpop-idols.com\/fr\/wp-json\/wp\/v2\/comments?post=6911"}],"version-history":[{"count":3,"href":"https:\/\/www.jpop-idols.com\/fr\/wp-json\/wp\/v2\/pages\/6911\/revisions"}],"predecessor-version":[{"id":6924,"href":"https:\/\/www.jpop-idols.com\/fr\/wp-json\/wp\/v2\/pages\/6911\/revisions\/6924"}],"wp:attachment":[{"href":"https:\/\/www.jpop-idols.com\/fr\/wp-json\/wp\/v2\/media?parent=6911"}],"curies":[{"name":"wp","href":"https:\/\/api.w.org\/{rel}","templated":true}]}}