{"id":844,"date":"2012-07-21T22:33:47","date_gmt":"2012-07-21T20:33:47","guid":{"rendered":"http:\/\/www.jpop-idols.com\/fr\/?page_id=844"},"modified":"2014-04-19T21:15:26","modified_gmt":"2014-04-19T19:15:26","slug":"buono","status":"publish","type":"page","link":"https:\/\/www.jpop-idols.com\/fr\/buono\/","title":{"rendered":"Buono!"},"content":{"rendered":"<p><img loading=\"lazy\" decoding=\"async\" class=\"size-full wp-image-845 alignright\" title=\"Buono!\" src=\"http:\/\/static.jpop-idols.com\/uploads\/2012\/07\/buono.jpg\" alt=\"Buono!\" width=\"150\" height=\"101\" \/><\/p>\n<p>Buono! est un groupe d&rsquo;idols japonaises faisant partie du Hello! Project. Il est compos\u00e9 de Tsugunaga Momoko, Natsuyaki Miyabi, et Suzuki Airi.<\/p>\n<p>Le groupe a \u00e9t\u00e9 form\u00e9 en 2007 \u00e0 partir de membres des <a title=\"Berryz K\u014db\u014d\" href=\"https:\/\/www.jpop-idols.com\/fr\/berryz-kobo\/\">Berryz K\u014db\u014d<\/a> et des <a title=\"\u00b0C-ute\" href=\"https:\/\/www.jpop-idols.com\/fr\/c-ute\/\">\u00b0C-ute<\/a>.<\/p>\n<h2>Profil<\/h2>\n<ul>\n<li>Buono!<\/li>\n<li>Ann\u00e9es d&rsquo;activit\u00e9 : depuis 2007<\/li>\n<li>Label : Zetima<\/li>\n<li>Agence : Up-Front<\/li>\n<\/ul>\n<h2>Membres<\/h2>\n<ul>\n<li>Tsugunaga Momoko (\u55e3\u6c38\u6843\u5b50) (Berryz K\u014db\u014d), leader<\/li>\n<li>Natsuyaki Miyabi (\u590f\u713c\u96c5) (Berryz K\u014db\u014d)<\/li>\n<li>Suzuki Airi (\u9234\u6728\u611b\u7406) (\u00b0C-ute)<\/li>\n<\/ul>\n<h2>Discographie<\/h2>\n<p><span style=\"font-weight:bold\">Singles<\/span><\/p>\n<ul>\n<li>31\/10\/2007 : Honto no Jibun (\u30db\u30f3\u30c8\u306e\u3058\u3076\u3093)<\/li>\n<li>06\/02\/2008 : Renai\u2665Rider (\u604b\u611b\u2665\u30e9\u30a4\u30c0\u30fc)<\/li>\n<li>14\/05\/2008 : Kiss! Kiss! Kiss!<\/li>\n<li>20\/08\/2008 : Gachinko de Ikou! (\u30ac\u30c1\u30f3\u30b3\u3067\u3044\u3053\u3046\uff01)<\/li>\n<li>12\/11\/2008 : Rottara Rottara (\u30ed\u30c3\u30bf\u30e9 \u30ed\u30c3\u30bf\u30e9)<\/li>\n<li>21\/01\/2009 : co.no.mi.chi<\/li>\n<li>29\/04\/2009 : My Boy<\/li>\n<li>26\/08\/2009 : Take It Easy!<\/li>\n<li>16\/12\/2009 : Bravo\u2606Bravo<\/li>\n<li>03\/02\/2010 : Our Songs<\/li>\n<li>02\/02\/2011 : Zassou no Uta (\u96d1\u8349\u306e\u3046\u305f)<\/li>\n<li>20\/07\/2011 : Natsu Dakara! (\u590f\u30c0\u30ab\u30e9\uff01)<\/li>\n<li>18\/01\/2012 : Hatsukoi Cider \/ Deep Mind (\u521d\u604b\u30b5\u30a4\u30c0\u30fc \/ Deep Mind)<\/li>\n<\/ul>\n<p><span style=\"font-weight:bold\">Albums<\/span><\/p>\n<ul>\n<li>20\/02\/2008 : Caf\u00e9 Buono!<\/li>\n<li>11\/02\/2009 : Buono! 2<\/li>\n<li>10\/02\/2010 : We Are Buono!<\/li>\n<\/ul>\n<p><span style=\"font-weight:bold\">Mini-Albums<\/span><\/p>\n<ul>\n<li>10\/08\/2011 : Partenza<\/li>\n<li>22\/08\/2012 : <span class=\"mw-redirect\">Sherbet<\/span><\/li>\n<\/ul>\n<p><span style=\"font-weight:bold\">Albums Best of<\/span><\/p>\n<ul>\n<li>10\/08\/2010 : The Best Buono!<\/li>\n<\/ul>\n<h2>Liens<\/h2>\n<ul>\n<li><a title=\"Site officiel\" href=\"http:\/\/www.helloproject.com\/buono\/\" target=\"_blank\">Site officiel<\/a><\/li>\n<li><a title=\"Blog\" href=\"http:\/\/ameblo.jp\/viva-buono\/\" target=\"_blank\">Blog<\/a><\/li>\n<li><a title=\"YouTube\" href=\"http:\/\/www.youtube.com\/user\/buonochannel\" target=\"_blank\">YouTube<\/a><\/li>\n<\/ul>\n<h2>News<\/h2>\n<ul>\n<li><a title=\"News\" href=\"https:\/\/www.jpop-idols.com\/fr\/tag\/buono\/\">Actualit\u00e9<\/a><\/li>\n<\/ul>\n<p><\/p>","protected":false},"excerpt":{"rendered":"<p>Buono! est un groupe d&rsquo;idols japonaises faisant partie du Hello! Project. Il est compos\u00e9 de Tsugunaga Momoko, Natsuyaki Miyabi, et Suzuki Airi. Le groupe a \u00e9t\u00e9 form\u00e9 en 2007 \u00e0 partir de membres des Berryz K\u014db\u014d et des \u00b0C-ute. Profil&#8230;<br \/><a class=\"read-more-button\" href=\"https:\/\/www.jpop-idols.com\/fr\/buono\/\">Read more<\/a><\/p>\n","protected":false},"author":1,"featured_media":0,"parent":0,"menu_order":0,"comment_status":"closed","ping_status":"open","template":"","meta":{"_monsterinsights_skip_tracking":false,"_monsterinsights_sitenote_active":false,"_monsterinsights_sitenote_note":"","_monsterinsights_sitenote_category":0,"footnotes":""},"class_list":["post-844","page","type-page","status-publish","hentry"],"_links":{"self":[{"href":"https:\/\/www.jpop-idols.com\/fr\/wp-json\/wp\/v2\/pages\/844","targetHints":{"allow":["GET"]}}],"collection":[{"href":"https:\/\/www.jpop-idols.com\/fr\/wp-json\/wp\/v2\/pages"}],"about":[{"href":"https:\/\/www.jpop-idols.com\/fr\/wp-json\/wp\/v2\/types\/page"}],"author":[{"embeddable":true,"href":"https:\/\/www.jpop-idols.com\/fr\/wp-json\/wp\/v2\/users\/1"}],"replies":[{"embeddable":true,"href":"https:\/\/www.jpop-idols.com\/fr\/wp-json\/wp\/v2\/comments?post=844"}],"version-history":[{"count":16,"href":"https:\/\/www.jpop-idols.com\/fr\/wp-json\/wp\/v2\/pages\/844\/revisions"}],"predecessor-version":[{"id":1113,"href":"https:\/\/www.jpop-idols.com\/fr\/wp-json\/wp\/v2\/pages\/844\/revisions\/1113"}],"wp:attachment":[{"href":"https:\/\/www.jpop-idols.com\/fr\/wp-json\/wp\/v2\/media?parent=844"}],"curies":[{"name":"wp","href":"https:\/\/api.w.org\/{rel}","templated":true}]}}