{"id":8634,"date":"2013-02-25T21:23:28","date_gmt":"2013-02-25T20:23:28","guid":{"rendered":"http:\/\/www.jpop-idols.com\/en\/?page_id=8634"},"modified":"2017-05-15T11:54:10","modified_gmt":"2017-05-15T09:54:10","slug":"juicejuice","status":"publish","type":"page","link":"https:\/\/www.jpop-idols.com\/fr\/juicejuice\/","title":{"rendered":"Juice=Juice"},"content":{"rendered":"<p><img decoding=\"async\" loading=\"lazy\" class=\"alignright size-thumbnail wp-image-38102\" src=\"http:\/\/static.jpop-idols.com\/uploads\/2017\/04\/juice-juice-150x150.jpg\" alt=\"Juice=Juice\" width=\"150\" height=\"150\" \/><strong>Juice=Juice<\/strong> est un groupe d&rsquo;idols japonaises form\u00e9 en f\u00e9vrier 2013.<\/p>\n<p>Il fait partie du Hello! Project et est produit par Tsunku\u2642.<\/p>\n<p>Le groupe est actuellement compos\u00e9 de 5 membres. Chacune d&rsquo;entre elles repr\u00e9sente un fruit et est associ\u00e9e \u00e0 une couleur.<\/p>\n<p><!--more--><\/p>\n<p>La leader est Miyazaki Yuka. Kanazawa Tomoko est la sous-leader.<\/p>\n<p>La position de centre est occup\u00e9e par Miyamoto Karin.<\/p>\n<h2>Biographie \/ Histoire<\/h2>\n<p title=\"Green Fields\"><img decoding=\"async\" loading=\"lazy\" class=\"alignright size-full wp-image-8629\" src=\"http:\/\/static.jpop-idols.com\/uploads\/2013\/02\/juice-juice.jpg\" alt=\"Juice=Juice\" width=\"150\" height=\"125\" \/>En f\u00e9vrier 2013, Tsunku\u2642 a annonc\u00e9 la <a title=\"Nouveau groupe au Hello! Project : Juice=Juice\" href=\"https:\/\/www.jpop-idols.com\/fr\/juice-juice-hello-project-creation\/\">cr\u00e9ation des Juice=Juice<\/a>. Le producteur du Hello! Project a s\u00e9lectionn\u00e9 5 membres des\u00a0Hello! Pro Kenshuusei (ex Hello! Pro Egg) : Miyamoto Karin, Kanazawa Tomoko, Uemura Akari, Takagi Sayuki, et Otsuka Aina. Il y a ajout\u00e9 Miyazaki Yuka des <a title=\"Green Fields\" href=\"https:\/\/www.jpop-idols.com\/fr\/green-fields\/\">Green Fields<\/a>.<\/p>\n<p>Leur 1st single <span style=\"font-style: italic;\"><a title=\"Juice=Juice \u2013 Watashi ga Iu Mae ni Dakishimenakya ne\" href=\"https:\/\/www.jpop-idols.com\/fr\/juice-juice-watashi-ga-iu-mae-ni-dakishimenakya-ne\/\">Watashi ga Iu Mae ni Dakishimenakya ne<\/a> (\u79c1\u304c\u8a00\u3046\u524d\u306b\u62b1\u304d\u3057\u3081\u306a\u304d\u3083\u306d)<\/span> est sorti en avril 2013.<\/p>\n<p><img decoding=\"async\" loading=\"lazy\" class=\"alignright size-full wp-image-19840\" src=\"http:\/\/static.jpop-idols.com\/uploads\/2014\/02\/juice-juice.jpg\" alt=\"Juice=Juice\" width=\"150\" height=\"150\" \/>En juillet 2013, <a title=\"Otsuka Aina quitte les Juice=Juice et le Hello! Project\" href=\"https:\/\/www.jpop-idols.com\/fr\/otsuka-aina-withdrew-juice-juice-hello-project\/\">Otsuka Aina a quitt\u00e9 le groupe d&rsquo;idols<\/a>. Apr\u00e8s une s\u00e9rie de discussions entre l&rsquo;agence et sa famille \u00e0 propos de son contrat, aucun accord n&rsquo;a pu \u00eatre trouv\u00e9 sur les termes et les conditions de ce dernier.<\/p>\n<p>Les Juice=Juice ont fait leurs d\u00e9buts en major avec le single <span style=\"font-style: italic;\"><a title=\"Juice=Juice \u2013 Romance no Tochuu\" href=\"https:\/\/www.jpop-idols.com\/fr\/juicejuice-romance-no-tochuu\/\">Romance No Tochuu<\/a> (\u30ed\u30de\u30f3\u30b9\u306e\u9014\u4e2d)<\/span> sous le label Pony Canyon en septembre 2013.<\/p>\n<p>Leur \u00e9mission de radio <span style=\"font-style: italic;\">We Are Juice=Juice<\/span> est diffus\u00e9e sur Bay FM depuis octobre 2013.<\/p>\n<p>Le livre <span style=\"font-style: italic;\"><a title=\"Juice=Juice 1st Official Photobook\" href=\"https:\/\/www.jpop-idols.com\/fr\/juice-juice-1st-official-photobook\/\">Juice=Juice 1st Official Photobook<\/a><\/span> a \u00e9t\u00e9 publi\u00e9 en f\u00e9vrier 2014. Il suit l&rsquo;histoire et l&rsquo;\u00e9volution du groupe d&rsquo;idols depuis sa cr\u00e9ation jusqu&rsquo;\u00e0 son 1er anniversaire.<\/p>\n<p><img decoding=\"async\" loading=\"lazy\" class=\"alignright size-full wp-image-23829\" src=\"http:\/\/static.jpop-idols.com\/uploads\/2014\/06\/juice-juice-hello-project.jpg\" alt=\"Juice=Juice\" width=\"150\" height=\"98\" \/>La tourn\u00e9e de concerts <span style=\"font-style: italic;\"><a title=\"Juice=Juice 1st Live Tour 2014 News=News\" href=\"https:\/\/www.jpop-idols.com\/fr\/juice-juice-1st-live-tour-2014\/\">Juice=Juice 1st Live Tour 2014 News=News<\/a> ~Kakuchi yori Otodake Shimasu!~ (Juice=Juice 1st\u30e9\u30a4\u30d6\u30c4\u30a2\u30fc2014 News=News \uff5e\u5404\u5730\u3088\u308a\u304a\u5c4a\u3051\u3057\u307e\u3059\uff01\uff5e)<\/span> a eu lieu entre juin et ao\u00fbt 2014.<\/p>\n<p>Les membres du groupe d&rsquo;idols ont interpr\u00e9t\u00e9 les r\u00f4les principaux dans <span style=\"font-style: italic;\">Musical Koi Suru Hello Kitty (\u30df\u30e5\u30fc\u30b8\u30ab\u30eb \u604b\u3059\u308b\u30cf\u30ed\u30fc\u30ad\u30c6\u30a3)<\/span>. La com\u00e9die musicale a \u00e9t\u00e9 jou\u00e9e en novembre 2014 au Kinokunya Southern Theater. La pi\u00e8ce fait partie de la s\u00e9rie <span style=\"font-style: italic;\">Gekidan Gekiharo<\/span>.<\/p>\n<p><img decoding=\"async\" loading=\"lazy\" class=\"alignright size-full wp-image-31185\" src=\"http:\/\/static.jpop-idols.com\/uploads\/2015\/07\/juice-juice-hello-project.jpg\" alt=\"Juice=Juice\" width=\"150\" height=\"95\" \/>Leur 6e single <span style=\"font-style: italic;\"><a href=\"https:\/\/www.jpop-idols.com\/fr\/juice-juice-wonderful-world\/\">Wonderful World \/ \u00c7a va ? \u00c7a va ?<\/a><\/span> a atteint la 1\u00e8re place du classement hebdomadaire Oricon en avril 2015.<\/p>\n<p>En 2015, Juice=Juice donn\u00e9 leur 1er live au Nakano Sun Plaza, et ont annonc\u00e9 que leur objectif \u00e9tait de se produire en concert au Nippon Budokan.<\/p>\n<p><img decoding=\"async\" loading=\"lazy\" class=\"alignright size-thumbnail wp-image-30799\" src=\"http:\/\/static.jpop-idols.com\/uploads\/2015\/06\/juice-juice-150x150.jpg\" alt=\"Juice=Juice\" width=\"150\" height=\"150\" \/>Leur 1er album <span style=\"font-style: italic;\"><a href=\"https:\/\/www.jpop-idols.com\/fr\/juice-juice-first-squeeze\/\">First Squeeze!<\/a><\/span> est sorti en juillet 2015.<\/p>\n<p>Les Juice=Juice ont donn\u00e9 des concerts \u00e0 Taipei (Ta\u00efwan) et Hong Kong en octobre 2015. Ces \u00e9v\u00e9nement seront leurs premiers lives \u00e0 l&rsquo;\u00e9tranger.<\/p>\n<p>Le 1er photobook de Uemura Akari, intitul\u00e9 <span style=\"font-style: italic;\"><a href=\"https:\/\/www.jpop-idols.com\/fr\/uemura-akari-photobook\/\">Akari<\/a><\/span>, a \u00e9t\u00e9 publi\u00e9 en octobre 2015.<\/p>\n<p>Les filles interpr\u00e8tent les r\u00f4les principaux dans le drama <span style=\"font-style: italic;\">Budokan (\u6b66\u9053\u9928)<\/span>\u00a0diffus\u00e9 sur Fuji TV \u00e0 partir de f\u00e9vrier\u00a02016. Ce dernier est produit par Tsunku\u2642. L&rsquo;histoire est celle d&rsquo;un groupe d&rsquo;idols fictif nomm\u00e9 Next You luttant pour se produire au Nippon Budokan. Yaguchi Mari, ancienne membre des Morning Musume, a \u00e9galement particip\u00e9 au drama.<\/p>\n<p><img decoding=\"async\" loading=\"lazy\" class=\"alignright size-thumbnail wp-image-33750\" src=\"http:\/\/static.jpop-idols.com\/uploads\/2016\/02\/juice-juice-next-you-idol-150x99.jpg\" alt=\"Juice=Juice \/ Next You\" width=\"150\" height=\"99\" \/>Sous le nom de Next You, elles ont sorti le single <span style=\"font-style: italic;\"><a href=\"https:\/\/www.jpop-idols.com\/fr\/juice-juice-next-is-you\/\">Next Is You! \/ Karada Dake ga Otona ni Nattanjanai<\/a>\u00a0(Next is you ! \/ \u30ab\u30e9\u30c0\u3060\u3051\u304c\u5927\u4eba\u306b\u306a\u3063\u305f\u3093\u3058\u3083\u306a\u3044)<\/span> en f\u00e9vrier 2016.<\/p>\n<p>Le photobook de Uemura Akari intitul\u00e9 <span style=\"font-style: italic;\">Akari<\/span> a \u00e9t\u00e9 publi\u00e9 en juillet 2016. Les s\u00e9ances photos ont \u00e9t\u00e9 r\u00e9alis\u00e9es \u00e0 Guam.<\/p>\n<p>Le single du groupe d&rsquo;idols <span style=\"font-style: italic;\">Dream Road ~Kokoro ga Odorideshiteru~ \/ Keep on Joushou Shikou!! \/ Ashita Yayou wa Baka Yarou (Dream Road\uff5e\u5fc3\u304c\u8e8d\u308a\u51fa\u3057\u3066\u308b\uff5e\uff0fKeep on \u4e0a\u6607\u5fd7\u5411\uff01\uff01\uff0f\u660e\u65e5\u3084\u308d\u3046\u306f\u30d0\u30ab\u3084\u308d\u3046)<\/span> sera mis en vente en octobre 2016.<\/p>\n<p><img decoding=\"async\" loading=\"lazy\" class=\"alignright size-thumbnail wp-image-36066\" src=\"http:\/\/static.jpop-idols.com\/uploads\/2016\/10\/juice-juice-150x150.jpg\" alt=\"Juice=Juice\" width=\"150\" height=\"150\" \/>Le 3e photobook de Miyamoto Karin <span style=\"font-style: italic;\">Sunflower<\/span> a \u00e9t\u00e9 publi\u00e9 en octobre 2016.<\/p>\n<p><span style=\"font-style: italic;\">Juice=Juice Live Mission Final<\/span> aura lieu au Nippon Budokan en novembre 2016. Cet \u00e9v\u00e9nement c\u00e9l\u00e8brait le 220e et dernier live de ce projet. Il s&rsquo;agit aussi du premier concert du groupe d&rsquo;idols au Nippon Budokan.<\/p>\n<p>En d\u00e9cembre 2016, Kanazawa Tomoko a \u00e9t\u00e9 nomm\u00e9e assistante ambassadrice en relations publiques de la ville de Miyoshi, dans la pr\u00e9fecture de Saitama, aux c\u00f4t\u00e9s de l&rsquo;ancienne membre des Morning Musume Yoshizawa Hitomi.<\/p>\n<p>Le 9th single du groupe d&rsquo;idols <span style=\"font-style: italic;\"><a href=\"https:\/\/www.jpop-idols.com\/fr\/juice-juice-jidanda-dance-feel-kanjiru-yo\/\">Jidanda Dance \/ Feel! Kanjiru yo<\/a> (\u5730\u56e3\u99c4\u30c0\u30f3\u30b9\uff0fFeel\uff01\u611f\u3058\u308b\u3088)<\/span> est sorti en avril 2017.<\/p>\n<p>Les Juice=Juice vont effectuer une <a href=\"https:\/\/www.jpop-idols.com\/fr\/juice-juice-world-tour-2017\/\">tourn\u00e9e mondiale<\/a> en 2017. Elles se produiront en live dans 7 pays : Etats-Unis, Grande-Bretagne, France, Allemagne, Mexique, Tha\u00eflande et Malaisie.<\/p>\n<h2>Profil<\/h2>\n<ul>\n<li>Juice=Juice (\u30b8\u30e5\u30fc\u30b9\u30b8\u30e5\u30fc\u30b9)<\/li>\n<li>Ann\u00e9es d&rsquo;activit\u00e9 : depuis 2013<\/li>\n<li>Label : Pony Canyon<\/li>\n<li>Agence : Up-Front Agency<\/li>\n<\/ul>\n<h2>Membres<\/h2>\n<ul>\n<li>Miyamoto Karin (\u5bae\u672c\u4f73\u6797) &#8211; Raisin \/ Violet<\/li>\n<li>Kanazawa Tomoko (\u91d1\u6fa4\u670b\u5b50) &#8211; Pomme \/ Rouge<\/li>\n<li>Uemura Akari (\u690d\u6751\u3042\u304b\u308a) &#8211; Melon \/ Vert<\/li>\n<li>Takagi Sayuki (\u9ad8\u6728\u7d17\u53cb\u5e0c) &#8211; Citron \/ Jaune<\/li>\n<li>Miyazaki Yuka (\u5bae\u5d0e\u7531\u52a0) &#8211; P\u00eache \/ Rose<\/li>\n<\/ul>\n<p>Anciennes membres<\/p>\n<ul>\n<li>Otsuka Aina (\u5927\u585a\u611b\u83dc) &#8211; Orange \/ Orange<\/li>\n<\/ul>\n<h2>Discographie<\/h2>\n<p><span style=\"font-weight: bold;\">Singles<\/span><\/p>\n<ul>\n<li>03\/04\/2013 : Watashi ga Iu Mae ni Dakishimenakya ne (\u79c1\u304c\u8a00\u3046\u524d\u306b\u62b1\u304d\u3057\u3081\u306a\u304d\u3083\u306d)<\/li>\n<li>08\/05\/2013 : Samidare Bijo ga Samidareru (\u4e94\u6708\u96e8\u7f8e\u5973\u304c\u3055\u4e71\u308c\u308b)<\/li>\n<li>11\/09\/2013 : Romance No Tochuu (\u30ed\u30de\u30f3\u30b9\u306e\u9014\u4e2d)<\/li>\n<li>04\/12\/2013 : Ijiwaru Shinaide Dakishimete yo \/ Hajimete wo Keiken Chuu (\u30a4\u30b8\u30ef\u30eb\u3057\u306a\u3044\u3067 \u62b1\u304d\u3057\u3081\u3066\u3088 \/ \u521d\u3081\u3066\u3092\u7d4c\u9a13\u4e2d)<\/li>\n<li>19\/03\/2014 : Hadaka no Hadaka no Hadaka no Kiss \/ Arekore Shitai (\u88f8\u306e\u88f8\u306e\u88f8\u306ekiss \/ \u30a2\u30ec\u30b3\u30ec\u3057\u305f\u3044)<\/li>\n<li>30\/07\/2014 : Black Butterfly \/ Kaze ni Fukarete (\u30d6\u30e9\u30c3\u30af\u30d0\u30bf\u30d5\u30e9\u30a4\uff0f\u98a8\u306b\u5439\u304b\u308c\u3066)<\/li>\n<li>01\/10\/2014 : Senobi \/ Date Ja Nai yo Uchi no Jinsei wa (\u80cc\u4f38\u3073 \/ \u4f0a\u9054\u3057\u3099\u3083\u306a\u3044\u3088 \u3046\u3061\u306e\u4eba\u751f\u306f)<\/li>\n<li>08\/04\/2015 :\u00a0Wonderful World \/ \u00c7a va ? \u00c7a va ?<\/li>\n<li>03\/02\/2016 :\u00a0Next Is You! \/ Karada Dake ga Otona ni Nattanjanai\u00a0(Next is you ! \/ \u30ab\u30e9\u30c0\u3060\u3051\u304c\u5927\u4eba\u306b\u306a\u3063\u305f\u3093\u3058\u3083\u306a\u3044) \/ Next You<\/li>\n<li>26\/10\/2016 : Dream Road ~Kokoro ga Odorideshiteru~ \/ Keep on Joushou Shikou!! \/ Ashita Yayou wa Baka Yarou (Dream Road\uff5e\u5fc3\u304c\u8e8d\u308a\u51fa\u3057\u3066\u308b\uff5e\uff0fKeep on \u4e0a\u6607\u5fd7\u5411\uff01\uff01\uff0f\u660e\u65e5\u3084\u308d\u3046\u306f\u30d0\u30ab\u3084\u308d\u3046)<\/li>\n<li>26\/04\/2017 : Jidanda Dance \/ Feel! Kanjiru yo (\u5730\u56e3\u99c4\u30c0\u30f3\u30b9\uff0fFeel\uff01\u611f\u3058\u308b\u3088)<\/li>\n<\/ul>\n<p><span style=\"font-weight: bold;\">Singles en collaboration<\/span><\/p>\n<ul>\n<li>12\/06\/2013 : Ten Made Nobore! (\u5929\u307e\u3067\u767b\u308c\uff01) (Hello! Pro Kenshuusei feat. Juice=Juice)<\/li>\n<\/ul>\n<p><span style=\"font-weight: bold;\">Mini-Albums<\/span><\/p>\n<ul>\n<li>24\/12\/2014 : Musical Koi Suru Hello Kitty (\u30df\u30e5\u30fc\u30b8\u30ab\u30eb \u604b\u3059\u308b\u30cf\u30ed\u30fc\u30ad\u30c6\u30a3)<\/li>\n<\/ul>\n<p><span style=\"font-weight: bold;\">Albums<\/span><\/p>\n<ul>\n<li>15\/07\/2015 : First Squeeze!<\/li>\n<\/ul>\n<h2>Liens<\/h2>\n<ul>\n<li><a title=\"Blog\" href=\"http:\/\/ameblo.jp\/juicejuice-official\/\" target=\"_blank\" rel=\"nofollow noopener noreferrer\">Blog<\/a><\/li>\n<li><a title=\"YouTube\" href=\"http:\/\/www.youtube.com\/user\/juicejuicechannel\" target=\"_blank\" rel=\"nofollow noopener noreferrer\">YouTube<\/a><\/li>\n<\/ul>\n<h2>News<\/h2>\n<ul>\n<li><a title=\"News\" href=\"https:\/\/www.jpop-idols.com\/fr\/tag\/juice-juice\/\">Actualit\u00e9<\/a><\/li>\n<\/ul>\n<p><img decoding=\"async\" loading=\"lazy\" class=\"alignnone size-full wp-image-38102\" src=\"http:\/\/static.jpop-idols.com\/uploads\/2017\/04\/juice-juice.jpg\" alt=\"Juice=Juice\" width=\"640\" height=\"824\" srcset=\"https:\/\/static.jpop-idols.com\/uploads\/2017\/04\/juice-juice.jpg 640w, https:\/\/static.jpop-idols.com\/uploads\/2017\/04\/juice-juice-233x300.jpg 233w\" sizes=\"(max-width: 640px) 100vw, 640px\" \/><\/p>","protected":false},"excerpt":{"rendered":"<p>D\u00e9sol\u00e9, cet article est seulement disponible en Anglais Am\u00e9ricain.<\/p>\n","protected":false},"author":1,"featured_media":0,"parent":0,"menu_order":0,"comment_status":"closed","ping_status":"open","template":"","meta":{"_monsterinsights_skip_tracking":false,"_monsterinsights_sitenote_active":false,"_monsterinsights_sitenote_note":"","_monsterinsights_sitenote_category":0},"_links":{"self":[{"href":"https:\/\/www.jpop-idols.com\/fr\/wp-json\/wp\/v2\/pages\/8634"}],"collection":[{"href":"https:\/\/www.jpop-idols.com\/fr\/wp-json\/wp\/v2\/pages"}],"about":[{"href":"https:\/\/www.jpop-idols.com\/fr\/wp-json\/wp\/v2\/types\/page"}],"author":[{"embeddable":true,"href":"https:\/\/www.jpop-idols.com\/fr\/wp-json\/wp\/v2\/users\/1"}],"replies":[{"embeddable":true,"href":"https:\/\/www.jpop-idols.com\/fr\/wp-json\/wp\/v2\/comments?post=8634"}],"version-history":[{"count":4,"href":"https:\/\/www.jpop-idols.com\/fr\/wp-json\/wp\/v2\/pages\/8634\/revisions"}],"predecessor-version":[{"id":38670,"href":"https:\/\/www.jpop-idols.com\/fr\/wp-json\/wp\/v2\/pages\/8634\/revisions\/38670"}],"wp:attachment":[{"href":"https:\/\/www.jpop-idols.com\/fr\/wp-json\/wp\/v2\/media?parent=8634"}],"curies":[{"name":"wp","href":"https:\/\/api.w.org\/{rel}","templated":true}]}}