{"id":926,"date":"2012-07-22T21:09:47","date_gmt":"2012-07-22T19:09:47","guid":{"rendered":"http:\/\/www.jpop-idols.com\/fr\/?page_id=926"},"modified":"2014-04-19T21:15:26","modified_gmt":"2014-04-19T19:15:26","slug":"tomato-n-pine","status":"publish","type":"page","link":"https:\/\/www.jpop-idols.com\/fr\/tomato-n-pine\/","title":{"rendered":"Tomato n&rsquo; Pine (Tomapai)"},"content":{"rendered":"<p><img loading=\"lazy\" decoding=\"async\" class=\"size-full wp-image-1550 alignright\" title=\"Tomato n' Pine\" src=\"http:\/\/static.jpop-idols.com\/uploads\/2012\/07\/tomato-n-pine.jpg\" alt=\"Tomato n' Pine\" width=\"150\" height=\"106\" \/><\/p>\n<p>Tomato n&rsquo; Pine, \u00e9galement connu sous le nom de Tomapai, est un groupe d&rsquo;idols japonaises form\u00e9 en 2009. Il est actuellement compos\u00e9 de 3 membres : Yui, Hina, et Wada.<\/p>\n<h2>Profil<\/h2>\n<ul>\n<li>Tomato n&rsquo; Pine (Tomapai) (\u30c8\u30de\u30d1\u30a4)<\/li>\n<li>Ann\u00e9es d&rsquo;activit\u00e9 : 2009 &#8211; 2012<\/li>\n<li>Label : Sony Music Entertainment<\/li>\n<li>Agence : Agehasprings<\/li>\n<\/ul>\n<h2>Membres<\/h2>\n<p><span style=\"font-weight:bold\">Membres actuelles<\/span><\/p>\n<ul>\n<li>Yui &#8211;\u00a0Koike Yui \uff08\u5c0f\u6c60\u552f)<\/li>\n<li>Hina &#8211;\u00a0Kusano Hinako (\u8349\u91ce\u65e5\u83dc\u5b50)<\/li>\n<li>Wada &#8211; Wada Erika \uff08\u548c\u7530\u3048\u308a\u304b)<\/li>\n<\/ul>\n<p>Anciennes membres<\/p>\n<ul>\n<li>Kanaki Jun (\u594f\u6728\u7d14)<\/li>\n<\/ul>\n<h2>Discographie<\/h2>\n<p><span style=\"font-weight:bold\">Singles<\/span><\/p>\n<ul>\n<li>15\/05\/2010 : Captain wa Kimi da! (\u30ad\u30e3\u30d7\u30c6\u30f3\u306f\u541b\u3060!) (Indies)<\/li>\n<li>09\/03\/2011 : Tabidachi Transfer (\u65c5\u7acb\u3061\u30c8\u30e9\u30f3\u30b9\u30d5\u30a1\u30fc)<\/li>\n<li>17\/08\/2011 : Nanairo \u2606 Namida (\u306a\u306a\u3044\u308d\u2606\u30ca\u30df\u30c0)<\/li>\n<li>07\/12\/2011 : Jingle Girl Joui Jidai (\u30b8\u30f3\u30b0\u30eb\u30ac\u30fc\u30eb\u4e0a\u4f4d\u6642\u4ee3)<\/li>\n<\/ul>\n<p><span style=\"font-weight:bold\">Albums<\/span><\/p>\n<ul>\n<li>04\/04\/2009 : Life is Beautiful (Indies)<\/li>\n<li>01\/08\/2012 : PS4U (Pop Song 4 U)<\/li>\n<\/ul>\n<h2>Liens<\/h2>\n<ul>\n<li><a title=\"Site officiel\" href=\"http:\/\/www.tomapai.jp\/\" target=\"_blank\">Site officiel<\/a><\/li>\n<li><a title=\"Twitter\" href=\"http:\/\/twitter.com\/Tomapai_JP\" target=\"_blank\">Twitter<\/a><\/li>\n<li><a title=\"Facebook\" href=\"http:\/\/www.facebook.com\/Tomapai.Tokyo\" target=\"_blank\">Facebook<\/a><\/li>\n<\/ul>\n<h2>Actualit\u00e9<\/h2>\n<ul>\n<li><a title=\"Actualit\u00e9\" href=\"https:\/\/www.jpop-idols.com\/fr\/tag\/tomato-n-pine\/\">Derni\u00e8res informations<\/a><\/li>\n<\/ul>\n<p><\/p>","protected":false},"excerpt":{"rendered":"<p>Tomato n&rsquo; Pine, \u00e9galement connu sous le nom de Tomapai, est un groupe d&rsquo;idols japonaises form\u00e9 en 2009. Il est actuellement compos\u00e9 de 3 membres : Yui, Hina, et Wada. Profil Tomato n&rsquo; Pine (Tomapai) (\u30c8\u30de\u30d1\u30a4) Ann\u00e9es d&rsquo;activit\u00e9 : 2009&#8230;<br \/><a class=\"read-more-button\" href=\"https:\/\/www.jpop-idols.com\/fr\/tomato-n-pine\/\">Read more<\/a><\/p>\n","protected":false},"author":1,"featured_media":0,"parent":0,"menu_order":0,"comment_status":"closed","ping_status":"open","template":"","meta":{"_monsterinsights_skip_tracking":false,"_monsterinsights_sitenote_active":false,"_monsterinsights_sitenote_note":"","_monsterinsights_sitenote_category":0,"footnotes":""},"class_list":["post-926","page","type-page","status-publish","hentry"],"_links":{"self":[{"href":"https:\/\/www.jpop-idols.com\/fr\/wp-json\/wp\/v2\/pages\/926","targetHints":{"allow":["GET"]}}],"collection":[{"href":"https:\/\/www.jpop-idols.com\/fr\/wp-json\/wp\/v2\/pages"}],"about":[{"href":"https:\/\/www.jpop-idols.com\/fr\/wp-json\/wp\/v2\/types\/page"}],"author":[{"embeddable":true,"href":"https:\/\/www.jpop-idols.com\/fr\/wp-json\/wp\/v2\/users\/1"}],"replies":[{"embeddable":true,"href":"https:\/\/www.jpop-idols.com\/fr\/wp-json\/wp\/v2\/comments?post=926"}],"version-history":[{"count":3,"href":"https:\/\/www.jpop-idols.com\/fr\/wp-json\/wp\/v2\/pages\/926\/revisions"}],"predecessor-version":[{"id":1549,"href":"https:\/\/www.jpop-idols.com\/fr\/wp-json\/wp\/v2\/pages\/926\/revisions\/1549"}],"wp:attachment":[{"href":"https:\/\/www.jpop-idols.com\/fr\/wp-json\/wp\/v2\/media?parent=926"}],"curies":[{"name":"wp","href":"https:\/\/api.w.org\/{rel}","templated":true}]}}