{"id":9580,"date":"2013-04-01T10:02:56","date_gmt":"2013-04-01T08:02:56","guid":{"rendered":"http:\/\/www.jpop-idols.com\/en\/?page_id=9580"},"modified":"2015-05-30T16:40:43","modified_gmt":"2015-05-30T14:40:43","slug":"whydoll","status":"publish","type":"page","link":"https:\/\/www.jpop-idols.com\/fr\/whydoll\/","title":{"rendered":"Why@Doll"},"content":{"rendered":"<p><img loading=\"lazy\" decoding=\"async\" class=\"alignright size-thumbnail wp-image-30148\" src=\"http:\/\/static.jpop-idols.com\/uploads\/2015\/05\/why-doll-150x150.jpg\" alt=\"Why@Doll\" width=\"150\" height=\"150\" \/><strong>Why@Doll<\/strong> (\u307b\u308f\u3069\u308b) est un groupe d&rsquo;idols japonaises form\u00e9 en mai 2011.<\/p>\n<p>Il est actuellement compos\u00e9 de 2 membres : Uratani Haruna et Aoki Chiharu.<\/p>\n<p>Le groupe est originaire de Sapporo sur l&rsquo;\u00eele d&rsquo;Hokkaido. Leurs activit\u00e9s sont d\u00e9sormais bas\u00e9es \u00e0 Tokyo.<\/p>\n<p><!--more--><\/p>\n<h2>Biographie \/ Histoire<\/h2>\n<p>Les Why@Doll ont fait partie de la Team Crerekko! (Team\u304f\u308c\u308c\u3063\u5a18\uff01) avec les <a title=\"Snow Drop\" href=\"https:\/\/www.jpop-idols.com\/fr\/snow-drop\/\">Snow Drop<\/a> et les <a title=\"Merci Coco\" href=\"https:\/\/www.jpop-idols.com\/fr\/merci-coco\/\">Merci\u2661Coco<\/a>.<\/p>\n<p>Saito Mayana et Nagaoka Yume ont effectu\u00e9 sa graduation en f\u00e9vrier 2012.<\/p>\n<p>Leur 1er single\u00a0<span style=\"font-style: italic;\">Fight!!<\/span> est sorti en f\u00e9vrier 2012.<\/p>\n<p><img loading=\"lazy\" decoding=\"async\" class=\"alignright size-full wp-image-10078\" src=\"http:\/\/static.jpop-idols.com\/uploads\/2013\/04\/why-doll.jpg\" alt=\"Why@Doll\" width=\"150\" height=\"100\" \/>Le 1er live des Why@Doll a eu lieu en juillet 2013 au Zepp Sapporo.<\/p>\n<p>Oota Sakurako a annonc\u00e9 sa graduation en novembre 2013 afin de se consacrer \u00e0 ses \u00e9tudes. Elle a \u00e9t\u00e9 finaliste du concours <span style=\"font-style: italic;\">Miss Seventeen (\u30df\u30b9\u30bb\u30d6\u30f3\u30c6\u30a3\u30fc\u30f3)<\/span>.<\/p>\n<p>Apr\u00e8s son d\u00e9part, les autres membres du groupe d&rsquo;idols ont d\u00e9m\u00e9nag\u00e9 \u00e0 Tokyo afin de poursuivre leur progression.<\/p>\n<p>Les Why@Doll animent l&rsquo;\u00e9mission de radio <span style=\"font-style: italic;\">Howafuwa Mushashugyou Radio! Returns (\u307b\u308f\u3075\u308f\u6b66\u8005\u4fee\u884cRadio!\u30ea\u30bf\u30fc\u30f3\u30ba)<\/span>. Elle est diffus\u00e9e tous les dimanche soir sur bayfm.<\/p>\n<p><img loading=\"lazy\" decoding=\"async\" class=\"alignright size-full wp-image-19024\" src=\"http:\/\/static.jpop-idols.com\/uploads\/2013\/04\/why-doll1.jpg\" alt=\"Why@Doll\" width=\"150\" height=\"150\" \/>Au d\u00e9but de l&rsquo;ann\u00e9e 2014, un d\u00e9fi a \u00e9t\u00e9 donn\u00e9 aux Why@Doll pour pouvoir faire leurs d\u00e9buts en major. Les filles devaient r\u00e9aliser 3 missions :\u00a0 obtenir un total de 10000 points au classement Oricon, attirer 10000 spectateurs \u00e0 leurs \u00e9v\u00e9nements, distribuer des flyers \u00e0 10000 personnes.<\/p>\n<p>Le groupe d&rsquo;idols a fait ses d\u00e9buts en major avec le single <span style=\"font-style: italic;\"><a title=\"Why@Doll - Magic Motion No.5\" href=\"https:\/\/www.jpop-idols.com\/fr\/why-doll-magic-motion-no-5\/\">Magic Motion No.5<\/a><\/span> sorti en septembre 2014 sous le label Version Music.<\/p>\n<p>Le 1er mini-album des Why@Doll <span style=\"font-style: italic;\">Namara!!<\/span> a \u00e9t\u00e9 mis en vente en f\u00e9vrier 2015.<\/p>\n<h2>Profil<\/h2>\n<ul>\n<li>Why@Doll (\u307b\u308f\u3069\u308b, \u30db\u30ef\u30a4\u30c9\u30fc\u30eb)<\/li>\n<li>Ann\u00e9es d&rsquo;activit\u00e9 : depuis 2011<\/li>\n<li>Label : Version Music<\/li>\n<li>Agence : Cradle Records<\/li>\n<\/ul>\n<h2>Membres<\/h2>\n<ul>\n<li>Uratani Haruna (\u6d66\u8c37\u306f\u308b\u306a) &#8211; Ha-chan (\u306f\u30fc\u3061\u3083\u3093)<\/li>\n<li>Aoki Chiharu (\u9752\u6728\u5343\u6625) &#8211; Chiharun (\u3061\u306f\u308b\u3093)<\/li>\n<\/ul>\n<p>Anciennes membres<\/p>\n<ul>\n<li>Saito Mayana (\u897f\u6771\u307e\u3084\u306a)<\/li>\n<li>Nagaoka Yume (\u9577\u5ca1\u5922)<\/li>\n<li>Oota Sakurako (\u592a\u7530\u685c\u5b50)<\/li>\n<\/ul>\n<h2>Discographie<\/h2>\n<p><span style=\"font-weight: bold;\">Singles<\/span><\/p>\n<ul>\n<li>02\/2012 : Fight!<\/li>\n<li>12\/2012 : Yume Miru Tsubasa (\u30e6\u30e1\u30df\u30eb\u30c4\u30d0\u30b5)<\/li>\n<li>20\/08\/2013 : Fuwa Fuwa Party (\u3075\u308f\u3075\u308f\u266aParty)<\/li>\n<li>21\/01\/2014 : Sunrise ~Kimi ga Kureta Kibou~ (\u30b5\u30f3\u30e9\u30a4\u30ba\uff5e\u541b\u304c\u304f\u308c\u305f\u5e0c\u671b\uff5e)<\/li>\n<li>24\/09\/2014 : Magic Motion No.5<\/li>\n<li>18\/03\/2015 : Aimai Moon (.\u66d6\u6627Moon)<\/li>\n<\/ul>\n<p><span style=\"font-weight: bold;\">Albums<\/span><\/p>\n<ul>\n<li>25\/02\/2015 : Namara!<\/li>\n<\/ul>\n<h2>Liens<\/h2>\n<ul>\n<li><a title=\"Site officiel\" href=\"http:\/\/www.versionmusic.net\/whydoll\/\" target=\"_blank\" rel=\"nofollow\">Site officiel<\/a><\/li>\n<li><a title=\"YouTube\" href=\"http:\/\/www.youtube.com\/user\/cradlerecords\" target=\"_blank\" rel=\"nofollow\">YouTube<\/a><\/li>\n<li><a title=\"Ustream\" href=\"http:\/\/www.ustream.tv\/channel\/cradlerecords\" target=\"_blank\" rel=\"nofollow\">Ustream<\/a><\/li>\n<\/ul>\n<h2>News<\/h2>\n<ul>\n<li><a title=\"News\" href=\"https:\/\/www.jpop-idols.com\/fr\/tag\/why-doll\/\">Actualit\u00e9<\/a><\/li>\n<\/ul>\n<p><img loading=\"lazy\" decoding=\"async\" class=\"alignnone size-full wp-image-30148\" src=\"http:\/\/static.jpop-idols.com\/uploads\/2015\/05\/why-doll.jpg\" alt=\"Why@Doll\" width=\"600\" height=\"401\" srcset=\"https:\/\/static.jpop-idols.com\/uploads\/2015\/05\/why-doll.jpg 600w, https:\/\/static.jpop-idols.com\/uploads\/2015\/05\/why-doll-300x201.jpg 300w\" sizes=\"auto, (max-width: 600px) 100vw, 600px\" \/><\/p>","protected":false},"excerpt":{"rendered":"<p>D\u00e9sol\u00e9, cet article est seulement disponible en English.<\/p>\n","protected":false},"author":1,"featured_media":0,"parent":0,"menu_order":0,"comment_status":"closed","ping_status":"open","template":"","meta":{"_monsterinsights_skip_tracking":false,"_monsterinsights_sitenote_active":false,"_monsterinsights_sitenote_note":"","_monsterinsights_sitenote_category":0,"footnotes":""},"class_list":["post-9580","page","type-page","status-publish","hentry"],"_links":{"self":[{"href":"https:\/\/www.jpop-idols.com\/fr\/wp-json\/wp\/v2\/pages\/9580","targetHints":{"allow":["GET"]}}],"collection":[{"href":"https:\/\/www.jpop-idols.com\/fr\/wp-json\/wp\/v2\/pages"}],"about":[{"href":"https:\/\/www.jpop-idols.com\/fr\/wp-json\/wp\/v2\/types\/page"}],"author":[{"embeddable":true,"href":"https:\/\/www.jpop-idols.com\/fr\/wp-json\/wp\/v2\/users\/1"}],"replies":[{"embeddable":true,"href":"https:\/\/www.jpop-idols.com\/fr\/wp-json\/wp\/v2\/comments?post=9580"}],"version-history":[{"count":4,"href":"https:\/\/www.jpop-idols.com\/fr\/wp-json\/wp\/v2\/pages\/9580\/revisions"}],"predecessor-version":[{"id":30150,"href":"https:\/\/www.jpop-idols.com\/fr\/wp-json\/wp\/v2\/pages\/9580\/revisions\/30150"}],"wp:attachment":[{"href":"https:\/\/www.jpop-idols.com\/fr\/wp-json\/wp\/v2\/media?parent=9580"}],"curies":[{"name":"wp","href":"https:\/\/api.w.org\/{rel}","templated":true}]}}